{"id":788,"date":"2021-07-28T06:39:52","date_gmt":"2021-07-28T04:39:52","guid":{"rendered":"https:\/\/www.sprachschule-aktiv.com\/?page_id=788"},"modified":"2021-07-28T06:39:52","modified_gmt":"2021-07-28T04:39:52","slug":"online-deutschkurs-in-essen","status":"publish","type":"page","link":"https:\/\/www.sprachschule-aktiv.com\/online-sprachkurse\/online-deutschkurs-in-essen\/","title":{"rendered":"Online Deutschkurs in Essen &#8211; A1, A2, B1, B2, C1, C2"},"content":{"rendered":"<p>Ihr Wunsch: Deutsch online lernen? Unser Angebot: effektiver Deutschunterricht mit ausgebildeten, muttersprachlichen Sprachdozenten zu attraktiven Preisen. Erleben Sie einen facettenreichen Onlinekurs von A1 bis C2 von zu Hause aus! F\u00fcr die Teilnehme brauchen Sie lediglich einen Computer, ein Laptop oder ein Smartphone.<\/p>\n<a href=\"https:\/\/www.sprachschule-aktiv.com\/online-sprachkurse\/kontaktieren-sie-uns\/\"><img decoding=\"async\" class=\"alignnone wp-image-375 size-full\" src=\"https:\/\/www.sprachschule-aktiv.com\/wp-content\/uploads\/2021\/03\/anfrage-sprachkurs.png\" alt=\"Anfrage Sprachkurs\" width=\"164\" height=\"55\" \/><\/a>\n<h2>Der schnelle und unkomplizierte Weg zu Ihrem online Deutschunterricht<\/h2>\n<p><strong>Schritt 1:<\/strong> Erfahren Sie durch unsere <a href=\"https:\/\/www.sprachschule-aktiv.com\/deutsch-einstufungstest-von-a1-bis-c2\/\">kostenlosen Einstufungstests<\/a>, auf welchem Sprachlevel Sie sich im Deutschen befinden.<\/p>\n<p><strong>Schritt 2:<\/strong> Melden Sie sich bequem \u00fcber unser Anmeldeformular online an.<\/p>\n<p><strong>Schritt 3:<\/strong> Sie erhalten alle Informationen \u2013 detailliert gelistet \u2013 inklusive Teilnahmelink von unseren Servicemitarbeitern im B\u00fcro.<\/p>\n<p><strong>Schritt 4<\/strong>: Loggen Sie sich zur angegebenen Uhrzeit am entsprechenden Datum einfach \u00fcber den genannten Link in Ihren Online-Kurs ein.<\/p>\n<p><strong>Schritt 5:<\/strong> Genie\u00dfen Sie einen spannenden und zielorientierten Deutsch-Onlineunterricht in Ihrem Video-Chat-Room.<\/p>\n<img decoding=\"async\" class=\"alignnone size-medium wp-image-789\" src=\"https:\/\/www.sprachschule-aktiv.com\/wp-content\/uploads\/2021\/07\/online-deutschkurs-essen-300x200.jpg\" alt=\"Online Deutschkurs in Essen\" width=\"300\" height=\"200\" \/>\n<h2>Deutschkurs Online in Essen mit kostenloser Probestunde<\/h2>\n<p>Wir haben f\u00fcr Sie zwei Sicherheitsstufen bei der Buchung Ihres Deutschkurses in unser Angebot eingebaut. Einerseits k\u00f6nnen Sie sich in einer gratis Probestunde vorab ein Bild von der Qualit\u00e4t des Unterrichts machen. Andererseits haben Sie auch nach dem Kursstart die M\u00f6glichkeit, vom Unterricht zur\u00fcckzutreten und Ihre Kursgeb\u00fchren werden Ihnen wieder \u00fcberwiesen.<\/p>\n<h2>Unterschiedliche Kursmodelle f\u00fcr verschiedene Lernsituationen in Essen<\/h2>\n<p>Unsere Onlinekurse in Essen von A1 bis C2:<\/p>\n<h2>Online Abendkurs<\/h2>\n<p>Unsere Online Abendkurse finden ein Mal pro Woche statt.<\/p>\n<p><strong>Kursdauer:<\/strong> 12 Wochen \/ 90 Min. pro Woche Alle Niveaus: f\u00fcr Anf\u00e4nger oder Fortgeschrittene (A1 bis C2)<\/p>\n<p><strong>Preis:<\/strong> 279.- EUR<\/p>\n<p><strong>Beginn:<\/strong>\u00a0am ersten Montag im Monat<\/p>\n<p><strong>Termine:<\/strong>\u00a0Jeden Montag von 19:00 bis 20:30 Uhr<\/p>\n<a href=\"https:\/\/www.sprachschule-aktiv.com\/online-sprachkurse\/anmeldung-sprachschule\/\"><img decoding=\"async\" class=\"alignnone wp-image-376 size-full\" src=\"https:\/\/www.sprachschule-aktiv.com\/wp-content\/uploads\/2021\/03\/jetzt-sprachkurs-buchen.png\" alt=\"Anmeldung Sprachkurs\" width=\"239\" height=\"62\" \/><\/a>\n<h2>Angebot \u2013 Online Deutschkurs<\/h2>\n<p>Der Deutschkurs dauert 4 Wochen und kostet 319 Euro.<\/p>\n<p><strong>Termine:<\/strong> Montag bis Donnerstag von 9:00 bis 12:00 Uhr<\/p>\n<p><strong>Kursbeginn mit Vorkenntnissen:<\/strong> jederzeit m\u00f6glich<\/p>\n<p><strong>Starttermine:<\/strong> am ersten Monat im Monat<\/p>\n<a href=\"https:\/\/www.sprachschule-aktiv.com\/online-sprachkurse\/anmeldung-sprachschule\/\"><img decoding=\"async\" class=\"alignnone wp-image-376 size-full\" src=\"https:\/\/www.sprachschule-aktiv.com\/wp-content\/uploads\/2021\/03\/jetzt-sprachkurs-buchen.png\" alt=\"Anmeldung Sprachkurs\" width=\"239\" height=\"62\" \/><\/a>\n<h2>Online Deutsch-Intensivkurs in Essen<\/h2>\n<p>Unsere Intensivkurse finden von Montag bis Freitag statt. Der Unterricht beginnt um 09:00 Uhr und endet gegen 12:00 Uhr. Der Kurs dauert zwischen einer und vier Wochen. Alle Niveaus von A1 bis C2<\/p>\n<p><strong>Preise:<\/strong><\/p>\n<p>Eine Woche Online Deutsch Intensivkurs kostet 199 Euro.<\/p>\n<p>Zwei Wochen kosten 349 Euro.<\/p>\n<p>Drei Wochen kosten 411 Euro.<\/p>\n<p>Vier Wochen kosten 499 Euro.<\/p>\n<a href=\"https:\/\/www.sprachschule-aktiv.com\/online-sprachkurse\/anmeldung-sprachschule\/\"><img decoding=\"async\" class=\"alignnone wp-image-376 size-full\" src=\"https:\/\/www.sprachschule-aktiv.com\/wp-content\/uploads\/2021\/03\/jetzt-sprachkurs-buchen.png\" alt=\"Anmeldung Sprachkurs\" width=\"239\" height=\"62\" \/><\/a>\n<h2>Einzelunterricht Online f\u00fcr Deutsch als Fremdsprache<\/h2>\n<p><strong>Beginn und Termine:<\/strong> jederzeit nach Vereinbarung m\u00f6glich!<\/p>\n<ul>\n<li>Bei 1 bis 19 Unterrichtsstunden 42 EUR pro Stunde<\/li>\n<li>Ab 20 bis 29 Unterrichtsstunden verringert sich der Preis auf 40 EUR pro Stunde<\/li>\n<li>Ab 30 und mehr Unterrichtsstunden nur noch 38 EUR pro Stunde<\/li>\n<\/ul>\n<p><strong>Unser Sonderangebot:<\/strong> Bringen Sie doch bis zu zwei Freunde mit. Die Kursgeb\u00fchr ver\u00e4ndert sich nicht.<\/p>\n<a href=\"https:\/\/www.sprachschule-aktiv.com\/online-sprachkurse\/anmeldung-sprachschule\/\"><img decoding=\"async\" class=\"alignnone wp-image-376 size-full\" src=\"https:\/\/www.sprachschule-aktiv.com\/wp-content\/uploads\/2021\/03\/jetzt-sprachkurs-buchen.png\" alt=\"Anmeldung Sprachkurs\" width=\"239\" height=\"62\" \/><\/a>\n<h2>Firmenunterricht Online<\/h2>\n<p>Kursbeginn und Termine k\u00f6nnen frei vereinbart werden und sind jederzeit m\u00f6glich.<\/p>\n<p>Preise f\u00fcr 1 bis 10 Teilnehmer:<\/p>\n<p>\u2013 Bis 29 Unterrichtsstunden kostet eine Stunde 49 Euro<\/p>\n<p>\u2013 Ab 30 Stunden kostet die Unterrichtsstunde nur noch 45 Euro<\/p>\n<a href=\"https:\/\/www.sprachschule-aktiv.com\/online-sprachkurse\/anmeldung-sprachschule\/\"><img decoding=\"async\" class=\"alignnone wp-image-376 size-full\" src=\"https:\/\/www.sprachschule-aktiv.com\/wp-content\/uploads\/2021\/03\/jetzt-sprachkurs-buchen.png\" alt=\"Anmeldung Sprachkurs\" width=\"239\" height=\"62\" \/><\/a>\n<h2>Optimaler Kundenservice ist uns eine Herzensangelegenheit<\/h2>\n<p>Haben Sie noch irgendwelche Fragen oder ben\u00f6tigen Sie Tipps rund um Ihren Deutsch Onlinekurs? Z\u00f6gern Sie nicht, sich bei uns zu melden. Unsere freundlichen Fachberater f\u00fcr Deutsch gehen gerne auf jede Frage ein und unterst\u00fctzen Sie.<\/p>\n","protected":false},"excerpt":{"rendered":"<p>Ihr Wunsch: Deutsch online lernen? Unser Angebot: effektiver Deutschunterricht mit ausgebildeten, muttersprachlichen Sprachdozenten zu attraktiven Preisen. Erleben Sie einen facettenreichen Onlinekurs von A1 bis C2 von zu Hause aus! F\u00fcr die Teilnehme brauchen Sie lediglich einen Computer, ein Laptop oder ein Smartphone. Der schnelle und unkomplizierte Weg zu Ihrem online Deutschunterricht Schritt 1: Erfahren Sie&hellip; <a class=\"read-more\" href=\"https:\/\/www.sprachschule-aktiv.com\/online-sprachkurse\/online-deutschkurs-in-essen\/\" title=\"Read Online Deutschkurs in Essen &#8211; A1, A2, B1, B2, C1, C2\">Read more &raquo;<\/a><\/p>\n","protected":false},"author":1,"featured_media":0,"parent":0,"menu_order":0,"comment_status":"closed","ping_status":"closed","template":"","meta":{"footnotes":""},"class_list":["post-788","page","type-page","status-publish","hentry"],"yoast_head":"<!-- This site is optimized with the Yoast SEO plugin v27.1.1 - https:\/\/yoast.com\/product\/yoast-seo-wordpress\/ -->\n<title>Online Deutschkurs in Essen - Deutsch online lernen von A1 bis C2<\/title>\n<meta name=\"description\" content=\"Effektiver Onlinekurs f\u00fcr Deutsch in Essen von A1-C2 mit muttersprachlichen Sprachdozenten zu attraktiven Preisen. Kostenfreie Probestunde!\" \/>\n<meta name=\"robots\" content=\"index, follow, max-snippet:-1, max-image-preview:large, max-video-preview:-1\" \/>\n<link rel=\"canonical\" href=\"https:\/\/www.sprachschule-aktiv.com\/online-sprachkurse\/online-deutschkurs-in-essen\/\" \/>\n<meta property=\"og:locale\" content=\"de_DE\" \/>\n<meta property=\"og:type\" content=\"article\" \/>\n<meta property=\"og:title\" content=\"Online Deutschkurs in Essen - Deutsch online lernen von A1 bis C2\" \/>\n<meta property=\"og:description\" content=\"Effektiver Onlinekurs f\u00fcr Deutsch in Essen von A1-C2 mit muttersprachlichen Sprachdozenten zu attraktiven Preisen. Kostenfreie Probestunde!\" \/>\n<meta property=\"og:url\" content=\"https:\/\/www.sprachschule-aktiv.com\/online-sprachkurse\/online-deutschkurs-in-essen\/\" \/>\n<meta property=\"og:site_name\" content=\"Online Sprachkurse\" \/>\n<meta property=\"og:image\" content=\"https:\/\/www.sprachschule-aktiv.com\/wp-content\/uploads\/2021\/03\/anfrage-sprachkurs.png\" \/>\n<meta name=\"twitter:card\" content=\"summary_large_image\" \/>\n<meta name=\"twitter:label1\" content=\"Gesch\u00e4tzte Lesezeit\" \/>\n\t<meta name=\"twitter:data1\" content=\"4\u00a0Minuten\" \/>\n<script type=\"application\/ld+json\" class=\"yoast-schema-graph\">{\"@context\":\"https:\/\/schema.org\",\"@graph\":[{\"@type\":\"WebPage\",\"@id\":\"https:\/\/www.sprachschule-aktiv.com\/online-sprachkurse\/online-deutschkurs-in-essen\/\",\"url\":\"https:\/\/www.sprachschule-aktiv.com\/online-sprachkurse\/online-deutschkurs-in-essen\/\",\"name\":\"Online Deutschkurs in Essen - Deutsch online lernen von A1 bis C2\",\"isPartOf\":{\"@id\":\"https:\/\/www.sprachschule-aktiv.com\/online-sprachkurse\/#website\"},\"primaryImageOfPage\":{\"@id\":\"https:\/\/www.sprachschule-aktiv.com\/online-sprachkurse\/online-deutschkurs-in-essen\/#primaryimage\"},\"image\":{\"@id\":\"https:\/\/www.sprachschule-aktiv.com\/online-sprachkurse\/online-deutschkurs-in-essen\/#primaryimage\"},\"thumbnailUrl\":\"https:\/\/www.sprachschule-aktiv.com\/wp-content\/uploads\/2021\/03\/anfrage-sprachkurs.png\",\"datePublished\":\"2021-07-28T04:39:52+00:00\",\"description\":\"Effektiver Onlinekurs f\u00fcr Deutsch in Essen von A1-C2 mit muttersprachlichen Sprachdozenten zu attraktiven Preisen. Kostenfreie Probestunde!\",\"breadcrumb\":{\"@id\":\"https:\/\/www.sprachschule-aktiv.com\/online-sprachkurse\/online-deutschkurs-in-essen\/#breadcrumb\"},\"inLanguage\":\"de\",\"potentialAction\":[{\"@type\":\"ReadAction\",\"target\":[\"https:\/\/www.sprachschule-aktiv.com\/online-sprachkurse\/online-deutschkurs-in-essen\/\"]}]},{\"@type\":\"ImageObject\",\"inLanguage\":\"de\",\"@id\":\"https:\/\/www.sprachschule-aktiv.com\/online-sprachkurse\/online-deutschkurs-in-essen\/#primaryimage\",\"url\":\"https:\/\/www.sprachschule-aktiv.com\/wp-content\/uploads\/2021\/03\/anfrage-sprachkurs.png\",\"contentUrl\":\"https:\/\/www.sprachschule-aktiv.com\/wp-content\/uploads\/2021\/03\/anfrage-sprachkurs.png\"},{\"@type\":\"BreadcrumbList\",\"@id\":\"https:\/\/www.sprachschule-aktiv.com\/online-sprachkurse\/online-deutschkurs-in-essen\/#breadcrumb\",\"itemListElement\":[{\"@type\":\"ListItem\",\"position\":1,\"name\":\"Startseite\",\"item\":\"https:\/\/www.sprachschule-aktiv.com\/online-sprachkurse\/\"},{\"@type\":\"ListItem\",\"position\":2,\"name\":\"Online Deutschkurs in Essen &#8211; A1, A2, B1, B2, C1, C2\"}]},{\"@type\":\"WebSite\",\"@id\":\"https:\/\/www.sprachschule-aktiv.com\/online-sprachkurse\/#website\",\"url\":\"https:\/\/www.sprachschule-aktiv.com\/online-sprachkurse\/\",\"name\":\"Online Sprachkurse\",\"description\":\"\",\"potentialAction\":[{\"@type\":\"SearchAction\",\"target\":{\"@type\":\"EntryPoint\",\"urlTemplate\":\"https:\/\/www.sprachschule-aktiv.com\/online-sprachkurse\/?s={search_term_string}\"},\"query-input\":{\"@type\":\"PropertyValueSpecification\",\"valueRequired\":true,\"valueName\":\"search_term_string\"}}],\"inLanguage\":\"de\"}]}<\/script>\n<!-- \/ Yoast SEO plugin. -->","yoast_head_json":{"title":"Online Deutschkurs in Essen - Deutsch online lernen von A1 bis C2","description":"Effektiver Onlinekurs f\u00fcr Deutsch in Essen von A1-C2 mit muttersprachlichen Sprachdozenten zu attraktiven Preisen. Kostenfreie Probestunde!","robots":{"index":"index","follow":"follow","max-snippet":"max-snippet:-1","max-image-preview":"max-image-preview:large","max-video-preview":"max-video-preview:-1"},"canonical":"https:\/\/www.sprachschule-aktiv.com\/online-sprachkurse\/online-deutschkurs-in-essen\/","og_locale":"de_DE","og_type":"article","og_title":"Online Deutschkurs in Essen - Deutsch online lernen von A1 bis C2","og_description":"Effektiver Onlinekurs f\u00fcr Deutsch in Essen von A1-C2 mit muttersprachlichen Sprachdozenten zu attraktiven Preisen. Kostenfreie Probestunde!","og_url":"https:\/\/www.sprachschule-aktiv.com\/online-sprachkurse\/online-deutschkurs-in-essen\/","og_site_name":"Online Sprachkurse","og_image":[{"url":"https:\/\/www.sprachschule-aktiv.com\/wp-content\/uploads\/2021\/03\/anfrage-sprachkurs.png","type":"","width":"","height":""}],"twitter_card":"summary_large_image","twitter_misc":{"Gesch\u00e4tzte Lesezeit":"4\u00a0Minuten"},"schema":{"@context":"https:\/\/schema.org","@graph":[{"@type":"WebPage","@id":"https:\/\/www.sprachschule-aktiv.com\/online-sprachkurse\/online-deutschkurs-in-essen\/","url":"https:\/\/www.sprachschule-aktiv.com\/online-sprachkurse\/online-deutschkurs-in-essen\/","name":"Online Deutschkurs in Essen - Deutsch online lernen von A1 bis C2","isPartOf":{"@id":"https:\/\/www.sprachschule-aktiv.com\/online-sprachkurse\/#website"},"primaryImageOfPage":{"@id":"https:\/\/www.sprachschule-aktiv.com\/online-sprachkurse\/online-deutschkurs-in-essen\/#primaryimage"},"image":{"@id":"https:\/\/www.sprachschule-aktiv.com\/online-sprachkurse\/online-deutschkurs-in-essen\/#primaryimage"},"thumbnailUrl":"https:\/\/www.sprachschule-aktiv.com\/wp-content\/uploads\/2021\/03\/anfrage-sprachkurs.png","datePublished":"2021-07-28T04:39:52+00:00","description":"Effektiver Onlinekurs f\u00fcr Deutsch in Essen von A1-C2 mit muttersprachlichen Sprachdozenten zu attraktiven Preisen. Kostenfreie Probestunde!","breadcrumb":{"@id":"https:\/\/www.sprachschule-aktiv.com\/online-sprachkurse\/online-deutschkurs-in-essen\/#breadcrumb"},"inLanguage":"de","potentialAction":[{"@type":"ReadAction","target":["https:\/\/www.sprachschule-aktiv.com\/online-sprachkurse\/online-deutschkurs-in-essen\/"]}]},{"@type":"ImageObject","inLanguage":"de","@id":"https:\/\/www.sprachschule-aktiv.com\/online-sprachkurse\/online-deutschkurs-in-essen\/#primaryimage","url":"https:\/\/www.sprachschule-aktiv.com\/wp-content\/uploads\/2021\/03\/anfrage-sprachkurs.png","contentUrl":"https:\/\/www.sprachschule-aktiv.com\/wp-content\/uploads\/2021\/03\/anfrage-sprachkurs.png"},{"@type":"BreadcrumbList","@id":"https:\/\/www.sprachschule-aktiv.com\/online-sprachkurse\/online-deutschkurs-in-essen\/#breadcrumb","itemListElement":[{"@type":"ListItem","position":1,"name":"Startseite","item":"https:\/\/www.sprachschule-aktiv.com\/online-sprachkurse\/"},{"@type":"ListItem","position":2,"name":"Online Deutschkurs in Essen &#8211; A1, A2, B1, B2, C1, C2"}]},{"@type":"WebSite","@id":"https:\/\/www.sprachschule-aktiv.com\/online-sprachkurse\/#website","url":"https:\/\/www.sprachschule-aktiv.com\/online-sprachkurse\/","name":"Online Sprachkurse","description":"","potentialAction":[{"@type":"SearchAction","target":{"@type":"EntryPoint","urlTemplate":"https:\/\/www.sprachschule-aktiv.com\/online-sprachkurse\/?s={search_term_string}"},"query-input":{"@type":"PropertyValueSpecification","valueRequired":true,"valueName":"search_term_string"}}],"inLanguage":"de"}]}},"_links":{"self":[{"href":"https:\/\/www.sprachschule-aktiv.com\/online-sprachkurse\/wp-json\/wp\/v2\/pages\/788","targetHints":{"allow":["GET"]}}],"collection":[{"href":"https:\/\/www.sprachschule-aktiv.com\/online-sprachkurse\/wp-json\/wp\/v2\/pages"}],"about":[{"href":"https:\/\/www.sprachschule-aktiv.com\/online-sprachkurse\/wp-json\/wp\/v2\/types\/page"}],"author":[{"embeddable":true,"href":"https:\/\/www.sprachschule-aktiv.com\/online-sprachkurse\/wp-json\/wp\/v2\/users\/1"}],"replies":[{"embeddable":true,"href":"https:\/\/www.sprachschule-aktiv.com\/online-sprachkurse\/wp-json\/wp\/v2\/comments?post=788"}],"version-history":[{"count":0,"href":"https:\/\/www.sprachschule-aktiv.com\/online-sprachkurse\/wp-json\/wp\/v2\/pages\/788\/revisions"}],"wp:attachment":[{"href":"https:\/\/www.sprachschule-aktiv.com\/online-sprachkurse\/wp-json\/wp\/v2\/media?parent=788"}],"curies":[{"name":"wp","href":"https:\/\/api.w.org\/{rel}","templated":true}]}}