{"id":617,"date":"2021-07-16T08:43:56","date_gmt":"2021-07-16T06:43:56","guid":{"rendered":"https:\/\/www.sprachschule-aktiv.com\/?page_id=617"},"modified":"2022-02-02T14:17:11","modified_gmt":"2022-02-02T13:17:11","slug":"deutschkurs-bremen-online","status":"publish","type":"page","link":"https:\/\/www.sprachschule-aktiv.com\/online-sprachkurse\/deutschkurs-bremen-online\/","title":{"rendered":"Deutschkurs Bremen Online: f\u00fcr alle Niveaus von A1 bis C2"},"content":{"rendered":"<p>Online Deutsch lernen in Bremen f\u00fcr Anf\u00e4nger und Fortgeschrittene. Online Intensiv-, Abend- und Privatkurse f\u00fcr alle Sprachniveaus. Onlinekurs Deutsch in Bremen mit gratis Einstufungstest und kostenloser Probestunde!<\/p>\n<p>Die Sprachschule Aktiv in Bremen bietet verschiedene Online Sprachkurse Deutsch f\u00fcr Lerner auf allen Niveaustufen an. Die Semi-Intensiv-, Intensiv-, Abend- oder Privatkurse werden von qualifizierten muttersprachlichen Lehrkr\u00e4ften geleitet und haben eine begrenzte Teilnehmerzahl, sodass der Unterricht in kleinen Gruppen stattfindet. In unserem Angebot sind au\u00dferdem ein Einstufungstest sowie eine Probestunde enthalten.<\/p>\n<img decoding=\"async\" class=\"alignnone wp-image-618 size-medium\" src=\"https:\/\/www.sprachschule-aktiv.com\/wp-content\/uploads\/2021\/07\/deutschkurs-bremen-online-300x200.jpg\" alt=\"Deutschkurs Bremen Online\" width=\"300\" height=\"200\" \/>\n<h2>Online Deutsch Sprachkurse von A1 bis C2 mit kostenlosem Einstufungstest<\/h2>\n<p>Ob Semi-Intensiv-, Intensiv-, Abend- oder Privatkurs, jedes Kursmodell kann auf jeder Niveaustufe von A1 bis C2 gebucht werden. Die Einteilung der Kurse in die einzelnen Niveaustufen folgt dem Gemeinsamen Europ\u00e4ischen Referenzrahmen f\u00fcr Sprachen (GER). Diesem zufolge eignet sich die Niveaustufe A (A1 und A2) f\u00fcr Anf\u00e4nger. Kurse auf dem Sprachniveau B (B1 und B2) sollten von fortgeschrittenen Lernern besucht werden. Wer muttersprachliche Kenntnisse erwerben m\u00f6chte, sollte sich f\u00fcr einen Sprachkurs auf der Niveaustufe C entscheiden. Durch diese Anlehnung an den GER entsprechen unsere Kurse dem europ\u00e4ischen Standard f\u00fcr Sprachkurse und zeichnen sich durch eine hohe Qualit\u00e4t aus.<\/p>\n<p>Sollten Sie Unterst\u00fctzung bei der Einsch\u00e4tzung Ihrer aktuellen Sprachkenntnisse ben\u00f6tigen, steht Ihnen unser kostenloser Einstufungstest auf unserer Webseite zur Verf\u00fcgung. Sie k\u00f6nnen aber auch jederzeit in unserem B\u00fcro in Bremen vorbeikommen.<\/p>\n<a href=\"https:\/\/www.sprachschule-aktiv.com\/online-sprachkurse\/kontaktieren-sie-uns\/\"><img decoding=\"async\" class=\"alignnone wp-image-375 size-full\" src=\"https:\/\/www.sprachschule-aktiv.com\/wp-content\/uploads\/2021\/03\/anfrage-sprachkurs.png\" alt=\"Anfrage Sprachkurs\" width=\"164\" height=\"55\" \/><\/a>\n<h2>Lernen in kleinen Gruppen<\/h2>\n<p>Die Teilnehmerzahl in den Gruppenkursen ist auf maximal 10 Lerner begrenzt. So besteht f\u00fcr jeden Teilnehmer die M\u00f6glichkeit, sich aktiv am Unterrichtsgeschehen zu beteiligen und rasche Fortschritte zu machen. Die geringe Gruppengr\u00f6\u00dfe erlaubt es dem Kursleiter auch, individuell auf jeden Lerner einzugehen und zu f\u00f6rdern.<\/p>\n<h2>Deutschkurse mit muttersprachlichen Trainern<\/h2>\n<p>Unsere Deutschkurse werden auf jeder Niveaustufe von muttersprachlichen Trainern geleitet, damit Sie von Beginn an die korrekte Aussprache und Sprachverwendung erlernen. Den Unterricht gestalten unsere Kursleiter dank ihrer p\u00e4dagogischen Ausbildung interessant, abwechslungsreich und motivierend, sodass Ihnen das Lernen Spa\u00df macht und Sie gute Fortschritte erzielen.<\/p>\n<h2>Testen Sie Ihren Kurs bei einer kostenlosen Probestunde<\/h2>\n<p>Die Buchung eines Online Deutsch Sprachkurses an der Sprachschule Aktiv in Bremen ist f\u00fcr Sie absolut risikolos! Die erste Unterrichtsstunde des von Ihnen gebuchten Kurses ist automatisch eine Probestunde, in der Sie sowohl das Sprachniveau als auch unser Kurskonzept testen k\u00f6nnen. Entscheiden Sie sich nach dieser Stunde gegen eine Weiterf\u00fchrung des Kurses, erstatten wir Ihnen umgehend die bereits bezahlten Kursgeb\u00fchren zur\u00fcck.<\/p>\n<h2>Starttermine unserer Online Sprachkurse Deutsch<\/h2>\n<p>An jedem ersten Montag eines Monats starten auf allen Sprachniveaus die Semi-Intensiv- und Intensivkurse Deutsch genauso wie die telc-Pr\u00fcfungsvorbereitungskurse. Unsere Online Abendkurse Deutsch beginnen ebenfalls immer in der ersten Woche eines jeden Monats. Wenn Sie sich f\u00fcr einen Privatunterricht entschieden haben, legen Sie den Starttermin abgestimmt auf Ihren Zeitplan fest.<\/p>\n<h2>Unsere verschiedenen Deutsch Online Sprachkurse in Bremen<\/h2>\n<h3>Unser besonderes Angebot: Deutsch Semi-Intensivkurs<\/h3>\n<p><strong>Preis:<\/strong> nur 319 \u20ac<\/p>\n<p><strong>Dauer:<\/strong> 4 Wochen<br \/>\n<strong>Termine:<\/strong>\u00a0Montag bis Donnerstag von 9:00 bis 12:00 Uhr<br \/>\n<strong>Start:<\/strong>\u00a0am ersten Montag des Monats<br \/>\nalle Niveaustufen<\/p>\n<a href=\"https:\/\/www.sprachschule-aktiv.com\/online-sprachkurse\/anmeldung-sprachschule\/\"><img decoding=\"async\" class=\"alignnone wp-image-376 size-full\" src=\"https:\/\/www.sprachschule-aktiv.com\/wp-content\/uploads\/2021\/03\/jetzt-sprachkurs-buchen.png\" alt=\"Anmeldung Sprachkurs\" width=\"239\" height=\"62\" \/><\/a>\n<h3>Deutschkurs Intensiv Online<\/h3>\n<p><strong>Dauer:<\/strong>\u00a04 Wochen<br \/>\n<strong>Termine:<\/strong>\u00a0Montag bis Freitag von 9:00 bis 12:00 Uhr<br \/>\n<strong>Beginn:<\/strong>\u00a0am ersten Montag im Monat<br \/>\n<strong>Preis pro Monat:\u00a0<\/strong>499 \u20ac<br \/>\nalle Niveaustufen<\/p>\n<a href=\"https:\/\/www.sprachschule-aktiv.com\/online-sprachkurse\/anmeldung-sprachschule\/\"><img decoding=\"async\" class=\"alignnone wp-image-376 size-full\" src=\"https:\/\/www.sprachschule-aktiv.com\/wp-content\/uploads\/2021\/03\/jetzt-sprachkurs-buchen.png\" alt=\"Anmeldung Sprachkurs\" width=\"239\" height=\"62\" \/><\/a>\n<h2>Deutsch Abendkurs Online<\/h2>\n<p><strong>Dauer:\u00a0<\/strong>12 Wochen<br \/>\n<strong>Beginn:\u00a0<\/strong>am ersten Montag des Monats<br \/>\n<strong>Termine:<\/strong>\u00a0jeden Montag von 19:00 bis 20:30 Uhr<br \/>\n<strong>Preis:\u00a0<\/strong>279 \u20ac<br \/>\nalle Niveaustufen<\/p>\n<a href=\"https:\/\/www.sprachschule-aktiv.com\/online-sprachkurse\/anmeldung-sprachschule\/\"><img decoding=\"async\" class=\"alignnone wp-image-376 size-full\" src=\"https:\/\/www.sprachschule-aktiv.com\/wp-content\/uploads\/2021\/03\/jetzt-sprachkurs-buchen.png\" alt=\"Anmeldung Sprachkurs\" width=\"239\" height=\"62\" \/><\/a>\n<h3>Deutsch telc Pr\u00fcfungsvorbereitungskurs<\/h3>\n<p><strong>Dauer:\u00a0<\/strong>4 Wochen<br \/>\n<strong>Termine:<\/strong>\u00a0Montag bis Freitag von 9:00 bis 12:00 Uhr<br \/>\n<strong>Beginn:<\/strong>\u00a0am ersten Montag im Monat<br \/>\n<strong>Preis:<\/strong>\u00a0499 \u20ac<br \/>\nalle Niveaustufen<\/p>\n<a href=\"https:\/\/www.sprachschule-aktiv.com\/online-sprachkurse\/anmeldung-sprachschule\/\"><img decoding=\"async\" class=\"alignnone wp-image-376 size-full\" src=\"https:\/\/www.sprachschule-aktiv.com\/wp-content\/uploads\/2021\/03\/jetzt-sprachkurs-buchen.png\" alt=\"Anmeldung Sprachkurs\" width=\"239\" height=\"62\" \/><\/a>\n<h2>Deutsch Online &#8211; Privatkurs<\/h2>\n<p><strong>Unsere Preise:\u00a0<\/strong><\/p>\n<p>Ab 1 bis 19 Unterrichtsstunden zahlen Sie pro Unterrichtsstunde 42 Euro.<br \/>\nAb 20 bis 30 Unterrichtsstunden betr\u00e4gt der Preis pro Stunde 40 Euro.<br \/>\nAb 30 Unterrichtsstunden, kostet die Privatstunde 38 Euro.<\/p>\n<a href=\"https:\/\/www.sprachschule-aktiv.com\/online-sprachkurse\/anmeldung-sprachschule\/\"><img decoding=\"async\" class=\"alignnone wp-image-376 size-full\" src=\"https:\/\/www.sprachschule-aktiv.com\/wp-content\/uploads\/2021\/03\/jetzt-sprachkurs-buchen.png\" alt=\"Anmeldung Sprachkurs\" width=\"239\" height=\"62\" \/><\/a>\n","protected":false},"excerpt":{"rendered":"<p>Online Deutsch lernen in Bremen f\u00fcr Anf\u00e4nger und Fortgeschrittene. Online Intensiv-, Abend- und Privatkurse f\u00fcr alle Sprachniveaus. Onlinekurs Deutsch in Bremen mit gratis Einstufungstest und kostenloser Probestunde! Die Sprachschule Aktiv in Bremen bietet verschiedene Online Sprachkurse Deutsch f\u00fcr Lerner auf allen Niveaustufen an. Die Semi-Intensiv-, Intensiv-, Abend- oder Privatkurse werden von qualifizierten muttersprachlichen Lehrkr\u00e4ften geleitet&hellip; <a class=\"read-more\" href=\"https:\/\/www.sprachschule-aktiv.com\/online-sprachkurse\/deutschkurs-bremen-online\/\" title=\"Read Deutschkurs Bremen Online: f\u00fcr alle Niveaus von A1 bis C2\">Read more &raquo;<\/a><\/p>\n","protected":false},"author":1,"featured_media":0,"parent":0,"menu_order":0,"comment_status":"closed","ping_status":"closed","template":"","meta":{"footnotes":""},"class_list":["post-617","page","type-page","status-publish","hentry"],"yoast_head":"<!-- This site is optimized with the Yoast SEO plugin v27.1.1 - https:\/\/yoast.com\/product\/yoast-seo-wordpress\/ -->\n<title>Deutschkurs Bremen Online: f\u00fcr alle Niveaus von A1 bis C2<\/title>\n<meta name=\"description\" content=\"Online Deutsch lernen in Bremen in verschiedenen Kursmodellen f\u00fcr alle Sprachniveaus. Jeden Monat neue Onlinekurs von A1 bis C2!\" \/>\n<meta name=\"robots\" content=\"index, follow, max-snippet:-1, max-image-preview:large, max-video-preview:-1\" \/>\n<link rel=\"canonical\" href=\"https:\/\/www.sprachschule-aktiv.com\/online-sprachkurse\/deutschkurs-bremen-online\/\" \/>\n<meta property=\"og:locale\" content=\"de_DE\" \/>\n<meta property=\"og:type\" content=\"article\" \/>\n<meta property=\"og:title\" content=\"Deutschkurs Bremen Online: f\u00fcr alle Niveaus von A1 bis C2\" \/>\n<meta property=\"og:description\" content=\"Online Deutsch lernen in Bremen in verschiedenen Kursmodellen f\u00fcr alle Sprachniveaus. Jeden Monat neue Onlinekurs von A1 bis C2!\" \/>\n<meta property=\"og:url\" content=\"https:\/\/www.sprachschule-aktiv.com\/online-sprachkurse\/deutschkurs-bremen-online\/\" \/>\n<meta property=\"og:site_name\" content=\"Online Sprachkurse\" \/>\n<meta property=\"article:modified_time\" content=\"2022-02-02T13:17:11+00:00\" \/>\n<meta property=\"og:image\" content=\"https:\/\/www.sprachschule-aktiv.com\/wp-content\/uploads\/2021\/07\/deutschkurs-bremen-online-300x200.jpg\" \/>\n<meta name=\"twitter:card\" content=\"summary_large_image\" \/>\n<meta name=\"twitter:label1\" content=\"Gesch\u00e4tzte Lesezeit\" \/>\n\t<meta name=\"twitter:data1\" content=\"4\u00a0Minuten\" \/>\n<script type=\"application\/ld+json\" class=\"yoast-schema-graph\">{\"@context\":\"https:\/\/schema.org\",\"@graph\":[{\"@type\":\"WebPage\",\"@id\":\"https:\/\/www.sprachschule-aktiv.com\/online-sprachkurse\/deutschkurs-bremen-online\/\",\"url\":\"https:\/\/www.sprachschule-aktiv.com\/online-sprachkurse\/deutschkurs-bremen-online\/\",\"name\":\"Deutschkurs Bremen Online: f\u00fcr alle Niveaus von A1 bis C2\",\"isPartOf\":{\"@id\":\"https:\/\/www.sprachschule-aktiv.com\/online-sprachkurse\/#website\"},\"primaryImageOfPage\":{\"@id\":\"https:\/\/www.sprachschule-aktiv.com\/online-sprachkurse\/deutschkurs-bremen-online\/#primaryimage\"},\"image\":{\"@id\":\"https:\/\/www.sprachschule-aktiv.com\/online-sprachkurse\/deutschkurs-bremen-online\/#primaryimage\"},\"thumbnailUrl\":\"https:\/\/www.sprachschule-aktiv.com\/wp-content\/uploads\/2021\/07\/deutschkurs-bremen-online-300x200.jpg\",\"datePublished\":\"2021-07-16T06:43:56+00:00\",\"dateModified\":\"2022-02-02T13:17:11+00:00\",\"description\":\"Online Deutsch lernen in Bremen in verschiedenen Kursmodellen f\u00fcr alle Sprachniveaus. Jeden Monat neue Onlinekurs von A1 bis C2!\",\"breadcrumb\":{\"@id\":\"https:\/\/www.sprachschule-aktiv.com\/online-sprachkurse\/deutschkurs-bremen-online\/#breadcrumb\"},\"inLanguage\":\"de\",\"potentialAction\":[{\"@type\":\"ReadAction\",\"target\":[\"https:\/\/www.sprachschule-aktiv.com\/online-sprachkurse\/deutschkurs-bremen-online\/\"]}]},{\"@type\":\"ImageObject\",\"inLanguage\":\"de\",\"@id\":\"https:\/\/www.sprachschule-aktiv.com\/online-sprachkurse\/deutschkurs-bremen-online\/#primaryimage\",\"url\":\"https:\/\/www.sprachschule-aktiv.com\/wp-content\/uploads\/2021\/07\/deutschkurs-bremen-online-300x200.jpg\",\"contentUrl\":\"https:\/\/www.sprachschule-aktiv.com\/wp-content\/uploads\/2021\/07\/deutschkurs-bremen-online-300x200.jpg\"},{\"@type\":\"BreadcrumbList\",\"@id\":\"https:\/\/www.sprachschule-aktiv.com\/online-sprachkurse\/deutschkurs-bremen-online\/#breadcrumb\",\"itemListElement\":[{\"@type\":\"ListItem\",\"position\":1,\"name\":\"Startseite\",\"item\":\"https:\/\/www.sprachschule-aktiv.com\/online-sprachkurse\/\"},{\"@type\":\"ListItem\",\"position\":2,\"name\":\"Deutschkurs Bremen Online: f\u00fcr alle Niveaus von A1 bis C2\"}]},{\"@type\":\"WebSite\",\"@id\":\"https:\/\/www.sprachschule-aktiv.com\/online-sprachkurse\/#website\",\"url\":\"https:\/\/www.sprachschule-aktiv.com\/online-sprachkurse\/\",\"name\":\"Online Sprachkurse\",\"description\":\"\",\"potentialAction\":[{\"@type\":\"SearchAction\",\"target\":{\"@type\":\"EntryPoint\",\"urlTemplate\":\"https:\/\/www.sprachschule-aktiv.com\/online-sprachkurse\/?s={search_term_string}\"},\"query-input\":{\"@type\":\"PropertyValueSpecification\",\"valueRequired\":true,\"valueName\":\"search_term_string\"}}],\"inLanguage\":\"de\"}]}<\/script>\n<!-- \/ Yoast SEO plugin. -->","yoast_head_json":{"title":"Deutschkurs Bremen Online: f\u00fcr alle Niveaus von A1 bis C2","description":"Online Deutsch lernen in Bremen in verschiedenen Kursmodellen f\u00fcr alle Sprachniveaus. Jeden Monat neue Onlinekurs von A1 bis C2!","robots":{"index":"index","follow":"follow","max-snippet":"max-snippet:-1","max-image-preview":"max-image-preview:large","max-video-preview":"max-video-preview:-1"},"canonical":"https:\/\/www.sprachschule-aktiv.com\/online-sprachkurse\/deutschkurs-bremen-online\/","og_locale":"de_DE","og_type":"article","og_title":"Deutschkurs Bremen Online: f\u00fcr alle Niveaus von A1 bis C2","og_description":"Online Deutsch lernen in Bremen in verschiedenen Kursmodellen f\u00fcr alle Sprachniveaus. Jeden Monat neue Onlinekurs von A1 bis C2!","og_url":"https:\/\/www.sprachschule-aktiv.com\/online-sprachkurse\/deutschkurs-bremen-online\/","og_site_name":"Online Sprachkurse","article_modified_time":"2022-02-02T13:17:11+00:00","og_image":[{"url":"https:\/\/www.sprachschule-aktiv.com\/wp-content\/uploads\/2021\/07\/deutschkurs-bremen-online-300x200.jpg","type":"","width":"","height":""}],"twitter_card":"summary_large_image","twitter_misc":{"Gesch\u00e4tzte Lesezeit":"4\u00a0Minuten"},"schema":{"@context":"https:\/\/schema.org","@graph":[{"@type":"WebPage","@id":"https:\/\/www.sprachschule-aktiv.com\/online-sprachkurse\/deutschkurs-bremen-online\/","url":"https:\/\/www.sprachschule-aktiv.com\/online-sprachkurse\/deutschkurs-bremen-online\/","name":"Deutschkurs Bremen Online: f\u00fcr alle Niveaus von A1 bis C2","isPartOf":{"@id":"https:\/\/www.sprachschule-aktiv.com\/online-sprachkurse\/#website"},"primaryImageOfPage":{"@id":"https:\/\/www.sprachschule-aktiv.com\/online-sprachkurse\/deutschkurs-bremen-online\/#primaryimage"},"image":{"@id":"https:\/\/www.sprachschule-aktiv.com\/online-sprachkurse\/deutschkurs-bremen-online\/#primaryimage"},"thumbnailUrl":"https:\/\/www.sprachschule-aktiv.com\/wp-content\/uploads\/2021\/07\/deutschkurs-bremen-online-300x200.jpg","datePublished":"2021-07-16T06:43:56+00:00","dateModified":"2022-02-02T13:17:11+00:00","description":"Online Deutsch lernen in Bremen in verschiedenen Kursmodellen f\u00fcr alle Sprachniveaus. Jeden Monat neue Onlinekurs von A1 bis C2!","breadcrumb":{"@id":"https:\/\/www.sprachschule-aktiv.com\/online-sprachkurse\/deutschkurs-bremen-online\/#breadcrumb"},"inLanguage":"de","potentialAction":[{"@type":"ReadAction","target":["https:\/\/www.sprachschule-aktiv.com\/online-sprachkurse\/deutschkurs-bremen-online\/"]}]},{"@type":"ImageObject","inLanguage":"de","@id":"https:\/\/www.sprachschule-aktiv.com\/online-sprachkurse\/deutschkurs-bremen-online\/#primaryimage","url":"https:\/\/www.sprachschule-aktiv.com\/wp-content\/uploads\/2021\/07\/deutschkurs-bremen-online-300x200.jpg","contentUrl":"https:\/\/www.sprachschule-aktiv.com\/wp-content\/uploads\/2021\/07\/deutschkurs-bremen-online-300x200.jpg"},{"@type":"BreadcrumbList","@id":"https:\/\/www.sprachschule-aktiv.com\/online-sprachkurse\/deutschkurs-bremen-online\/#breadcrumb","itemListElement":[{"@type":"ListItem","position":1,"name":"Startseite","item":"https:\/\/www.sprachschule-aktiv.com\/online-sprachkurse\/"},{"@type":"ListItem","position":2,"name":"Deutschkurs Bremen Online: f\u00fcr alle Niveaus von A1 bis C2"}]},{"@type":"WebSite","@id":"https:\/\/www.sprachschule-aktiv.com\/online-sprachkurse\/#website","url":"https:\/\/www.sprachschule-aktiv.com\/online-sprachkurse\/","name":"Online Sprachkurse","description":"","potentialAction":[{"@type":"SearchAction","target":{"@type":"EntryPoint","urlTemplate":"https:\/\/www.sprachschule-aktiv.com\/online-sprachkurse\/?s={search_term_string}"},"query-input":{"@type":"PropertyValueSpecification","valueRequired":true,"valueName":"search_term_string"}}],"inLanguage":"de"}]}},"_links":{"self":[{"href":"https:\/\/www.sprachschule-aktiv.com\/online-sprachkurse\/wp-json\/wp\/v2\/pages\/617","targetHints":{"allow":["GET"]}}],"collection":[{"href":"https:\/\/www.sprachschule-aktiv.com\/online-sprachkurse\/wp-json\/wp\/v2\/pages"}],"about":[{"href":"https:\/\/www.sprachschule-aktiv.com\/online-sprachkurse\/wp-json\/wp\/v2\/types\/page"}],"author":[{"embeddable":true,"href":"https:\/\/www.sprachschule-aktiv.com\/online-sprachkurse\/wp-json\/wp\/v2\/users\/1"}],"replies":[{"embeddable":true,"href":"https:\/\/www.sprachschule-aktiv.com\/online-sprachkurse\/wp-json\/wp\/v2\/comments?post=617"}],"version-history":[{"count":2,"href":"https:\/\/www.sprachschule-aktiv.com\/online-sprachkurse\/wp-json\/wp\/v2\/pages\/617\/revisions"}],"predecessor-version":[{"id":2052,"href":"https:\/\/www.sprachschule-aktiv.com\/online-sprachkurse\/wp-json\/wp\/v2\/pages\/617\/revisions\/2052"}],"wp:attachment":[{"href":"https:\/\/www.sprachschule-aktiv.com\/online-sprachkurse\/wp-json\/wp\/v2\/media?parent=617"}],"curies":[{"name":"wp","href":"https:\/\/api.w.org\/{rel}","templated":true}]}}