{"id":520,"date":"2021-07-10T06:20:47","date_gmt":"2021-07-10T04:20:47","guid":{"rendered":"https:\/\/www.sprachschule-aktiv.com\/?page_id=520"},"modified":"2021-07-10T06:20:47","modified_gmt":"2021-07-10T04:20:47","slug":"online-deutschkurs-duesseldorf","status":"publish","type":"page","link":"https:\/\/www.sprachschule-aktiv.com\/online-sprachkurse\/online-deutschkurs-duesseldorf\/","title":{"rendered":"Online Deutschkurs &#8211; Deutsch Onlineunterricht in D\u00fcsseldorf (A1-C2)"},"content":{"rendered":"<p>Mit unserem Deutsch Onlineunterricht in D\u00fcsseldorf lernen Sie zielorientiert und mit modernsten Strategien. Alles, was Sie dazu ben\u00f6tigen, ist ein Computer, ein Handy oder ein Laptop mit eingebauter Kamera und Mikro. Treffen Sie Ihre Mitlerner im Video-Chat-Room und freuen Sie sich auf interessante Lektionen!<\/p>\n<img decoding=\"async\" class=\"alignnone size-medium wp-image-521\" src=\"https:\/\/www.sprachschule-aktiv.com\/wp-content\/uploads\/2021\/07\/online-deutschkurs-duesseldorf-300x200.jpg\" alt=\"Online Deutschkurs in D\u00fcsseldorf \" width=\"300\" height=\"200\" \/>\n<h2>Online Deutschkurse mit begrenzter Teilnehmerzahl &#8211; Kleingruppen<\/h2>\n<p>Um Ihnen wirklich die beste Form des Deutsch-Onlineunterrichts zu bieten, laden wir nicht mehr als 10 Teilnehmer in einen Deutschkurs ein. Mit dieser \u00fcberschaubaren Anzahl l\u00e4sst sich der Unterricht flexibel und interaktiv gestalten. Vor allem bekommt jeder Deutschlerner die Gelegenheit, auch bei freien Konversationen die eigene Meinung zu \u00e4u\u00dfern.<\/p>\n<a href=\"https:\/\/www.sprachschule-aktiv.com\/online-sprachkurse\/kontaktieren-sie-uns\/\"><img decoding=\"async\" class=\"alignnone wp-image-375 size-full\" src=\"https:\/\/www.sprachschule-aktiv.com\/wp-content\/uploads\/2021\/03\/anfrage-sprachkurs.png\" alt=\"Anfrage Sprachkurs\" width=\"164\" height=\"55\" \/><\/a>\n<h2>Online Deutsch lernen mit motivierenden Muttersprachlern in D\u00fcsseldorf<\/h2>\n<p>In all unseren online Deutschkursen werden Sie von engagierten Muttersprachlern empfangen. Diese haben eine universit\u00e4re Ausbildung durchlaufen und sind versiert in der Vermittlung der deutschen Sprache. Zudem sind sie bestens darin geschult, den Spracherwerb in einem Video-Chat-Room auf das h\u00f6chste Niveau zu heben und unsere Kunden zu unterst\u00fctzen.<\/p>\n<h2>Deutsch Onlinekurse im Detail<\/h2>\n<p>Eine Unterrichtseinheit betr\u00e4gt 45 Minuten.<\/p>\n<h2>Special Offer \u2013 Online Deutschkurs<\/h2>\n<p>4 Wochen Deutschkurs f\u00fcr 319 Euro.<\/p>\n<p><strong>Wann:<\/strong> Montag bis Donnerstag von 9:00 bis 12:00 Uhr<\/p>\n<p><strong>Kursbeginn mit Vorkenntnissen:<\/strong> jederzeit m\u00f6glich<\/p>\n<p><strong>Starttermine:<\/strong> am ersten Monat im Monat<\/p>\n<a href=\"https:\/\/www.sprachschule-aktiv.com\/online-sprachkurse\/anmeldung-sprachschule\/\"><img decoding=\"async\" class=\"alignnone wp-image-376 size-full\" src=\"https:\/\/www.sprachschule-aktiv.com\/wp-content\/uploads\/2021\/03\/jetzt-sprachkurs-buchen.png\" alt=\"Anmeldung Sprachkurs\" width=\"239\" height=\"62\" \/><\/a>\n<h2>Online Deutsch Intensivkurs<\/h2>\n<p><strong>Wann:<\/strong> von Montag bis Freitag \/ 09:00 Uhr bis12:00 Uhr<\/p>\n<p><strong>Starttermin:<\/strong> am ersten Montag im Monat<\/p>\n<p>S\u00e4mtliche Niveaus von A1 bis C2.<\/p>\n<p><strong>Was kostet es?<\/strong><\/p>\n<p>Eine Woche kostet 199 Euro.<\/p>\n<p>Zwei Wochen kosten 349 Euro.<\/p>\n<p>Drei Wochen kosten 411 Euro.<\/p>\n<p>Vier Wochen kosten 499 Euro.<\/p>\n<a href=\"https:\/\/www.sprachschule-aktiv.com\/online-sprachkurse\/anmeldung-sprachschule\/\"><img decoding=\"async\" class=\"alignnone wp-image-376 size-full\" src=\"https:\/\/www.sprachschule-aktiv.com\/wp-content\/uploads\/2021\/03\/jetzt-sprachkurs-buchen.png\" alt=\"Anmeldung Sprachkurs\" width=\"239\" height=\"62\" \/><\/a>\n<h2>Online Deutsch Abendkurse<\/h2>\n<p><strong>Kursdauer:<\/strong> 12 Wochen \/ 90 Minuten w\u00f6chentlich<\/p>\n<p>Alle Niveaus f\u00fcr Anf\u00e4nger oder Fortgeschrittene (A1 bis C2)<\/p>\n<p><strong>Preis:<\/strong> 279.- EUR<\/p>\n<p><strong>Beginn:<\/strong> am ersten Montag im Monat<\/p>\n<p><strong>Termine:<\/strong> Jeden Montag von 19:00 bis 20:30 Uhr<\/p>\n<a href=\"https:\/\/www.sprachschule-aktiv.com\/online-sprachkurse\/anmeldung-sprachschule\/\"><img decoding=\"async\" class=\"alignnone wp-image-376 size-full\" src=\"https:\/\/www.sprachschule-aktiv.com\/wp-content\/uploads\/2021\/03\/jetzt-sprachkurs-buchen.png\" alt=\"Anmeldung Sprachkurs\" width=\"239\" height=\"62\" \/><\/a>\n<h2>Online Deutsch Einzelunterricht<\/h2>\n<p>Beginn und Termine: auf Wunsch!<\/p>\n<p><strong>Kosten:<\/strong><\/p>\n<p>Bei 1 bis 19 Unterrichtsstunden 42 EUR pro Stunde<\/p>\n<p>Ab 20 bis 29 Unterrichtsstunden verringert sich der Preis auf 40 EUR pro Stunde<\/p>\n<p>Ab 30 und mehr Unterrichtsstunden nur noch 38 EUR pro Stunde<\/p>\n<p>Sie k\u00f6nnen 2 G\u00e4ste einladen.<\/p>\n<a href=\"https:\/\/www.sprachschule-aktiv.com\/online-sprachkurse\/anmeldung-sprachschule\/\"><img decoding=\"async\" class=\"alignnone wp-image-376 size-full\" src=\"https:\/\/www.sprachschule-aktiv.com\/wp-content\/uploads\/2021\/03\/jetzt-sprachkurs-buchen.png\" alt=\"Anmeldung Sprachkurs\" width=\"239\" height=\"62\" \/><\/a>\n<h2>Online Deutsch Firmenunterricht<\/h2>\n<p>Kursbeginn und Termine werden auf Wunsch vereinbart.<\/p>\n<p><strong>Preise f\u00fcr 1 bis 10 Teilnehmer:<\/strong><\/p>\n<p>Bis 29 Unterrichtsstunden kostet eine Stunde 49 Euro<\/p>\n<p>Ab 30 Stunden kostet die Unterrichtsstunde nur noch 45 Euro<\/p>\n<a href=\"https:\/\/www.sprachschule-aktiv.com\/online-sprachkurse\/anmeldung-sprachschule\/\"><img decoding=\"async\" class=\"alignnone wp-image-376 size-full\" src=\"https:\/\/www.sprachschule-aktiv.com\/wp-content\/uploads\/2021\/03\/jetzt-sprachkurs-buchen.png\" alt=\"Anmeldung Sprachkurs\" width=\"239\" height=\"62\" \/><\/a>\n<h2>Kostenlose Probestunde und Geld-zur\u00fcck-Garantie<\/h2>\n<p>Sie haben jederzeit die Chance, den Deutsch Onlineunterricht Ihrer Wahl in einer gratis Probestunde in Augenschein zu nehmen. Lernen Sie das genutzte Tool sowie Ihren Dozenten kennen und entscheiden Sie im Anschluss daran, ob Ihnen diese Unterrichtsform gef\u00e4llt. Auch nach dem Start des Onlinekurses k\u00f6nnen Sie Ihre Anmeldung widerrufen und erhalten im Rahmen unserer Geld-zur\u00fcck-Garantie Ihre Kursgeb\u00fchren zur\u00fcck.<\/p>\n","protected":false},"excerpt":{"rendered":"<p>Mit unserem Deutsch Onlineunterricht in D\u00fcsseldorf lernen Sie zielorientiert und mit modernsten Strategien. Alles, was Sie dazu ben\u00f6tigen, ist ein Computer, ein Handy oder ein Laptop mit eingebauter Kamera und Mikro. Treffen Sie Ihre Mitlerner im Video-Chat-Room und freuen Sie sich auf interessante Lektionen! Online Deutschkurse mit begrenzter Teilnehmerzahl &#8211; Kleingruppen Um Ihnen wirklich die&hellip; <a class=\"read-more\" href=\"https:\/\/www.sprachschule-aktiv.com\/online-sprachkurse\/online-deutschkurs-duesseldorf\/\" title=\"Read Online Deutschkurs &#8211; Deutsch Onlineunterricht in D\u00fcsseldorf (A1-C2)\">Read more &raquo;<\/a><\/p>\n","protected":false},"author":1,"featured_media":0,"parent":0,"menu_order":0,"comment_status":"closed","ping_status":"closed","template":"","meta":{"footnotes":""},"class_list":["post-520","page","type-page","status-publish","hentry"],"yoast_head":"<!-- This site is optimized with the Yoast SEO plugin v27.1.1 - https:\/\/yoast.com\/product\/yoast-seo-wordpress\/ -->\n<title>Online Deutschkurs - Deutsch Online lernen in D\u00fcsseldorf<\/title>\n<meta name=\"description\" content=\"Deutsch online lernen mit modernsten Strategien. Muttersprachler pr\u00e4sentieren interessante Lektionen von A1 bis C2. Gratis Probestunde!\" \/>\n<meta name=\"robots\" content=\"index, follow, max-snippet:-1, max-image-preview:large, max-video-preview:-1\" \/>\n<link rel=\"canonical\" href=\"https:\/\/www.sprachschule-aktiv.com\/online-sprachkurse\/online-deutschkurs-duesseldorf\/\" \/>\n<meta property=\"og:locale\" content=\"de_DE\" \/>\n<meta property=\"og:type\" content=\"article\" \/>\n<meta property=\"og:title\" content=\"Online Deutschkurs - Deutsch Online lernen in D\u00fcsseldorf\" \/>\n<meta property=\"og:description\" content=\"Deutsch online lernen mit modernsten Strategien. Muttersprachler pr\u00e4sentieren interessante Lektionen von A1 bis C2. Gratis Probestunde!\" \/>\n<meta property=\"og:url\" content=\"https:\/\/www.sprachschule-aktiv.com\/online-sprachkurse\/online-deutschkurs-duesseldorf\/\" \/>\n<meta property=\"og:site_name\" content=\"Online Sprachkurse\" \/>\n<meta property=\"og:image\" content=\"https:\/\/www.sprachschule-aktiv.com\/wp-content\/uploads\/2021\/07\/online-deutschkurs-duesseldorf-300x200.jpg\" \/>\n<meta name=\"twitter:card\" content=\"summary_large_image\" \/>\n<meta name=\"twitter:label1\" content=\"Gesch\u00e4tzte Lesezeit\" \/>\n\t<meta name=\"twitter:data1\" content=\"4\u00a0Minuten\" \/>\n<script type=\"application\/ld+json\" class=\"yoast-schema-graph\">{\"@context\":\"https:\/\/schema.org\",\"@graph\":[{\"@type\":\"WebPage\",\"@id\":\"https:\/\/www.sprachschule-aktiv.com\/online-sprachkurse\/online-deutschkurs-duesseldorf\/\",\"url\":\"https:\/\/www.sprachschule-aktiv.com\/online-sprachkurse\/online-deutschkurs-duesseldorf\/\",\"name\":\"Online Deutschkurs - Deutsch Online lernen in D\u00fcsseldorf\",\"isPartOf\":{\"@id\":\"https:\/\/www.sprachschule-aktiv.com\/online-sprachkurse\/#website\"},\"primaryImageOfPage\":{\"@id\":\"https:\/\/www.sprachschule-aktiv.com\/online-sprachkurse\/online-deutschkurs-duesseldorf\/#primaryimage\"},\"image\":{\"@id\":\"https:\/\/www.sprachschule-aktiv.com\/online-sprachkurse\/online-deutschkurs-duesseldorf\/#primaryimage\"},\"thumbnailUrl\":\"https:\/\/www.sprachschule-aktiv.com\/wp-content\/uploads\/2021\/07\/online-deutschkurs-duesseldorf-300x200.jpg\",\"datePublished\":\"2021-07-10T04:20:47+00:00\",\"description\":\"Deutsch online lernen mit modernsten Strategien. Muttersprachler pr\u00e4sentieren interessante Lektionen von A1 bis C2. Gratis Probestunde!\",\"breadcrumb\":{\"@id\":\"https:\/\/www.sprachschule-aktiv.com\/online-sprachkurse\/online-deutschkurs-duesseldorf\/#breadcrumb\"},\"inLanguage\":\"de\",\"potentialAction\":[{\"@type\":\"ReadAction\",\"target\":[\"https:\/\/www.sprachschule-aktiv.com\/online-sprachkurse\/online-deutschkurs-duesseldorf\/\"]}]},{\"@type\":\"ImageObject\",\"inLanguage\":\"de\",\"@id\":\"https:\/\/www.sprachschule-aktiv.com\/online-sprachkurse\/online-deutschkurs-duesseldorf\/#primaryimage\",\"url\":\"https:\/\/www.sprachschule-aktiv.com\/wp-content\/uploads\/2021\/07\/online-deutschkurs-duesseldorf-300x200.jpg\",\"contentUrl\":\"https:\/\/www.sprachschule-aktiv.com\/wp-content\/uploads\/2021\/07\/online-deutschkurs-duesseldorf-300x200.jpg\"},{\"@type\":\"BreadcrumbList\",\"@id\":\"https:\/\/www.sprachschule-aktiv.com\/online-sprachkurse\/online-deutschkurs-duesseldorf\/#breadcrumb\",\"itemListElement\":[{\"@type\":\"ListItem\",\"position\":1,\"name\":\"Startseite\",\"item\":\"https:\/\/www.sprachschule-aktiv.com\/online-sprachkurse\/\"},{\"@type\":\"ListItem\",\"position\":2,\"name\":\"Online Deutschkurs &#8211; Deutsch Onlineunterricht in D\u00fcsseldorf (A1-C2)\"}]},{\"@type\":\"WebSite\",\"@id\":\"https:\/\/www.sprachschule-aktiv.com\/online-sprachkurse\/#website\",\"url\":\"https:\/\/www.sprachschule-aktiv.com\/online-sprachkurse\/\",\"name\":\"Online Sprachkurse\",\"description\":\"\",\"potentialAction\":[{\"@type\":\"SearchAction\",\"target\":{\"@type\":\"EntryPoint\",\"urlTemplate\":\"https:\/\/www.sprachschule-aktiv.com\/online-sprachkurse\/?s={search_term_string}\"},\"query-input\":{\"@type\":\"PropertyValueSpecification\",\"valueRequired\":true,\"valueName\":\"search_term_string\"}}],\"inLanguage\":\"de\"}]}<\/script>\n<!-- \/ Yoast SEO plugin. -->","yoast_head_json":{"title":"Online Deutschkurs - Deutsch Online lernen in D\u00fcsseldorf","description":"Deutsch online lernen mit modernsten Strategien. Muttersprachler pr\u00e4sentieren interessante Lektionen von A1 bis C2. Gratis Probestunde!","robots":{"index":"index","follow":"follow","max-snippet":"max-snippet:-1","max-image-preview":"max-image-preview:large","max-video-preview":"max-video-preview:-1"},"canonical":"https:\/\/www.sprachschule-aktiv.com\/online-sprachkurse\/online-deutschkurs-duesseldorf\/","og_locale":"de_DE","og_type":"article","og_title":"Online Deutschkurs - Deutsch Online lernen in D\u00fcsseldorf","og_description":"Deutsch online lernen mit modernsten Strategien. Muttersprachler pr\u00e4sentieren interessante Lektionen von A1 bis C2. Gratis Probestunde!","og_url":"https:\/\/www.sprachschule-aktiv.com\/online-sprachkurse\/online-deutschkurs-duesseldorf\/","og_site_name":"Online Sprachkurse","og_image":[{"url":"https:\/\/www.sprachschule-aktiv.com\/wp-content\/uploads\/2021\/07\/online-deutschkurs-duesseldorf-300x200.jpg","type":"","width":"","height":""}],"twitter_card":"summary_large_image","twitter_misc":{"Gesch\u00e4tzte Lesezeit":"4\u00a0Minuten"},"schema":{"@context":"https:\/\/schema.org","@graph":[{"@type":"WebPage","@id":"https:\/\/www.sprachschule-aktiv.com\/online-sprachkurse\/online-deutschkurs-duesseldorf\/","url":"https:\/\/www.sprachschule-aktiv.com\/online-sprachkurse\/online-deutschkurs-duesseldorf\/","name":"Online Deutschkurs - Deutsch Online lernen in D\u00fcsseldorf","isPartOf":{"@id":"https:\/\/www.sprachschule-aktiv.com\/online-sprachkurse\/#website"},"primaryImageOfPage":{"@id":"https:\/\/www.sprachschule-aktiv.com\/online-sprachkurse\/online-deutschkurs-duesseldorf\/#primaryimage"},"image":{"@id":"https:\/\/www.sprachschule-aktiv.com\/online-sprachkurse\/online-deutschkurs-duesseldorf\/#primaryimage"},"thumbnailUrl":"https:\/\/www.sprachschule-aktiv.com\/wp-content\/uploads\/2021\/07\/online-deutschkurs-duesseldorf-300x200.jpg","datePublished":"2021-07-10T04:20:47+00:00","description":"Deutsch online lernen mit modernsten Strategien. Muttersprachler pr\u00e4sentieren interessante Lektionen von A1 bis C2. Gratis Probestunde!","breadcrumb":{"@id":"https:\/\/www.sprachschule-aktiv.com\/online-sprachkurse\/online-deutschkurs-duesseldorf\/#breadcrumb"},"inLanguage":"de","potentialAction":[{"@type":"ReadAction","target":["https:\/\/www.sprachschule-aktiv.com\/online-sprachkurse\/online-deutschkurs-duesseldorf\/"]}]},{"@type":"ImageObject","inLanguage":"de","@id":"https:\/\/www.sprachschule-aktiv.com\/online-sprachkurse\/online-deutschkurs-duesseldorf\/#primaryimage","url":"https:\/\/www.sprachschule-aktiv.com\/wp-content\/uploads\/2021\/07\/online-deutschkurs-duesseldorf-300x200.jpg","contentUrl":"https:\/\/www.sprachschule-aktiv.com\/wp-content\/uploads\/2021\/07\/online-deutschkurs-duesseldorf-300x200.jpg"},{"@type":"BreadcrumbList","@id":"https:\/\/www.sprachschule-aktiv.com\/online-sprachkurse\/online-deutschkurs-duesseldorf\/#breadcrumb","itemListElement":[{"@type":"ListItem","position":1,"name":"Startseite","item":"https:\/\/www.sprachschule-aktiv.com\/online-sprachkurse\/"},{"@type":"ListItem","position":2,"name":"Online Deutschkurs &#8211; Deutsch Onlineunterricht in D\u00fcsseldorf (A1-C2)"}]},{"@type":"WebSite","@id":"https:\/\/www.sprachschule-aktiv.com\/online-sprachkurse\/#website","url":"https:\/\/www.sprachschule-aktiv.com\/online-sprachkurse\/","name":"Online Sprachkurse","description":"","potentialAction":[{"@type":"SearchAction","target":{"@type":"EntryPoint","urlTemplate":"https:\/\/www.sprachschule-aktiv.com\/online-sprachkurse\/?s={search_term_string}"},"query-input":{"@type":"PropertyValueSpecification","valueRequired":true,"valueName":"search_term_string"}}],"inLanguage":"de"}]}},"_links":{"self":[{"href":"https:\/\/www.sprachschule-aktiv.com\/online-sprachkurse\/wp-json\/wp\/v2\/pages\/520","targetHints":{"allow":["GET"]}}],"collection":[{"href":"https:\/\/www.sprachschule-aktiv.com\/online-sprachkurse\/wp-json\/wp\/v2\/pages"}],"about":[{"href":"https:\/\/www.sprachschule-aktiv.com\/online-sprachkurse\/wp-json\/wp\/v2\/types\/page"}],"author":[{"embeddable":true,"href":"https:\/\/www.sprachschule-aktiv.com\/online-sprachkurse\/wp-json\/wp\/v2\/users\/1"}],"replies":[{"embeddable":true,"href":"https:\/\/www.sprachschule-aktiv.com\/online-sprachkurse\/wp-json\/wp\/v2\/comments?post=520"}],"version-history":[{"count":0,"href":"https:\/\/www.sprachschule-aktiv.com\/online-sprachkurse\/wp-json\/wp\/v2\/pages\/520\/revisions"}],"wp:attachment":[{"href":"https:\/\/www.sprachschule-aktiv.com\/online-sprachkurse\/wp-json\/wp\/v2\/media?parent=520"}],"curies":[{"name":"wp","href":"https:\/\/api.w.org\/{rel}","templated":true}]}}