{"id":515,"date":"2021-07-10T06:11:47","date_gmt":"2021-07-10T04:11:47","guid":{"rendered":"https:\/\/www.sprachschule-aktiv.com\/?page_id=515"},"modified":"2021-07-10T06:11:47","modified_gmt":"2021-07-10T04:11:47","slug":"online-deutschkurs-frankfurt","status":"publish","type":"page","link":"https:\/\/www.sprachschule-aktiv.com\/online-sprachkurse\/online-deutschkurs-frankfurt\/","title":{"rendered":"Online Deutschkurs &#8211; Online Deutsch lernen in Frankfurt von A1 bis C2"},"content":{"rendered":"<p>Lernen Sie Deutsch online in der Sprachschule Aktiv in Frankfurt am Main! Diese Deutschkurse k\u00f6nnen Sie auf allen Niveaus von der A1 bis zur C2 absolvieren und werden dabei von erfahrenen, muttersprachlichen Deutschlehrern instruiert.<\/p>\n<a href=\"https:\/\/www.sprachschule-aktiv.com\/online-sprachkurse\/kontaktieren-sie-uns\/\"><img decoding=\"async\" class=\"alignnone wp-image-375 size-full\" src=\"https:\/\/www.sprachschule-aktiv.com\/wp-content\/uploads\/2021\/03\/anfrage-sprachkurs.png\" alt=\"Anfrage Sprachkurs\" width=\"164\" height=\"55\" \/><\/a>\n<h2>Was ben\u00f6tigen Sie, um am Deutsch Onlineunterricht teilzunehmen?<\/h2>\n<p>Die Ausstattung f\u00fcr einen Deutsch Onlineunterricht besteht aus einem PC, einem Laptop oder auch einem Handy. Das Ger\u00e4t, das Sie f\u00fcr den Onlinekurs nutzen, sollte eine Kamera sowie ein Mikrofon besitzen. Au\u00dferdem ist eine gute Internetverbindung notwendig.<\/p>\n<img decoding=\"async\" class=\"alignnone size-medium wp-image-517\" src=\"https:\/\/www.sprachschule-aktiv.com\/wp-content\/uploads\/2021\/07\/online-deutschkurs-frankfurt-300x200.jpg\" alt=\"Online Deutschkurse in Frankfurt\" width=\"300\" height=\"200\" \/>\n<h2>Was lernen Sie im Onlinekurs f\u00fcr Deutsch in Frankfurt am Main?<\/h2>\n<p>Sie erhalten je nach Stufe ein Paket aus H\u00f6rtexten, Leseverstehen, eine Anleitung zum Verfassen von Texten und vielf\u00e4ltige Gelegenheiten f\u00fcr den m\u00fcndlichen Ausdruck. Dabei richtet sich der Anspruch nat\u00fcrlich nach dem Niveau der jeweiligen Lernstufe. Sie kennen Ihren aktuellen Level nicht? Testen Sie sich selbst mit unseren online Einstufungstests auf dieser Webseite! Kostenfrei, schnell und bequem erhalten Sie die Information, welches Kursniveau von der A1, A2, B1, B2, C1 und C2 f\u00fcr Sie geeignet ist.<\/p>\n<h2>Vorteile des Onlineunterrichts f\u00fcr Deutsch auf einen Blick<\/h2>\n<ul>\n<li>Sie sparen Zeit und Geld f\u00fcr den Hin- und R\u00fcckweg.<\/li>\n<li>Sie f\u00fchren den Onlinekurs an einem Ort durch, der Ihre Lernmotivation optimal f\u00f6rdert wie beispielsweise die heimische Couch oder ein ruhiges Eckchen im Garten.<\/li>\n<li>Sie erhalten die gleiche Qualit\u00e4t wie im Pr\u00e4senzunterricht.<\/li>\n<li>Sie k\u00f6nnen sich den Onlineunterricht f\u00fcr Deutsch vorab in einer gratis Schnupperstunde anschauen.<\/li>\n<li>Aufgrund unserer Geld-zur\u00fcck-Garantie ist eine Buchung niemals ein Reinfall, denn Sie erhalten auf Wunsch Ihre Kursgeb\u00fchren zur\u00fcck, wenn Ihnen der Onlineunterricht nicht zusagt.<\/li>\n<li>Sie erhalten ein informatives Teilnehmerzertifikat per E-Mail.<\/li>\n<\/ul>\n<h2>Kosten und Termine beim online Deutschlernen<\/h2>\n<p>Bitte beachten Sie, das eine Unterrichtseinheit 45 Minuten beinhaltet.<\/p>\n<h2>Schn\u00e4ppchen \u2013 Online Deutschkurs<\/h2>\n<p>4 Wochen Deutschkurs f\u00fcr 319 Euro.<\/p>\n<p><strong>Wann:<\/strong> Montag bis Donnerstag von 9:00 bis 12:00 Uhr<\/p>\n<p><strong>Kursbeginn mit Vorkenntnissen:<\/strong> jederzeit m\u00f6glich<\/p>\n<p><strong>Starttermine:<\/strong> am ersten Monat im Monat<\/p>\n<a href=\"https:\/\/www.sprachschule-aktiv.com\/online-sprachkurse\/anmeldung-sprachschule\/\"><img decoding=\"async\" class=\"alignnone wp-image-376 size-full\" src=\"https:\/\/www.sprachschule-aktiv.com\/wp-content\/uploads\/2021\/03\/jetzt-sprachkurs-buchen.png\" alt=\"Anmeldung Sprachkurs\" width=\"239\" height=\"62\" \/><\/a>\n<h2>Online Deutsch-Intensivkurs<\/h2>\n<p><strong>Wann:<\/strong> von Montag bis Freitag \/ 09:00 Uhr bis12:00 Uhr<\/p>\n<p><strong>Starttermin:<\/strong> am ersten Montag im Monat<\/p>\n<p><strong>Lernstufen:<\/strong> A1 &#8211; C2.<\/p>\n<p><strong>Preise:<\/strong><\/p>\n<p>Eine Woche kostet 199 Euro.<\/p>\n<p>Zwei Wochen kosten 349 Euro.<\/p>\n<p>Drei Wochen kosten 411 Euro.<\/p>\n<p>Vier Wochen kosten 499 Euro.<\/p>\n<a href=\"https:\/\/www.sprachschule-aktiv.com\/online-sprachkurse\/anmeldung-sprachschule\/\"><img decoding=\"async\" class=\"alignnone wp-image-376 size-full\" src=\"https:\/\/www.sprachschule-aktiv.com\/wp-content\/uploads\/2021\/03\/jetzt-sprachkurs-buchen.png\" alt=\"Anmeldung Sprachkurs\" width=\"239\" height=\"62\" \/><\/a>\n<h2>Online Deutsch Gruppenkurse am Abend<\/h2>\n<p><strong>Kursdauer:<\/strong> 12 Wochen \/ 90 Minuten w\u00f6chentlich<\/p>\n<p>Alle Niveaus f\u00fcr Anf\u00e4nger oder Fortgeschrittene (A1 bis C2)<\/p>\n<p><strong>Preis:<\/strong> 279.- EUR<\/p>\n<p><strong>Beginn:<\/strong> am ersten Montag im Monat<\/p>\n<p><strong>Termine:<\/strong> Jeden Montag von 19:00 bis 20:30 Uhr<\/p>\n<a href=\"https:\/\/www.sprachschule-aktiv.com\/online-sprachkurse\/anmeldung-sprachschule\/\"><img decoding=\"async\" class=\"alignnone wp-image-376 size-full\" src=\"https:\/\/www.sprachschule-aktiv.com\/wp-content\/uploads\/2021\/03\/jetzt-sprachkurs-buchen.png\" alt=\"Anmeldung Sprachkurs\" width=\"239\" height=\"62\" \/><\/a>\n<h2>Online Deutsch Privatunterricht<\/h2>\n<p><strong>Beginn und Termine:<\/strong> jederzeit nach Vereinbarung m\u00f6glich!<\/p>\n<p><strong>Preise:<\/strong><\/p>\n<p>Bei 1 bis 19 Unterrichtsstunden 42 EUR pro Stunde<\/p>\n<p>Ab20 bis 29 Unterrichtsstunden verringert sich der Preis auf 40 EUR pro Stunde<\/p>\n<p>Ab 30 und mehr Unterrichtsstunden nur noch 38 EUR pro Stunde<\/p>\n<p>Bringen Sie kostenfrei zwei weitere Deutschlerner mit und teilen Sie sich die Geb\u00fchren!<\/p>\n<a href=\"https:\/\/www.sprachschule-aktiv.com\/online-sprachkurse\/anmeldung-sprachschule\/\"><img decoding=\"async\" class=\"alignnone wp-image-376 size-full\" src=\"https:\/\/www.sprachschule-aktiv.com\/wp-content\/uploads\/2021\/03\/jetzt-sprachkurs-buchen.png\" alt=\"Anmeldung Sprachkurs\" width=\"239\" height=\"62\" \/><\/a>\n<h2>Online Deutsch Firmenunterricht<\/h2>\n<p>Kursbeginn und Termine werden auf Wunsch vereinbart.<\/p>\n<p><strong>Preise f\u00fcr 1 bis 10 Teilnehmer:<\/strong><\/p>\n<p>Bis 29 Unterrichtsstunden kostet eine Stunde 49 Euro<\/p>\n<p>Ab 30 Stunden kostet die Unterrichtsstunde nur noch 45 Euro<\/p>\n<a href=\"https:\/\/www.sprachschule-aktiv.com\/online-sprachkurse\/anmeldung-sprachschule\/\"><img decoding=\"async\" class=\"alignnone wp-image-376 size-full\" src=\"https:\/\/www.sprachschule-aktiv.com\/wp-content\/uploads\/2021\/03\/jetzt-sprachkurs-buchen.png\" alt=\"Anmeldung Sprachkurs\" width=\"239\" height=\"62\" \/><\/a>\n","protected":false},"excerpt":{"rendered":"<p>Lernen Sie Deutsch online in der Sprachschule Aktiv in Frankfurt am Main! Diese Deutschkurse k\u00f6nnen Sie auf allen Niveaus von der A1 bis zur C2 absolvieren und werden dabei von erfahrenen, muttersprachlichen Deutschlehrern instruiert. Was ben\u00f6tigen Sie, um am Deutsch Onlineunterricht teilzunehmen? Die Ausstattung f\u00fcr einen Deutsch Onlineunterricht besteht aus einem PC, einem Laptop oder&hellip; <a class=\"read-more\" href=\"https:\/\/www.sprachschule-aktiv.com\/online-sprachkurse\/online-deutschkurs-frankfurt\/\" title=\"Read Online Deutschkurs &#8211; Online Deutsch lernen in Frankfurt von A1 bis C2\">Read more &raquo;<\/a><\/p>\n","protected":false},"author":1,"featured_media":0,"parent":0,"menu_order":0,"comment_status":"closed","ping_status":"closed","template":"","meta":{"footnotes":""},"class_list":["post-515","page","type-page","status-publish","hentry"],"yoast_head":"<!-- This site is optimized with the Yoast SEO plugin v27.1.1 - https:\/\/yoast.com\/product\/yoast-seo-wordpress\/ -->\n<title>Online Deutschkurs - Online Deutsch lernen in Frankfurt - A1 bis C2<\/title>\n<meta name=\"description\" content=\"Die Online Deutschkurse erhalten Sie auf allen Niveaus von A1 bis zur C2. Deutsch online lernen mit gratis Probestunde!\" \/>\n<meta name=\"robots\" content=\"index, follow, max-snippet:-1, max-image-preview:large, max-video-preview:-1\" \/>\n<link rel=\"canonical\" href=\"https:\/\/www.sprachschule-aktiv.com\/online-sprachkurse\/online-deutschkurs-frankfurt\/\" \/>\n<meta property=\"og:locale\" content=\"de_DE\" \/>\n<meta property=\"og:type\" content=\"article\" \/>\n<meta property=\"og:title\" content=\"Online Deutschkurs - Online Deutsch lernen in Frankfurt - A1 bis C2\" \/>\n<meta property=\"og:description\" content=\"Die Online Deutschkurse erhalten Sie auf allen Niveaus von A1 bis zur C2. Deutsch online lernen mit gratis Probestunde!\" \/>\n<meta property=\"og:url\" content=\"https:\/\/www.sprachschule-aktiv.com\/online-sprachkurse\/online-deutschkurs-frankfurt\/\" \/>\n<meta property=\"og:site_name\" content=\"Online Sprachkurse\" \/>\n<meta property=\"og:image\" content=\"https:\/\/www.sprachschule-aktiv.com\/wp-content\/uploads\/2021\/03\/anfrage-sprachkurs.png\" \/>\n<meta name=\"twitter:card\" content=\"summary_large_image\" \/>\n<meta name=\"twitter:label1\" content=\"Gesch\u00e4tzte Lesezeit\" \/>\n\t<meta name=\"twitter:data1\" content=\"4\u00a0Minuten\" \/>\n<script type=\"application\/ld+json\" class=\"yoast-schema-graph\">{\"@context\":\"https:\/\/schema.org\",\"@graph\":[{\"@type\":\"WebPage\",\"@id\":\"https:\/\/www.sprachschule-aktiv.com\/online-sprachkurse\/online-deutschkurs-frankfurt\/\",\"url\":\"https:\/\/www.sprachschule-aktiv.com\/online-sprachkurse\/online-deutschkurs-frankfurt\/\",\"name\":\"Online Deutschkurs - Online Deutsch lernen in Frankfurt - A1 bis C2\",\"isPartOf\":{\"@id\":\"https:\/\/www.sprachschule-aktiv.com\/online-sprachkurse\/#website\"},\"primaryImageOfPage\":{\"@id\":\"https:\/\/www.sprachschule-aktiv.com\/online-sprachkurse\/online-deutschkurs-frankfurt\/#primaryimage\"},\"image\":{\"@id\":\"https:\/\/www.sprachschule-aktiv.com\/online-sprachkurse\/online-deutschkurs-frankfurt\/#primaryimage\"},\"thumbnailUrl\":\"https:\/\/www.sprachschule-aktiv.com\/wp-content\/uploads\/2021\/03\/anfrage-sprachkurs.png\",\"datePublished\":\"2021-07-10T04:11:47+00:00\",\"description\":\"Die Online Deutschkurse erhalten Sie auf allen Niveaus von A1 bis zur C2. Deutsch online lernen mit gratis Probestunde!\",\"breadcrumb\":{\"@id\":\"https:\/\/www.sprachschule-aktiv.com\/online-sprachkurse\/online-deutschkurs-frankfurt\/#breadcrumb\"},\"inLanguage\":\"de\",\"potentialAction\":[{\"@type\":\"ReadAction\",\"target\":[\"https:\/\/www.sprachschule-aktiv.com\/online-sprachkurse\/online-deutschkurs-frankfurt\/\"]}]},{\"@type\":\"ImageObject\",\"inLanguage\":\"de\",\"@id\":\"https:\/\/www.sprachschule-aktiv.com\/online-sprachkurse\/online-deutschkurs-frankfurt\/#primaryimage\",\"url\":\"https:\/\/www.sprachschule-aktiv.com\/wp-content\/uploads\/2021\/03\/anfrage-sprachkurs.png\",\"contentUrl\":\"https:\/\/www.sprachschule-aktiv.com\/wp-content\/uploads\/2021\/03\/anfrage-sprachkurs.png\"},{\"@type\":\"BreadcrumbList\",\"@id\":\"https:\/\/www.sprachschule-aktiv.com\/online-sprachkurse\/online-deutschkurs-frankfurt\/#breadcrumb\",\"itemListElement\":[{\"@type\":\"ListItem\",\"position\":1,\"name\":\"Startseite\",\"item\":\"https:\/\/www.sprachschule-aktiv.com\/online-sprachkurse\/\"},{\"@type\":\"ListItem\",\"position\":2,\"name\":\"Online Deutschkurs &#8211; Online Deutsch lernen in Frankfurt von A1 bis C2\"}]},{\"@type\":\"WebSite\",\"@id\":\"https:\/\/www.sprachschule-aktiv.com\/online-sprachkurse\/#website\",\"url\":\"https:\/\/www.sprachschule-aktiv.com\/online-sprachkurse\/\",\"name\":\"Online Sprachkurse\",\"description\":\"\",\"potentialAction\":[{\"@type\":\"SearchAction\",\"target\":{\"@type\":\"EntryPoint\",\"urlTemplate\":\"https:\/\/www.sprachschule-aktiv.com\/online-sprachkurse\/?s={search_term_string}\"},\"query-input\":{\"@type\":\"PropertyValueSpecification\",\"valueRequired\":true,\"valueName\":\"search_term_string\"}}],\"inLanguage\":\"de\"}]}<\/script>\n<!-- \/ Yoast SEO plugin. -->","yoast_head_json":{"title":"Online Deutschkurs - Online Deutsch lernen in Frankfurt - A1 bis C2","description":"Die Online Deutschkurse erhalten Sie auf allen Niveaus von A1 bis zur C2. Deutsch online lernen mit gratis Probestunde!","robots":{"index":"index","follow":"follow","max-snippet":"max-snippet:-1","max-image-preview":"max-image-preview:large","max-video-preview":"max-video-preview:-1"},"canonical":"https:\/\/www.sprachschule-aktiv.com\/online-sprachkurse\/online-deutschkurs-frankfurt\/","og_locale":"de_DE","og_type":"article","og_title":"Online Deutschkurs - Online Deutsch lernen in Frankfurt - A1 bis C2","og_description":"Die Online Deutschkurse erhalten Sie auf allen Niveaus von A1 bis zur C2. Deutsch online lernen mit gratis Probestunde!","og_url":"https:\/\/www.sprachschule-aktiv.com\/online-sprachkurse\/online-deutschkurs-frankfurt\/","og_site_name":"Online Sprachkurse","og_image":[{"url":"https:\/\/www.sprachschule-aktiv.com\/wp-content\/uploads\/2021\/03\/anfrage-sprachkurs.png","type":"","width":"","height":""}],"twitter_card":"summary_large_image","twitter_misc":{"Gesch\u00e4tzte Lesezeit":"4\u00a0Minuten"},"schema":{"@context":"https:\/\/schema.org","@graph":[{"@type":"WebPage","@id":"https:\/\/www.sprachschule-aktiv.com\/online-sprachkurse\/online-deutschkurs-frankfurt\/","url":"https:\/\/www.sprachschule-aktiv.com\/online-sprachkurse\/online-deutschkurs-frankfurt\/","name":"Online Deutschkurs - Online Deutsch lernen in Frankfurt - A1 bis C2","isPartOf":{"@id":"https:\/\/www.sprachschule-aktiv.com\/online-sprachkurse\/#website"},"primaryImageOfPage":{"@id":"https:\/\/www.sprachschule-aktiv.com\/online-sprachkurse\/online-deutschkurs-frankfurt\/#primaryimage"},"image":{"@id":"https:\/\/www.sprachschule-aktiv.com\/online-sprachkurse\/online-deutschkurs-frankfurt\/#primaryimage"},"thumbnailUrl":"https:\/\/www.sprachschule-aktiv.com\/wp-content\/uploads\/2021\/03\/anfrage-sprachkurs.png","datePublished":"2021-07-10T04:11:47+00:00","description":"Die Online Deutschkurse erhalten Sie auf allen Niveaus von A1 bis zur C2. Deutsch online lernen mit gratis Probestunde!","breadcrumb":{"@id":"https:\/\/www.sprachschule-aktiv.com\/online-sprachkurse\/online-deutschkurs-frankfurt\/#breadcrumb"},"inLanguage":"de","potentialAction":[{"@type":"ReadAction","target":["https:\/\/www.sprachschule-aktiv.com\/online-sprachkurse\/online-deutschkurs-frankfurt\/"]}]},{"@type":"ImageObject","inLanguage":"de","@id":"https:\/\/www.sprachschule-aktiv.com\/online-sprachkurse\/online-deutschkurs-frankfurt\/#primaryimage","url":"https:\/\/www.sprachschule-aktiv.com\/wp-content\/uploads\/2021\/03\/anfrage-sprachkurs.png","contentUrl":"https:\/\/www.sprachschule-aktiv.com\/wp-content\/uploads\/2021\/03\/anfrage-sprachkurs.png"},{"@type":"BreadcrumbList","@id":"https:\/\/www.sprachschule-aktiv.com\/online-sprachkurse\/online-deutschkurs-frankfurt\/#breadcrumb","itemListElement":[{"@type":"ListItem","position":1,"name":"Startseite","item":"https:\/\/www.sprachschule-aktiv.com\/online-sprachkurse\/"},{"@type":"ListItem","position":2,"name":"Online Deutschkurs &#8211; Online Deutsch lernen in Frankfurt von A1 bis C2"}]},{"@type":"WebSite","@id":"https:\/\/www.sprachschule-aktiv.com\/online-sprachkurse\/#website","url":"https:\/\/www.sprachschule-aktiv.com\/online-sprachkurse\/","name":"Online Sprachkurse","description":"","potentialAction":[{"@type":"SearchAction","target":{"@type":"EntryPoint","urlTemplate":"https:\/\/www.sprachschule-aktiv.com\/online-sprachkurse\/?s={search_term_string}"},"query-input":{"@type":"PropertyValueSpecification","valueRequired":true,"valueName":"search_term_string"}}],"inLanguage":"de"}]}},"_links":{"self":[{"href":"https:\/\/www.sprachschule-aktiv.com\/online-sprachkurse\/wp-json\/wp\/v2\/pages\/515","targetHints":{"allow":["GET"]}}],"collection":[{"href":"https:\/\/www.sprachschule-aktiv.com\/online-sprachkurse\/wp-json\/wp\/v2\/pages"}],"about":[{"href":"https:\/\/www.sprachschule-aktiv.com\/online-sprachkurse\/wp-json\/wp\/v2\/types\/page"}],"author":[{"embeddable":true,"href":"https:\/\/www.sprachschule-aktiv.com\/online-sprachkurse\/wp-json\/wp\/v2\/users\/1"}],"replies":[{"embeddable":true,"href":"https:\/\/www.sprachschule-aktiv.com\/online-sprachkurse\/wp-json\/wp\/v2\/comments?post=515"}],"version-history":[{"count":0,"href":"https:\/\/www.sprachschule-aktiv.com\/online-sprachkurse\/wp-json\/wp\/v2\/pages\/515\/revisions"}],"wp:attachment":[{"href":"https:\/\/www.sprachschule-aktiv.com\/online-sprachkurse\/wp-json\/wp\/v2\/media?parent=515"}],"curies":[{"name":"wp","href":"https:\/\/api.w.org\/{rel}","templated":true}]}}