{"id":508,"date":"2021-07-03T06:17:21","date_gmt":"2021-07-03T04:17:21","guid":{"rendered":"https:\/\/www.sprachschule-aktiv.com\/?page_id=508"},"modified":"2021-07-03T06:17:21","modified_gmt":"2021-07-03T04:17:21","slug":"online-deutschkurs-in-hamburg","status":"publish","type":"page","link":"https:\/\/www.sprachschule-aktiv.com\/online-sprachkurse\/online-deutschkurs-in-hamburg\/","title":{"rendered":"Online Deutschkurs in Hamburg von A1 bis C2 &#8211; kostenlose Probestunde"},"content":{"rendered":"<p>Online Deutschkurs in Hamburg f\u00fcr alle Niveaus von A1 bis C2. Kostenlose Probestunde und Einstufung jetzt vereinbaren!<\/p>\n<img decoding=\"async\" class=\"alignnone size-medium wp-image-510\" src=\"https:\/\/www.sprachschule-aktiv.com\/wp-content\/uploads\/2021\/07\/online-deutschkurs-hamburg-300x200.jpg\" alt=\"Online Deutschkurs in Hamburg\" width=\"300\" height=\"200\" \/>\n<p>Sie m\u00f6chten sich die Anfahrt zum Sprachinstitut sparen und stattdessen lieber zu Hause in Ihrem bequemsten Sessel, an Ihrem Arbeitsplatz oder vielleicht sogar am Strand Ihres Ferienortes Deutsch lernen? Mit dem Deutsch Onlineunterricht unserer Sprachschule Aktiv in Hamburg ist das kein Problem. Probieren Sie unsere Deutschkurse online doch einfach mittels einer gratis Schnupperstunde aus!<\/p>\n<a href=\"https:\/\/www.sprachschule-aktiv.com\/online-sprachkurse\/kontaktieren-sie-uns\/\"><img decoding=\"async\" class=\"alignnone wp-image-375 size-full\" src=\"https:\/\/www.sprachschule-aktiv.com\/wp-content\/uploads\/2021\/03\/anfrage-sprachkurs.png\" alt=\"Anfrage Sprachkurs\" width=\"164\" height=\"55\" \/><\/a>\n<h2>Online Deutsch lernen auf allen Lernstufen von A1 bis C2<\/h2>\n<p>Alle unsere Kursmodelle k\u00f6nnen Sie auf jedem Level von A1, A2, B1, B2, C1 und C2 absolvieren. Haben Sie noch keinen Deutschkurs besucht? Dann beginnen Sie bitte mit der Anf\u00e4ngerstufe A1. F\u00fcr alle anderen Deutschlerner stehen unsere kostenfreien Einstufungstests bereit. Diese helfen Ihnen, Ihren aktuellen Wissensstand im Deutschen herauszufinden.<\/p>\n<h2>Muttersprachliche Onlineprofis als Deutschlehrer<\/h2>\n<p>Die Sprachlehrer, die Sie durch Ihren Onlinekurs geleiten, erwarten Sie mit spannenden Unterrichtsmaterialien wie erkl\u00e4renden Videos zu vielf\u00e4ltigen Themen oder H\u00f6rverstehen im Sinne von Nachrichten bis hin zu interessanten und aufschlussreichen Texten. All dies bereiten die DaF-Lehrer f\u00fcr Sie im Onlineunterricht auf, denn sie haben jahrelange Erfahrung auf diesem Gebiet. Nat\u00fcrlich sind unsere Deutschlehrer Muttersprachler und p\u00e4dagogisch auf dem neuesten Stand.<\/p>\n<h2>Unterschiedliche Kurstypen f\u00fcr Deutsch &#8211; Intensiv-, Abend-, Privat- und Firmenkursen<\/h2>\n<p>Wie auch im normalen Unterricht, der von Angesicht zu Angesicht stattfindet, unterscheiden wir auch bei der Internet-Version zwischen Intensiv-, Abend-, Privat- und Firmenkursen. 20 Stunden pro Woche erhalten Sie in unserem Intensivkurs. Der Abendkurs betr\u00e4gt normalerweise zwei Unterrichtseinheiten w\u00f6chentlich. Bei den Privat- und Firmenkursformen k\u00f6nnen Sie die Anzahl sowie die Uhrzeiten Ihrer Unterrichtsstunden nach Ihren W\u00fcnschen gestalten.<\/p>\n<h2>Online Deutsch lernen &#8211; Kosten sowie Unterrichtstermine<\/h2>\n<p>Alle Unterrichtsstunde dauern 45 Minuten.<\/p>\n<h2>Sonderpreis \u2013 Online Deutschkurs Hamburg<\/h2>\n<p>4 Wochen Deutschkurs f\u00fcr 319 Euro.<\/p>\n<p><strong>Wann:<\/strong> Montag bis Donnerstag von 9:00 bis 12:00 Uhr<\/p>\n<p><strong>Kursbeginn mit Vorkenntnissen:<\/strong> jederzeit m\u00f6glich<\/p>\n<p><strong>Starttermine:<\/strong> am ersten Monat im Monat<\/p>\n<h2>Online Deutsch-Intensivkurs<\/h2>\n<p><strong>Wann:<\/strong> von Montag bis Freitag \/ 09:00 Uhr bis12:00 Uhr<\/p>\n<p><strong>Starttermin:<\/strong> am ersten Montag im Monat<\/p>\n<p>Alle Lernstufen von den Nichtswissern in der A1 bis zu den Alleswissern in der C2.<\/p>\n<p><strong>Preise:<\/strong><\/p>\n<p>Eine Woche kostet 199 Euro.<\/p>\n<p>Zwei Wochen kosten 349 Euro.<\/p>\n<p>Drei Wochen kosten 411 Euro.<\/p>\n<p>Vier Wochen kosten 499 Euro.<\/p>\n<a href=\"https:\/\/www.sprachschule-aktiv.com\/online-sprachkurse\/anmeldung-sprachschule\/\"><img decoding=\"async\" class=\"alignnone wp-image-376 size-full\" src=\"https:\/\/www.sprachschule-aktiv.com\/wp-content\/uploads\/2021\/03\/jetzt-sprachkurs-buchen.png\" alt=\"Anmeldung Sprachkurs\" width=\"239\" height=\"62\" \/><\/a>\n<h2>Online Deutsch Abendkurse<\/h2>\n<p><strong>Kursdauer:<\/strong> 12 Wochen \/ 90 Minuten w\u00f6chentlich<\/p>\n<p>Alle Niveaus f\u00fcr Anf\u00e4nger oder Fortgeschrittene (A1 bis C2)<\/p>\n<p><strong>Preis:<\/strong> 279.- EUR<\/p>\n<p><strong>Beginn:<\/strong> am ersten Montag im Monat<\/p>\n<p><strong>Termine:<\/strong> Jeden Montag von 19:00 bis 20:30 Uhr<\/p>\n<a href=\"https:\/\/www.sprachschule-aktiv.com\/online-sprachkurse\/anmeldung-sprachschule\/\"><img decoding=\"async\" class=\"alignnone wp-image-376 size-full\" src=\"https:\/\/www.sprachschule-aktiv.com\/wp-content\/uploads\/2021\/03\/jetzt-sprachkurs-buchen.png\" alt=\"Anmeldung Sprachkurs\" width=\"239\" height=\"62\" \/><\/a>\n<h2>Online Deutsch Einzelunterricht<\/h2>\n<p><strong>Beginn und Termine:<\/strong> jederzeit nach Vereinbarung m\u00f6glich!<\/p>\n<p><strong>Preise:<\/strong><\/p>\n<p>Bei 1 bis 19 Unterrichtsstunden 42 EUR pro Stunde<\/p>\n<p>Ab20 bis 29 Unterrichtsstunden verringert sich der Preis auf 40 EUR pro Stunde<\/p>\n<p>Ab 30 und mehr Unterrichtsstunden nur noch 38 EUR pro Stunde<\/p>\n<p>Zwei extra Teilnehmer k\u00f6nnen gratis \u201emitlernen\u201c!<\/p>\n<a href=\"https:\/\/www.sprachschule-aktiv.com\/online-sprachkurse\/anmeldung-sprachschule\/\"><img decoding=\"async\" class=\"alignnone wp-image-376 size-full\" src=\"https:\/\/www.sprachschule-aktiv.com\/wp-content\/uploads\/2021\/03\/jetzt-sprachkurs-buchen.png\" alt=\"Anmeldung Sprachkurs\" width=\"239\" height=\"62\" \/><\/a>\n<h2>Online Deutsch Firmenunterricht<\/h2>\n<p>Kursbeginn und Termine werden auf Wunsch vereinbart.<\/p>\n<p><strong>Preise f\u00fcr 1 bis 10 Teilnehmer:<\/strong><\/p>\n<ul>\n<li>Bis 29 Unterrichtsstunden kostet eine Stunde 49 Euro<\/li>\n<li>Ab 30 Stunden kostet die Unterrichtsstunde nur noch 45 Euro<\/li>\n<\/ul>\n<a href=\"https:\/\/www.sprachschule-aktiv.com\/online-sprachkurse\/anmeldung-sprachschule\/\"><img decoding=\"async\" class=\"alignnone wp-image-376 size-full\" src=\"https:\/\/www.sprachschule-aktiv.com\/wp-content\/uploads\/2021\/03\/jetzt-sprachkurs-buchen.png\" alt=\"Anmeldung Sprachkurs\" width=\"239\" height=\"62\" \/><\/a>\n","protected":false},"excerpt":{"rendered":"<p>Online Deutschkurs in Hamburg f\u00fcr alle Niveaus von A1 bis C2. Kostenlose Probestunde und Einstufung jetzt vereinbaren! Sie m\u00f6chten sich die Anfahrt zum Sprachinstitut sparen und stattdessen lieber zu Hause in Ihrem bequemsten Sessel, an Ihrem Arbeitsplatz oder vielleicht sogar am Strand Ihres Ferienortes Deutsch lernen? Mit dem Deutsch Onlineunterricht unserer Sprachschule Aktiv in Hamburg&hellip; <a class=\"read-more\" href=\"https:\/\/www.sprachschule-aktiv.com\/online-sprachkurse\/online-deutschkurs-in-hamburg\/\" title=\"Read Online Deutschkurs in Hamburg von A1 bis C2 &#8211; kostenlose Probestunde\">Read more &raquo;<\/a><\/p>\n","protected":false},"author":1,"featured_media":0,"parent":0,"menu_order":0,"comment_status":"closed","ping_status":"closed","template":"","meta":{"footnotes":""},"class_list":["post-508","page","type-page","status-publish","hentry"],"yoast_head":"<!-- This site is optimized with the Yoast SEO plugin v27.1.1 - https:\/\/yoast.com\/product\/yoast-seo-wordpress\/ -->\n<title>Online Deutschkurse von A1 bis C2 - Sprachschule Aktiv Hamburg<\/title>\n<meta name=\"description\" content=\"Online Deutsch lernen von A1 bis C2 in Intensiv-, Abend-, Privat- und Firmenkursen mit gratis Probestunde &amp; Einstufungstest.\" \/>\n<meta name=\"robots\" content=\"index, follow, max-snippet:-1, max-image-preview:large, max-video-preview:-1\" \/>\n<link rel=\"canonical\" href=\"https:\/\/www.sprachschule-aktiv.com\/online-sprachkurse\/online-deutschkurs-in-hamburg\/\" \/>\n<meta property=\"og:locale\" content=\"de_DE\" \/>\n<meta property=\"og:type\" content=\"article\" \/>\n<meta property=\"og:title\" content=\"Online Deutschkurse von A1 bis C2 - Sprachschule Aktiv Hamburg\" \/>\n<meta property=\"og:description\" content=\"Online Deutsch lernen von A1 bis C2 in Intensiv-, Abend-, Privat- und Firmenkursen mit gratis Probestunde &amp; Einstufungstest.\" \/>\n<meta property=\"og:url\" content=\"https:\/\/www.sprachschule-aktiv.com\/online-sprachkurse\/online-deutschkurs-in-hamburg\/\" \/>\n<meta property=\"og:site_name\" content=\"Online Sprachkurse\" \/>\n<meta property=\"og:image\" content=\"https:\/\/www.sprachschule-aktiv.com\/wp-content\/uploads\/2021\/07\/online-deutschkurs-hamburg-300x200.jpg\" \/>\n<meta name=\"twitter:card\" content=\"summary_large_image\" \/>\n<meta name=\"twitter:label1\" content=\"Gesch\u00e4tzte Lesezeit\" \/>\n\t<meta name=\"twitter:data1\" content=\"4\u00a0Minuten\" \/>\n<script type=\"application\/ld+json\" class=\"yoast-schema-graph\">{\"@context\":\"https:\/\/schema.org\",\"@graph\":[{\"@type\":\"WebPage\",\"@id\":\"https:\/\/www.sprachschule-aktiv.com\/online-sprachkurse\/online-deutschkurs-in-hamburg\/\",\"url\":\"https:\/\/www.sprachschule-aktiv.com\/online-sprachkurse\/online-deutschkurs-in-hamburg\/\",\"name\":\"Online Deutschkurse von A1 bis C2 - Sprachschule Aktiv Hamburg\",\"isPartOf\":{\"@id\":\"https:\/\/www.sprachschule-aktiv.com\/online-sprachkurse\/#website\"},\"primaryImageOfPage\":{\"@id\":\"https:\/\/www.sprachschule-aktiv.com\/online-sprachkurse\/online-deutschkurs-in-hamburg\/#primaryimage\"},\"image\":{\"@id\":\"https:\/\/www.sprachschule-aktiv.com\/online-sprachkurse\/online-deutschkurs-in-hamburg\/#primaryimage\"},\"thumbnailUrl\":\"https:\/\/www.sprachschule-aktiv.com\/wp-content\/uploads\/2021\/07\/online-deutschkurs-hamburg-300x200.jpg\",\"datePublished\":\"2021-07-03T04:17:21+00:00\",\"description\":\"Online Deutsch lernen von A1 bis C2 in Intensiv-, Abend-, Privat- und Firmenkursen mit gratis Probestunde & Einstufungstest.\",\"breadcrumb\":{\"@id\":\"https:\/\/www.sprachschule-aktiv.com\/online-sprachkurse\/online-deutschkurs-in-hamburg\/#breadcrumb\"},\"inLanguage\":\"de\",\"potentialAction\":[{\"@type\":\"ReadAction\",\"target\":[\"https:\/\/www.sprachschule-aktiv.com\/online-sprachkurse\/online-deutschkurs-in-hamburg\/\"]}]},{\"@type\":\"ImageObject\",\"inLanguage\":\"de\",\"@id\":\"https:\/\/www.sprachschule-aktiv.com\/online-sprachkurse\/online-deutschkurs-in-hamburg\/#primaryimage\",\"url\":\"https:\/\/www.sprachschule-aktiv.com\/wp-content\/uploads\/2021\/07\/online-deutschkurs-hamburg-300x200.jpg\",\"contentUrl\":\"https:\/\/www.sprachschule-aktiv.com\/wp-content\/uploads\/2021\/07\/online-deutschkurs-hamburg-300x200.jpg\"},{\"@type\":\"BreadcrumbList\",\"@id\":\"https:\/\/www.sprachschule-aktiv.com\/online-sprachkurse\/online-deutschkurs-in-hamburg\/#breadcrumb\",\"itemListElement\":[{\"@type\":\"ListItem\",\"position\":1,\"name\":\"Startseite\",\"item\":\"https:\/\/www.sprachschule-aktiv.com\/online-sprachkurse\/\"},{\"@type\":\"ListItem\",\"position\":2,\"name\":\"Online Deutschkurs in Hamburg von A1 bis C2 &#8211; kostenlose Probestunde\"}]},{\"@type\":\"WebSite\",\"@id\":\"https:\/\/www.sprachschule-aktiv.com\/online-sprachkurse\/#website\",\"url\":\"https:\/\/www.sprachschule-aktiv.com\/online-sprachkurse\/\",\"name\":\"Online Sprachkurse\",\"description\":\"\",\"potentialAction\":[{\"@type\":\"SearchAction\",\"target\":{\"@type\":\"EntryPoint\",\"urlTemplate\":\"https:\/\/www.sprachschule-aktiv.com\/online-sprachkurse\/?s={search_term_string}\"},\"query-input\":{\"@type\":\"PropertyValueSpecification\",\"valueRequired\":true,\"valueName\":\"search_term_string\"}}],\"inLanguage\":\"de\"}]}<\/script>\n<!-- \/ Yoast SEO plugin. -->","yoast_head_json":{"title":"Online Deutschkurse von A1 bis C2 - Sprachschule Aktiv Hamburg","description":"Online Deutsch lernen von A1 bis C2 in Intensiv-, Abend-, Privat- und Firmenkursen mit gratis Probestunde & Einstufungstest.","robots":{"index":"index","follow":"follow","max-snippet":"max-snippet:-1","max-image-preview":"max-image-preview:large","max-video-preview":"max-video-preview:-1"},"canonical":"https:\/\/www.sprachschule-aktiv.com\/online-sprachkurse\/online-deutschkurs-in-hamburg\/","og_locale":"de_DE","og_type":"article","og_title":"Online Deutschkurse von A1 bis C2 - Sprachschule Aktiv Hamburg","og_description":"Online Deutsch lernen von A1 bis C2 in Intensiv-, Abend-, Privat- und Firmenkursen mit gratis Probestunde & Einstufungstest.","og_url":"https:\/\/www.sprachschule-aktiv.com\/online-sprachkurse\/online-deutschkurs-in-hamburg\/","og_site_name":"Online Sprachkurse","og_image":[{"url":"https:\/\/www.sprachschule-aktiv.com\/wp-content\/uploads\/2021\/07\/online-deutschkurs-hamburg-300x200.jpg","type":"","width":"","height":""}],"twitter_card":"summary_large_image","twitter_misc":{"Gesch\u00e4tzte Lesezeit":"4\u00a0Minuten"},"schema":{"@context":"https:\/\/schema.org","@graph":[{"@type":"WebPage","@id":"https:\/\/www.sprachschule-aktiv.com\/online-sprachkurse\/online-deutschkurs-in-hamburg\/","url":"https:\/\/www.sprachschule-aktiv.com\/online-sprachkurse\/online-deutschkurs-in-hamburg\/","name":"Online Deutschkurse von A1 bis C2 - Sprachschule Aktiv Hamburg","isPartOf":{"@id":"https:\/\/www.sprachschule-aktiv.com\/online-sprachkurse\/#website"},"primaryImageOfPage":{"@id":"https:\/\/www.sprachschule-aktiv.com\/online-sprachkurse\/online-deutschkurs-in-hamburg\/#primaryimage"},"image":{"@id":"https:\/\/www.sprachschule-aktiv.com\/online-sprachkurse\/online-deutschkurs-in-hamburg\/#primaryimage"},"thumbnailUrl":"https:\/\/www.sprachschule-aktiv.com\/wp-content\/uploads\/2021\/07\/online-deutschkurs-hamburg-300x200.jpg","datePublished":"2021-07-03T04:17:21+00:00","description":"Online Deutsch lernen von A1 bis C2 in Intensiv-, Abend-, Privat- und Firmenkursen mit gratis Probestunde & Einstufungstest.","breadcrumb":{"@id":"https:\/\/www.sprachschule-aktiv.com\/online-sprachkurse\/online-deutschkurs-in-hamburg\/#breadcrumb"},"inLanguage":"de","potentialAction":[{"@type":"ReadAction","target":["https:\/\/www.sprachschule-aktiv.com\/online-sprachkurse\/online-deutschkurs-in-hamburg\/"]}]},{"@type":"ImageObject","inLanguage":"de","@id":"https:\/\/www.sprachschule-aktiv.com\/online-sprachkurse\/online-deutschkurs-in-hamburg\/#primaryimage","url":"https:\/\/www.sprachschule-aktiv.com\/wp-content\/uploads\/2021\/07\/online-deutschkurs-hamburg-300x200.jpg","contentUrl":"https:\/\/www.sprachschule-aktiv.com\/wp-content\/uploads\/2021\/07\/online-deutschkurs-hamburg-300x200.jpg"},{"@type":"BreadcrumbList","@id":"https:\/\/www.sprachschule-aktiv.com\/online-sprachkurse\/online-deutschkurs-in-hamburg\/#breadcrumb","itemListElement":[{"@type":"ListItem","position":1,"name":"Startseite","item":"https:\/\/www.sprachschule-aktiv.com\/online-sprachkurse\/"},{"@type":"ListItem","position":2,"name":"Online Deutschkurs in Hamburg von A1 bis C2 &#8211; kostenlose Probestunde"}]},{"@type":"WebSite","@id":"https:\/\/www.sprachschule-aktiv.com\/online-sprachkurse\/#website","url":"https:\/\/www.sprachschule-aktiv.com\/online-sprachkurse\/","name":"Online Sprachkurse","description":"","potentialAction":[{"@type":"SearchAction","target":{"@type":"EntryPoint","urlTemplate":"https:\/\/www.sprachschule-aktiv.com\/online-sprachkurse\/?s={search_term_string}"},"query-input":{"@type":"PropertyValueSpecification","valueRequired":true,"valueName":"search_term_string"}}],"inLanguage":"de"}]}},"_links":{"self":[{"href":"https:\/\/www.sprachschule-aktiv.com\/online-sprachkurse\/wp-json\/wp\/v2\/pages\/508","targetHints":{"allow":["GET"]}}],"collection":[{"href":"https:\/\/www.sprachschule-aktiv.com\/online-sprachkurse\/wp-json\/wp\/v2\/pages"}],"about":[{"href":"https:\/\/www.sprachschule-aktiv.com\/online-sprachkurse\/wp-json\/wp\/v2\/types\/page"}],"author":[{"embeddable":true,"href":"https:\/\/www.sprachschule-aktiv.com\/online-sprachkurse\/wp-json\/wp\/v2\/users\/1"}],"replies":[{"embeddable":true,"href":"https:\/\/www.sprachschule-aktiv.com\/online-sprachkurse\/wp-json\/wp\/v2\/comments?post=508"}],"version-history":[{"count":0,"href":"https:\/\/www.sprachschule-aktiv.com\/online-sprachkurse\/wp-json\/wp\/v2\/pages\/508\/revisions"}],"wp:attachment":[{"href":"https:\/\/www.sprachschule-aktiv.com\/online-sprachkurse\/wp-json\/wp\/v2\/media?parent=508"}],"curies":[{"name":"wp","href":"https:\/\/api.w.org\/{rel}","templated":true}]}}