{"id":455,"date":"2021-06-19T07:29:18","date_gmt":"2021-06-19T05:29:18","guid":{"rendered":"https:\/\/www.sprachschule-aktiv.com\/?page_id=455"},"modified":"2021-06-19T07:29:18","modified_gmt":"2021-06-19T05:29:18","slug":"deutschkurs-stuttgart-online","status":"publish","type":"page","link":"https:\/\/www.sprachschule-aktiv.com\/online-sprachkurse\/deutschkurs-stuttgart-online\/","title":{"rendered":"Deutschkurs Stuttgart Online &#8211; Online Sprachschule f\u00fcr Deutsch als Fremdsprache"},"content":{"rendered":"<p>Deutschkurs Online in Stuttgart f\u00fcr alle Sprachniveaus A1, A2 , B1, B2, C1, C2. Unsere anerkannte Online Sprachschule f\u00fcr Deutsch in Stuttgart bietet Ihnen eine gratis Probestunde und Einstufung an.<\/p>\n<a href=\"https:\/\/www.sprachschule-aktiv.com\/online-sprachkurse\/kontaktieren-sie-uns\/\"><img decoding=\"async\" class=\"alignnone wp-image-375 size-full\" src=\"https:\/\/www.sprachschule-aktiv.com\/wp-content\/uploads\/2021\/03\/anfrage-sprachkurs.png\" alt=\"Anfrage Sprachkurs\" width=\"164\" height=\"55\" \/><\/a>\n<p>Wenn Sie wirklich grundlegend und schnell in Stuttgart Deutsch lernen wollen, ist die Entscheidung f\u00fcr die Sprachschule f\u00fcr Deutsch die beste Wahl. Mit der Sprachschule f\u00fcr Deutsch k\u00f6nnen Sie aus Deutschkursen ausw\u00e4hlen, die jeweils f\u00fcr Anf\u00e4nger oder Fortgeschrittene konzipiert sind. Dabei ist auch das sehr effektive Lernen in Kleingruppen m\u00f6glich. Es ist aber neben einem Pr\u00e4senzkurs auch ein Onlinekurs belegbar. Damit ist das Deutschlernen mit der Sprachschule f\u00fcr Deutsch nat\u00fcrlich auch sehr sicher und bequem von Zuhause aus m\u00f6glich.<\/p>\n<img decoding=\"async\" class=\"alignnone size-medium wp-image-462\" src=\"https:\/\/www.sprachschule-aktiv.com\/wp-content\/uploads\/2021\/06\/deutschkurs-stuttgart-online-300x200.jpg\" alt=\"Deutschkurs Stuttgart Online\" width=\"300\" height=\"200\" \/>\n<h2>W\u00e4hlen Sie zwischen den verschiedenen Online Deutschkursen<\/h2>\n<h3>Semi-Intensivkurs f\u00fcr Deutsch als Fremdsprache &#8211; TOP ANGEBOT<\/h3>\n<p>4 Wochen t\u00e4glich f\u00fcr nur 319 EUR<br \/>\n<strong>Termine:<\/strong> Montag bis Donnerstag von 9:00 bis 12:00 Uhr<br \/>\n<strong>Startbeginn:<\/strong> am ersten Montag des Monats<\/p>\n<a href=\"https:\/\/www.sprachschule-aktiv.com\/online-sprachkurse\/anmeldung-sprachschule\/\"><img decoding=\"async\" class=\"alignnone wp-image-376 size-full\" src=\"https:\/\/www.sprachschule-aktiv.com\/wp-content\/uploads\/2021\/03\/jetzt-sprachkurs-buchen.png\" alt=\"Anmeldung Sprachkurs\" width=\"239\" height=\"62\" \/><\/a>\n<h3>Deutsch Intensivkurse Online<\/h3>\n<p><strong>Dauer:<\/strong> 4 Wochen<br \/>\n<strong>Termine:<\/strong> Montag bis Freitag von 9:00 bis 12:00 Uhr<br \/>\n<strong>Beginn:<\/strong> am ersten Montag im Monat<br \/>\n<strong>Preis f\u00fcr 4 Wochen:<\/strong> 499 \u20ac<\/p>\n<a href=\"https:\/\/www.sprachschule-aktiv.com\/online-sprachkurse\/anmeldung-sprachschule\/\"><img decoding=\"async\" class=\"alignnone wp-image-376 size-full\" src=\"https:\/\/www.sprachschule-aktiv.com\/wp-content\/uploads\/2021\/03\/jetzt-sprachkurs-buchen.png\" alt=\"Anmeldung Sprachkurs\" width=\"239\" height=\"62\" \/><\/a>\n<h3>Abendkurse Online Deutsch<\/h3>\n<p><strong>Kursdauer:<\/strong> 12 Wochenlang<br \/>\n<strong>Startbeginn:<\/strong> am ersten Montag des Monats<br \/>\n<strong>Termine:<\/strong> jeden Dienstag von 19:00 bis 20:30 Uhr<br \/>\n<strong>Preis:<\/strong> 279 \u20ac<br \/>\n<strong>Sprachniveaus:<\/strong> von A1 bis C2<\/p>\n<a href=\"https:\/\/www.sprachschule-aktiv.com\/online-sprachkurse\/anmeldung-sprachschule\/\"><img decoding=\"async\" class=\"alignnone wp-image-376 size-full\" src=\"https:\/\/www.sprachschule-aktiv.com\/wp-content\/uploads\/2021\/03\/jetzt-sprachkurs-buchen.png\" alt=\"Anmeldung Sprachkurs\" width=\"239\" height=\"62\" \/><\/a>\n<h3>telc Online-Pr\u00fcfungsvorbereitungskurse<\/h3>\n<p><strong>Kursdauer:<\/strong> 4 Wochen<br \/>\nTermine: Montag bis Freitag von 9:00 bis 12:00 Uhr<br \/>\n<strong>Wann beginnen die Kurse?<\/strong><br \/>\nAm ersten Montag im Monat<br \/>\n<strong>Preis:<\/strong> 499 \u20ac<\/p>\n<a href=\"https:\/\/www.sprachschule-aktiv.com\/online-sprachkurse\/anmeldung-sprachschule\/\"><img decoding=\"async\" class=\"alignnone wp-image-376 size-full\" src=\"https:\/\/www.sprachschule-aktiv.com\/wp-content\/uploads\/2021\/03\/jetzt-sprachkurs-buchen.png\" alt=\"Anmeldung Sprachkurs\" width=\"239\" height=\"62\" \/><\/a>\n<h3>Deutsch Online Privatkurse<\/h3>\n<p><strong>Kosten:<\/strong><br \/>\nAb 1 bis 19 Unterrichtsstunden kostet eine Unterrichtsstunde 42 Euro.<br \/>\nAb 20 bis 30 Stunden kostet die Stunde 40 Euro.<br \/>\nAb 30 Unterrichtsstunden zahlen Sie pro Stunde nur 38 Euro.<\/p>\n<a href=\"https:\/\/www.sprachschule-aktiv.com\/online-sprachkurse\/anmeldung-sprachschule\/\"><img decoding=\"async\" class=\"alignnone wp-image-376 size-full\" src=\"https:\/\/www.sprachschule-aktiv.com\/wp-content\/uploads\/2021\/03\/jetzt-sprachkurs-buchen.png\" alt=\"Anmeldung Sprachkurs\" width=\"239\" height=\"62\" \/><\/a>\n<h2>Kostenfreie Probestunde<\/h2>\n<p>Sie haben auch kein Risiko, wenn Sie die Pr\u00e4senz- oder Onlinekurse mit der Sprachschule f\u00fcr Deutsch buchen. Sie k\u00f6nnen zun\u00e4chst selbstverst\u00e4ndlich eine kostenfreie Probestunde absolvieren und sehen dann, ob diese Art des Deutsch Lernen mit der Sprachschule f\u00fcr Deutsch etwas f\u00fcr Sie ist. Das Kursangebot der Sprachschule f\u00fcr Deutsch umfasst sowohl Intensivkurse wie auch den Privatunterricht oder einen Abendkurs. Die Sprachschule f\u00fcr Deutsch ist staatlich anerkannt und ist zentral in Stuttgart gelegen, sodass Sie auch beim Pr\u00e4senzunterricht sehr gut vom Verkehr und mit Bus oder Auto aus zur Sprachschule f\u00fcr Deutsch gelangen k\u00f6nnen. Es ist in der Sprachschule f\u00fcr Deutsch m\u00f6glich, das stattliche Pr\u00fcfniveau f\u00fcr jeden Bedarf zu erreichen. Es sind Pr\u00fcfungen und Zertifikate von Level A1-C2 zu erlangen. Mit einem Sprachkurs der deutschen Sprache in der Sprachschule f\u00fcr Deutsch in Stuttgart k\u00f6nnen Sie die Deutschkenntnisse erreichen, die Sie f\u00fcr den Beruf, das Studium oder die kulturelle und sprachliche Verst\u00e4ndigung in Deutschland ben\u00f6tigen. Der Unterricht in der Sprachschule f\u00fcr Deutsch in Stuttgart wird dabei von qualifizierten Deutschlehrern durchgef\u00fchrt. So haben Sie die Garantie, dass Sie Deutsch von Anfang an und schnell korrekt lernen k\u00f6nnen.<\/p>\n<h2>Lehrer f\u00fcr Deutsch ausschlie\u00dflich Muttersprachler<\/h2>\n<p>Wenn Sie korrekt und effektiv Deutsch in Stuttgart lernen wollen, ist es sehr wichtig, dass auch die Deutschlehrer nur bestens qualifizierte Dozenten sind. Das garantieren wir f\u00fcr Sie dadurch, dass nur Muttersprachler bei uns Ihre Deutschkurse unterrichten. So haben Sie die Garantie, dass Sie von Anfang an den Deutschunterricht durch Experten vermittelt bekommen. Unsere Lehrer k\u00f6nnen Ihnen als Muttersprachler dabei helfen, dass Sue akzentfrei Deutschland lernen und die Sprache flie\u00dfend beherrschen. So k\u00f6nnen Sie auch entspannt die staatlichen Pr\u00fcfungen bestehen. Das sorgt f\u00fcr einen optimalen Lernerfolg.<\/p>\n<h2>Ohne Risiko &#8211; Einstufungstest<\/h2>\n<p>Sie k\u00f6nnen vorab auch durch die Sprachschule f\u00fcr Deutsch in Stuttgart einen gratis <a href=\"https:\/\/www.sprachschule-aktiv.com\/einstufungstest-online\/\">Einstufungstest<\/a> machen lassen. So erfahren Sie genau, welchen Wissensstand Sie haben und welcher Deutschkurs f\u00fcr Sie der richtige ist. Au\u00dferdem k\u00f6nnen Sie in der Probestunde auch unverbindlich die Art des Unterrichts kennenlernen und sich von der Qualit\u00e4t der Lehre \u00fcberzeugen. Sie k\u00f6nnen auch einen ersten Kontakt zu Ihrem pers\u00f6nlichen Lehrer f\u00fcr Deutsch aufbauen. Wenn Ihnen die Art des Unterrichts oder der Lehre nicht zusagt, k\u00f6nnen Sie ohne Risiko den Kurs stornieren und bekommen Ihr Geld zur\u00fcck. Durch unser breites Angebot an Kursvarianten k\u00f6nnen Sie selbst entscheiden, wie Sie Deutsch bei uns in der Sprachschule f\u00fcr Deutsch in Stuttgart lernen wollen. Sie k\u00f6nnen sich f\u00fcr Unterricht in Kleingruppen entscheiden oder w\u00e4hlen den intensiven Einzelunterricht, genauso k\u00f6nnen Sie sich f\u00fcr Pr\u00e4senzunterricht oder f\u00fcr flexible Onlinekurse entscheiden.<\/p>\n","protected":false},"excerpt":{"rendered":"<p>Deutschkurs Online in Stuttgart f\u00fcr alle Sprachniveaus A1, A2 , B1, B2, C1, C2. Unsere anerkannte Online Sprachschule f\u00fcr Deutsch in Stuttgart bietet Ihnen eine gratis Probestunde und Einstufung an. Wenn Sie wirklich grundlegend und schnell in Stuttgart Deutsch lernen wollen, ist die Entscheidung f\u00fcr die Sprachschule f\u00fcr Deutsch die beste Wahl. Mit der Sprachschule&hellip; <a class=\"read-more\" href=\"https:\/\/www.sprachschule-aktiv.com\/online-sprachkurse\/deutschkurs-stuttgart-online\/\" title=\"Read Deutschkurs Stuttgart Online &#8211; Online Sprachschule f\u00fcr Deutsch als Fremdsprache\">Read more &raquo;<\/a><\/p>\n","protected":false},"author":1,"featured_media":0,"parent":0,"menu_order":0,"comment_status":"closed","ping_status":"closed","template":"","meta":{"footnotes":""},"class_list":["post-455","page","type-page","status-publish","hentry"],"yoast_head":"<!-- This site is optimized with the Yoast SEO plugin v27.1.1 - https:\/\/yoast.com\/product\/yoast-seo-wordpress\/ -->\n<title>Deutschkurs Stuttgart Online - Online Sprachschule f\u00fcr Deutsch<\/title>\n<meta name=\"description\" content=\"Online Deutschkurse in Stuttgart mit Sprachzertifikat. Deutschkurs Online von A1 bis C2. Jetzt Gratis Probestunden vereinbaren!\" \/>\n<meta name=\"robots\" content=\"index, follow, max-snippet:-1, max-image-preview:large, max-video-preview:-1\" \/>\n<link rel=\"canonical\" href=\"https:\/\/www.sprachschule-aktiv.com\/online-sprachkurse\/deutschkurs-stuttgart-online\/\" \/>\n<meta property=\"og:locale\" content=\"de_DE\" \/>\n<meta property=\"og:type\" content=\"article\" \/>\n<meta property=\"og:title\" content=\"Deutschkurs Stuttgart Online - Online Sprachschule f\u00fcr Deutsch\" \/>\n<meta property=\"og:description\" content=\"Online Deutschkurse in Stuttgart mit Sprachzertifikat. Deutschkurs Online von A1 bis C2. Jetzt Gratis Probestunden vereinbaren!\" \/>\n<meta property=\"og:url\" content=\"https:\/\/www.sprachschule-aktiv.com\/online-sprachkurse\/deutschkurs-stuttgart-online\/\" \/>\n<meta property=\"og:site_name\" content=\"Online Sprachkurse\" \/>\n<meta property=\"og:image\" content=\"https:\/\/www.sprachschule-aktiv.com\/wp-content\/uploads\/2021\/03\/anfrage-sprachkurs.png\" \/>\n<meta name=\"twitter:card\" content=\"summary_large_image\" \/>\n<meta name=\"twitter:label1\" content=\"Gesch\u00e4tzte Lesezeit\" \/>\n\t<meta name=\"twitter:data1\" content=\"5\u00a0Minuten\" \/>\n<script type=\"application\/ld+json\" class=\"yoast-schema-graph\">{\"@context\":\"https:\/\/schema.org\",\"@graph\":[{\"@type\":\"WebPage\",\"@id\":\"https:\/\/www.sprachschule-aktiv.com\/online-sprachkurse\/deutschkurs-stuttgart-online\/\",\"url\":\"https:\/\/www.sprachschule-aktiv.com\/online-sprachkurse\/deutschkurs-stuttgart-online\/\",\"name\":\"Deutschkurs Stuttgart Online - Online Sprachschule f\u00fcr Deutsch\",\"isPartOf\":{\"@id\":\"https:\/\/www.sprachschule-aktiv.com\/online-sprachkurse\/#website\"},\"primaryImageOfPage\":{\"@id\":\"https:\/\/www.sprachschule-aktiv.com\/online-sprachkurse\/deutschkurs-stuttgart-online\/#primaryimage\"},\"image\":{\"@id\":\"https:\/\/www.sprachschule-aktiv.com\/online-sprachkurse\/deutschkurs-stuttgart-online\/#primaryimage\"},\"thumbnailUrl\":\"https:\/\/www.sprachschule-aktiv.com\/wp-content\/uploads\/2021\/03\/anfrage-sprachkurs.png\",\"datePublished\":\"2021-06-19T05:29:18+00:00\",\"description\":\"Online Deutschkurse in Stuttgart mit Sprachzertifikat. Deutschkurs Online von A1 bis C2. Jetzt Gratis Probestunden vereinbaren!\",\"breadcrumb\":{\"@id\":\"https:\/\/www.sprachschule-aktiv.com\/online-sprachkurse\/deutschkurs-stuttgart-online\/#breadcrumb\"},\"inLanguage\":\"de\",\"potentialAction\":[{\"@type\":\"ReadAction\",\"target\":[\"https:\/\/www.sprachschule-aktiv.com\/online-sprachkurse\/deutschkurs-stuttgart-online\/\"]}]},{\"@type\":\"ImageObject\",\"inLanguage\":\"de\",\"@id\":\"https:\/\/www.sprachschule-aktiv.com\/online-sprachkurse\/deutschkurs-stuttgart-online\/#primaryimage\",\"url\":\"https:\/\/www.sprachschule-aktiv.com\/wp-content\/uploads\/2021\/03\/anfrage-sprachkurs.png\",\"contentUrl\":\"https:\/\/www.sprachschule-aktiv.com\/wp-content\/uploads\/2021\/03\/anfrage-sprachkurs.png\"},{\"@type\":\"BreadcrumbList\",\"@id\":\"https:\/\/www.sprachschule-aktiv.com\/online-sprachkurse\/deutschkurs-stuttgart-online\/#breadcrumb\",\"itemListElement\":[{\"@type\":\"ListItem\",\"position\":1,\"name\":\"Startseite\",\"item\":\"https:\/\/www.sprachschule-aktiv.com\/online-sprachkurse\/\"},{\"@type\":\"ListItem\",\"position\":2,\"name\":\"Deutschkurs Stuttgart Online &#8211; Online Sprachschule f\u00fcr Deutsch als Fremdsprache\"}]},{\"@type\":\"WebSite\",\"@id\":\"https:\/\/www.sprachschule-aktiv.com\/online-sprachkurse\/#website\",\"url\":\"https:\/\/www.sprachschule-aktiv.com\/online-sprachkurse\/\",\"name\":\"Online Sprachkurse\",\"description\":\"\",\"potentialAction\":[{\"@type\":\"SearchAction\",\"target\":{\"@type\":\"EntryPoint\",\"urlTemplate\":\"https:\/\/www.sprachschule-aktiv.com\/online-sprachkurse\/?s={search_term_string}\"},\"query-input\":{\"@type\":\"PropertyValueSpecification\",\"valueRequired\":true,\"valueName\":\"search_term_string\"}}],\"inLanguage\":\"de\"}]}<\/script>\n<!-- \/ Yoast SEO plugin. -->","yoast_head_json":{"title":"Deutschkurs Stuttgart Online - Online Sprachschule f\u00fcr Deutsch","description":"Online Deutschkurse in Stuttgart mit Sprachzertifikat. Deutschkurs Online von A1 bis C2. Jetzt Gratis Probestunden vereinbaren!","robots":{"index":"index","follow":"follow","max-snippet":"max-snippet:-1","max-image-preview":"max-image-preview:large","max-video-preview":"max-video-preview:-1"},"canonical":"https:\/\/www.sprachschule-aktiv.com\/online-sprachkurse\/deutschkurs-stuttgart-online\/","og_locale":"de_DE","og_type":"article","og_title":"Deutschkurs Stuttgart Online - Online Sprachschule f\u00fcr Deutsch","og_description":"Online Deutschkurse in Stuttgart mit Sprachzertifikat. Deutschkurs Online von A1 bis C2. Jetzt Gratis Probestunden vereinbaren!","og_url":"https:\/\/www.sprachschule-aktiv.com\/online-sprachkurse\/deutschkurs-stuttgart-online\/","og_site_name":"Online Sprachkurse","og_image":[{"url":"https:\/\/www.sprachschule-aktiv.com\/wp-content\/uploads\/2021\/03\/anfrage-sprachkurs.png","type":"","width":"","height":""}],"twitter_card":"summary_large_image","twitter_misc":{"Gesch\u00e4tzte Lesezeit":"5\u00a0Minuten"},"schema":{"@context":"https:\/\/schema.org","@graph":[{"@type":"WebPage","@id":"https:\/\/www.sprachschule-aktiv.com\/online-sprachkurse\/deutschkurs-stuttgart-online\/","url":"https:\/\/www.sprachschule-aktiv.com\/online-sprachkurse\/deutschkurs-stuttgart-online\/","name":"Deutschkurs Stuttgart Online - Online Sprachschule f\u00fcr Deutsch","isPartOf":{"@id":"https:\/\/www.sprachschule-aktiv.com\/online-sprachkurse\/#website"},"primaryImageOfPage":{"@id":"https:\/\/www.sprachschule-aktiv.com\/online-sprachkurse\/deutschkurs-stuttgart-online\/#primaryimage"},"image":{"@id":"https:\/\/www.sprachschule-aktiv.com\/online-sprachkurse\/deutschkurs-stuttgart-online\/#primaryimage"},"thumbnailUrl":"https:\/\/www.sprachschule-aktiv.com\/wp-content\/uploads\/2021\/03\/anfrage-sprachkurs.png","datePublished":"2021-06-19T05:29:18+00:00","description":"Online Deutschkurse in Stuttgart mit Sprachzertifikat. Deutschkurs Online von A1 bis C2. Jetzt Gratis Probestunden vereinbaren!","breadcrumb":{"@id":"https:\/\/www.sprachschule-aktiv.com\/online-sprachkurse\/deutschkurs-stuttgart-online\/#breadcrumb"},"inLanguage":"de","potentialAction":[{"@type":"ReadAction","target":["https:\/\/www.sprachschule-aktiv.com\/online-sprachkurse\/deutschkurs-stuttgart-online\/"]}]},{"@type":"ImageObject","inLanguage":"de","@id":"https:\/\/www.sprachschule-aktiv.com\/online-sprachkurse\/deutschkurs-stuttgart-online\/#primaryimage","url":"https:\/\/www.sprachschule-aktiv.com\/wp-content\/uploads\/2021\/03\/anfrage-sprachkurs.png","contentUrl":"https:\/\/www.sprachschule-aktiv.com\/wp-content\/uploads\/2021\/03\/anfrage-sprachkurs.png"},{"@type":"BreadcrumbList","@id":"https:\/\/www.sprachschule-aktiv.com\/online-sprachkurse\/deutschkurs-stuttgart-online\/#breadcrumb","itemListElement":[{"@type":"ListItem","position":1,"name":"Startseite","item":"https:\/\/www.sprachschule-aktiv.com\/online-sprachkurse\/"},{"@type":"ListItem","position":2,"name":"Deutschkurs Stuttgart Online &#8211; Online Sprachschule f\u00fcr Deutsch als Fremdsprache"}]},{"@type":"WebSite","@id":"https:\/\/www.sprachschule-aktiv.com\/online-sprachkurse\/#website","url":"https:\/\/www.sprachschule-aktiv.com\/online-sprachkurse\/","name":"Online Sprachkurse","description":"","potentialAction":[{"@type":"SearchAction","target":{"@type":"EntryPoint","urlTemplate":"https:\/\/www.sprachschule-aktiv.com\/online-sprachkurse\/?s={search_term_string}"},"query-input":{"@type":"PropertyValueSpecification","valueRequired":true,"valueName":"search_term_string"}}],"inLanguage":"de"}]}},"_links":{"self":[{"href":"https:\/\/www.sprachschule-aktiv.com\/online-sprachkurse\/wp-json\/wp\/v2\/pages\/455","targetHints":{"allow":["GET"]}}],"collection":[{"href":"https:\/\/www.sprachschule-aktiv.com\/online-sprachkurse\/wp-json\/wp\/v2\/pages"}],"about":[{"href":"https:\/\/www.sprachschule-aktiv.com\/online-sprachkurse\/wp-json\/wp\/v2\/types\/page"}],"author":[{"embeddable":true,"href":"https:\/\/www.sprachschule-aktiv.com\/online-sprachkurse\/wp-json\/wp\/v2\/users\/1"}],"replies":[{"embeddable":true,"href":"https:\/\/www.sprachschule-aktiv.com\/online-sprachkurse\/wp-json\/wp\/v2\/comments?post=455"}],"version-history":[{"count":0,"href":"https:\/\/www.sprachschule-aktiv.com\/online-sprachkurse\/wp-json\/wp\/v2\/pages\/455\/revisions"}],"wp:attachment":[{"href":"https:\/\/www.sprachschule-aktiv.com\/online-sprachkurse\/wp-json\/wp\/v2\/media?parent=455"}],"curies":[{"name":"wp","href":"https:\/\/api.w.org\/{rel}","templated":true}]}}