{"id":451,"date":"2021-06-18T09:34:40","date_gmt":"2021-06-18T07:34:40","guid":{"rendered":"https:\/\/www.sprachschule-aktiv.com\/?page_id=451"},"modified":"2021-06-18T09:34:40","modified_gmt":"2021-06-18T07:34:40","slug":"online-deutschkurs-dresden","status":"publish","type":"page","link":"https:\/\/www.sprachschule-aktiv.com\/online-sprachkurse\/online-deutschkurs-dresden\/","title":{"rendered":"Online Deutschkurs in Dresden \u2013 Deutsch online lernen in Intensiv-, Abend- und Privatkursen"},"content":{"rendered":"<p>Online Deutschkurs in Dresden mit gratis Schnupperstunde! Jetzt Deutsch online lernen in Intensiv-, Abend- und Privatkursen mit kostenloser Einstufung!<\/p>\n<a href=\"https:\/\/www.sprachschule-aktiv.com\/online-sprachkurse\/kontaktieren-sie-uns\/\"><img decoding=\"async\" class=\"alignnone wp-image-375 size-full\" src=\"https:\/\/www.sprachschule-aktiv.com\/wp-content\/uploads\/2021\/03\/anfrage-sprachkurs.png\" alt=\"Anfrage Sprachkurs\" width=\"164\" height=\"55\" \/><\/a>\n<p>Deutsch lernen in Intensiv-, Abend- und Privatkursen in Dresden! \u00a0Die Sprachschule Aktiv bietet verschiedene Sprachkursmodelle f\u00fcr Anf\u00e4nger und fortgeschrittene Lerner auf allen Sprachniveaus an. Die Kurse werden von muttersprachlichen und qualifizierten Lehrkr\u00e4ften geleitet, der Unterricht findet in kleinen Gruppen statt. Zu unserem Angebot an Deutschkursen z\u00e4hlen auch immer ein kostenloser Einstufungstest sowie eine Probestunde.<\/p>\n<img decoding=\"async\" class=\"alignnone size-medium wp-image-452\" src=\"https:\/\/www.sprachschule-aktiv.com\/wp-content\/uploads\/2021\/06\/deutschkurs-online-dresden-300x200.jpg\" alt=\"Online Deutschkurs Dresden\" width=\"300\" height=\"200\" \/>\n<h2>Deutschkurse auf allen Niveaustufen inklusive Einstufungstest<\/h2>\n<p>Alle Kursmodelle k\u00f6nnen auf jeder Niveaustufe von A1 bis C2 besucht werden. Die Einteilung der Kurse orientiert sich an den Vorgaben des Gemeinsamen Europ\u00e4ischen Referenzrahmens f\u00fcr Sprachen (GER). Laut diesem ist die Niveaustufe A (A1 und A2) f\u00fcr Anf\u00e4nger geeignet. Lernern mit Vorkenntnissen werden Kurse auf dem Sprachniveau B (B1 und B2) empfohlen. Verf\u00fcgen Sie \u00fcber sehr fortgeschrittene Sprachkenntnisse, sollten Sie sich f\u00fcr einen Kurs auf C-Niveau entscheiden. Mit dieser Anlehnung an den GER sichern wir die hohe Qualit\u00e4t unserer Deutschkurse und erm\u00f6glichen Ihnen einen kontinuierlichen Lernprozess, da jeder Kurs nahtlos an den vorhergehenden anschlie\u00dft.<\/p>\n<p>Falls Sie Hilfe bei der Einstufung Ihrer aktuellen Sprachkenntnisse ben\u00f6tigen sollten, steht Ihnen unser kostenloser Einstufungstest zur Verf\u00fcgung. Diesen finden Sie online auf unserer Webseite oder Sie kommen in unserem B\u00fcro in Dresden vorbei.<\/p>\n<h2>Unterricht in kleinen Gruppen<\/h2>\n<p>Um zu gew\u00e4hrleisten, dass sich jeder Teilnehmer aktiv am Unterricht beteiligen kann und so effektiv Nutzen aus dem Kurs zieht, haben wir die Teilnehmerzahl in den Gruppenkursen auf maximal 10 Teilnehmer begrenzt. Zudem kann der Kursleiter bei dieser Gruppenst\u00e4rke auf jeden einzelnen Lerner individuell eingehen und ihn entsprechend f\u00f6rdern.<\/p>\n<h2>Sprachtraining mit Muttersprachlern<\/h2>\n<p>Jeder unserer Deutschkurse wird von einer qualifizierten, muttersprachlichen Lehrkraft geleitet. Auf diese Weise erlernen Sie von Beginn an die korrekte Aussprache und erhalten zus\u00e4tzlich viele wissenswerte Informationen \u00fcber\u00a0 Land und die Leute. Dank ihrer p\u00e4dagogischen Ausbildung unterrichten unsere Kursleiter mit modernen Methoden, durch die der Unterricht Spa\u00df macht und motivierend ist.<\/p>\n<h2>Lernen Sie Ihren Kurs bei einer kostenlosen Probestunde kennen<\/h2>\n<p>Mit der Buchung eines Deutschkurses an der Sprachschule Aktiv in Dresden gehen Sie kein Risiko ein! Denn die erste Unterrichtsstunde Ihres gew\u00e4hlten Deutschkurses ist eine Probestunde, bei der Sie Ihren Kursleiter und unser Unterrichtskonzept kennenlernen. Sollten Sie nach dieser den Kurs nicht fortsetzen wollen, erhalten Sie umgehend Ihre bereits gezahlten Kursgeb\u00fchren r\u00fcckerstattet.<\/p>\n<h2>Starttermine unserer Online Sprachkurse f\u00fcr Deutsch als Fremdsprachen<\/h2>\n<p>Unsere Semi-Intensiv- und Intensivkurse Deutsch beginnen auf jedem Sprachniveau jeweils am ersten Montag eines jeden Monats. Ebenso die telc-Pr\u00fcfungsvorbereitungskurse. Die Deutsch Abendkurse starten auch immer am Beginn des Monats. Bei einem Privatkurs legen Sie ganz individuell den Starttermin fest.<\/p>\n<h2>W\u00e4hlen Sie zwischen den verschiedenen Kursmodellen<\/h2>\n<h3>Unser Angebot: Semi-Intensivkurs Deutsch<\/h3>\n<p>4 Wochen Deutsch Semi-Intensivkurs: Nur 319 \u20ac<br \/>\n<strong>Termine:<\/strong>\u00a0Montag bis Donnerstag von 9:00 bis 12:00 Uhr<br \/>\n<strong>Start:<\/strong>\u00a0am ersten Montag des Monats<br \/>\n<strong>Pr\u00e4senzunterricht oder Online:<\/strong>\u00a0alle Niveaustufen<\/p>\n<a href=\"https:\/\/www.sprachschule-aktiv.com\/online-sprachkurse\/anmeldung-sprachschule\/\"><img decoding=\"async\" class=\"alignnone wp-image-376 size-full\" src=\"https:\/\/www.sprachschule-aktiv.com\/wp-content\/uploads\/2021\/03\/jetzt-sprachkurs-buchen.png\" alt=\"Anmeldung Sprachkurs\" width=\"239\" height=\"62\" \/><\/a>\n<h3>Online Deutsch Intensivkurse<\/h3>\n<p><strong>Dauer des Kurses:<\/strong>\u00a04 Wochen<br \/>\n<strong>Termine:<\/strong>\u00a0Montag bis Freitag von 9:00 bis 12:00 Uhr<br \/>\n<strong>Beginn:<\/strong>\u00a0am ersten Montag im Monat<br \/>\n<strong>Preis pro Monat:\u00a0<\/strong>499 \u20ac<\/p>\n<a href=\"https:\/\/www.sprachschule-aktiv.com\/online-sprachkurse\/anmeldung-sprachschule\/\"><img decoding=\"async\" class=\"alignnone wp-image-376 size-full\" src=\"https:\/\/www.sprachschule-aktiv.com\/wp-content\/uploads\/2021\/03\/jetzt-sprachkurs-buchen.png\" alt=\"Anmeldung Sprachkurs\" width=\"239\" height=\"62\" \/><\/a>\n<h3>Abendkurse Deutsch Online<\/h3>\n<p><strong>Kursdauer:\u00a0<\/strong>12 Wochen<br \/>\n<strong>Beginn:\u00a0<\/strong>am ersten Montag des Monats<br \/>\n<strong>Termine:<\/strong>\u00a0jeden Montag von 19:00 bis 20:30 Uhr<br \/>\n<strong>Preis:<\/strong>\u00a0279 \u20ac<br \/>\n<strong>Niveaus:<\/strong> von A1 bis C2<\/p>\n<a href=\"https:\/\/www.sprachschule-aktiv.com\/online-sprachkurse\/anmeldung-sprachschule\/\"><img decoding=\"async\" class=\"alignnone wp-image-376 size-full\" src=\"https:\/\/www.sprachschule-aktiv.com\/wp-content\/uploads\/2021\/03\/jetzt-sprachkurs-buchen.png\" alt=\"Anmeldung Sprachkurs\" width=\"239\" height=\"62\" \/><\/a>\n<h3>Online telc Pr\u00fcfungsvorbereitungskurse<\/h3>\n<p><strong>Dauer des Kurses:\u00a0<\/strong>4 Wochen<br \/>\n<strong>Termine:<\/strong>\u00a0Montag bis Freitag von 9:00 bis 12:00 Uhr<br \/>\n<strong>Beginn:<\/strong>\u00a0am ersten Montag im Monat<br \/>\n<strong>Kosten:<\/strong>\u00a0499 \u20ac<br \/>\n<strong>Sprachniveaus:\u00a0<\/strong>A1 bis C2<\/p>\n<h3>Online Deutsch Privatkurse<\/h3>\n<p><strong>Unsere Preise:\u00a0<\/strong><\/p>\n<p>Ab 1 bis 19 Unterrichtsstunden zahlen Sie pro Unterrichtsstunde 42 Euro.<br \/>\nAb 20 bis 30 Unterrichtsstunden betr\u00e4gt der Preis pro Stunde 40 Euro.<br \/>\nAb 30 Unterrichtsstunden, kostet die Privatstunde 38 Euro.<\/p>\n<a href=\"https:\/\/www.sprachschule-aktiv.com\/online-sprachkurse\/anmeldung-sprachschule\/\"><img decoding=\"async\" class=\"alignnone wp-image-376 size-full\" src=\"https:\/\/www.sprachschule-aktiv.com\/wp-content\/uploads\/2021\/03\/jetzt-sprachkurs-buchen.png\" alt=\"Anmeldung Sprachkurs\" width=\"239\" height=\"62\" \/><\/a>\n","protected":false},"excerpt":{"rendered":"<p>Online Deutschkurs in Dresden mit gratis Schnupperstunde! Jetzt Deutsch online lernen in Intensiv-, Abend- und Privatkursen mit kostenloser Einstufung! Deutsch lernen in Intensiv-, Abend- und Privatkursen in Dresden! \u00a0Die Sprachschule Aktiv bietet verschiedene Sprachkursmodelle f\u00fcr Anf\u00e4nger und fortgeschrittene Lerner auf allen Sprachniveaus an. Die Kurse werden von muttersprachlichen und qualifizierten Lehrkr\u00e4ften geleitet, der Unterricht findet&hellip; <a class=\"read-more\" href=\"https:\/\/www.sprachschule-aktiv.com\/online-sprachkurse\/online-deutschkurs-dresden\/\" title=\"Read Online Deutschkurs in Dresden \u2013 Deutsch online lernen in Intensiv-, Abend- und Privatkursen\">Read more &raquo;<\/a><\/p>\n","protected":false},"author":1,"featured_media":0,"parent":0,"menu_order":0,"comment_status":"closed","ping_status":"closed","template":"","meta":{"footnotes":""},"class_list":["post-451","page","type-page","status-publish","hentry"],"yoast_head":"<!-- This site is optimized with the Yoast SEO plugin v27.1.1 - https:\/\/yoast.com\/product\/yoast-seo-wordpress\/ -->\n<title>Online Deutschkurs in Dresden - mit gratis Schnupperstunde<\/title>\n<meta name=\"description\" content=\"Deutsch online lernen in Intensiv-, Abend- oder Privatkursen. Deutschkurs Online f\u00fcr Dresden mit kostenloser Probestunde!\" \/>\n<meta name=\"robots\" content=\"index, follow, max-snippet:-1, max-image-preview:large, max-video-preview:-1\" \/>\n<link rel=\"canonical\" href=\"https:\/\/www.sprachschule-aktiv.com\/online-sprachkurse\/online-deutschkurs-dresden\/\" \/>\n<meta property=\"og:locale\" content=\"de_DE\" \/>\n<meta property=\"og:type\" content=\"article\" \/>\n<meta property=\"og:title\" content=\"Online Deutschkurs in Dresden - mit gratis Schnupperstunde\" \/>\n<meta property=\"og:description\" content=\"Deutsch online lernen in Intensiv-, Abend- oder Privatkursen. Deutschkurs Online f\u00fcr Dresden mit kostenloser Probestunde!\" \/>\n<meta property=\"og:url\" content=\"https:\/\/www.sprachschule-aktiv.com\/online-sprachkurse\/online-deutschkurs-dresden\/\" \/>\n<meta property=\"og:site_name\" content=\"Online Sprachkurse\" \/>\n<meta property=\"og:image\" content=\"https:\/\/www.sprachschule-aktiv.com\/wp-content\/uploads\/2021\/03\/anfrage-sprachkurs.png\" \/>\n<meta name=\"twitter:card\" content=\"summary_large_image\" \/>\n<meta name=\"twitter:label1\" content=\"Gesch\u00e4tzte Lesezeit\" \/>\n\t<meta name=\"twitter:data1\" content=\"4\u00a0Minuten\" \/>\n<script type=\"application\/ld+json\" class=\"yoast-schema-graph\">{\"@context\":\"https:\/\/schema.org\",\"@graph\":[{\"@type\":\"WebPage\",\"@id\":\"https:\/\/www.sprachschule-aktiv.com\/online-sprachkurse\/online-deutschkurs-dresden\/\",\"url\":\"https:\/\/www.sprachschule-aktiv.com\/online-sprachkurse\/online-deutschkurs-dresden\/\",\"name\":\"Online Deutschkurs in Dresden - mit gratis Schnupperstunde\",\"isPartOf\":{\"@id\":\"https:\/\/www.sprachschule-aktiv.com\/online-sprachkurse\/#website\"},\"primaryImageOfPage\":{\"@id\":\"https:\/\/www.sprachschule-aktiv.com\/online-sprachkurse\/online-deutschkurs-dresden\/#primaryimage\"},\"image\":{\"@id\":\"https:\/\/www.sprachschule-aktiv.com\/online-sprachkurse\/online-deutschkurs-dresden\/#primaryimage\"},\"thumbnailUrl\":\"https:\/\/www.sprachschule-aktiv.com\/wp-content\/uploads\/2021\/03\/anfrage-sprachkurs.png\",\"datePublished\":\"2021-06-18T07:34:40+00:00\",\"description\":\"Deutsch online lernen in Intensiv-, Abend- oder Privatkursen. Deutschkurs Online f\u00fcr Dresden mit kostenloser Probestunde!\",\"breadcrumb\":{\"@id\":\"https:\/\/www.sprachschule-aktiv.com\/online-sprachkurse\/online-deutschkurs-dresden\/#breadcrumb\"},\"inLanguage\":\"de\",\"potentialAction\":[{\"@type\":\"ReadAction\",\"target\":[\"https:\/\/www.sprachschule-aktiv.com\/online-sprachkurse\/online-deutschkurs-dresden\/\"]}]},{\"@type\":\"ImageObject\",\"inLanguage\":\"de\",\"@id\":\"https:\/\/www.sprachschule-aktiv.com\/online-sprachkurse\/online-deutschkurs-dresden\/#primaryimage\",\"url\":\"https:\/\/www.sprachschule-aktiv.com\/wp-content\/uploads\/2021\/03\/anfrage-sprachkurs.png\",\"contentUrl\":\"https:\/\/www.sprachschule-aktiv.com\/wp-content\/uploads\/2021\/03\/anfrage-sprachkurs.png\"},{\"@type\":\"BreadcrumbList\",\"@id\":\"https:\/\/www.sprachschule-aktiv.com\/online-sprachkurse\/online-deutschkurs-dresden\/#breadcrumb\",\"itemListElement\":[{\"@type\":\"ListItem\",\"position\":1,\"name\":\"Startseite\",\"item\":\"https:\/\/www.sprachschule-aktiv.com\/online-sprachkurse\/\"},{\"@type\":\"ListItem\",\"position\":2,\"name\":\"Online Deutschkurs in Dresden \u2013 Deutsch online lernen in Intensiv-, Abend- und Privatkursen\"}]},{\"@type\":\"WebSite\",\"@id\":\"https:\/\/www.sprachschule-aktiv.com\/online-sprachkurse\/#website\",\"url\":\"https:\/\/www.sprachschule-aktiv.com\/online-sprachkurse\/\",\"name\":\"Online Sprachkurse\",\"description\":\"\",\"potentialAction\":[{\"@type\":\"SearchAction\",\"target\":{\"@type\":\"EntryPoint\",\"urlTemplate\":\"https:\/\/www.sprachschule-aktiv.com\/online-sprachkurse\/?s={search_term_string}\"},\"query-input\":{\"@type\":\"PropertyValueSpecification\",\"valueRequired\":true,\"valueName\":\"search_term_string\"}}],\"inLanguage\":\"de\"}]}<\/script>\n<!-- \/ Yoast SEO plugin. -->","yoast_head_json":{"title":"Online Deutschkurs in Dresden - mit gratis Schnupperstunde","description":"Deutsch online lernen in Intensiv-, Abend- oder Privatkursen. Deutschkurs Online f\u00fcr Dresden mit kostenloser Probestunde!","robots":{"index":"index","follow":"follow","max-snippet":"max-snippet:-1","max-image-preview":"max-image-preview:large","max-video-preview":"max-video-preview:-1"},"canonical":"https:\/\/www.sprachschule-aktiv.com\/online-sprachkurse\/online-deutschkurs-dresden\/","og_locale":"de_DE","og_type":"article","og_title":"Online Deutschkurs in Dresden - mit gratis Schnupperstunde","og_description":"Deutsch online lernen in Intensiv-, Abend- oder Privatkursen. Deutschkurs Online f\u00fcr Dresden mit kostenloser Probestunde!","og_url":"https:\/\/www.sprachschule-aktiv.com\/online-sprachkurse\/online-deutschkurs-dresden\/","og_site_name":"Online Sprachkurse","og_image":[{"url":"https:\/\/www.sprachschule-aktiv.com\/wp-content\/uploads\/2021\/03\/anfrage-sprachkurs.png","type":"","width":"","height":""}],"twitter_card":"summary_large_image","twitter_misc":{"Gesch\u00e4tzte Lesezeit":"4\u00a0Minuten"},"schema":{"@context":"https:\/\/schema.org","@graph":[{"@type":"WebPage","@id":"https:\/\/www.sprachschule-aktiv.com\/online-sprachkurse\/online-deutschkurs-dresden\/","url":"https:\/\/www.sprachschule-aktiv.com\/online-sprachkurse\/online-deutschkurs-dresden\/","name":"Online Deutschkurs in Dresden - mit gratis Schnupperstunde","isPartOf":{"@id":"https:\/\/www.sprachschule-aktiv.com\/online-sprachkurse\/#website"},"primaryImageOfPage":{"@id":"https:\/\/www.sprachschule-aktiv.com\/online-sprachkurse\/online-deutschkurs-dresden\/#primaryimage"},"image":{"@id":"https:\/\/www.sprachschule-aktiv.com\/online-sprachkurse\/online-deutschkurs-dresden\/#primaryimage"},"thumbnailUrl":"https:\/\/www.sprachschule-aktiv.com\/wp-content\/uploads\/2021\/03\/anfrage-sprachkurs.png","datePublished":"2021-06-18T07:34:40+00:00","description":"Deutsch online lernen in Intensiv-, Abend- oder Privatkursen. Deutschkurs Online f\u00fcr Dresden mit kostenloser Probestunde!","breadcrumb":{"@id":"https:\/\/www.sprachschule-aktiv.com\/online-sprachkurse\/online-deutschkurs-dresden\/#breadcrumb"},"inLanguage":"de","potentialAction":[{"@type":"ReadAction","target":["https:\/\/www.sprachschule-aktiv.com\/online-sprachkurse\/online-deutschkurs-dresden\/"]}]},{"@type":"ImageObject","inLanguage":"de","@id":"https:\/\/www.sprachschule-aktiv.com\/online-sprachkurse\/online-deutschkurs-dresden\/#primaryimage","url":"https:\/\/www.sprachschule-aktiv.com\/wp-content\/uploads\/2021\/03\/anfrage-sprachkurs.png","contentUrl":"https:\/\/www.sprachschule-aktiv.com\/wp-content\/uploads\/2021\/03\/anfrage-sprachkurs.png"},{"@type":"BreadcrumbList","@id":"https:\/\/www.sprachschule-aktiv.com\/online-sprachkurse\/online-deutschkurs-dresden\/#breadcrumb","itemListElement":[{"@type":"ListItem","position":1,"name":"Startseite","item":"https:\/\/www.sprachschule-aktiv.com\/online-sprachkurse\/"},{"@type":"ListItem","position":2,"name":"Online Deutschkurs in Dresden \u2013 Deutsch online lernen in Intensiv-, Abend- und Privatkursen"}]},{"@type":"WebSite","@id":"https:\/\/www.sprachschule-aktiv.com\/online-sprachkurse\/#website","url":"https:\/\/www.sprachschule-aktiv.com\/online-sprachkurse\/","name":"Online Sprachkurse","description":"","potentialAction":[{"@type":"SearchAction","target":{"@type":"EntryPoint","urlTemplate":"https:\/\/www.sprachschule-aktiv.com\/online-sprachkurse\/?s={search_term_string}"},"query-input":{"@type":"PropertyValueSpecification","valueRequired":true,"valueName":"search_term_string"}}],"inLanguage":"de"}]}},"_links":{"self":[{"href":"https:\/\/www.sprachschule-aktiv.com\/online-sprachkurse\/wp-json\/wp\/v2\/pages\/451","targetHints":{"allow":["GET"]}}],"collection":[{"href":"https:\/\/www.sprachschule-aktiv.com\/online-sprachkurse\/wp-json\/wp\/v2\/pages"}],"about":[{"href":"https:\/\/www.sprachschule-aktiv.com\/online-sprachkurse\/wp-json\/wp\/v2\/types\/page"}],"author":[{"embeddable":true,"href":"https:\/\/www.sprachschule-aktiv.com\/online-sprachkurse\/wp-json\/wp\/v2\/users\/1"}],"replies":[{"embeddable":true,"href":"https:\/\/www.sprachschule-aktiv.com\/online-sprachkurse\/wp-json\/wp\/v2\/comments?post=451"}],"version-history":[{"count":0,"href":"https:\/\/www.sprachschule-aktiv.com\/online-sprachkurse\/wp-json\/wp\/v2\/pages\/451\/revisions"}],"wp:attachment":[{"href":"https:\/\/www.sprachschule-aktiv.com\/online-sprachkurse\/wp-json\/wp\/v2\/media?parent=451"}],"curies":[{"name":"wp","href":"https:\/\/api.w.org\/{rel}","templated":true}]}}