{"id":425,"date":"2021-05-15T11:05:17","date_gmt":"2021-05-15T09:05:17","guid":{"rendered":"https:\/\/www.sprachschule-aktiv.com\/?page_id=425"},"modified":"2022-02-02T13:41:57","modified_gmt":"2022-02-02T12:41:57","slug":"anmeldung-probestunde","status":"publish","type":"page","link":"https:\/\/www.sprachschule-aktiv.com\/online-sprachkurse\/anmeldung-probestunde\/","title":{"rendered":"Anmeldung f\u00fcr eine kostenlose Probestunde in der Sprachschule Aktiv"},"content":{"rendered":"<p>[vc_row css=&#8221;.vc_custom_1488566085644{padding-top: 30px !important;padding-bottom: 30px !important;}&#8221;][vc_column][vc_column_text]<\/p>\n<h2>Anmeldung Probestunde<\/h2>\n<p>Sobald Sie sich angemeldet haben, meldet sich unsere Lehrkraft bei Ihnen bez\u00fcglich der Terminvereinbarung.[\/vc_column_text]\n<div class=\"wpcf7 no-js\" id=\"wpcf7-f2028-o1\" lang=\"de-DE\" dir=\"ltr\" data-wpcf7-id=\"2028\">\n<div class=\"screen-reader-response\"><p role=\"status\" aria-live=\"polite\" aria-atomic=\"true\"><\/p> <ul><\/ul><\/div>\n<form action=\"\/online-sprachkurse\/wp-json\/wp\/v2\/pages\/425#wpcf7-f2028-o1\" method=\"post\" class=\"wpcf7-form init wpcf7-acceptance-as-validation\" aria-label=\"Kontaktformular\" novalidate=\"novalidate\" data-status=\"init\">\n<fieldset class=\"hidden-fields-container\"><input type=\"hidden\" name=\"_wpcf7\" value=\"2028\" \/><input type=\"hidden\" name=\"_wpcf7_version\" value=\"6.1.5\" \/><input type=\"hidden\" name=\"_wpcf7_locale\" value=\"de_DE\" \/><input type=\"hidden\" name=\"_wpcf7_unit_tag\" value=\"wpcf7-f2028-o1\" \/><input type=\"hidden\" name=\"_wpcf7_container_post\" value=\"0\" \/><input type=\"hidden\" name=\"_wpcf7_posted_data_hash\" value=\"\" \/><input type=\"hidden\" name=\"_wpcf7_recaptcha_response\" value=\"\" \/>\n<\/fieldset>\n<p>Firma: <span class=\"wpcf7-form-control-wrap\" data-name=\"Firma\"><input size=\"40\" maxlength=\"400\" class=\"wpcf7-form-control wpcf7-text\" aria-invalid=\"false\" value=\"\" type=\"text\" name=\"Firma\" \/><\/span>\n<\/p>\n<p><span class=\"wpcf7-form-control-wrap\" data-name=\"Anrede\"><select class=\"wpcf7-form-control wpcf7-select wpcf7-validates-as-required\" aria-required=\"true\" aria-invalid=\"false\" name=\"Anrede\"><option value=\"Frau\">Frau<\/option><option value=\"Herr\">Herr<\/option><\/select><\/span>\n<\/p>\n<p>Vorname*: <span class=\"wpcf7-form-control-wrap\" data-name=\"Vorname\"><input size=\"40\" maxlength=\"400\" class=\"wpcf7-form-control wpcf7-text wpcf7-validates-as-required\" aria-required=\"true\" aria-invalid=\"false\" value=\"\" type=\"text\" name=\"Vorname\" \/><\/span>\n<\/p>\n<p>Nachname*: <span class=\"wpcf7-form-control-wrap\" data-name=\"Nachname\"><input size=\"40\" maxlength=\"400\" class=\"wpcf7-form-control wpcf7-text wpcf7-validates-as-required\" aria-required=\"true\" aria-invalid=\"false\" value=\"\" type=\"text\" name=\"Nachname\" \/><\/span>\n<\/p>\n<p>Stra\u00dfe\/Nr*: <span class=\"wpcf7-form-control-wrap\" data-name=\"Adresse\"><input size=\"40\" maxlength=\"400\" class=\"wpcf7-form-control wpcf7-text wpcf7-validates-as-required\" aria-required=\"true\" aria-invalid=\"false\" value=\"\" type=\"text\" name=\"Adresse\" \/><\/span>\n<\/p>\n<p>PLZ\/Ort: <span class=\"wpcf7-form-control-wrap\" data-name=\"PLZ\"><input size=\"40\" maxlength=\"400\" class=\"wpcf7-form-control wpcf7-text wpcf7-validates-as-required\" aria-required=\"true\" aria-invalid=\"false\" value=\"\" type=\"text\" name=\"PLZ\" \/><\/span>\n<\/p>\n<p>Telefon*: <span class=\"wpcf7-form-control-wrap\" data-name=\"Telefon\"><input size=\"40\" maxlength=\"400\" class=\"wpcf7-form-control wpcf7-text wpcf7-validates-as-required\" aria-required=\"true\" aria-invalid=\"false\" value=\"\" type=\"text\" name=\"Telefon\" \/><\/span>\n<\/p>\n<p>E-mail*: <span class=\"wpcf7-form-control-wrap\" data-name=\"Email\"><input size=\"40\" maxlength=\"400\" class=\"wpcf7-form-control wpcf7-email wpcf7-validates-as-required wpcf7-text wpcf7-validates-as-email medium\" aria-required=\"true\" aria-invalid=\"false\" value=\"\" type=\"email\" name=\"Email\" \/><\/span>\n<\/p>\n<p><B>Probestundeninformationen:<\/b>\n<\/p>\n<p>Sprache* : <span class=\"wpcf7-form-control-wrap\" data-name=\"Sprache\"><input size=\"40\" maxlength=\"400\" class=\"wpcf7-form-control wpcf7-text wpcf7-validates-as-required\" aria-required=\"true\" aria-invalid=\"false\" placeholder=\"z.B. Deutsch, Englisch, Spanisch\" value=\"\" type=\"text\" name=\"Sprache\" \/><\/span>\n<\/p>\n<p>Kursart*: <span class=\"wpcf7-form-control-wrap\" data-name=\"Kursart\"><input size=\"40\" maxlength=\"400\" class=\"wpcf7-form-control wpcf7-text wpcf7-validates-as-required\" aria-required=\"true\" aria-invalid=\"false\" placeholder=\"z.B. Intensivkurs, Abendkurs oder Privatunterricht\" value=\"\" type=\"text\" name=\"Kursart\" \/><\/span>\n<\/p>\n<p>Vorkenntnisse*: <span class=\"wpcf7-form-control-wrap\" data-name=\"Vorkenntnisse\"><input size=\"40\" maxlength=\"400\" class=\"wpcf7-form-control wpcf7-text wpcf7-validates-as-required\" aria-required=\"true\" aria-invalid=\"false\" value=\"\" type=\"text\" name=\"Vorkenntnisse\" \/><\/span>\n<\/p>\n<p>falls ja, Sprachlevel*: <span class=\"wpcf7-form-control-wrap\" data-name=\"Sprachlevel\"><input size=\"40\" maxlength=\"400\" class=\"wpcf7-form-control wpcf7-text wpcf7-validates-as-required\" aria-required=\"true\" aria-invalid=\"false\" value=\"\" type=\"text\" name=\"Sprachlevel\" \/><\/span>\n<\/p>\n<p>Datum - Probestunde am*: <span class=\"wpcf7-form-control-wrap\" data-name=\"datumam\"><input size=\"40\" maxlength=\"400\" class=\"wpcf7-form-control wpcf7-text wpcf7-validates-as-required\" aria-required=\"true\" aria-invalid=\"false\" value=\"\" type=\"text\" name=\"datumam\" \/><\/span>\n<\/p>\n<p>Uhrzeit - Probestunde um:*: <span class=\"wpcf7-form-control-wrap\" data-name=\"datumum\"><input size=\"40\" maxlength=\"400\" class=\"wpcf7-form-control wpcf7-text wpcf7-validates-as-required\" aria-required=\"true\" aria-invalid=\"false\" value=\"\" type=\"text\" name=\"datumum\" \/><\/span>\n<\/p>\n<p><strong>Probestunden<\/strong>\n<\/p>\n<p>Die Probestunde ist f\u00fcr Sie unverbindlich. Sollten Sie mit dem Probeunterricht nicht zufrieden sein, entstehen Ihnen keinerlei Verpflichtungen\/Kosten. Hat Ihnen die Probestunde gefallen und Sie entscheiden sich f\u00fcr die Buchung eines Kurses, wird die Probestunde als regul\u00e4re Unterrichtsstunde berechnet.\n<\/p>\n<p>Eine Abmeldung kann bis 24 Stunden vor dem vereinbarten Termin bei der Sprachschule Aktiv schriftlich erfolgen.\n<\/p>\n<p>Bemerkungen, Hinweise\n<\/p>\n<p><span class=\"wpcf7-form-control-wrap\" data-name=\"Bemerkungen\"><textarea cols=\"40\" rows=\"10\" maxlength=\"2000\" class=\"wpcf7-form-control wpcf7-textarea\" aria-invalid=\"false\" name=\"Bemerkungen\"><\/textarea><\/span>\n<\/p>\n<div style=\"\">\n\t<p><span class=\"wpcf7-form-control-wrap\" data-name=\"agb\"><span class=\"wpcf7-form-control wpcf7-acceptance\"><span class=\"wpcf7-list-item\"><input type=\"checkbox\" name=\"agb\" value=\"1\" aria-invalid=\"false\" \/><\/span><\/span><\/span> (*) Ich habe die <a href=\"https:\/\/www.sprachschule-aktiv.com\/online-sprachkurse\/allgemeine-geschaeftsbedingungen\/\" target=\"_blank\">Allgemeinen Gesch\u00e4ftsbedingungen<\/a> akzeptiert und habe die Hinweise zum <a href=\"https:\/\/www.sprachschule-aktiv.com\/online-sprachkurse\/datenschutzerklaerung\/\" target=\"_blank\">Datenschutz<\/a> zur Kenntnis genommen.\n\t<\/p>\n<\/div>\n<p><b>Wichtige Information \u2013 Nutzung Ihrer Daten aus diesem Formular<\/b><br \/>\nWichtige Hinweise zum Datenschutz: Ich habe zur Kenntnis genommen, dass ich das Recht auf Auskunft, Korrektur, L\u00f6schung oder Anonymisierung meiner Daten habe. Ihre pers\u00f6nlichen Daten werden in unserer hausinternen Datenbank gespeichert und dienen ausschlie\u00dflich der Bearbeitung Ihrer Anfrage bzw. Anmeldung. Wir geben Ihre pers\u00f6nlichen Daten grunds\u00e4tzlich nicht ohne Ihre Einwilligung an Dritte weiter, sofern dies nicht zur Vertragsdurchf\u00fchrung notwendig ist oder Sie uns dazu auffordern. Weitere Informationen entnehmen Sie bitte unserer <a href=\"https:\/\/www.sprachschule-aktiv.com\/online-sprachkurse\/datenschutzerklaerung\/\" target=\"_blank\">Datenschutzerkl\u00e4rung<\/a>.\n<\/p>\n<p><input class=\"wpcf7-form-control wpcf7-submit has-spinner\" type=\"submit\" value=\"Verbindliche Anmeldung\" \/>\n<\/p><div class=\"wpcf7-response-output\" aria-hidden=\"true\"><\/div>\n<\/form>\n<\/div>\n[\/vc_column][\/vc_row]<\/p>\n","protected":false},"excerpt":{"rendered":"<p>[vc_row css=&#8221;.vc_custom_1488566085644{padding-top: 30px !important;padding-bottom: 30px !important;}&#8221;][vc_column][vc_column_text] Anmeldung Probestunde Sobald Sie sich angemeldet haben, meldet sich unsere Lehrkraft bei Ihnen bez\u00fcglich der Terminvereinbarung.[\/vc_column_text][\/vc_column][\/vc_row]<\/p>\n","protected":false},"author":1,"featured_media":0,"parent":0,"menu_order":0,"comment_status":"closed","ping_status":"closed","template":"","meta":{"footnotes":""},"class_list":["post-425","page","type-page","status-publish","hentry"],"yoast_head":"<!-- This site is optimized with the Yoast SEO plugin v27.1.1 - https:\/\/yoast.com\/product\/yoast-seo-wordpress\/ -->\n<title>Anmeldung f\u00fcr eine Probestunde in der Sprachschule Aktiv<\/title>\n<meta name=\"description\" content=\"Testen Sie die Qualit\u00e4t der Sprachschule Aktiv &amp; buchen Sie eine gratis Probestunde! Sprachschule Aktiv. Deutsch und Fremdsprachen\" \/>\n<meta name=\"robots\" content=\"index, follow, max-snippet:-1, max-image-preview:large, max-video-preview:-1\" \/>\n<link rel=\"canonical\" href=\"https:\/\/www.sprachschule-aktiv.com\/online-sprachkurse\/anmeldung-probestunde\/\" \/>\n<meta property=\"og:locale\" content=\"de_DE\" \/>\n<meta property=\"og:type\" content=\"article\" \/>\n<meta property=\"og:title\" content=\"Anmeldung f\u00fcr eine Probestunde in der Sprachschule Aktiv\" \/>\n<meta property=\"og:description\" content=\"Testen Sie die Qualit\u00e4t der Sprachschule Aktiv &amp; buchen Sie eine gratis Probestunde! Sprachschule Aktiv. Deutsch und Fremdsprachen\" \/>\n<meta property=\"og:url\" content=\"https:\/\/www.sprachschule-aktiv.com\/online-sprachkurse\/anmeldung-probestunde\/\" \/>\n<meta property=\"og:site_name\" content=\"Online Sprachkurse\" \/>\n<meta property=\"article:modified_time\" content=\"2022-02-02T12:41:57+00:00\" \/>\n<meta name=\"twitter:card\" content=\"summary_large_image\" \/>\n<meta name=\"twitter:label1\" content=\"Gesch\u00e4tzte Lesezeit\" \/>\n\t<meta name=\"twitter:data1\" content=\"1\u00a0Minute\" \/>\n<script type=\"application\/ld+json\" class=\"yoast-schema-graph\">{\"@context\":\"https:\/\/schema.org\",\"@graph\":[{\"@type\":\"WebPage\",\"@id\":\"https:\/\/www.sprachschule-aktiv.com\/online-sprachkurse\/anmeldung-probestunde\/\",\"url\":\"https:\/\/www.sprachschule-aktiv.com\/online-sprachkurse\/anmeldung-probestunde\/\",\"name\":\"Anmeldung f\u00fcr eine Probestunde in der Sprachschule Aktiv\",\"isPartOf\":{\"@id\":\"https:\/\/www.sprachschule-aktiv.com\/online-sprachkurse\/#website\"},\"datePublished\":\"2021-05-15T09:05:17+00:00\",\"dateModified\":\"2022-02-02T12:41:57+00:00\",\"description\":\"Testen Sie die Qualit\u00e4t der Sprachschule Aktiv & buchen Sie eine gratis Probestunde! Sprachschule Aktiv. Deutsch und Fremdsprachen\",\"breadcrumb\":{\"@id\":\"https:\/\/www.sprachschule-aktiv.com\/online-sprachkurse\/anmeldung-probestunde\/#breadcrumb\"},\"inLanguage\":\"de\",\"potentialAction\":[{\"@type\":\"ReadAction\",\"target\":[\"https:\/\/www.sprachschule-aktiv.com\/online-sprachkurse\/anmeldung-probestunde\/\"]}]},{\"@type\":\"BreadcrumbList\",\"@id\":\"https:\/\/www.sprachschule-aktiv.com\/online-sprachkurse\/anmeldung-probestunde\/#breadcrumb\",\"itemListElement\":[{\"@type\":\"ListItem\",\"position\":1,\"name\":\"Startseite\",\"item\":\"https:\/\/www.sprachschule-aktiv.com\/online-sprachkurse\/\"},{\"@type\":\"ListItem\",\"position\":2,\"name\":\"Anmeldung f\u00fcr eine kostenlose Probestunde in der Sprachschule Aktiv\"}]},{\"@type\":\"WebSite\",\"@id\":\"https:\/\/www.sprachschule-aktiv.com\/online-sprachkurse\/#website\",\"url\":\"https:\/\/www.sprachschule-aktiv.com\/online-sprachkurse\/\",\"name\":\"Online Sprachkurse\",\"description\":\"\",\"potentialAction\":[{\"@type\":\"SearchAction\",\"target\":{\"@type\":\"EntryPoint\",\"urlTemplate\":\"https:\/\/www.sprachschule-aktiv.com\/online-sprachkurse\/?s={search_term_string}\"},\"query-input\":{\"@type\":\"PropertyValueSpecification\",\"valueRequired\":true,\"valueName\":\"search_term_string\"}}],\"inLanguage\":\"de\"}]}<\/script>\n<!-- \/ Yoast SEO plugin. -->","yoast_head_json":{"title":"Anmeldung f\u00fcr eine Probestunde in der Sprachschule Aktiv","description":"Testen Sie die Qualit\u00e4t der Sprachschule Aktiv & buchen Sie eine gratis Probestunde! Sprachschule Aktiv. Deutsch und Fremdsprachen","robots":{"index":"index","follow":"follow","max-snippet":"max-snippet:-1","max-image-preview":"max-image-preview:large","max-video-preview":"max-video-preview:-1"},"canonical":"https:\/\/www.sprachschule-aktiv.com\/online-sprachkurse\/anmeldung-probestunde\/","og_locale":"de_DE","og_type":"article","og_title":"Anmeldung f\u00fcr eine Probestunde in der Sprachschule Aktiv","og_description":"Testen Sie die Qualit\u00e4t der Sprachschule Aktiv & buchen Sie eine gratis Probestunde! Sprachschule Aktiv. Deutsch und Fremdsprachen","og_url":"https:\/\/www.sprachschule-aktiv.com\/online-sprachkurse\/anmeldung-probestunde\/","og_site_name":"Online Sprachkurse","article_modified_time":"2022-02-02T12:41:57+00:00","twitter_card":"summary_large_image","twitter_misc":{"Gesch\u00e4tzte Lesezeit":"1\u00a0Minute"},"schema":{"@context":"https:\/\/schema.org","@graph":[{"@type":"WebPage","@id":"https:\/\/www.sprachschule-aktiv.com\/online-sprachkurse\/anmeldung-probestunde\/","url":"https:\/\/www.sprachschule-aktiv.com\/online-sprachkurse\/anmeldung-probestunde\/","name":"Anmeldung f\u00fcr eine Probestunde in der Sprachschule Aktiv","isPartOf":{"@id":"https:\/\/www.sprachschule-aktiv.com\/online-sprachkurse\/#website"},"datePublished":"2021-05-15T09:05:17+00:00","dateModified":"2022-02-02T12:41:57+00:00","description":"Testen Sie die Qualit\u00e4t der Sprachschule Aktiv & buchen Sie eine gratis Probestunde! Sprachschule Aktiv. Deutsch und Fremdsprachen","breadcrumb":{"@id":"https:\/\/www.sprachschule-aktiv.com\/online-sprachkurse\/anmeldung-probestunde\/#breadcrumb"},"inLanguage":"de","potentialAction":[{"@type":"ReadAction","target":["https:\/\/www.sprachschule-aktiv.com\/online-sprachkurse\/anmeldung-probestunde\/"]}]},{"@type":"BreadcrumbList","@id":"https:\/\/www.sprachschule-aktiv.com\/online-sprachkurse\/anmeldung-probestunde\/#breadcrumb","itemListElement":[{"@type":"ListItem","position":1,"name":"Startseite","item":"https:\/\/www.sprachschule-aktiv.com\/online-sprachkurse\/"},{"@type":"ListItem","position":2,"name":"Anmeldung f\u00fcr eine kostenlose Probestunde in der Sprachschule Aktiv"}]},{"@type":"WebSite","@id":"https:\/\/www.sprachschule-aktiv.com\/online-sprachkurse\/#website","url":"https:\/\/www.sprachschule-aktiv.com\/online-sprachkurse\/","name":"Online Sprachkurse","description":"","potentialAction":[{"@type":"SearchAction","target":{"@type":"EntryPoint","urlTemplate":"https:\/\/www.sprachschule-aktiv.com\/online-sprachkurse\/?s={search_term_string}"},"query-input":{"@type":"PropertyValueSpecification","valueRequired":true,"valueName":"search_term_string"}}],"inLanguage":"de"}]}},"_links":{"self":[{"href":"https:\/\/www.sprachschule-aktiv.com\/online-sprachkurse\/wp-json\/wp\/v2\/pages\/425","targetHints":{"allow":["GET"]}}],"collection":[{"href":"https:\/\/www.sprachschule-aktiv.com\/online-sprachkurse\/wp-json\/wp\/v2\/pages"}],"about":[{"href":"https:\/\/www.sprachschule-aktiv.com\/online-sprachkurse\/wp-json\/wp\/v2\/types\/page"}],"author":[{"embeddable":true,"href":"https:\/\/www.sprachschule-aktiv.com\/online-sprachkurse\/wp-json\/wp\/v2\/users\/1"}],"replies":[{"embeddable":true,"href":"https:\/\/www.sprachschule-aktiv.com\/online-sprachkurse\/wp-json\/wp\/v2\/comments?post=425"}],"version-history":[{"count":2,"href":"https:\/\/www.sprachschule-aktiv.com\/online-sprachkurse\/wp-json\/wp\/v2\/pages\/425\/revisions"}],"predecessor-version":[{"id":2029,"href":"https:\/\/www.sprachschule-aktiv.com\/online-sprachkurse\/wp-json\/wp\/v2\/pages\/425\/revisions\/2029"}],"wp:attachment":[{"href":"https:\/\/www.sprachschule-aktiv.com\/online-sprachkurse\/wp-json\/wp\/v2\/media?parent=425"}],"curies":[{"name":"wp","href":"https:\/\/api.w.org\/{rel}","templated":true}]}}