{"id":285,"date":"2021-03-21T07:41:31","date_gmt":"2021-03-21T06:41:31","guid":{"rendered":"https:\/\/www.sprachschule-aktiv.com\/?page_id=285"},"modified":"2022-02-01T21:23:37","modified_gmt":"2022-02-01T20:23:37","slug":"einstufungstest-online","status":"publish","type":"page","link":"https:\/\/www.sprachschule-aktiv.com\/online-sprachkurse\/einstufungstest-online\/","title":{"rendered":"Einstufungstests Online &#8211; f\u00fcr Deutsch und Fremdsprachen"},"content":{"rendered":"<p>[vc_row css=&#8221;.vc_custom_1550914798776{margin-top: 20px !important;}&#8221;][vc_column][vc_column_text]<\/p>\n<h2>Einstufungstest Online &#8211; Gratis Sprachtest<\/h2>\n<p>[\/vc_column_text][vc_column_text]Einstufungstest Online &#8211; Sprachkenntnisse kostenlos testen[\/vc_column_text][\/vc_column][\/vc_row][vc_row full_width=&#8221;stretch_row&#8221; css=&#8221;.vc_custom_1587567696025{padding-top: 30px !important;padding-bottom: 30px !important;background-color: #f8f8f8 !important;}&#8221;][vc_column][vc_row_inner][vc_column_inner width=&#8221;1\/3&#8243;][vc_column_text]<\/p>\n<h2 style=\"text-align: center;\">Einstufungstest Deutsch<\/h2>\n<p>[\/vc_column_text][vc_single_image image=&#8221;2013&#8243; img_size=&#8221;full&#8221; onclick=&#8221;custom_link&#8221; link=&#8221;\/online-sprachkurse\/deutsch-einstufungstest\/&#8221;][\/vc_column_inner][vc_column_inner width=&#8221;1\/3&#8243;][vc_column_text]<\/p>\n<h2 style=\"text-align: center;\">Einstufungstest Spanisch<\/h2>\n<p>[\/vc_column_text][vc_single_image image=&#8221;2005&#8243; img_size=&#8221;full&#8221; onclick=&#8221;custom_link&#8221; link=&#8221;\/online-sprachkurse\/spanisch-einstufungstest\/&#8221;][\/vc_column_inner][vc_column_inner width=&#8221;1\/3&#8243;][vc_column_text]<\/p>\n<h2 style=\"text-align: center;\">Einstufungstest Englisch<\/h2>\n<p>[\/vc_column_text][vc_single_image image=&#8221;2006&#8243; img_size=&#8221;full&#8221; onclick=&#8221;custom_link&#8221; link=&#8221;\/online-sprachkurse\/englisch-einstufungstest\/&#8221;][\/vc_column_inner][\/vc_row_inner][vc_row_inner css=&#8221;.vc_custom_1587568902313{margin-top: 40px !important;margin-bottom: 40px !important;}&#8221;][vc_column_inner][vc_separator][\/vc_column_inner][\/vc_row_inner][vc_row_inner][vc_column_inner width=&#8221;1\/3&#8243;][vc_column_text]<\/p>\n<h2 style=\"text-align: center;\">Einstufungstest Franz\u00f6sisch<\/h2>\n<p>[\/vc_column_text][vc_single_image image=&#8221;2008&#8243; img_size=&#8221;full&#8221; onclick=&#8221;custom_link&#8221; link=&#8221;\/online-sprachkurse\/franzoesisch-einstufungstest\/&#8221;][\/vc_column_inner][vc_column_inner width=&#8221;1\/3&#8243;][vc_column_text]<\/p>\n<h2 style=\"text-align: center;\">Einstufungstest Italienisch<\/h2>\n<p>[\/vc_column_text][vc_single_image image=&#8221;2009&#8243; img_size=&#8221;full&#8221; onclick=&#8221;custom_link&#8221; link=&#8221;\/online-sprachkurse\/italienisch-einstufungstest\/&#8221;][\/vc_column_inner][vc_column_inner width=&#8221;1\/3&#8243;][vc_column_text]<\/p>\n<h2 style=\"text-align: center;\">Einstufungstest Russisch<\/h2>\n<p>[\/vc_column_text][vc_single_image image=&#8221;2010&#8243; img_size=&#8221;full&#8221; onclick=&#8221;custom_link&#8221; link=&#8221;\/online-sprachkurse\/russisch-einstufungstest\/&#8221;][\/vc_column_inner][\/vc_row_inner][vc_row_inner css=&#8221;.vc_custom_1587568908074{margin-top: 40px !important;margin-bottom: 40px !important;}&#8221;][vc_column_inner][vc_separator][\/vc_column_inner][\/vc_row_inner][vc_row_inner][vc_column_inner width=&#8221;1\/3&#8243;][vc_column_text]<\/p>\n<h2 style=\"text-align: center;\">Einstufungstest Polnisch<\/h2>\n<p>[\/vc_column_text][vc_single_image image=&#8221;2014&#8243; img_size=&#8221;full&#8221; onclick=&#8221;custom_link&#8221; link=&#8221;\/online-sprachkurse\/polnisch-einstufungstest\/&#8221;][\/vc_column_inner][vc_column_inner width=&#8221;1\/3&#8243;][vc_column_text]<\/p>\n<h2 style=\"text-align: center;\">Einstufungstest Serbisch<\/h2>\n<p>[\/vc_column_text][vc_single_image image=&#8221;2015&#8243; img_size=&#8221;full&#8221; onclick=&#8221;custom_link&#8221; link=&#8221;\/online-sprachkurse\/serbisch-einstufungstest\/&#8221;][\/vc_column_inner][vc_column_inner width=&#8221;1\/3&#8243;][vc_column_text]<\/p>\n<h2 style=\"text-align: center;\">Einstufungstest Kroatisch<\/h2>\n<p>[\/vc_column_text][vc_single_image image=&#8221;2016&#8243; img_size=&#8221;full&#8221; onclick=&#8221;custom_link&#8221; link=&#8221;\/online-sprachkurse\/kroatisch-einstufungstest\/&#8221;][\/vc_column_inner][\/vc_row_inner][vc_row_inner css=&#8221;.vc_custom_1587568908074{margin-top: 40px !important;margin-bottom: 40px !important;}&#8221;][vc_column_inner][vc_separator][\/vc_column_inner][\/vc_row_inner][vc_row_inner][vc_column_inner width=&#8221;1\/3&#8243;][vc_column_text]<\/p>\n<h2 style=\"text-align: center;\">Einstufungstest Chinesisch<\/h2>\n<p>[\/vc_column_text][vc_single_image image=&#8221;2017&#8243; img_size=&#8221;full&#8221; onclick=&#8221;custom_link&#8221; link=&#8221;\/online-sprachkurse\/chinesisch-einstufungstest\/&#8221;][\/vc_column_inner][vc_column_inner width=&#8221;1\/3&#8243;][vc_column_text]<\/p>\n<h2 style=\"text-align: center;\">Einstufungstest Japanisch<\/h2>\n<p>[\/vc_column_text][vc_single_image image=&#8221;2018&#8243; img_size=&#8221;full&#8221; onclick=&#8221;custom_link&#8221; link=&#8221;\/online-sprachkurse\/japanisch-einstufungstest\/&#8221;][\/vc_column_inner][vc_column_inner width=&#8221;1\/3&#8243;][\/vc_column_inner][\/vc_row_inner][\/vc_column][\/vc_row]<\/p>\n","protected":false},"excerpt":{"rendered":"<p>[vc_row css=&#8221;.vc_custom_1550914798776{margin-top: 20px !important;}&#8221;][vc_column][vc_column_text] Einstufungstest Online &#8211; Gratis Sprachtest [\/vc_column_text][vc_column_text]Einstufungstest Online &#8211; Sprachkenntnisse kostenlos testen[\/vc_column_text][\/vc_column][\/vc_row][vc_row full_width=&#8221;stretch_row&#8221; css=&#8221;.vc_custom_1587567696025{padding-top: 30px !important;padding-bottom: 30px !important;background-color: #f8f8f8 !important;}&#8221;][vc_column][vc_row_inner][vc_column_inner width=&#8221;1\/3&#8243;][vc_column_text] Einstufungstest Deutsch [\/vc_column_text][vc_single_image image=&#8221;2013&#8243; img_size=&#8221;full&#8221; onclick=&#8221;custom_link&#8221; link=&#8221;\/online-sprachkurse\/deutsch-einstufungstest\/&#8221;][\/vc_column_inner][vc_column_inner width=&#8221;1\/3&#8243;][vc_column_text] Einstufungstest Spanisch [\/vc_column_text][vc_single_image image=&#8221;2005&#8243; img_size=&#8221;full&#8221; onclick=&#8221;custom_link&#8221; link=&#8221;\/online-sprachkurse\/spanisch-einstufungstest\/&#8221;][\/vc_column_inner][vc_column_inner width=&#8221;1\/3&#8243;][vc_column_text] Einstufungstest Englisch [\/vc_column_text][vc_single_image image=&#8221;2006&#8243; img_size=&#8221;full&#8221; onclick=&#8221;custom_link&#8221; link=&#8221;\/online-sprachkurse\/englisch-einstufungstest\/&#8221;][\/vc_column_inner][\/vc_row_inner][vc_row_inner css=&#8221;.vc_custom_1587568902313{margin-top: 40px !important;margin-bottom: 40px !important;}&#8221;][vc_column_inner][vc_separator][\/vc_column_inner][\/vc_row_inner][vc_row_inner][vc_column_inner width=&#8221;1\/3&#8243;][vc_column_text] Einstufungstest Franz\u00f6sisch&hellip; <a class=\"read-more\" href=\"https:\/\/www.sprachschule-aktiv.com\/online-sprachkurse\/einstufungstest-online\/\" title=\"Read Einstufungstests Online &#8211; f\u00fcr Deutsch und Fremdsprachen\">Read more &raquo;<\/a><\/p>\n","protected":false},"author":1,"featured_media":0,"parent":0,"menu_order":0,"comment_status":"closed","ping_status":"closed","template":"","meta":{"footnotes":""},"class_list":["post-285","page","type-page","status-publish","hentry"],"yoast_head":"<!-- This site is optimized with the Yoast SEO plugin v27.1.1 - https:\/\/yoast.com\/product\/yoast-seo-wordpress\/ -->\n<title>Gratis Einstufungstests Online - f\u00fcr Deutsch &amp; Fremdsprachen<\/title>\n<meta name=\"description\" content=\"Sprachtest Online f\u00fcr Deutsch, Englisch, Spanisch, Italienisch, Franz\u00f6sisch, Russisch, Japanisch Chinesisch, Polnisch, Kroatisch.\" \/>\n<meta name=\"robots\" content=\"index, follow, max-snippet:-1, max-image-preview:large, max-video-preview:-1\" \/>\n<link rel=\"canonical\" href=\"https:\/\/www.sprachschule-aktiv.com\/online-sprachkurse\/einstufungstest-online\/\" \/>\n<meta property=\"og:locale\" content=\"de_DE\" \/>\n<meta property=\"og:type\" content=\"article\" \/>\n<meta property=\"og:title\" content=\"Gratis Einstufungstests Online - f\u00fcr Deutsch &amp; Fremdsprachen\" \/>\n<meta property=\"og:description\" content=\"Sprachtest Online f\u00fcr Deutsch, Englisch, Spanisch, Italienisch, Franz\u00f6sisch, Russisch, Japanisch Chinesisch, Polnisch, Kroatisch.\" \/>\n<meta property=\"og:url\" content=\"https:\/\/www.sprachschule-aktiv.com\/online-sprachkurse\/einstufungstest-online\/\" \/>\n<meta property=\"og:site_name\" content=\"Online Sprachkurse\" \/>\n<meta property=\"article:modified_time\" content=\"2022-02-01T20:23:37+00:00\" \/>\n<meta name=\"twitter:card\" content=\"summary_large_image\" \/>\n<meta name=\"twitter:label1\" content=\"Gesch\u00e4tzte Lesezeit\" \/>\n\t<meta name=\"twitter:data1\" content=\"1\u00a0Minute\" \/>\n<script type=\"application\/ld+json\" class=\"yoast-schema-graph\">{\"@context\":\"https:\/\/schema.org\",\"@graph\":[{\"@type\":\"WebPage\",\"@id\":\"https:\/\/www.sprachschule-aktiv.com\/online-sprachkurse\/einstufungstest-online\/\",\"url\":\"https:\/\/www.sprachschule-aktiv.com\/online-sprachkurse\/einstufungstest-online\/\",\"name\":\"Gratis Einstufungstests Online - f\u00fcr Deutsch & Fremdsprachen\",\"isPartOf\":{\"@id\":\"https:\/\/www.sprachschule-aktiv.com\/online-sprachkurse\/#website\"},\"datePublished\":\"2021-03-21T06:41:31+00:00\",\"dateModified\":\"2022-02-01T20:23:37+00:00\",\"description\":\"Sprachtest Online f\u00fcr Deutsch, Englisch, Spanisch, Italienisch, Franz\u00f6sisch, Russisch, Japanisch Chinesisch, Polnisch, Kroatisch.\",\"breadcrumb\":{\"@id\":\"https:\/\/www.sprachschule-aktiv.com\/online-sprachkurse\/einstufungstest-online\/#breadcrumb\"},\"inLanguage\":\"de\",\"potentialAction\":[{\"@type\":\"ReadAction\",\"target\":[\"https:\/\/www.sprachschule-aktiv.com\/online-sprachkurse\/einstufungstest-online\/\"]}]},{\"@type\":\"BreadcrumbList\",\"@id\":\"https:\/\/www.sprachschule-aktiv.com\/online-sprachkurse\/einstufungstest-online\/#breadcrumb\",\"itemListElement\":[{\"@type\":\"ListItem\",\"position\":1,\"name\":\"Startseite\",\"item\":\"https:\/\/www.sprachschule-aktiv.com\/online-sprachkurse\/\"},{\"@type\":\"ListItem\",\"position\":2,\"name\":\"Einstufungstests Online &#8211; f\u00fcr Deutsch und Fremdsprachen\"}]},{\"@type\":\"WebSite\",\"@id\":\"https:\/\/www.sprachschule-aktiv.com\/online-sprachkurse\/#website\",\"url\":\"https:\/\/www.sprachschule-aktiv.com\/online-sprachkurse\/\",\"name\":\"Online Sprachkurse\",\"description\":\"\",\"potentialAction\":[{\"@type\":\"SearchAction\",\"target\":{\"@type\":\"EntryPoint\",\"urlTemplate\":\"https:\/\/www.sprachschule-aktiv.com\/online-sprachkurse\/?s={search_term_string}\"},\"query-input\":{\"@type\":\"PropertyValueSpecification\",\"valueRequired\":true,\"valueName\":\"search_term_string\"}}],\"inLanguage\":\"de\"}]}<\/script>\n<!-- \/ Yoast SEO plugin. -->","yoast_head_json":{"title":"Gratis Einstufungstests Online - f\u00fcr Deutsch & Fremdsprachen","description":"Sprachtest Online f\u00fcr Deutsch, Englisch, Spanisch, Italienisch, Franz\u00f6sisch, Russisch, Japanisch Chinesisch, Polnisch, Kroatisch.","robots":{"index":"index","follow":"follow","max-snippet":"max-snippet:-1","max-image-preview":"max-image-preview:large","max-video-preview":"max-video-preview:-1"},"canonical":"https:\/\/www.sprachschule-aktiv.com\/online-sprachkurse\/einstufungstest-online\/","og_locale":"de_DE","og_type":"article","og_title":"Gratis Einstufungstests Online - f\u00fcr Deutsch & Fremdsprachen","og_description":"Sprachtest Online f\u00fcr Deutsch, Englisch, Spanisch, Italienisch, Franz\u00f6sisch, Russisch, Japanisch Chinesisch, Polnisch, Kroatisch.","og_url":"https:\/\/www.sprachschule-aktiv.com\/online-sprachkurse\/einstufungstest-online\/","og_site_name":"Online Sprachkurse","article_modified_time":"2022-02-01T20:23:37+00:00","twitter_card":"summary_large_image","twitter_misc":{"Gesch\u00e4tzte Lesezeit":"1\u00a0Minute"},"schema":{"@context":"https:\/\/schema.org","@graph":[{"@type":"WebPage","@id":"https:\/\/www.sprachschule-aktiv.com\/online-sprachkurse\/einstufungstest-online\/","url":"https:\/\/www.sprachschule-aktiv.com\/online-sprachkurse\/einstufungstest-online\/","name":"Gratis Einstufungstests Online - f\u00fcr Deutsch & Fremdsprachen","isPartOf":{"@id":"https:\/\/www.sprachschule-aktiv.com\/online-sprachkurse\/#website"},"datePublished":"2021-03-21T06:41:31+00:00","dateModified":"2022-02-01T20:23:37+00:00","description":"Sprachtest Online f\u00fcr Deutsch, Englisch, Spanisch, Italienisch, Franz\u00f6sisch, Russisch, Japanisch Chinesisch, Polnisch, Kroatisch.","breadcrumb":{"@id":"https:\/\/www.sprachschule-aktiv.com\/online-sprachkurse\/einstufungstest-online\/#breadcrumb"},"inLanguage":"de","potentialAction":[{"@type":"ReadAction","target":["https:\/\/www.sprachschule-aktiv.com\/online-sprachkurse\/einstufungstest-online\/"]}]},{"@type":"BreadcrumbList","@id":"https:\/\/www.sprachschule-aktiv.com\/online-sprachkurse\/einstufungstest-online\/#breadcrumb","itemListElement":[{"@type":"ListItem","position":1,"name":"Startseite","item":"https:\/\/www.sprachschule-aktiv.com\/online-sprachkurse\/"},{"@type":"ListItem","position":2,"name":"Einstufungstests Online &#8211; f\u00fcr Deutsch und Fremdsprachen"}]},{"@type":"WebSite","@id":"https:\/\/www.sprachschule-aktiv.com\/online-sprachkurse\/#website","url":"https:\/\/www.sprachschule-aktiv.com\/online-sprachkurse\/","name":"Online Sprachkurse","description":"","potentialAction":[{"@type":"SearchAction","target":{"@type":"EntryPoint","urlTemplate":"https:\/\/www.sprachschule-aktiv.com\/online-sprachkurse\/?s={search_term_string}"},"query-input":{"@type":"PropertyValueSpecification","valueRequired":true,"valueName":"search_term_string"}}],"inLanguage":"de"}]}},"_links":{"self":[{"href":"https:\/\/www.sprachschule-aktiv.com\/online-sprachkurse\/wp-json\/wp\/v2\/pages\/285","targetHints":{"allow":["GET"]}}],"collection":[{"href":"https:\/\/www.sprachschule-aktiv.com\/online-sprachkurse\/wp-json\/wp\/v2\/pages"}],"about":[{"href":"https:\/\/www.sprachschule-aktiv.com\/online-sprachkurse\/wp-json\/wp\/v2\/types\/page"}],"author":[{"embeddable":true,"href":"https:\/\/www.sprachschule-aktiv.com\/online-sprachkurse\/wp-json\/wp\/v2\/users\/1"}],"replies":[{"embeddable":true,"href":"https:\/\/www.sprachschule-aktiv.com\/online-sprachkurse\/wp-json\/wp\/v2\/comments?post=285"}],"version-history":[{"count":4,"href":"https:\/\/www.sprachschule-aktiv.com\/online-sprachkurse\/wp-json\/wp\/v2\/pages\/285\/revisions"}],"predecessor-version":[{"id":2020,"href":"https:\/\/www.sprachschule-aktiv.com\/online-sprachkurse\/wp-json\/wp\/v2\/pages\/285\/revisions\/2020"}],"wp:attachment":[{"href":"https:\/\/www.sprachschule-aktiv.com\/online-sprachkurse\/wp-json\/wp\/v2\/media?parent=285"}],"curies":[{"name":"wp","href":"https:\/\/api.w.org\/{rel}","templated":true}]}}