{"id":263,"date":"2021-03-18T06:50:45","date_gmt":"2021-03-18T05:50:45","guid":{"rendered":"https:\/\/www.sprachschule-aktiv.com\/?page_id=259"},"modified":"2025-03-07T06:04:52","modified_gmt":"2025-03-07T05:04:52","slug":"deutsch-privatunterricht-online","status":"publish","type":"page","link":"https:\/\/www.sprachschule-aktiv.com\/online-sprachkurse\/deutsch-privatunterricht-online\/","title":{"rendered":"Deutsch Privatunterricht Online \u2013 Privatlehrer finden &#038; jetzt starten!"},"content":{"rendered":"<p>[vc_row css=&#8221;.vc_custom_1700210010200{margin-top: 40px !important;}&#8221;][vc_column][vc_column_text]<\/p>\n<h2 data-start=\"156\" data-end=\"231\">\ud83d\udcda Deutsch Privatunterricht Online \u2013 Flexibel &amp; individuell lernen!<\/h2>\n<p data-start=\"233\" data-end=\"384\">Lernen Sie Deutsch <strong data-start=\"252\" data-end=\"282\">im Einzelunterricht online<\/strong> \u2013 individuell &amp; auf Ihre Bed\u00fcrfnisse abgestimmt!<br data-start=\"331\" data-end=\"334\" \/>Unsere <strong data-start=\"341\" data-end=\"363\">Online-Privatkurse<\/strong> erm\u00f6glichen Ihnen:<\/p>\n<p data-start=\"386\" data-end=\"567\">\u2705 <strong data-start=\"388\" data-end=\"444\">Lernen im eigenen Tempo &amp; mit pers\u00f6nlicher Betreuung<\/strong><br data-start=\"444\" data-end=\"447\" \/>\u2705 <strong data-start=\"449\" data-end=\"516\">Flexibilit\u00e4t bei Zeit &amp; Ort \u2013 Sie bestimmen den Unterrichtsplan<\/strong><br data-start=\"516\" data-end=\"519\" \/>\u2705 <strong data-start=\"521\" data-end=\"565\">Kostenlose Probestunde &amp; <a href=\"https:\/\/www.sprachschule-aktiv.com\/online-sprachkurse\/deutsch-einstufungstest-von-a1-bis-c2\/\">Einstufungstest<\/a><\/strong><\/p>\n<p data-start=\"569\" data-end=\"669\">\ud83d\udccc <strong data-start=\"572\" data-end=\"611\">F\u00fcr alle Niveaustufen von A1 bis C2<\/strong><br data-start=\"611\" data-end=\"614\" \/>\ud83d\udccc <strong data-start=\"617\" data-end=\"667\">Unterricht mit qualifizierten Muttersprachlern<\/strong><\/p>\n<p data-start=\"671\" data-end=\"736\">\u27a1\ufe0f <strong data-start=\"674\" data-end=\"734\">Jetzt kostenlosen Probeunterricht vereinbaren &amp; starten!<\/strong><\/p>\n<p data-start=\"671\" data-end=\"736\"><img decoding=\"async\" class=\"alignnone size-medium wp-image-1865\" src=\"https:\/\/www.sprachschule-aktiv.com\/wp-content\/uploads\/2021\/10\/deutsch-privatunterricht-online-300x200.jpg\" alt=\"Deutsch Privatunterricht Online - von A1 bis C2\" width=\"300\" height=\"200\" \/><\/p>\n<p data-start=\"671\" data-end=\"736\"><a href=\"https:\/\/www.sprachschule-aktiv.com\/online-sprachkurse\/kontaktieren-sie-uns\/\"><img decoding=\"async\" class=\"alignnone wp-image-375 size-full\" src=\"https:\/\/www.sprachschule-aktiv.com\/wp-content\/uploads\/2021\/03\/anfrage-sprachkurs.png\" alt=\"Anfrage Sprachkurs\" width=\"164\" height=\"55\" \/><\/a><\/p>\n<p>[\/vc_column_text][vc_row_inner][vc_column_inner width=&#8221;1\/2&#8243;][vc_column_text]<iframe src=\"https:\/\/www.youtube.com\/embed\/54-5aCU96MM\" width=\"560\" height=\"315\" frameborder=\"0\" allowfullscreen=\"allowfullscreen\"><\/iframe>[\/vc_column_text][\/vc_column_inner][vc_column_inner width=&#8221;1\/2&#8243;][vc_column_text]<\/p>\n<h2 data-start=\"743\" data-end=\"800\">\ud83d\udca1 Warum einen Online-Privatkurs Deutsch w\u00e4hlen?<\/h2>\n<p data-start=\"802\" data-end=\"890\">Ein <strong data-start=\"806\" data-end=\"820\">Privatkurs<\/strong> bietet Ihnen im Vergleich zu einem Gruppenkurs zahlreiche Vorteile:<\/p>\n<ul data-start=\"892\" data-end=\"1213\">\n<li data-start=\"892\" data-end=\"963\"><strong data-start=\"894\" data-end=\"920\">Individueller Lernplan<\/strong>: Sie lernen genau das, was Sie brauchen.<\/li>\n<li data-start=\"964\" data-end=\"1040\"><strong data-start=\"966\" data-end=\"991\">Maximale Flexibilit\u00e4t<\/strong>: Bestimmen Sie Ihre eigenen Unterrichtszeiten.<\/li>\n<li data-start=\"1041\" data-end=\"1128\"><strong data-start=\"1043\" data-end=\"1070\">Ortsunabh\u00e4ngiges Lernen<\/strong>: Ob zu Hause, im B\u00fcro oder unterwegs \u2013 Sie entscheiden.<\/li>\n<li data-start=\"1129\" data-end=\"1213\"><strong data-start=\"1131\" data-end=\"1158\">Schnellere Fortschritte<\/strong>: Durch pers\u00f6nliche Betreuung lernen Sie effizienter.<\/li>\n<\/ul>\n<p data-start=\"1215\" data-end=\"1300\">\ud83d\udca1 <strong data-start=\"1218\" data-end=\"1298\">Ideal f\u00fcr Berufst\u00e4tige, Pr\u00fcfungsvorbereitung &amp; individuelles Sprachcoaching!<\/strong><\/p>\n<p><a href=\"https:\/\/www.sprachschule-aktiv.com\/online-sprachkurse\/kontaktieren-sie-uns\/\"><img decoding=\"async\" class=\"alignnone wp-image-375 size-full\" src=\"https:\/\/www.sprachschule-aktiv.com\/wp-content\/uploads\/2021\/03\/anfrage-sprachkurs.png\" alt=\"Anfrage Sprachkurs\" width=\"164\" height=\"55\" \/><\/a>[\/vc_column_text][\/vc_column_inner][\/vc_row_inner][vc_column_text]<\/p>\n<h2 data-start=\"1307\" data-end=\"1361\">\ud83d\udcca Niveaustufen: Deutsch lernen von A1 bis C2<\/h2>\n<p data-start=\"1363\" data-end=\"1491\">Unsere Kurse basieren auf dem <strong data-start=\"1393\" data-end=\"1455\">Gemeinsamen Europ\u00e4ischen Referenzrahmen f\u00fcr Sprachen (GER)<\/strong> und sind international anerkannt:<\/p>\n<p data-start=\"1493\" data-end=\"1726\">\u2705 <strong data-start=\"1495\" data-end=\"1517\">A1 &amp; A2 (Anf\u00e4nger)<\/strong> \u2013 Grundkenntnisse &amp; einfache Kommunikation<br data-start=\"1560\" data-end=\"1563\" \/>\u2705 <strong data-start=\"1565\" data-end=\"1595\">B1 &amp; B2 (Fortgeschrittene)<\/strong> \u2013 Fl\u00fcssiges Sprechen &amp; berufsbezogenes Deutsch<br data-start=\"1642\" data-end=\"1645\" \/>\u2705 <strong data-start=\"1647\" data-end=\"1686\">C1 &amp; C2 (Muttersprachliches Niveau)<\/strong> \u2013 Perfekt f\u00fcr Studium, Beruf &amp; Alltag<\/p>\n<p data-start=\"1728\" data-end=\"1827\">\ud83d\udccc <strong data-start=\"1731\" data-end=\"1768\">Nicht sicher, welche Stufe passt?<\/strong><br data-start=\"1768\" data-end=\"1771\" \/>\ud83d\udca1 <strong data-start=\"1774\" data-end=\"1825\">Machen Sie unseren kostenlosen Einstufungstest!<\/strong><\/p>\n<hr data-start=\"1829\" data-end=\"1832\" \/>\n<h2 data-start=\"1834\" data-end=\"1897\">\ud83d\udcdd So funktioniert der Deutsch Privatunterricht Online<\/h2>\n<p data-start=\"1899\" data-end=\"1984\">Unser Online-Einzelunterricht wird <strong data-start=\"1934\" data-end=\"1981\">individuell auf Ihre Bed\u00fcrfnisse abgestimmt<\/strong>:<\/p>\n<p data-start=\"1986\" data-end=\"2293\">\u2705 <strong data-start=\"1988\" data-end=\"2019\">Flexibilit\u00e4t bei Zeit &amp; Ort<\/strong>: Sie bestimmen, wann &amp; wie oft der Unterricht stattfindet.<br data-start=\"2078\" data-end=\"2081\" \/>\u2705 <strong data-start=\"2083\" data-end=\"2107\">Individuelle Inhalte<\/strong>: Lernen Sie genau das, was f\u00fcr Sie relevant ist.<br data-start=\"2156\" data-end=\"2159\" \/>\u2705 <strong data-start=\"2161\" data-end=\"2201\">Live-Unterricht mit Muttersprachlern<\/strong>: Trainieren Sie Aussprache, Grammatik &amp; Sprachgebrauch direkt mit erfahrenen Lehrkr\u00e4ften.<\/p>\n<p data-start=\"2295\" data-end=\"2371\">\ud83d\udccc <strong data-start=\"2298\" data-end=\"2369\">Auf Wunsch kommt Ihr Lehrer auch zu Ihnen nach Hause oder ins B\u00fcro!<\/strong><\/p>\n<hr data-start=\"2373\" data-end=\"2376\" \/>\n<h2 data-start=\"2378\" data-end=\"2440\">\ud83d\udcc5 Preise f\u00fcr unseren Online-Privatunterricht Deutsch<\/h2>\n<p data-start=\"2442\" data-end=\"2509\">\u2728 <strong data-start=\"2444\" data-end=\"2507\">Je mehr Stunden Sie buchen, desto g\u00fcnstiger wird der Preis!<\/strong><\/p>\n<p data-start=\"2511\" data-end=\"2567\">\ud83d\udcb0 <strong data-start=\"2514\" data-end=\"2565\">Preisliste pro Unterrichtseinheit (45 Minuten):<\/strong><\/p>\n<ul data-start=\"2568\" data-end=\"2723\">\n<li data-start=\"2568\" data-end=\"2619\"><strong data-start=\"2570\" data-end=\"2600\">Bis 19 Unterrichtsstunden:<\/strong> 42 \u20ac pro Einheit<\/li>\n<li data-start=\"2620\" data-end=\"2672\"><strong data-start=\"2622\" data-end=\"2653\">20 \u2013 30 Unterrichtsstunden:<\/strong> 40 \u20ac pro Einheit<\/li>\n<li data-start=\"2673\" data-end=\"2723\"><strong data-start=\"2675\" data-end=\"2704\">Ab 30 Unterrichtsstunden:<\/strong> 38 \u20ac pro Einheit<\/li>\n<\/ul>\n<p data-start=\"2725\" data-end=\"2830\">\ud83d\udca1 <strong data-start=\"2728\" data-end=\"2746\">Extra-Vorteil:<\/strong> Sie k\u00f6nnen bis zu <strong data-start=\"2765\" data-end=\"2811\">zwei weitere Personen kostenlos mitbringen<\/strong> \u2013 ohne Aufpreis!<\/p>\n<p data-start=\"2832\" data-end=\"2891\">\ud83d\udccc <strong data-start=\"2835\" data-end=\"2889\">Jetzt anmelden &amp; individuellen Privatkurs starten!<\/strong><\/p>\n<a href=\"https:\/\/www.sprachschule-aktiv.com\/online-sprachkurse\/anmeldung-sprachschule\/\"><img decoding=\"async\" class=\"alignnone wp-image-376 size-full\" src=\"https:\/\/www.sprachschule-aktiv.com\/wp-content\/uploads\/2021\/03\/jetzt-sprachkurs-buchen.png\" alt=\"Anmeldung Sprachkurs\" width=\"239\" height=\"62\" \/><\/a>\n<h2 data-start=\"2898\" data-end=\"2959\"><strong data-start=\"2901\" data-end=\"2957\">\ud83d\udc69\u200d\ud83c\udfeb Deutsch lernen mit erfahrenen Muttersprachlern<\/strong><\/h2>\n<p data-start=\"2961\" data-end=\"3093\">Unsere <strong data-start=\"2968\" data-end=\"2997\">qualifizierten Lehrkr\u00e4fte<\/strong> sind nicht nur <strong data-start=\"3013\" data-end=\"3032\">Muttersprachler<\/strong>, sondern auch <strong data-start=\"3047\" data-end=\"3071\">p\u00e4dagogisch geschult<\/strong>, um den Unterricht:<\/p>\n<p data-start=\"3095\" data-end=\"3234\">\u2705 <strong data-start=\"3097\" data-end=\"3130\">Abwechslungsreich &amp; praxisnah<\/strong> zu gestalten<br data-start=\"3143\" data-end=\"3146\" \/>\u2705 <strong data-start=\"3148\" data-end=\"3175\">Motivierend &amp; effizient<\/strong> aufzubauen<br data-start=\"3186\" data-end=\"3189\" \/>\u2705 <strong data-start=\"3191\" data-end=\"3232\">Individuell auf Ihre Ziele anzupassen<\/strong><\/p>\n<p data-start=\"3236\" data-end=\"3282\">\ud83d\udca1 <strong data-start=\"3239\" data-end=\"3280\">Lernen Sie Deutsch mit Spa\u00df &amp; Erfolg!<\/strong><\/p>\n<hr data-start=\"3284\" data-end=\"3287\" \/>\n<h2 data-start=\"3289\" data-end=\"3343\"><strong data-start=\"3292\" data-end=\"3341\">\ud83c\udf81 Geld-zur\u00fcck-Garantie \u2013 Ohne Risiko buchen!<\/strong><\/h2>\n<p data-start=\"3345\" data-end=\"3435\">\u2705 <strong data-start=\"3347\" data-end=\"3397\">Kostenlose Probestunde \u2013 unverbindlich testen!<\/strong><br data-start=\"3397\" data-end=\"3400\" \/>\u2705 <strong data-start=\"3402\" data-end=\"3433\">100 % Geld-zur\u00fcck-Garantie:<\/strong><\/p>\n<ul data-start=\"3439\" data-end=\"3537\">\n<li data-start=\"3439\" data-end=\"3537\">Falls Sie nach der ersten Stunde nicht weitermachen m\u00f6chten, <strong data-start=\"3502\" data-end=\"3534\">erhalten Sie Ihr Geld zur\u00fcck<\/strong>.<\/li>\n<\/ul>\n<p data-start=\"3539\" data-end=\"3610\">\ud83d\udccc <strong data-start=\"3542\" data-end=\"3608\">Jetzt risikofrei starten &amp; Deutsch im Einzelunterricht lernen!<\/strong><\/p>\n<p>[\/vc_column_text][\/vc_column][\/vc_row]<\/p>\n","protected":false},"excerpt":{"rendered":"<p>[vc_row css=&#8221;.vc_custom_1700210010200{margin-top: 40px !important;}&#8221;][vc_column][vc_column_text] \ud83d\udcda Deutsch Privatunterricht Online \u2013 Flexibel &amp; individuell lernen! Lernen Sie Deutsch im Einzelunterricht online \u2013 individuell &amp; auf Ihre Bed\u00fcrfnisse abgestimmt!Unsere Online-Privatkurse erm\u00f6glichen Ihnen: \u2705 Lernen im eigenen Tempo &amp; mit pers\u00f6nlicher Betreuung\u2705 Flexibilit\u00e4t bei Zeit &amp; Ort \u2013 Sie bestimmen den Unterrichtsplan\u2705 Kostenlose Probestunde &amp; Einstufungstest \ud83d\udccc F\u00fcr alle&hellip; <a class=\"read-more\" href=\"https:\/\/www.sprachschule-aktiv.com\/online-sprachkurse\/deutsch-privatunterricht-online\/\" title=\"Read Deutsch Privatunterricht Online \u2013 Privatlehrer finden &#038; jetzt starten!\">Read more &raquo;<\/a><\/p>\n","protected":false},"author":1,"featured_media":0,"parent":0,"menu_order":0,"comment_status":"closed","ping_status":"closed","template":"","meta":{"footnotes":""},"class_list":["post-263","page","type-page","status-publish","hentry"],"yoast_head":"<!-- This site is optimized with the Yoast SEO plugin v27.1.1 - https:\/\/yoast.com\/product\/yoast-seo-wordpress\/ -->\n<title>Deutsch Privatunterricht Online \u2013 Onlinelehrer jetzt finden!<\/title>\n<meta name=\"description\" content=\"Lernen Sie Deutsch online im Einzelunterricht \u2013 individuell &amp; flexibel. Gratis Probestunde &amp; Muttersprachler. Jetzt Privatkurs starten!\" \/>\n<meta name=\"robots\" content=\"index, follow, max-snippet:-1, max-image-preview:large, max-video-preview:-1\" \/>\n<link rel=\"canonical\" href=\"https:\/\/www.sprachschule-aktiv.com\/online-sprachkurse\/deutsch-privatunterricht-online\/\" \/>\n<meta property=\"og:locale\" content=\"de_DE\" \/>\n<meta property=\"og:type\" content=\"article\" \/>\n<meta property=\"og:title\" content=\"Deutsch Privatunterricht Online \u2013 Onlinelehrer jetzt finden!\" \/>\n<meta property=\"og:description\" content=\"Lernen Sie Deutsch online im Einzelunterricht \u2013 individuell &amp; flexibel. Gratis Probestunde &amp; Muttersprachler. Jetzt Privatkurs starten!\" \/>\n<meta property=\"og:url\" content=\"https:\/\/www.sprachschule-aktiv.com\/online-sprachkurse\/deutsch-privatunterricht-online\/\" \/>\n<meta property=\"og:site_name\" content=\"Online Sprachkurse\" \/>\n<meta property=\"article:modified_time\" content=\"2025-03-07T05:04:52+00:00\" \/>\n<meta name=\"twitter:card\" content=\"summary_large_image\" \/>\n<meta name=\"twitter:label1\" content=\"Gesch\u00e4tzte Lesezeit\" \/>\n\t<meta name=\"twitter:data1\" content=\"4\u00a0Minuten\" \/>\n<script type=\"application\/ld+json\" class=\"yoast-schema-graph\">{\"@context\":\"https:\/\/schema.org\",\"@graph\":[{\"@type\":\"WebPage\",\"@id\":\"https:\/\/www.sprachschule-aktiv.com\/online-sprachkurse\/deutsch-privatunterricht-online\/\",\"url\":\"https:\/\/www.sprachschule-aktiv.com\/online-sprachkurse\/deutsch-privatunterricht-online\/\",\"name\":\"Deutsch Privatunterricht Online \u2013 Onlinelehrer jetzt finden!\",\"isPartOf\":{\"@id\":\"https:\/\/www.sprachschule-aktiv.com\/online-sprachkurse\/#website\"},\"primaryImageOfPage\":{\"@id\":\"https:\/\/www.sprachschule-aktiv.com\/online-sprachkurse\/deutsch-privatunterricht-online\/#primaryimage\"},\"image\":{\"@id\":\"https:\/\/www.sprachschule-aktiv.com\/online-sprachkurse\/deutsch-privatunterricht-online\/#primaryimage\"},\"thumbnailUrl\":\"https:\/\/www.sprachschule-aktiv.com\/wp-content\/uploads\/2021\/10\/deutsch-privatunterricht-online-300x200.jpg\",\"datePublished\":\"2021-03-18T05:50:45+00:00\",\"dateModified\":\"2025-03-07T05:04:52+00:00\",\"description\":\"Lernen Sie Deutsch online im Einzelunterricht \u2013 individuell & flexibel. Gratis Probestunde & Muttersprachler. Jetzt Privatkurs starten!\",\"breadcrumb\":{\"@id\":\"https:\/\/www.sprachschule-aktiv.com\/online-sprachkurse\/deutsch-privatunterricht-online\/#breadcrumb\"},\"inLanguage\":\"de\",\"potentialAction\":[{\"@type\":\"ReadAction\",\"target\":[\"https:\/\/www.sprachschule-aktiv.com\/online-sprachkurse\/deutsch-privatunterricht-online\/\"]}]},{\"@type\":\"ImageObject\",\"inLanguage\":\"de\",\"@id\":\"https:\/\/www.sprachschule-aktiv.com\/online-sprachkurse\/deutsch-privatunterricht-online\/#primaryimage\",\"url\":\"https:\/\/www.sprachschule-aktiv.com\/wp-content\/uploads\/2021\/10\/deutsch-privatunterricht-online-300x200.jpg\",\"contentUrl\":\"https:\/\/www.sprachschule-aktiv.com\/wp-content\/uploads\/2021\/10\/deutsch-privatunterricht-online-300x200.jpg\"},{\"@type\":\"BreadcrumbList\",\"@id\":\"https:\/\/www.sprachschule-aktiv.com\/online-sprachkurse\/deutsch-privatunterricht-online\/#breadcrumb\",\"itemListElement\":[{\"@type\":\"ListItem\",\"position\":1,\"name\":\"Startseite\",\"item\":\"https:\/\/www.sprachschule-aktiv.com\/online-sprachkurse\/\"},{\"@type\":\"ListItem\",\"position\":2,\"name\":\"Deutsch Privatunterricht Online \u2013 Privatlehrer finden &#038; jetzt starten!\"}]},{\"@type\":\"WebSite\",\"@id\":\"https:\/\/www.sprachschule-aktiv.com\/online-sprachkurse\/#website\",\"url\":\"https:\/\/www.sprachschule-aktiv.com\/online-sprachkurse\/\",\"name\":\"Online Sprachkurse\",\"description\":\"\",\"potentialAction\":[{\"@type\":\"SearchAction\",\"target\":{\"@type\":\"EntryPoint\",\"urlTemplate\":\"https:\/\/www.sprachschule-aktiv.com\/online-sprachkurse\/?s={search_term_string}\"},\"query-input\":{\"@type\":\"PropertyValueSpecification\",\"valueRequired\":true,\"valueName\":\"search_term_string\"}}],\"inLanguage\":\"de\"}]}<\/script>\n<!-- \/ Yoast SEO plugin. -->","yoast_head_json":{"title":"Deutsch Privatunterricht Online \u2013 Onlinelehrer jetzt finden!","description":"Lernen Sie Deutsch online im Einzelunterricht \u2013 individuell & flexibel. Gratis Probestunde & Muttersprachler. Jetzt Privatkurs starten!","robots":{"index":"index","follow":"follow","max-snippet":"max-snippet:-1","max-image-preview":"max-image-preview:large","max-video-preview":"max-video-preview:-1"},"canonical":"https:\/\/www.sprachschule-aktiv.com\/online-sprachkurse\/deutsch-privatunterricht-online\/","og_locale":"de_DE","og_type":"article","og_title":"Deutsch Privatunterricht Online \u2013 Onlinelehrer jetzt finden!","og_description":"Lernen Sie Deutsch online im Einzelunterricht \u2013 individuell & flexibel. Gratis Probestunde & Muttersprachler. Jetzt Privatkurs starten!","og_url":"https:\/\/www.sprachschule-aktiv.com\/online-sprachkurse\/deutsch-privatunterricht-online\/","og_site_name":"Online Sprachkurse","article_modified_time":"2025-03-07T05:04:52+00:00","twitter_card":"summary_large_image","twitter_misc":{"Gesch\u00e4tzte Lesezeit":"4\u00a0Minuten"},"schema":{"@context":"https:\/\/schema.org","@graph":[{"@type":"WebPage","@id":"https:\/\/www.sprachschule-aktiv.com\/online-sprachkurse\/deutsch-privatunterricht-online\/","url":"https:\/\/www.sprachschule-aktiv.com\/online-sprachkurse\/deutsch-privatunterricht-online\/","name":"Deutsch Privatunterricht Online \u2013 Onlinelehrer jetzt finden!","isPartOf":{"@id":"https:\/\/www.sprachschule-aktiv.com\/online-sprachkurse\/#website"},"primaryImageOfPage":{"@id":"https:\/\/www.sprachschule-aktiv.com\/online-sprachkurse\/deutsch-privatunterricht-online\/#primaryimage"},"image":{"@id":"https:\/\/www.sprachschule-aktiv.com\/online-sprachkurse\/deutsch-privatunterricht-online\/#primaryimage"},"thumbnailUrl":"https:\/\/www.sprachschule-aktiv.com\/wp-content\/uploads\/2021\/10\/deutsch-privatunterricht-online-300x200.jpg","datePublished":"2021-03-18T05:50:45+00:00","dateModified":"2025-03-07T05:04:52+00:00","description":"Lernen Sie Deutsch online im Einzelunterricht \u2013 individuell & flexibel. Gratis Probestunde & Muttersprachler. Jetzt Privatkurs starten!","breadcrumb":{"@id":"https:\/\/www.sprachschule-aktiv.com\/online-sprachkurse\/deutsch-privatunterricht-online\/#breadcrumb"},"inLanguage":"de","potentialAction":[{"@type":"ReadAction","target":["https:\/\/www.sprachschule-aktiv.com\/online-sprachkurse\/deutsch-privatunterricht-online\/"]}]},{"@type":"ImageObject","inLanguage":"de","@id":"https:\/\/www.sprachschule-aktiv.com\/online-sprachkurse\/deutsch-privatunterricht-online\/#primaryimage","url":"https:\/\/www.sprachschule-aktiv.com\/wp-content\/uploads\/2021\/10\/deutsch-privatunterricht-online-300x200.jpg","contentUrl":"https:\/\/www.sprachschule-aktiv.com\/wp-content\/uploads\/2021\/10\/deutsch-privatunterricht-online-300x200.jpg"},{"@type":"BreadcrumbList","@id":"https:\/\/www.sprachschule-aktiv.com\/online-sprachkurse\/deutsch-privatunterricht-online\/#breadcrumb","itemListElement":[{"@type":"ListItem","position":1,"name":"Startseite","item":"https:\/\/www.sprachschule-aktiv.com\/online-sprachkurse\/"},{"@type":"ListItem","position":2,"name":"Deutsch Privatunterricht Online \u2013 Privatlehrer finden &#038; jetzt starten!"}]},{"@type":"WebSite","@id":"https:\/\/www.sprachschule-aktiv.com\/online-sprachkurse\/#website","url":"https:\/\/www.sprachschule-aktiv.com\/online-sprachkurse\/","name":"Online Sprachkurse","description":"","potentialAction":[{"@type":"SearchAction","target":{"@type":"EntryPoint","urlTemplate":"https:\/\/www.sprachschule-aktiv.com\/online-sprachkurse\/?s={search_term_string}"},"query-input":{"@type":"PropertyValueSpecification","valueRequired":true,"valueName":"search_term_string"}}],"inLanguage":"de"}]}},"_links":{"self":[{"href":"https:\/\/www.sprachschule-aktiv.com\/online-sprachkurse\/wp-json\/wp\/v2\/pages\/263","targetHints":{"allow":["GET"]}}],"collection":[{"href":"https:\/\/www.sprachschule-aktiv.com\/online-sprachkurse\/wp-json\/wp\/v2\/pages"}],"about":[{"href":"https:\/\/www.sprachschule-aktiv.com\/online-sprachkurse\/wp-json\/wp\/v2\/types\/page"}],"author":[{"embeddable":true,"href":"https:\/\/www.sprachschule-aktiv.com\/online-sprachkurse\/wp-json\/wp\/v2\/users\/1"}],"replies":[{"embeddable":true,"href":"https:\/\/www.sprachschule-aktiv.com\/online-sprachkurse\/wp-json\/wp\/v2\/comments?post=263"}],"version-history":[{"count":5,"href":"https:\/\/www.sprachschule-aktiv.com\/online-sprachkurse\/wp-json\/wp\/v2\/pages\/263\/revisions"}],"predecessor-version":[{"id":2277,"href":"https:\/\/www.sprachschule-aktiv.com\/online-sprachkurse\/wp-json\/wp\/v2\/pages\/263\/revisions\/2277"}],"wp:attachment":[{"href":"https:\/\/www.sprachschule-aktiv.com\/online-sprachkurse\/wp-json\/wp\/v2\/media?parent=263"}],"curies":[{"name":"wp","href":"https:\/\/api.w.org\/{rel}","templated":true}]}}