{"id":260,"date":"2021-03-16T09:14:20","date_gmt":"2021-03-16T08:14:20","guid":{"rendered":"http:\/\/sprachschule-aktiv.com\/?page_id=194"},"modified":"2021-03-16T09:14:20","modified_gmt":"2021-03-16T08:14:20","slug":"impressum","status":"publish","type":"page","link":"https:\/\/www.sprachschule-aktiv.com\/online-sprachkurse\/impressum\/","title":{"rendered":"Impressum"},"content":{"rendered":"<p>[vc_row css=&#8221;.vc_custom_1620648928140{margin-top: 40px !important;}&#8221;][vc_column][vc_column_text]<\/p>\n<h2>Impressum, Hinweise &#8211; Sprachschule Aktiv &#8211; Onlinekurse<\/h2>\n<h2>Angaben gem\u00e4\u00df \u00a7 5 TMG:<\/h2>\n<h2>Sprachschule Aktiv<\/h2>\n<p><strong>Gesch\u00e4ftsinhaberin<\/strong>:<br \/>\nKateryna Agostoni<br \/>\nGesch\u00e4ftsinhaberin der Online Deutschkurse Sprachschule Aktiv<br \/>\nUrsberger Str. 4<\/p>\n<p>81673 M\u00fcnchen<\/p>\n<p>E-Mail: mailinfo@sprachschule-aktiv.de<\/p>\n<h2>Kontakt:<\/h2>\n<p>Tel.: +49 1512 3216518<\/p>\n<p>kontakt@sprachschule-aktiv.de<br \/>\nhttps:\/\/www.sprachschule-aktiv.de\/<\/p>\n<h2>Kontakt:<\/h2>\n<p>Tel.: +49 1512 3216518<br \/>\nWhatsApp: +49 1512 3216518<br \/>\nE-Mail: kontakt@sprachschule-aktiv.com<\/p>\n<h2>Umsatzsteuer ID:<\/h2>\n<p>Umsatzsteuer-Identifikationsnummer gem\u00e4\u00df \u00a727 a Umsatzsteuergesetz:<br \/>\nDE 215544934<\/p>\n<h2>Streitschlichtung<\/h2>\n<p>Die Europ\u00e4ische Kommission stellt eine Plattform zur Online-Streitbeilegung (OS) bereit: <a href=\"https:\/\/ec.europa.eu\/consumers\/odr\" target=\"_blank\" rel=\"noopener noreferrer\">https:\/\/ec.europa.eu\/consumers\/odr<\/a><br \/>\nUnsere E-Mail-Adresse finden Sie oben im Impressum.<\/p>\n<p>Wir sind nicht bereit oder verpflichtet, an Streitbeilegungsverfahren vor einer Verbraucherschlichtungsstelle teilzunehmen.<\/p>\n<h2>Haftung f\u00fcr Inhalte<\/h2>\n<p>Als Diensteanbieter sind wir gem\u00e4\u00df \u00a7 7 Abs.1 TMG f\u00fcr eigene Inhalte auf diesen Seiten nach den allgemeinen Gesetzen verantwortlich. Nach \u00a7\u00a7 8 bis 10 TMG sind wir als Diensteanbieter jedoch nicht verpflichtet, \u00fcbermittelte oder gespeicherte fremde Informationen zu \u00fcberwachen oder nach Umst\u00e4nden zu forschen, die auf eine rechtswidrige T\u00e4tigkeit hinweisen.<\/p>\n<p>Verpflichtungen zur Entfernung oder Sperrung der Nutzung von Informationen nach den allgemeinen Gesetzen bleiben hiervon unber\u00fchrt. Eine diesbez\u00fcgliche Haftung ist jedoch erst ab dem Zeitpunkt der Kenntnis einer konkreten Rechtsverletzung m\u00f6glich. Bei Bekanntwerden von entsprechenden Rechtsverletzungen werden wir diese Inhalte umgehend entfernen.<\/p>\n<h2>Haftung f\u00fcr Links<\/h2>\n<p>Unser Angebot enth\u00e4lt Links zu externen Websites Dritter, auf deren Inhalte wir keinen Einfluss haben. Deshalb k\u00f6nnen wir f\u00fcr diese fremden Inhalte auch<br \/>\nkeine Gew\u00e4hr \u00fcbernehmen. F\u00fcr die Inhalte der verlinkten Seiten ist stets der jeweilige Anbieter oder Betreiber der Seiten verantwortlich. Die verlinkten Seiten wurden zum Zeitpunkt der Verlinkung auf m\u00f6gliche Rechtsverst\u00f6\u00dfe \u00fcberpr\u00fcft. Rechtswidrige Inhalte waren zum Zeitpunkt der Verlinkung nicht erkennbar.<\/p>\n<p>Eine permanente inhaltliche Kontrolle der verlinkten Seiten ist jedoch ohne konkrete Anhaltspunkte einer Rechtsverletzung nicht zumutbar. Bei<br \/>\nBekanntwerden von Rechtsverletzungen werden wir derartige Links umgehend entfernen.<\/p>\n<h2>Urheberrecht<\/h2>\n<p>Die durch die Seitenbetreiber erstellten Inhalte und Werke auf diesen Seiten unterliegen dem deutschen Urheberrecht. Die Vervielf\u00e4ltigung, Bearbeitung, Verbreitung und jede Art der Verwertung au\u00dferhalb der Grenzen des Urheberrechtes bed\u00fcrfen der schriftlichen<br \/>\nZustimmung des jeweiligen Autors bzw. Erstellers. Downloads und Kopien dieser Seite sind nur f\u00fcr den privaten, nicht kommerziellen Gebrauch gestattet.<\/p>\n<p>Soweit die Inhalte auf dieser Seite nicht vom Betreiber erstellt wurden, werden die Urheberrechte Dritter beachtet. Insbesondere werden Inhalte<br \/>\nDritter als solche gekennzeichnet. Sollten Sie trotzdem auf eine Urheberrechtsverletzung aufmerksam werden, bitten wir um einen entsprechenden Hinweis. Bei Bekanntwerden von Rechtsverletzungen werden wir derartige Inhalte umgehend entfernen.[\/vc_column_text][vc_column_text]<\/p>\n<h2>Fotonachweise<\/h2>\n<p><a href=\"https:\/\/www.freepik.es\/fotos\/negocios\">Foto de Negocios creado por pressfoto &#8211; www.freepik.es<\/a><br \/>\n<a href=\"https:\/\/www.freepik.es\/fotos\/personas\">Foto de Personas creado por yanalya &#8211; www.freepik.es<\/a><br \/>\n<a href=\"https:\/\/www.freepik.es\/fotos\/negocios\">Foto de Negocios creado por yanalya &#8211; www.freepik.es<\/a><br \/>\n<a href=\"https:\/\/www.freepik.es\/fotos\/musica\">Foto de M\u00fasica creado por yanalya &#8211; www.freepik.es<\/a>[\/vc_column_text][\/vc_column][\/vc_row]<\/p>\n","protected":false},"excerpt":{"rendered":"<p>[vc_row css=&#8221;.vc_custom_1620648928140{margin-top: 40px !important;}&#8221;][vc_column][vc_column_text] Impressum, Hinweise &#8211; Sprachschule Aktiv &#8211; Onlinekurse Angaben gem\u00e4\u00df \u00a7 5 TMG: Sprachschule Aktiv Gesch\u00e4ftsinhaberin: Kateryna Agostoni Gesch\u00e4ftsinhaberin der Online Deutschkurse Sprachschule Aktiv Ursberger Str. 4 81673 M\u00fcnchen E-Mail: mailinfo@sprachschule-aktiv.de Kontakt: Tel.: +49 1512 3216518 kontakt@sprachschule-aktiv.de https:\/\/www.sprachschule-aktiv.de\/ Kontakt: Tel.: +49 1512 3216518 WhatsApp: +49 1512 3216518 E-Mail: kontakt@sprachschule-aktiv.com Umsatzsteuer ID: Umsatzsteuer-Identifikationsnummer&hellip; <a class=\"read-more\" href=\"https:\/\/www.sprachschule-aktiv.com\/online-sprachkurse\/impressum\/\" title=\"Read Impressum\">Read more &raquo;<\/a><\/p>\n","protected":false},"author":1,"featured_media":0,"parent":0,"menu_order":0,"comment_status":"closed","ping_status":"closed","template":"","meta":{"footnotes":""},"class_list":["post-260","page","type-page","status-publish","hentry"],"yoast_head":"<!-- This site is optimized with the Yoast SEO plugin v27.1.1 - https:\/\/yoast.com\/product\/yoast-seo-wordpress\/ -->\n<title>Impressum, Hinweise - Sprachschule Aktiv - Onlinekurse<\/title>\n<meta name=\"description\" content=\"Impressum, Hinweise und allgemeine Informationen \u00fcber unsere Sprachkurse. Telefon, E-Mail und Kontaktperson der Sprachschule Aktiv\" \/>\n<meta name=\"robots\" content=\"index, follow, max-snippet:-1, max-image-preview:large, max-video-preview:-1\" \/>\n<link rel=\"canonical\" href=\"https:\/\/www.sprachschule-aktiv.com\/online-sprachkurse\/impressum\/\" \/>\n<meta property=\"og:locale\" content=\"de_DE\" \/>\n<meta property=\"og:type\" content=\"article\" \/>\n<meta property=\"og:title\" content=\"Impressum, Hinweise - Sprachschule Aktiv - Onlinekurse\" \/>\n<meta property=\"og:description\" content=\"Impressum, Hinweise und allgemeine Informationen \u00fcber unsere Sprachkurse. Telefon, E-Mail und Kontaktperson der Sprachschule Aktiv\" \/>\n<meta property=\"og:url\" content=\"https:\/\/www.sprachschule-aktiv.com\/online-sprachkurse\/impressum\/\" \/>\n<meta property=\"og:site_name\" content=\"Online Sprachkurse\" \/>\n<meta name=\"twitter:card\" content=\"summary_large_image\" \/>\n<meta name=\"twitter:label1\" content=\"Gesch\u00e4tzte Lesezeit\" \/>\n\t<meta name=\"twitter:data1\" content=\"2\u00a0Minuten\" \/>\n<script type=\"application\/ld+json\" class=\"yoast-schema-graph\">{\"@context\":\"https:\/\/schema.org\",\"@graph\":[{\"@type\":\"WebPage\",\"@id\":\"https:\/\/www.sprachschule-aktiv.com\/online-sprachkurse\/impressum\/\",\"url\":\"https:\/\/www.sprachschule-aktiv.com\/online-sprachkurse\/impressum\/\",\"name\":\"Impressum, Hinweise - Sprachschule Aktiv - Onlinekurse\",\"isPartOf\":{\"@id\":\"https:\/\/www.sprachschule-aktiv.com\/online-sprachkurse\/#website\"},\"datePublished\":\"2021-03-16T08:14:20+00:00\",\"description\":\"Impressum, Hinweise und allgemeine Informationen \u00fcber unsere Sprachkurse. Telefon, E-Mail und Kontaktperson der Sprachschule Aktiv\",\"breadcrumb\":{\"@id\":\"https:\/\/www.sprachschule-aktiv.com\/online-sprachkurse\/impressum\/#breadcrumb\"},\"inLanguage\":\"de\",\"potentialAction\":[{\"@type\":\"ReadAction\",\"target\":[\"https:\/\/www.sprachschule-aktiv.com\/online-sprachkurse\/impressum\/\"]}]},{\"@type\":\"BreadcrumbList\",\"@id\":\"https:\/\/www.sprachschule-aktiv.com\/online-sprachkurse\/impressum\/#breadcrumb\",\"itemListElement\":[{\"@type\":\"ListItem\",\"position\":1,\"name\":\"Startseite\",\"item\":\"https:\/\/www.sprachschule-aktiv.com\/online-sprachkurse\/\"},{\"@type\":\"ListItem\",\"position\":2,\"name\":\"Impressum\"}]},{\"@type\":\"WebSite\",\"@id\":\"https:\/\/www.sprachschule-aktiv.com\/online-sprachkurse\/#website\",\"url\":\"https:\/\/www.sprachschule-aktiv.com\/online-sprachkurse\/\",\"name\":\"Online Sprachkurse\",\"description\":\"\",\"potentialAction\":[{\"@type\":\"SearchAction\",\"target\":{\"@type\":\"EntryPoint\",\"urlTemplate\":\"https:\/\/www.sprachschule-aktiv.com\/online-sprachkurse\/?s={search_term_string}\"},\"query-input\":{\"@type\":\"PropertyValueSpecification\",\"valueRequired\":true,\"valueName\":\"search_term_string\"}}],\"inLanguage\":\"de\"}]}<\/script>\n<!-- \/ Yoast SEO plugin. -->","yoast_head_json":{"title":"Impressum, Hinweise - Sprachschule Aktiv - Onlinekurse","description":"Impressum, Hinweise und allgemeine Informationen \u00fcber unsere Sprachkurse. Telefon, E-Mail und Kontaktperson der Sprachschule Aktiv","robots":{"index":"index","follow":"follow","max-snippet":"max-snippet:-1","max-image-preview":"max-image-preview:large","max-video-preview":"max-video-preview:-1"},"canonical":"https:\/\/www.sprachschule-aktiv.com\/online-sprachkurse\/impressum\/","og_locale":"de_DE","og_type":"article","og_title":"Impressum, Hinweise - Sprachschule Aktiv - Onlinekurse","og_description":"Impressum, Hinweise und allgemeine Informationen \u00fcber unsere Sprachkurse. Telefon, E-Mail und Kontaktperson der Sprachschule Aktiv","og_url":"https:\/\/www.sprachschule-aktiv.com\/online-sprachkurse\/impressum\/","og_site_name":"Online Sprachkurse","twitter_card":"summary_large_image","twitter_misc":{"Gesch\u00e4tzte Lesezeit":"2\u00a0Minuten"},"schema":{"@context":"https:\/\/schema.org","@graph":[{"@type":"WebPage","@id":"https:\/\/www.sprachschule-aktiv.com\/online-sprachkurse\/impressum\/","url":"https:\/\/www.sprachschule-aktiv.com\/online-sprachkurse\/impressum\/","name":"Impressum, Hinweise - Sprachschule Aktiv - Onlinekurse","isPartOf":{"@id":"https:\/\/www.sprachschule-aktiv.com\/online-sprachkurse\/#website"},"datePublished":"2021-03-16T08:14:20+00:00","description":"Impressum, Hinweise und allgemeine Informationen \u00fcber unsere Sprachkurse. Telefon, E-Mail und Kontaktperson der Sprachschule Aktiv","breadcrumb":{"@id":"https:\/\/www.sprachschule-aktiv.com\/online-sprachkurse\/impressum\/#breadcrumb"},"inLanguage":"de","potentialAction":[{"@type":"ReadAction","target":["https:\/\/www.sprachschule-aktiv.com\/online-sprachkurse\/impressum\/"]}]},{"@type":"BreadcrumbList","@id":"https:\/\/www.sprachschule-aktiv.com\/online-sprachkurse\/impressum\/#breadcrumb","itemListElement":[{"@type":"ListItem","position":1,"name":"Startseite","item":"https:\/\/www.sprachschule-aktiv.com\/online-sprachkurse\/"},{"@type":"ListItem","position":2,"name":"Impressum"}]},{"@type":"WebSite","@id":"https:\/\/www.sprachschule-aktiv.com\/online-sprachkurse\/#website","url":"https:\/\/www.sprachschule-aktiv.com\/online-sprachkurse\/","name":"Online Sprachkurse","description":"","potentialAction":[{"@type":"SearchAction","target":{"@type":"EntryPoint","urlTemplate":"https:\/\/www.sprachschule-aktiv.com\/online-sprachkurse\/?s={search_term_string}"},"query-input":{"@type":"PropertyValueSpecification","valueRequired":true,"valueName":"search_term_string"}}],"inLanguage":"de"}]}},"_links":{"self":[{"href":"https:\/\/www.sprachschule-aktiv.com\/online-sprachkurse\/wp-json\/wp\/v2\/pages\/260","targetHints":{"allow":["GET"]}}],"collection":[{"href":"https:\/\/www.sprachschule-aktiv.com\/online-sprachkurse\/wp-json\/wp\/v2\/pages"}],"about":[{"href":"https:\/\/www.sprachschule-aktiv.com\/online-sprachkurse\/wp-json\/wp\/v2\/types\/page"}],"author":[{"embeddable":true,"href":"https:\/\/www.sprachschule-aktiv.com\/online-sprachkurse\/wp-json\/wp\/v2\/users\/1"}],"replies":[{"embeddable":true,"href":"https:\/\/www.sprachschule-aktiv.com\/online-sprachkurse\/wp-json\/wp\/v2\/comments?post=260"}],"version-history":[{"count":0,"href":"https:\/\/www.sprachschule-aktiv.com\/online-sprachkurse\/wp-json\/wp\/v2\/pages\/260\/revisions"}],"wp:attachment":[{"href":"https:\/\/www.sprachschule-aktiv.com\/online-sprachkurse\/wp-json\/wp\/v2\/media?parent=260"}],"curies":[{"name":"wp","href":"https:\/\/api.w.org\/{rel}","templated":true}]}}