{"id":259,"date":"2021-03-16T09:03:42","date_gmt":"2021-03-16T08:03:42","guid":{"rendered":"http:\/\/sprachschule-aktiv.com\/?page_id=185"},"modified":"2022-02-02T13:32:24","modified_gmt":"2022-02-02T12:32:24","slug":"allgemeine-geschaeftsbedingungen","status":"publish","type":"page","link":"https:\/\/www.sprachschule-aktiv.com\/online-sprachkurse\/allgemeine-geschaeftsbedingungen\/","title":{"rendered":"Allgemeine Gesch\u00e4ftsbedingungen &#8211; Sprachschule Aktiv"},"content":{"rendered":"<p>[vc_row css=&#8221;.vc_custom_1574675345919{margin-top: 20px !important;}&#8221;][vc_column][vc_column_text]<\/p>\n<h2>Allgemeine Gesch\u00e4ftsbedingungen<\/h2>\n<p>Allgemeine Gesch\u00e4ftsbedingungen.<\/p>\n<h2>1. Allgemeines:<\/h2>\n<p>1. Der Interessent schlie\u00dft durch die Anmeldung einen Vertrag mit der Sprachschule Aktiv. Diese kann durch ein schriftliches Formular oder \u00fcber das Internet erfolgen.<\/p>\n<p>2. Der Kunde verpflichtet sich durch die Anmeldung die Kursgeb\u00fchren entweder in voller H\u00f6he vor Kursbeginn oder in Raten zu bezahlen. Bei Ratenzahlung ist die erste Rate vor Beginn des Kurses f\u00e4llig. Alternativ kann er auch bar vor Kursbeginn bezahlen.<\/p>\n<p>3. Ein Kurs ist nur nach verbindlicher Anmeldung und Bezahlung der Kursgeb\u00fchren gebucht.<\/p>\n<p>4. Die Kursdauer einer Stunde ist normalerweise 45 Minuten, bei Intensivkursen in einer Kleingruppe betr\u00e4gt die Kursdauer 60 Minuten.<\/p>\n<p>5. Anmeldungen, Stornierungen und andere Antr\u00e4ge m\u00fcssen schriftlich erfolgen.<\/p>\n<p>6. Die Sprachschule Aktiv bucht die notwendigen R\u00e4umlichkeiten je nach den Anforderungen des Kurses.<\/p>\n<p>7. Die Durchf\u00fchrung der Kurse erfolgt ausschlie\u00dflich durch muttersprachliche Lehrkr\u00e4fte. Ein Anspruch auf eine bestimmte Lehrkraft besteht nicht.<\/p>\n<p>8. Die Sprachschule Aktiv ist bem\u00fcht, den Lehrstoff so zu gestalten, dass jeder Teilnehmer das angestrebte Ziel erreichen kann. Die Schule \u00fcbernimmt allerdings keine Haftung, wenn ein Sprachziel nicht erreicht oder eine Pr\u00fcfung nicht erfolgreich abgelegt wurde.<\/p>\n<p>9. Die Preise sind ohne deutsche Umsatzsteuer ausgewiesen. Sollten Umsatz- oder Mehrwertsteuer im Ausland anfallen, muss diese der Kunde tragen.<\/p>\n<h2>2. Widerrufsbelehrung und Sonderk\u00fcndigungsrechte<\/h2>\n<p>1. Sie k\u00f6nnen diesen Vertrag innerhalb von vierzehn Tagen ab Vertragsabschluss widerrufen. Dazu m\u00fcssen Sie der Sprachschule Aktiv eine eindeutige Willenserkl\u00e4rung in schriftlicher Form (mit der Post versandter Brief, E-Mail oder Telefax) zukommen lassen. Sie k\u00f6nnen dazu das anh\u00e4ngende Muster verwenden.<\/p>\n<p>Folgen des Widerrufs:<br \/>\nFalls wir bis zum Widerruf schon Leistungen erbracht haben, m\u00fcssen Sie eine entsprechende Entsch\u00e4digung bezahlen, die dem Verh\u00e4ltnis der bereits erbrachten Leistungen zur Gesamtleistung entspricht.<\/p>\n<p>2. Die Kurse werden f\u00fcr einen vorher festgelegten Zeitraum oder f\u00fcr eine bestimmte Stundenanzahl gebucht. Falls die Stunden nicht wahrgenommen oder unterbrochen werden, besteht kein Anspruch auf R\u00fcckzahlung der Kursgeb\u00fchr. Das gesetzliche Widerrufsrecht ist davon nicht betroffen.<\/p>\n<p>3. Sollte der Kurs den Erwartungen des Kursteilnehmers nicht entsprechen, kann er ihn nach der ersten Stunde innerhalb von 24 Stunden stornieren. Die Stornierung muss schriftlich erfolgen.<\/p>\n<p>4. In Ausnahmef\u00e4llen kann die Sprachschule Aktiv die Lehrkraft wechseln. Dies ist kein Grund, den Kurs zu stornieren.<\/p>\n<p>5. Einfach vom Kurs fernzubleiben gilt nicht als Abmeldung. In diesem Fall m\u00fcssen die anfallenden Kursgeb\u00fchren trotzdem bezahlt werden.<\/p>\n<h2>3. Bestimmungen f\u00fcr Firmen-, Privat- und Paarkursen<\/h2>\n<p>1. Bei Firmen-, Paar und Privatkursen k\u00f6nnen die Teilnehmer die Termine mit der Sprachschule Aktiv selbst vereinbaren oder sie mit der jeweils gebuchten Lehrkraft ausmachen.<\/p>\n<p>2. Die Paarkurse bestehen aus 24 Unterrichtseinheiten.<\/p>\n<p>3. Bei Firmen- und Privatkursen k\u00f6nnen die Kursteilnehmer selbst \u00fcber die Anzahl der Stunden bestimmten. Einmal festgelegt ist die Zahl verbindlich. Falls die gebuchte Anzahl nicht in Anspruch genommen werden, hat der Teilnehmer keinen Anspruch auf R\u00fcckerstattung.<\/p>\n<p>4. Sollte der Kursteilnehmer zum vereinbarten Unterrichtstermin verhindert sein, ist er verpflichet, den Termin bis 24 Stunden zuvor abzusagen. Dadurch wird die Stunde verschoben. Geschieht dies nicht, hat der Kursteilnehmer keinen Anspruch darauf, dass der Kursteil nachgeholt wird.<\/p>\n<p>5. Gebuchte Kurse m\u00fcssen innerhalb eines Jahres in Anspruch genommen werden.<\/p>\n<p>6. Die Kurse k\u00f6nnen mit Absprache der Sprachschule auf Dritte \u00fcbertragen werden. Das bedarf der Schriftform.<\/p>\n<h2>4. Bestimmungen f\u00fcr Intensiv- und Gruppenkurse<\/h2>\n<p>1. Gruppenkurse bestehen aus 24 Unterrichtseinheiten, die regelm\u00e4\u00dfig an 12 Terminen durchgef\u00fchrt werden.<\/p>\n<p>2. Die Anfangstermine stehen fest. Allerdings beh\u00e4lt sich die Sprachschule vor, die weiteren Termine zu ver\u00e4ndern oder zu verschieben. Die Kursteilnehmer werden dar\u00fcber rechtzeitig in Kenntnis gesetzt.<\/p>\n<p>3. Wird die angestrebte Teilnehmerzahl nicht erreicht, kann der Kurs storniert oder verschoben werden. Falls der Kursteilnehmer einer Verschiebung nicht zustimmt, erh\u00e4lt er den vollen Kurspreis erstattet.<\/p>\n<p>4. Eine Umbuchung des Kurses ist in Ausnahmef\u00e4llen m\u00f6glich. Der Antrag muss schriftlich erfolgen.<\/p>\n<p>5. W\u00fcnscht der Kursteilnehmer einen Folgekurs zu besuchen, muss er sich daf\u00fcr erneut anmelden.<\/p>\n<h2>5. Bestimmungen f\u00fcr geringe Teilnehmerzahl<\/h2>\n<p>1. Falls die notwendige Teilnehmerzahl nicht erreicht wird, findet der Kurs unter gleichen Zahlungsbedingungen mit verk\u00fcrzter Stundenanzahl statt.<\/p>\n<p>2. Bei Intensivkursen unterrichten wir mit zwei Teilnehmer zwei Unterrichtsstunden \u00e1 60 Minuten.<\/p>\n<p>3. Bei Intensivkursen Deutsch unterrichten wir bei vier bis f\u00fcnf Teilnehmer zwei Unterrichtsstunden \u00e1 60 Minuten am Tag.<\/p>\n<p>4. Bei Gruppenkursen unterrichten wir mit zwei Teilnehmer 20 Unterrichtsstunden \u00e1 45 Minuten.<\/p>\n<h2>6. Deutschkurse<\/h2>\n<p>1. F\u00fcr einen Deutschkurs ist die Sprachschule Aktiv bei der Beschaffung eines Visums zust\u00e4ndig.<\/p>\n<p>2. Falls das Visum abgelehnt wird, beh\u00e4lt die Sprachschule 100 Euro als Aufwandsentsch\u00e4digung ein. Die restlichen Kursgeb\u00fchren erh\u00e4lt der Teilnehmer zur\u00fcck.<\/p>\n<p>3. Wer ein Visum erhalten hat, kann den Deutschkurs nicht stornieren.<\/p>\n<h2>7. Probestunde<\/h2>\n<p>1. Der Teilnehmer hat das Recht, an einer unverbindlichen Probestunde teilzunehmen.<\/p>\n<p>2. Meldet er sich anschlie\u00dfend zu einem Kurs an, wird diese Stunde als normale Kursstunde in Rechnung gestellt.<\/p>\n<p>3. Die Probestunde hat die Dauer einer normalen Unterrichtsstunde.<\/p>\n<p>4. Falls der Interessent nicht zur Probestunde erscheint, wird diese als normale Kursstunde mit 39 Euro in Rechnung gestellt.<\/p>\n<p>5. Die Abmeldung von einer Probestunde muss innerhalb von 24 Stunden vor der Stunde schriftlich erfolgen. Ansonsten muss der Teilnehmer die Stunde bezahlen.<\/p>\n<h2>8. Gutscheine<\/h2>\n<p>Eine Barauszahlung von Gutscheinen ist nicht m\u00f6glich. Allerdings k\u00f6nnen diese mit gebuchten Leistungen verrechnet werden. Die G\u00fcltigkeit betr\u00e4gt zw\u00f6lf Monat ab dem Datum der Ausstellung.<\/p>\n<h2>9. Haftungsausschluss<\/h2>\n<p>1. Die Sprachschule Aktiv \u00fcbernimmt f\u00fcr Sch\u00e4digungen, Unf\u00e4lle, Verletzungen der Kursteilnehmer keine Haftung. Ebenso wenig Erfolg eine Leistungs\u00fcbernahme bei Sch\u00e4digungen des Eigentums w\u00e4hrend des Unterrichts und auf dem Weg von und zur Schule.<\/p>\n<p>2. Sch\u00e4digungen, die durch die Wissensvermittlung entstehen, werden durch die Sprachschule Aktiv ebenfalls nicht \u00fcbernommen.[\/vc_column_text][\/vc_column][\/vc_row]<\/p>\n","protected":false},"excerpt":{"rendered":"<p>[vc_row css=&#8221;.vc_custom_1574675345919{margin-top: 20px !important;}&#8221;][vc_column][vc_column_text] Allgemeine Gesch\u00e4ftsbedingungen Allgemeine Gesch\u00e4ftsbedingungen. 1. Allgemeines: 1. Der Interessent schlie\u00dft durch die Anmeldung einen Vertrag mit der Sprachschule Aktiv. Diese kann durch ein schriftliches Formular oder \u00fcber das Internet erfolgen. 2. Der Kunde verpflichtet sich durch die Anmeldung die Kursgeb\u00fchren entweder in voller H\u00f6he vor Kursbeginn oder in Raten zu bezahlen.&hellip; <a class=\"read-more\" href=\"https:\/\/www.sprachschule-aktiv.com\/online-sprachkurse\/allgemeine-geschaeftsbedingungen\/\" title=\"Read Allgemeine Gesch\u00e4ftsbedingungen &#8211; Sprachschule Aktiv\">Read more &raquo;<\/a><\/p>\n","protected":false},"author":1,"featured_media":0,"parent":0,"menu_order":0,"comment_status":"closed","ping_status":"closed","template":"","meta":{"footnotes":""},"class_list":["post-259","page","type-page","status-publish","hentry"],"yoast_head":"<!-- This site is optimized with the Yoast SEO plugin v27.1.1 - https:\/\/yoast.com\/product\/yoast-seo-wordpress\/ -->\n<title>Allgemeine Gesch\u00e4ftsbedingungen - Sprachschule Aktiv<\/title>\n<meta name=\"description\" content=\"Allgemeine Gesch\u00e4ftsbedingungen der Sprachschule Aktiv. Lernen Sprache in unserer Sprachschule.\" \/>\n<meta name=\"robots\" content=\"index, follow, max-snippet:-1, max-image-preview:large, max-video-preview:-1\" \/>\n<link rel=\"canonical\" href=\"https:\/\/www.sprachschule-aktiv.com\/online-sprachkurse\/allgemeine-geschaeftsbedingungen\/\" \/>\n<meta property=\"og:locale\" content=\"de_DE\" \/>\n<meta property=\"og:type\" content=\"article\" \/>\n<meta property=\"og:title\" content=\"Allgemeine Gesch\u00e4ftsbedingungen - Sprachschule Aktiv\" \/>\n<meta property=\"og:description\" content=\"Allgemeine Gesch\u00e4ftsbedingungen der Sprachschule Aktiv. Lernen Sprache in unserer Sprachschule.\" \/>\n<meta property=\"og:url\" content=\"https:\/\/www.sprachschule-aktiv.com\/online-sprachkurse\/allgemeine-geschaeftsbedingungen\/\" \/>\n<meta property=\"og:site_name\" content=\"Online Sprachkurse\" \/>\n<meta property=\"article:modified_time\" content=\"2022-02-02T12:32:24+00:00\" \/>\n<meta name=\"twitter:card\" content=\"summary_large_image\" \/>\n<meta name=\"twitter:label1\" content=\"Gesch\u00e4tzte Lesezeit\" \/>\n\t<meta name=\"twitter:data1\" content=\"4\u00a0Minuten\" \/>\n<script type=\"application\/ld+json\" class=\"yoast-schema-graph\">{\"@context\":\"https:\/\/schema.org\",\"@graph\":[{\"@type\":\"WebPage\",\"@id\":\"https:\/\/www.sprachschule-aktiv.com\/online-sprachkurse\/allgemeine-geschaeftsbedingungen\/\",\"url\":\"https:\/\/www.sprachschule-aktiv.com\/online-sprachkurse\/allgemeine-geschaeftsbedingungen\/\",\"name\":\"Allgemeine Gesch\u00e4ftsbedingungen - Sprachschule Aktiv\",\"isPartOf\":{\"@id\":\"https:\/\/www.sprachschule-aktiv.com\/online-sprachkurse\/#website\"},\"datePublished\":\"2021-03-16T08:03:42+00:00\",\"dateModified\":\"2022-02-02T12:32:24+00:00\",\"description\":\"Allgemeine Gesch\u00e4ftsbedingungen der Sprachschule Aktiv. Lernen Sprache in unserer Sprachschule.\",\"breadcrumb\":{\"@id\":\"https:\/\/www.sprachschule-aktiv.com\/online-sprachkurse\/allgemeine-geschaeftsbedingungen\/#breadcrumb\"},\"inLanguage\":\"de\",\"potentialAction\":[{\"@type\":\"ReadAction\",\"target\":[\"https:\/\/www.sprachschule-aktiv.com\/online-sprachkurse\/allgemeine-geschaeftsbedingungen\/\"]}]},{\"@type\":\"BreadcrumbList\",\"@id\":\"https:\/\/www.sprachschule-aktiv.com\/online-sprachkurse\/allgemeine-geschaeftsbedingungen\/#breadcrumb\",\"itemListElement\":[{\"@type\":\"ListItem\",\"position\":1,\"name\":\"Startseite\",\"item\":\"https:\/\/www.sprachschule-aktiv.com\/online-sprachkurse\/\"},{\"@type\":\"ListItem\",\"position\":2,\"name\":\"Allgemeine Gesch\u00e4ftsbedingungen &#8211; Sprachschule Aktiv\"}]},{\"@type\":\"WebSite\",\"@id\":\"https:\/\/www.sprachschule-aktiv.com\/online-sprachkurse\/#website\",\"url\":\"https:\/\/www.sprachschule-aktiv.com\/online-sprachkurse\/\",\"name\":\"Online Sprachkurse\",\"description\":\"\",\"potentialAction\":[{\"@type\":\"SearchAction\",\"target\":{\"@type\":\"EntryPoint\",\"urlTemplate\":\"https:\/\/www.sprachschule-aktiv.com\/online-sprachkurse\/?s={search_term_string}\"},\"query-input\":{\"@type\":\"PropertyValueSpecification\",\"valueRequired\":true,\"valueName\":\"search_term_string\"}}],\"inLanguage\":\"de\"}]}<\/script>\n<!-- \/ Yoast SEO plugin. -->","yoast_head_json":{"title":"Allgemeine Gesch\u00e4ftsbedingungen - Sprachschule Aktiv","description":"Allgemeine Gesch\u00e4ftsbedingungen der Sprachschule Aktiv. Lernen Sprache in unserer Sprachschule.","robots":{"index":"index","follow":"follow","max-snippet":"max-snippet:-1","max-image-preview":"max-image-preview:large","max-video-preview":"max-video-preview:-1"},"canonical":"https:\/\/www.sprachschule-aktiv.com\/online-sprachkurse\/allgemeine-geschaeftsbedingungen\/","og_locale":"de_DE","og_type":"article","og_title":"Allgemeine Gesch\u00e4ftsbedingungen - Sprachschule Aktiv","og_description":"Allgemeine Gesch\u00e4ftsbedingungen der Sprachschule Aktiv. Lernen Sprache in unserer Sprachschule.","og_url":"https:\/\/www.sprachschule-aktiv.com\/online-sprachkurse\/allgemeine-geschaeftsbedingungen\/","og_site_name":"Online Sprachkurse","article_modified_time":"2022-02-02T12:32:24+00:00","twitter_card":"summary_large_image","twitter_misc":{"Gesch\u00e4tzte Lesezeit":"4\u00a0Minuten"},"schema":{"@context":"https:\/\/schema.org","@graph":[{"@type":"WebPage","@id":"https:\/\/www.sprachschule-aktiv.com\/online-sprachkurse\/allgemeine-geschaeftsbedingungen\/","url":"https:\/\/www.sprachschule-aktiv.com\/online-sprachkurse\/allgemeine-geschaeftsbedingungen\/","name":"Allgemeine Gesch\u00e4ftsbedingungen - Sprachschule Aktiv","isPartOf":{"@id":"https:\/\/www.sprachschule-aktiv.com\/online-sprachkurse\/#website"},"datePublished":"2021-03-16T08:03:42+00:00","dateModified":"2022-02-02T12:32:24+00:00","description":"Allgemeine Gesch\u00e4ftsbedingungen der Sprachschule Aktiv. Lernen Sprache in unserer Sprachschule.","breadcrumb":{"@id":"https:\/\/www.sprachschule-aktiv.com\/online-sprachkurse\/allgemeine-geschaeftsbedingungen\/#breadcrumb"},"inLanguage":"de","potentialAction":[{"@type":"ReadAction","target":["https:\/\/www.sprachschule-aktiv.com\/online-sprachkurse\/allgemeine-geschaeftsbedingungen\/"]}]},{"@type":"BreadcrumbList","@id":"https:\/\/www.sprachschule-aktiv.com\/online-sprachkurse\/allgemeine-geschaeftsbedingungen\/#breadcrumb","itemListElement":[{"@type":"ListItem","position":1,"name":"Startseite","item":"https:\/\/www.sprachschule-aktiv.com\/online-sprachkurse\/"},{"@type":"ListItem","position":2,"name":"Allgemeine Gesch\u00e4ftsbedingungen &#8211; Sprachschule Aktiv"}]},{"@type":"WebSite","@id":"https:\/\/www.sprachschule-aktiv.com\/online-sprachkurse\/#website","url":"https:\/\/www.sprachschule-aktiv.com\/online-sprachkurse\/","name":"Online Sprachkurse","description":"","potentialAction":[{"@type":"SearchAction","target":{"@type":"EntryPoint","urlTemplate":"https:\/\/www.sprachschule-aktiv.com\/online-sprachkurse\/?s={search_term_string}"},"query-input":{"@type":"PropertyValueSpecification","valueRequired":true,"valueName":"search_term_string"}}],"inLanguage":"de"}]}},"_links":{"self":[{"href":"https:\/\/www.sprachschule-aktiv.com\/online-sprachkurse\/wp-json\/wp\/v2\/pages\/259","targetHints":{"allow":["GET"]}}],"collection":[{"href":"https:\/\/www.sprachschule-aktiv.com\/online-sprachkurse\/wp-json\/wp\/v2\/pages"}],"about":[{"href":"https:\/\/www.sprachschule-aktiv.com\/online-sprachkurse\/wp-json\/wp\/v2\/types\/page"}],"author":[{"embeddable":true,"href":"https:\/\/www.sprachschule-aktiv.com\/online-sprachkurse\/wp-json\/wp\/v2\/users\/1"}],"replies":[{"embeddable":true,"href":"https:\/\/www.sprachschule-aktiv.com\/online-sprachkurse\/wp-json\/wp\/v2\/comments?post=259"}],"version-history":[{"count":1,"href":"https:\/\/www.sprachschule-aktiv.com\/online-sprachkurse\/wp-json\/wp\/v2\/pages\/259\/revisions"}],"predecessor-version":[{"id":1952,"href":"https:\/\/www.sprachschule-aktiv.com\/online-sprachkurse\/wp-json\/wp\/v2\/pages\/259\/revisions\/1952"}],"wp:attachment":[{"href":"https:\/\/www.sprachschule-aktiv.com\/online-sprachkurse\/wp-json\/wp\/v2\/media?parent=259"}],"curies":[{"name":"wp","href":"https:\/\/api.w.org\/{rel}","templated":true}]}}