{"id":258,"date":"2021-03-15T23:50:58","date_gmt":"2021-03-15T22:50:58","guid":{"rendered":"http:\/\/sprachschule-aktiv.com\/?page_id=173"},"modified":"2023-02-15T13:19:49","modified_gmt":"2023-02-15T12:19:49","slug":"anmeldung-sprachschule","status":"publish","type":"page","link":"https:\/\/www.sprachschule-aktiv.com\/online-sprachkurse\/anmeldung-sprachschule\/","title":{"rendered":"Anmeldeformular Sprachkurse \u2013 Jetzt Anmelden!"},"content":{"rendered":"<p>[vc_row css=&#8221;.vc_custom_1615849358044{margin-top: 40px !important;}&#8221;][vc_column][vc_column_text]<\/p>\n<h2>Jetzt buchen!<\/h2>\n<p>[\/vc_column_text][\/vc_column][\/vc_row][vc_row][vc_column]\n<div class=\"wpcf7 no-js\" id=\"wpcf7-f17-o1\" lang=\"de-DE\" dir=\"ltr\" data-wpcf7-id=\"17\">\n<div class=\"screen-reader-response\"><p role=\"status\" aria-live=\"polite\" aria-atomic=\"true\"><\/p> <ul><\/ul><\/div>\n<form action=\"\/online-sprachkurse\/wp-json\/wp\/v2\/pages\/258#wpcf7-f17-o1\" method=\"post\" class=\"wpcf7-form init wpcf7-acceptance-as-validation\" aria-label=\"Kontaktformular\" novalidate=\"novalidate\" data-status=\"init\">\n<fieldset class=\"hidden-fields-container\"><input type=\"hidden\" name=\"_wpcf7\" value=\"17\" \/><input type=\"hidden\" name=\"_wpcf7_version\" value=\"6.1.5\" \/><input type=\"hidden\" name=\"_wpcf7_locale\" value=\"de_DE\" \/><input type=\"hidden\" name=\"_wpcf7_unit_tag\" value=\"wpcf7-f17-o1\" \/><input type=\"hidden\" name=\"_wpcf7_container_post\" value=\"0\" \/><input type=\"hidden\" name=\"_wpcf7_posted_data_hash\" value=\"\" \/><input type=\"hidden\" name=\"_wpcf7_recaptcha_response\" value=\"\" \/>\n<\/fieldset>\n<div class=\"row\">\n\t<div class=\"col-lg-6\">\n\t\t<p><span class=\"wpcf7-form-control-wrap\" data-name=\"Firma\"><input size=\"40\" maxlength=\"400\" class=\"wpcf7-form-control wpcf7-text\" aria-invalid=\"false\" placeholder=\"Firma\" value=\"\" type=\"text\" name=\"Firma\" \/><\/span>\n\t\t<\/p>\n\t<\/div>\n\t<div class=\"col-lg-6\">\n\t\t<p><span class=\"wpcf7-form-control-wrap\" data-name=\"Vorname\"><input size=\"40\" maxlength=\"400\" class=\"wpcf7-form-control wpcf7-text wpcf7-validates-as-required\" aria-required=\"true\" aria-invalid=\"false\" placeholder=\"Vorname*\" value=\"\" type=\"text\" name=\"Vorname\" \/><\/span>\n\t\t<\/p>\n\t<\/div>\n<\/div>\n<div class=\"row\">\n\t<div class=\"col-lg-6\">\n\t\t<p><span class=\"wpcf7-form-control-wrap\" data-name=\"Nachname\"><input size=\"40\" maxlength=\"400\" class=\"wpcf7-form-control wpcf7-text wpcf7-validates-as-required\" aria-required=\"true\" aria-invalid=\"false\" placeholder=\"Nachname*\" value=\"\" type=\"text\" name=\"Nachname\" \/><\/span>\n\t\t<\/p>\n\t<\/div>\n\t<div class=\"col-lg-6\">\n\t\t<p><span class=\"wpcf7-form-control-wrap\" data-name=\"Adresse\"><input size=\"40\" maxlength=\"400\" class=\"wpcf7-form-control wpcf7-text wpcf7-validates-as-required\" aria-required=\"true\" aria-invalid=\"false\" placeholder=\"Adresse*\" value=\"\" type=\"text\" name=\"Adresse\" \/><\/span>\n\t\t<\/p>\n\t<\/div>\n<\/div>\n<div class=\"row\">\n\t<div class=\"col-lg-6\">\n\t\t<p><span class=\"wpcf7-form-control-wrap\" data-name=\"PLZ\"><input size=\"40\" maxlength=\"400\" class=\"wpcf7-form-control wpcf7-text wpcf7-validates-as-required\" aria-required=\"true\" aria-invalid=\"false\" placeholder=\"PLZ\/Ort*\" value=\"\" type=\"text\" name=\"PLZ\" \/><\/span>\n\t\t<\/p>\n\t<\/div>\n\t<div class=\"col-lg-6\">\n\t\t<p><span class=\"wpcf7-form-control-wrap\" data-name=\"Telefon\"><input size=\"40\" maxlength=\"400\" class=\"wpcf7-form-control wpcf7-text wpcf7-validates-as-required\" aria-required=\"true\" aria-invalid=\"false\" placeholder=\"Telefon*\" value=\"\" type=\"text\" name=\"Telefon\" \/><\/span>\n\t\t<\/p>\n\t<\/div>\n<\/div>\n<div class=\"row\">\n\t<div class=\"col-lg-6\">\n\t\t<p><span class=\"wpcf7-form-control-wrap\" data-name=\"Email\"><input size=\"40\" maxlength=\"400\" class=\"wpcf7-form-control wpcf7-email wpcf7-validates-as-required wpcf7-text wpcf7-validates-as-email medium\" aria-required=\"true\" aria-invalid=\"false\" placeholder=\"E-mail*\" value=\"\" type=\"email\" name=\"Email\" \/><\/span>\n\t\t<\/p>\n\t<\/div>\n<\/div>\n<p><B>Kursinformationen: <\/b>\n<\/p>\n<div class=\"row\">\n\t<div class=\"col-lg-6\">\n\t\t<p>Sprache*: <span class=\"wpcf7-form-control-wrap\" data-name=\"Sprache\"><input size=\"40\" maxlength=\"400\" class=\"wpcf7-form-control wpcf7-text wpcf7-validates-as-required\" aria-required=\"true\" aria-invalid=\"false\" placeholder=\"z.B. Deutsch, Englisch, Spanisch\" value=\"\" type=\"text\" name=\"Sprache\" \/><\/span>\n\t\t<\/p>\n\t<\/div>\n\t<div class=\"col-lg-6\">\n\t\t<p>Kursart*: <span class=\"wpcf7-form-control-wrap\" data-name=\"Kursart\"><input size=\"40\" maxlength=\"400\" class=\"wpcf7-form-control wpcf7-text wpcf7-validates-as-required\" aria-required=\"true\" aria-invalid=\"false\" placeholder=\"z.B. Intensivkurs, Abendkurs oder Privatunterricht\" value=\"\" type=\"text\" name=\"Kursart\" \/><\/span>\n\t\t<\/p>\n\t<\/div>\n<\/div>\n<div class=\"row\">\n\t<div class=\"col-lg-6\">\n\t\t<p>Niveau*: <span class=\"wpcf7-form-control-wrap\" data-name=\"niveau\"><select class=\"wpcf7-form-control wpcf7-select wpcf7-validates-as-required\" aria-required=\"true\" aria-invalid=\"false\" name=\"niveau\"><option value=\"\">&#8211; Bitte ausw\u00e4hlen &#8211;<\/option><option value=\"A1.1\">A1.1<\/option><option value=\"A1.2\">A1.2<\/option><option value=\"A2.1\">A2.1<\/option><option value=\"A2.2\">A2.2<\/option><option value=\"B1.1\">B1.1<\/option><option value=\"B1.2\">B1.2<\/option><option value=\"B2.1\">B2.1<\/option><option value=\"B2.2\">B2.2<\/option><option value=\"C1.1\">C1.1<\/option><option value=\"C1.2\">C1.2<\/option><option value=\"C2.1\">C2.1<\/option><option value=\"C2.2\">C2.2<\/option><\/select><\/span>\n\t\t<\/p>\n\t<\/div>\n\t<div class=\"col-lg-6\">\n\t\t<p>Kursbeginn*: <span class=\"wpcf7-form-control-wrap\" data-name=\"Kursbeginn\"><input class=\"wpcf7-form-control wpcf7-date wpcf7-validates-as-required wpcf7-validates-as-date\" aria-required=\"true\" aria-invalid=\"false\" value=\"\" type=\"date\" name=\"Kursbeginn\" \/><\/span>\n\t\t<\/p>\n\t<\/div>\n<\/div>\n<div class=\"row\">\n\t<div class=\"col-lg-6\">\n\t\t<p>Dauer des Kurses*: <span class=\"wpcf7-form-control-wrap\" data-name=\"dauer\"><input size=\"40\" maxlength=\"400\" class=\"wpcf7-form-control wpcf7-text wpcf7-validates-as-required\" aria-required=\"true\" aria-invalid=\"false\" placeholder=\"z.B. 4 Wochen f\u00fcr Intensivkurs\" value=\"\" type=\"text\" name=\"dauer\" \/><\/span>\n\t\t<\/p>\n\t<\/div>\n\t<div class=\"col-lg-6\">\n\t\t<p>Gew\u00fcnschte Stundenzahl: <span class=\"wpcf7-form-control-wrap\" data-name=\"Stundenzahl\"><input size=\"40\" maxlength=\"400\" class=\"wpcf7-form-control wpcf7-text\" aria-invalid=\"false\" value=\"\" type=\"text\" name=\"Stundenzahl\" \/><\/span>\n\t\t<\/p>\n\t<\/div>\n<\/div>\n<p><B>Zahlung:<\/b>\n<\/p>\n<p>Zahlungsmethoden: <span class=\"wpcf7-form-control-wrap\" data-name=\"Zahlung\"><select class=\"wpcf7-form-control wpcf7-select wpcf7-validates-as-required\" aria-required=\"true\" aria-invalid=\"false\" name=\"Zahlung\"><option value=\"Kauf auf Rechnung\">Kauf auf Rechnung<\/option><option value=\"\u00dcberweisung\">\u00dcberweisung<\/option><option value=\"Paypal\">Paypal<\/option><\/select><\/span>\n<\/p>\n<p><B>Bemerkungen, Hinweise<\/b>\n<\/p>\n<p><span class=\"wpcf7-form-control-wrap\" data-name=\"Bemerkungen\"><textarea cols=\"40\" rows=\"10\" maxlength=\"2000\" class=\"wpcf7-form-control wpcf7-textarea\" aria-invalid=\"false\" name=\"Bemerkungen\"><\/textarea><\/span>\n<\/p>\n<div style=\"\">\n\t<p><span class=\"wpcf7-form-control-wrap\" data-name=\"agb\"><span class=\"wpcf7-form-control wpcf7-acceptance\"><span class=\"wpcf7-list-item\"><input type=\"checkbox\" name=\"agb\" value=\"1\" aria-invalid=\"false\" \/><\/span><\/span><\/span> (*) Ich habe die <a href=\"https:\/\/www.sprachschule-aktiv.com\/online-sprachkurse\/allgemeine-geschaeftsbedingungen\/\" target=\"_blank\">Allgemeinen Gesch\u00e4ftsbedingungen<\/a> akzeptiert und habe die Hinweise zum <a href=\"https:\/\/www.sprachschule-aktiv.com\/online-sprachkurse\/datenschutzerklaerung\/\" target=\"_blank\">Datenschutz<\/a> zur Kenntnis genommen.\n\t<\/p>\n<\/div>\n<p><b>Wichtige Information \u2013 Nutzung Ihrer Daten aus diesem Formular<\/b><br \/>\nWichtige Hinweise zum Datenschutz: Ich habe zur Kenntnis genommen, dass ich das Recht auf Auskunft, Korrektur, L\u00f6schung oder Anonymisierung meiner Daten habe. Ihre pers\u00f6nlichen Daten werden in unserer hausinternen Datenbank gespeichert und dienen ausschlie\u00dflich der Bearbeitung Ihrer Anfrage bzw. Anmeldung. Wir geben Ihre pers\u00f6nlichen Daten grunds\u00e4tzlich nicht ohne Ihre Einwilligung an Dritte weiter, sofern dies nicht zur Vertragsdurchf\u00fchrung notwendig ist oder Sie uns dazu auffordern. Weitere Informationen entnehmen Sie bitte unserer <a href=\"https:\/\/www.sprachschule-aktiv.com\/online-sprachkurse\/datenschutzerklaerung\/\" target=\"_blank\">Datenschutzerkl\u00e4rung<\/a>.\n<\/p>\n<p><input class=\"wpcf7-form-control wpcf7-submit has-spinner\" type=\"submit\" value=\"Kostenpflichtig bestellen\" \/>\n<\/p><div class=\"wpcf7-response-output\" aria-hidden=\"true\"><\/div>\n<\/form>\n<\/div>\n[\/vc_column][\/vc_row]<\/p>\n","protected":false},"excerpt":{"rendered":"<p>[vc_row css=&#8221;.vc_custom_1615849358044{margin-top: 40px !important;}&#8221;][vc_column][vc_column_text] Jetzt buchen! [\/vc_column_text][\/vc_column][\/vc_row][vc_row][vc_column][\/vc_column][\/vc_row]<\/p>\n","protected":false},"author":1,"featured_media":0,"parent":0,"menu_order":0,"comment_status":"closed","ping_status":"closed","template":"","meta":{"footnotes":""},"class_list":["post-258","page","type-page","status-publish","hentry"],"yoast_head":"<!-- This site is optimized with the Yoast SEO plugin v27.1.1 - https:\/\/yoast.com\/product\/yoast-seo-wordpress\/ -->\n<title>Anmeldeformular Sprachkurse \u2013 Jetzt Anmelden! - Online Sprachkurse<\/title>\n<meta name=\"robots\" content=\"index, follow, max-snippet:-1, max-image-preview:large, max-video-preview:-1\" \/>\n<link rel=\"canonical\" href=\"https:\/\/www.sprachschule-aktiv.com\/online-sprachkurse\/anmeldung-sprachschule\/\" \/>\n<meta property=\"og:locale\" content=\"de_DE\" \/>\n<meta property=\"og:type\" content=\"article\" \/>\n<meta property=\"og:title\" content=\"Anmeldeformular Sprachkurse \u2013 Jetzt Anmelden! - Online Sprachkurse\" \/>\n<meta property=\"og:description\" content=\"[vc_row css=&#8221;.vc_custom_1615849358044{margin-top: 40px !important;}&#8221;][vc_column][vc_column_text] Jetzt buchen! [\/vc_column_text][\/vc_column][\/vc_row][vc_row][vc_column][\/vc_column][\/vc_row]\" \/>\n<meta property=\"og:url\" content=\"https:\/\/www.sprachschule-aktiv.com\/online-sprachkurse\/anmeldung-sprachschule\/\" \/>\n<meta property=\"og:site_name\" content=\"Online Sprachkurse\" \/>\n<meta property=\"article:modified_time\" content=\"2023-02-15T12:19:49+00:00\" \/>\n<meta name=\"twitter:card\" content=\"summary_large_image\" \/>\n<meta name=\"twitter:label1\" content=\"Gesch\u00e4tzte Lesezeit\" \/>\n\t<meta name=\"twitter:data1\" content=\"1\u00a0Minute\" \/>\n<script type=\"application\/ld+json\" class=\"yoast-schema-graph\">{\"@context\":\"https:\/\/schema.org\",\"@graph\":[{\"@type\":\"WebPage\",\"@id\":\"https:\/\/www.sprachschule-aktiv.com\/online-sprachkurse\/anmeldung-sprachschule\/\",\"url\":\"https:\/\/www.sprachschule-aktiv.com\/online-sprachkurse\/anmeldung-sprachschule\/\",\"name\":\"Anmeldeformular Sprachkurse \u2013 Jetzt Anmelden! - Online Sprachkurse\",\"isPartOf\":{\"@id\":\"https:\/\/www.sprachschule-aktiv.com\/online-sprachkurse\/#website\"},\"datePublished\":\"2021-03-15T22:50:58+00:00\",\"dateModified\":\"2023-02-15T12:19:49+00:00\",\"breadcrumb\":{\"@id\":\"https:\/\/www.sprachschule-aktiv.com\/online-sprachkurse\/anmeldung-sprachschule\/#breadcrumb\"},\"inLanguage\":\"de\",\"potentialAction\":[{\"@type\":\"ReadAction\",\"target\":[\"https:\/\/www.sprachschule-aktiv.com\/online-sprachkurse\/anmeldung-sprachschule\/\"]}]},{\"@type\":\"BreadcrumbList\",\"@id\":\"https:\/\/www.sprachschule-aktiv.com\/online-sprachkurse\/anmeldung-sprachschule\/#breadcrumb\",\"itemListElement\":[{\"@type\":\"ListItem\",\"position\":1,\"name\":\"Startseite\",\"item\":\"https:\/\/www.sprachschule-aktiv.com\/online-sprachkurse\/\"},{\"@type\":\"ListItem\",\"position\":2,\"name\":\"Anmeldeformular Sprachkurse \u2013 Jetzt Anmelden!\"}]},{\"@type\":\"WebSite\",\"@id\":\"https:\/\/www.sprachschule-aktiv.com\/online-sprachkurse\/#website\",\"url\":\"https:\/\/www.sprachschule-aktiv.com\/online-sprachkurse\/\",\"name\":\"Online Sprachkurse\",\"description\":\"\",\"potentialAction\":[{\"@type\":\"SearchAction\",\"target\":{\"@type\":\"EntryPoint\",\"urlTemplate\":\"https:\/\/www.sprachschule-aktiv.com\/online-sprachkurse\/?s={search_term_string}\"},\"query-input\":{\"@type\":\"PropertyValueSpecification\",\"valueRequired\":true,\"valueName\":\"search_term_string\"}}],\"inLanguage\":\"de\"}]}<\/script>\n<!-- \/ Yoast SEO plugin. -->","yoast_head_json":{"title":"Anmeldeformular Sprachkurse \u2013 Jetzt Anmelden! - Online Sprachkurse","robots":{"index":"index","follow":"follow","max-snippet":"max-snippet:-1","max-image-preview":"max-image-preview:large","max-video-preview":"max-video-preview:-1"},"canonical":"https:\/\/www.sprachschule-aktiv.com\/online-sprachkurse\/anmeldung-sprachschule\/","og_locale":"de_DE","og_type":"article","og_title":"Anmeldeformular Sprachkurse \u2013 Jetzt Anmelden! - Online Sprachkurse","og_description":"[vc_row css=&#8221;.vc_custom_1615849358044{margin-top: 40px !important;}&#8221;][vc_column][vc_column_text] Jetzt buchen! [\/vc_column_text][\/vc_column][\/vc_row][vc_row][vc_column][\/vc_column][\/vc_row]","og_url":"https:\/\/www.sprachschule-aktiv.com\/online-sprachkurse\/anmeldung-sprachschule\/","og_site_name":"Online Sprachkurse","article_modified_time":"2023-02-15T12:19:49+00:00","twitter_card":"summary_large_image","twitter_misc":{"Gesch\u00e4tzte Lesezeit":"1\u00a0Minute"},"schema":{"@context":"https:\/\/schema.org","@graph":[{"@type":"WebPage","@id":"https:\/\/www.sprachschule-aktiv.com\/online-sprachkurse\/anmeldung-sprachschule\/","url":"https:\/\/www.sprachschule-aktiv.com\/online-sprachkurse\/anmeldung-sprachschule\/","name":"Anmeldeformular Sprachkurse \u2013 Jetzt Anmelden! - Online Sprachkurse","isPartOf":{"@id":"https:\/\/www.sprachschule-aktiv.com\/online-sprachkurse\/#website"},"datePublished":"2021-03-15T22:50:58+00:00","dateModified":"2023-02-15T12:19:49+00:00","breadcrumb":{"@id":"https:\/\/www.sprachschule-aktiv.com\/online-sprachkurse\/anmeldung-sprachschule\/#breadcrumb"},"inLanguage":"de","potentialAction":[{"@type":"ReadAction","target":["https:\/\/www.sprachschule-aktiv.com\/online-sprachkurse\/anmeldung-sprachschule\/"]}]},{"@type":"BreadcrumbList","@id":"https:\/\/www.sprachschule-aktiv.com\/online-sprachkurse\/anmeldung-sprachschule\/#breadcrumb","itemListElement":[{"@type":"ListItem","position":1,"name":"Startseite","item":"https:\/\/www.sprachschule-aktiv.com\/online-sprachkurse\/"},{"@type":"ListItem","position":2,"name":"Anmeldeformular Sprachkurse \u2013 Jetzt Anmelden!"}]},{"@type":"WebSite","@id":"https:\/\/www.sprachschule-aktiv.com\/online-sprachkurse\/#website","url":"https:\/\/www.sprachschule-aktiv.com\/online-sprachkurse\/","name":"Online Sprachkurse","description":"","potentialAction":[{"@type":"SearchAction","target":{"@type":"EntryPoint","urlTemplate":"https:\/\/www.sprachschule-aktiv.com\/online-sprachkurse\/?s={search_term_string}"},"query-input":{"@type":"PropertyValueSpecification","valueRequired":true,"valueName":"search_term_string"}}],"inLanguage":"de"}]}},"_links":{"self":[{"href":"https:\/\/www.sprachschule-aktiv.com\/online-sprachkurse\/wp-json\/wp\/v2\/pages\/258","targetHints":{"allow":["GET"]}}],"collection":[{"href":"https:\/\/www.sprachschule-aktiv.com\/online-sprachkurse\/wp-json\/wp\/v2\/pages"}],"about":[{"href":"https:\/\/www.sprachschule-aktiv.com\/online-sprachkurse\/wp-json\/wp\/v2\/types\/page"}],"author":[{"embeddable":true,"href":"https:\/\/www.sprachschule-aktiv.com\/online-sprachkurse\/wp-json\/wp\/v2\/users\/1"}],"replies":[{"embeddable":true,"href":"https:\/\/www.sprachschule-aktiv.com\/online-sprachkurse\/wp-json\/wp\/v2\/comments?post=258"}],"version-history":[{"count":2,"href":"https:\/\/www.sprachschule-aktiv.com\/online-sprachkurse\/wp-json\/wp\/v2\/pages\/258\/revisions"}],"predecessor-version":[{"id":2139,"href":"https:\/\/www.sprachschule-aktiv.com\/online-sprachkurse\/wp-json\/wp\/v2\/pages\/258\/revisions\/2139"}],"wp:attachment":[{"href":"https:\/\/www.sprachschule-aktiv.com\/online-sprachkurse\/wp-json\/wp\/v2\/media?parent=258"}],"curies":[{"name":"wp","href":"https:\/\/api.w.org\/{rel}","templated":true}]}}