{"id":207,"date":"2021-09-16T09:40:28","date_gmt":"2021-09-16T07:40:28","guid":{"rendered":"https:\/\/www.sprachschule-aktiv.com\/online-sprachkurse\/?page_id=207"},"modified":"2023-06-15T21:56:42","modified_gmt":"2023-06-15T19:56:42","slug":"thailaendischkurs-online","status":"publish","type":"page","link":"https:\/\/www.sprachschule-aktiv.com\/online-sprachkurse\/thailaendischkurs-online\/","title":{"rendered":"Thail\u00e4ndischkurs Online A1, A2, B1, B2, C1, C2 &#8211; Thail\u00e4ndisch lernen Online"},"content":{"rendered":"<p>[vc_row css=&#8221;.vc_custom_1631778025650{margin-top: 25px !important;}&#8221;][vc_column][vc_column_text]Online Thail\u00e4ndisch lernen in Privat-, Abend- und Intensivkursen. Thail\u00e4ndischkurs Online mit muttersprachlichen Lehrkr\u00e4ften und gratis Probestunde!<\/p>\n<p>Online Thail\u00e4ndisch lernen in Gruppen-, Privat- oder Firmenkursen auf allen Niveaustufen A1, A2, B1, B2, C1 und C2. Die Sprachschule Aktiv bietet f\u00fcr Anf\u00e4nger und Fortgeschrittene Online Sprachkurse Thail\u00e4ndisch mit p\u00e4dagogisch geschulten, muttersprachlichen Lehrkr\u00e4ften an.<\/p>\n<a href=\"https:\/\/www.sprachschule-aktiv.com\/online-sprachkurse\/kontakt\/\"><img decoding=\"async\" class=\"alignnone size-full wp-image-105\" src=\"https:\/\/www.sprachschule-aktiv.com\/online-sprachkurse\/wp-content\/uploads\/2021\/09\/anfrage-sprachkurs.png\" alt=\"Sprachkurse online - Lernen Sprache online mit Sprachschule Aktiv\" width=\"164\" height=\"55\" \/><\/a>\n<h2>Qualifizierte Muttersprachler unterrichten in unseren Thail\u00e4ndisch Onlinekursen<\/h2>\n<p>Wenn Sie sich f\u00fcr einen Thail\u00e4ndisch Onlinekurs entscheiden, ist Ihr Kursleiter immer ein qualifizierter und erfahrener Muttersprachler, der sowohl \u00fcber einen Studienabschluss als auch \u00fcber p\u00e4dagogische Kenntnisse verf\u00fcgt. Ihr Dozent gestaltet den Unterricht mit modernsten didaktischen Methoden, sodass Sie motiviert und mit Spa\u00df Ihre Sprachkenntnisse erweitern.<\/p>\n<p>Dadurch, dass Sie von Beginn an von einem muttersprachlichen Lehrer unterrichtet werden, erhalten Sie ein sprachliches Vorbild, an dem Sie sich orientieren k\u00f6nnen. Unsere Dozenten geben auch immer gern viele interessante Informationen \u00fcber das Land und die Kultur an die Teilnehmer weiter.<\/p>\n<h2>F\u00fcr einen Thail\u00e4ndisch Online Sprachkurs ben\u00f6tigen Sie keine spezielle Technik<\/h2>\n<p>Sie ben\u00f6tigen keine spezielle technische Ausr\u00fcstung, um an einem unserer Thail\u00e4ndisch Online Sprachkurse teilzunehmen. Es reicht ein Computer, ein Laptop, ein Tablet oder auch nur ein Smartphone, an dem ein Mikrofon und eventuell eine Kamera angebracht sind. Zus\u00e4tzlich sollten Sie \u00fcber eine stabile Internetverbindung verf\u00fcgen.<\/p>\n<h2>Preise und Termine unserer verschiedenen Online Thail\u00e4ndischkurse<\/h2>\n<p>An unserer Sprachschule k\u00f6nnen Sie Thail\u00e4ndisch online in Intensiv-, Abend-, Privat- oder Firmenkursen lernen.<\/p>\n<h2>Online Thail\u00e4ndisch Intensivkurs<\/h2>\n<p>Bei einem Intensivkurs verbessern Sie z\u00fcgig Ihre Sprachkenntnisse.<\/p>\n<p><strong>Unterrichtszeiten:<\/strong> montags bis freitags von 09:00 Uhr bis 12:00 Uhr<\/p>\n<p><strong>Starttermine:<\/strong> am ersten Montag des Monats<\/p>\n<p><strong>Kursdauer:<\/strong> 1 bis 4 Wochen<\/p>\n<p><strong>Sprachniveau:<\/strong> von A1 bis C2<\/p>\n<p><strong>Preise:<\/strong><\/p>\n<p>Eine Woche kostet 239 Euro.<\/p>\n<p>Zwei Wochen kosten 439 Euro.<\/p>\n<p>Drei Wochen kosten 599 Euro.<\/p>\n<p>Vier Wochen kosten 749 Euro.<\/p>\n<a href=\"https:\/\/www.sprachschule-aktiv.com\/online-sprachkurse\/anmeldung-sprachschule\/\"><img decoding=\"async\" class=\"alignnone size-full wp-image-104\" src=\"https:\/\/www.sprachschule-aktiv.com\/online-sprachkurse\/wp-content\/uploads\/2021\/09\/jetzt-sprachkurs-buchen.png\" alt=\"Inscr\u00edbete en nuestros cursos online con Sprachschule Aktiv\" width=\"239\" height=\"62\" \/><\/a>\n<h2>Abendkurs Thail\u00e4ndisch online<\/h2>\n<p>Einen Abendkurs k\u00f6nnen Sie neben der Arbeit oder dem Studium besuchen, da der Unterricht nur einmal in der Woche f\u00fcr jeweils 90 Minuten stattfindet.<\/p>\n<p><strong>Start:<\/strong> am ersten Dienstag im Monat<\/p>\n<p><strong>Termine:<\/strong> Jeden Dienstag von 19:00 bis 20:30 Uhr<\/p>\n<p><strong>Kursdauer:<\/strong> 12 Wochen\/90 Minuten pro Woche<\/p>\n<p><strong>Kosten:<\/strong> 279 \u20ac<\/p>\n<a href=\"https:\/\/www.sprachschule-aktiv.com\/online-sprachkurse\/anmeldung-sprachschule\/\"><img decoding=\"async\" class=\"alignnone size-full wp-image-104\" src=\"https:\/\/www.sprachschule-aktiv.com\/online-sprachkurse\/wp-content\/uploads\/2021\/09\/jetzt-sprachkurs-buchen.png\" alt=\"Inscr\u00edbete en nuestros cursos online con Sprachschule Aktiv\" width=\"239\" height=\"62\" \/><\/a>\n<h2>Thail\u00e4ndisch Privatunterricht online<\/h2>\n<p>Bei einem Privatunterricht gestalten Sie den Kurs sowohl inhaltlich wie auch zeitlich ganz nach Ihren W\u00fcnschen.<\/p>\n<p><strong>Kosten:<\/strong><\/p>\n<p>1 \u2013 19 Unterrichtsstunden: Sie zahlen 42 Euro pro Unterrichtsstunde<\/p>\n<p>20 \u2013 29 Unterrichtsstunden: Sie zahlen 40 Euro pro Unterrichtsstunde<\/p>\n<p>ab 30 Unterrichtsstunden zahlen Sie 38 Euro pro Unterrichtsstunde<\/p>\n<p>Sie k\u00f6nnen bis zu zwei Kollegen oder Freunde in Ihren Privatunterricht mitbringen, ohne dass sich der Preis erh\u00f6ht.<\/p>\n<a href=\"https:\/\/www.sprachschule-aktiv.com\/online-sprachkurse\/anmeldung-sprachschule\/\"><img decoding=\"async\" class=\"alignnone size-full wp-image-104\" src=\"https:\/\/www.sprachschule-aktiv.com\/online-sprachkurse\/wp-content\/uploads\/2021\/09\/jetzt-sprachkurs-buchen.png\" alt=\"Inscr\u00edbete en nuestros cursos online con Sprachschule Aktiv\" width=\"239\" height=\"62\" \/><\/a>\n<h2>Online Thail\u00e4ndischkurs f\u00fcr Firmen<\/h2>\n<p>Ein Firmenkurs Thail\u00e4ndisch wird ganz individuell auf die Bed\u00fcrfnisse der jeweiligen Firma und deren Mitarbeiter hin konzipiert.<\/p>\n<p><strong>Kursbeginn:<\/strong> jederzeit m\u00f6glich<\/p>\n<p><strong>Termine:<\/strong> gem\u00e4\u00df Ihren Vorgaben<\/p>\n<p><strong>Preise f\u00fcr 1 bis 10 Teilnehmern:<\/strong><\/p>\n<p>1 \u2013 29 Unterrichtsstunden: Sie zahlen 49 Euro pro Stunde<\/p>\n<p>ab 30 Stunden zahlen Sie f\u00fcr eine Unterrichtsstunde nur noch 45 Euro<\/p>\n<a href=\"https:\/\/www.sprachschule-aktiv.com\/online-sprachkurse\/anmeldung-sprachschule\/\"><img decoding=\"async\" class=\"alignnone size-full wp-image-104\" src=\"https:\/\/www.sprachschule-aktiv.com\/online-sprachkurse\/wp-content\/uploads\/2021\/09\/jetzt-sprachkurs-buchen.png\" alt=\"Inscr\u00edbete en nuestros cursos online con Sprachschule Aktiv\" width=\"239\" height=\"62\" \/><\/a>\n<h2>Alle Vorteile eines Thail\u00e4ndisch Onlinekurses auf einen Blick<\/h2>\n<ul>\n<li>Sprachkurs Thail\u00e4ndisch inklusive kostenloser Probestunde<\/li>\n<li>Geld-Zur\u00fcck-Garantie<\/li>\n<li>kostenloser Einstufungstest<\/li>\n<li>g\u00fcnstige Kursgeb\u00fchren (Ratenzahlung m\u00f6glich)<\/li>\n<li>Qualifizierte Muttersprachler als Lehrkr\u00e4fte<\/li>\n<li>Teilnehmerzertifikat<\/li>\n<li>kleine Gruppen und angenehme Lernatmosph\u00e4re<\/li>\n<li>Zeit- und Kostenersparnis in Bezug auf die Anfahrt<\/li>\n<\/ul>\n<p>[\/vc_column_text][\/vc_column][\/vc_row]<\/p>\n","protected":false},"excerpt":{"rendered":"<p>[vc_row css=&#8221;.vc_custom_1631778025650{margin-top: 25px !important;}&#8221;][vc_column][vc_column_text]Online Thail\u00e4ndisch lernen in Privat-, Abend- und Intensivkursen. Thail\u00e4ndischkurs Online mit muttersprachlichen Lehrkr\u00e4ften und gratis Probestunde! Online Thail\u00e4ndisch lernen in Gruppen-, Privat- oder Firmenkursen auf allen Niveaustufen A1, A2, B1, B2, C1 und C2. Die Sprachschule Aktiv bietet f\u00fcr Anf\u00e4nger und Fortgeschrittene Online Sprachkurse Thail\u00e4ndisch mit p\u00e4dagogisch geschulten, muttersprachlichen Lehrkr\u00e4ften an. Qualifizierte&hellip; <a class=\"read-more\" href=\"https:\/\/www.sprachschule-aktiv.com\/online-sprachkurse\/thailaendischkurs-online\/\" title=\"Read Thail\u00e4ndischkurs Online A1, A2, B1, B2, C1, C2 &#8211; Thail\u00e4ndisch lernen Online\">Read more &raquo;<\/a><\/p>\n","protected":false},"author":1,"featured_media":0,"parent":0,"menu_order":0,"comment_status":"closed","ping_status":"closed","template":"","meta":{"footnotes":""},"class_list":["post-207","page","type-page","status-publish","hentry"],"yoast_head":"<!-- This site is optimized with the Yoast SEO plugin v27.1.1 - https:\/\/yoast.com\/product\/yoast-seo-wordpress\/ -->\n<title>Thailaendischkurs Online von A1 bis C2 \u2013 Arabisch Online lernen<\/title>\n<meta name=\"description\" content=\"Thailaendisch Onlinekurse f\u00fcr Anf\u00e4nger &amp; Fortgeschrittene. Thailaendisch lernen Online in Intensiv-, Privat- &amp; Abendkursen. Gratis Probestunde!\" \/>\n<meta name=\"robots\" content=\"index, follow, max-snippet:-1, max-image-preview:large, max-video-preview:-1\" \/>\n<link rel=\"canonical\" href=\"https:\/\/www.sprachschule-aktiv.com\/online-sprachkurse\/thailaendischkurs-online\/\" \/>\n<meta property=\"og:locale\" content=\"de_DE\" \/>\n<meta property=\"og:type\" content=\"article\" \/>\n<meta property=\"og:title\" content=\"Thailaendischkurs Online von A1 bis C2 \u2013 Arabisch Online lernen\" \/>\n<meta property=\"og:description\" content=\"Thailaendisch Onlinekurse f\u00fcr Anf\u00e4nger &amp; Fortgeschrittene. Thailaendisch lernen Online in Intensiv-, Privat- &amp; Abendkursen. Gratis Probestunde!\" \/>\n<meta property=\"og:url\" content=\"https:\/\/www.sprachschule-aktiv.com\/online-sprachkurse\/thailaendischkurs-online\/\" \/>\n<meta property=\"og:site_name\" content=\"Online Sprachkurse\" \/>\n<meta property=\"article:modified_time\" content=\"2023-06-15T19:56:42+00:00\" \/>\n<meta property=\"og:image\" content=\"https:\/\/www.sprachschule-aktiv.com\/online-sprachkurse\/wp-content\/uploads\/2021\/09\/anfrage-sprachkurs.png\" \/>\n<meta name=\"twitter:card\" content=\"summary_large_image\" \/>\n<meta name=\"twitter:label1\" content=\"Gesch\u00e4tzte Lesezeit\" \/>\n\t<meta name=\"twitter:data1\" content=\"3\u00a0Minuten\" \/>\n<script type=\"application\/ld+json\" class=\"yoast-schema-graph\">{\"@context\":\"https:\/\/schema.org\",\"@graph\":[{\"@type\":\"WebPage\",\"@id\":\"https:\/\/www.sprachschule-aktiv.com\/online-sprachkurse\/thailaendischkurs-online\/\",\"url\":\"https:\/\/www.sprachschule-aktiv.com\/online-sprachkurse\/thailaendischkurs-online\/\",\"name\":\"Thailaendischkurs Online von A1 bis C2 \u2013 Arabisch Online lernen\",\"isPartOf\":{\"@id\":\"https:\/\/www.sprachschule-aktiv.com\/online-sprachkurse\/#website\"},\"primaryImageOfPage\":{\"@id\":\"https:\/\/www.sprachschule-aktiv.com\/online-sprachkurse\/thailaendischkurs-online\/#primaryimage\"},\"image\":{\"@id\":\"https:\/\/www.sprachschule-aktiv.com\/online-sprachkurse\/thailaendischkurs-online\/#primaryimage\"},\"thumbnailUrl\":\"https:\/\/www.sprachschule-aktiv.com\/online-sprachkurse\/wp-content\/uploads\/2021\/09\/anfrage-sprachkurs.png\",\"datePublished\":\"2021-09-16T07:40:28+00:00\",\"dateModified\":\"2023-06-15T19:56:42+00:00\",\"description\":\"Thailaendisch Onlinekurse f\u00fcr Anf\u00e4nger & Fortgeschrittene. Thailaendisch lernen Online in Intensiv-, Privat- & Abendkursen. Gratis Probestunde!\",\"breadcrumb\":{\"@id\":\"https:\/\/www.sprachschule-aktiv.com\/online-sprachkurse\/thailaendischkurs-online\/#breadcrumb\"},\"inLanguage\":\"de\",\"potentialAction\":[{\"@type\":\"ReadAction\",\"target\":[\"https:\/\/www.sprachschule-aktiv.com\/online-sprachkurse\/thailaendischkurs-online\/\"]}]},{\"@type\":\"ImageObject\",\"inLanguage\":\"de\",\"@id\":\"https:\/\/www.sprachschule-aktiv.com\/online-sprachkurse\/thailaendischkurs-online\/#primaryimage\",\"url\":\"https:\/\/www.sprachschule-aktiv.com\/online-sprachkurse\/wp-content\/uploads\/2021\/09\/anfrage-sprachkurs.png\",\"contentUrl\":\"https:\/\/www.sprachschule-aktiv.com\/online-sprachkurse\/wp-content\/uploads\/2021\/09\/anfrage-sprachkurs.png\",\"width\":164,\"height\":55,\"caption\":\"Sprachkurse online - Lernen Sprache online mit Sprachschule Aktiv\"},{\"@type\":\"BreadcrumbList\",\"@id\":\"https:\/\/www.sprachschule-aktiv.com\/online-sprachkurse\/thailaendischkurs-online\/#breadcrumb\",\"itemListElement\":[{\"@type\":\"ListItem\",\"position\":1,\"name\":\"Startseite\",\"item\":\"https:\/\/www.sprachschule-aktiv.com\/online-sprachkurse\/\"},{\"@type\":\"ListItem\",\"position\":2,\"name\":\"Thail\u00e4ndischkurs Online A1, A2, B1, B2, C1, C2 &#8211; Thail\u00e4ndisch lernen Online\"}]},{\"@type\":\"WebSite\",\"@id\":\"https:\/\/www.sprachschule-aktiv.com\/online-sprachkurse\/#website\",\"url\":\"https:\/\/www.sprachschule-aktiv.com\/online-sprachkurse\/\",\"name\":\"Online Sprachkurse\",\"description\":\"\",\"potentialAction\":[{\"@type\":\"SearchAction\",\"target\":{\"@type\":\"EntryPoint\",\"urlTemplate\":\"https:\/\/www.sprachschule-aktiv.com\/online-sprachkurse\/?s={search_term_string}\"},\"query-input\":{\"@type\":\"PropertyValueSpecification\",\"valueRequired\":true,\"valueName\":\"search_term_string\"}}],\"inLanguage\":\"de\"}]}<\/script>\n<!-- \/ Yoast SEO plugin. -->","yoast_head_json":{"title":"Thailaendischkurs Online von A1 bis C2 \u2013 Arabisch Online lernen","description":"Thailaendisch Onlinekurse f\u00fcr Anf\u00e4nger & Fortgeschrittene. Thailaendisch lernen Online in Intensiv-, Privat- & Abendkursen. Gratis Probestunde!","robots":{"index":"index","follow":"follow","max-snippet":"max-snippet:-1","max-image-preview":"max-image-preview:large","max-video-preview":"max-video-preview:-1"},"canonical":"https:\/\/www.sprachschule-aktiv.com\/online-sprachkurse\/thailaendischkurs-online\/","og_locale":"de_DE","og_type":"article","og_title":"Thailaendischkurs Online von A1 bis C2 \u2013 Arabisch Online lernen","og_description":"Thailaendisch Onlinekurse f\u00fcr Anf\u00e4nger & Fortgeschrittene. Thailaendisch lernen Online in Intensiv-, Privat- & Abendkursen. Gratis Probestunde!","og_url":"https:\/\/www.sprachschule-aktiv.com\/online-sprachkurse\/thailaendischkurs-online\/","og_site_name":"Online Sprachkurse","article_modified_time":"2023-06-15T19:56:42+00:00","og_image":[{"url":"https:\/\/www.sprachschule-aktiv.com\/online-sprachkurse\/wp-content\/uploads\/2021\/09\/anfrage-sprachkurs.png","type":"","width":"","height":""}],"twitter_card":"summary_large_image","twitter_misc":{"Gesch\u00e4tzte Lesezeit":"3\u00a0Minuten"},"schema":{"@context":"https:\/\/schema.org","@graph":[{"@type":"WebPage","@id":"https:\/\/www.sprachschule-aktiv.com\/online-sprachkurse\/thailaendischkurs-online\/","url":"https:\/\/www.sprachschule-aktiv.com\/online-sprachkurse\/thailaendischkurs-online\/","name":"Thailaendischkurs Online von A1 bis C2 \u2013 Arabisch Online lernen","isPartOf":{"@id":"https:\/\/www.sprachschule-aktiv.com\/online-sprachkurse\/#website"},"primaryImageOfPage":{"@id":"https:\/\/www.sprachschule-aktiv.com\/online-sprachkurse\/thailaendischkurs-online\/#primaryimage"},"image":{"@id":"https:\/\/www.sprachschule-aktiv.com\/online-sprachkurse\/thailaendischkurs-online\/#primaryimage"},"thumbnailUrl":"https:\/\/www.sprachschule-aktiv.com\/online-sprachkurse\/wp-content\/uploads\/2021\/09\/anfrage-sprachkurs.png","datePublished":"2021-09-16T07:40:28+00:00","dateModified":"2023-06-15T19:56:42+00:00","description":"Thailaendisch Onlinekurse f\u00fcr Anf\u00e4nger & Fortgeschrittene. Thailaendisch lernen Online in Intensiv-, Privat- & Abendkursen. Gratis Probestunde!","breadcrumb":{"@id":"https:\/\/www.sprachschule-aktiv.com\/online-sprachkurse\/thailaendischkurs-online\/#breadcrumb"},"inLanguage":"de","potentialAction":[{"@type":"ReadAction","target":["https:\/\/www.sprachschule-aktiv.com\/online-sprachkurse\/thailaendischkurs-online\/"]}]},{"@type":"ImageObject","inLanguage":"de","@id":"https:\/\/www.sprachschule-aktiv.com\/online-sprachkurse\/thailaendischkurs-online\/#primaryimage","url":"https:\/\/www.sprachschule-aktiv.com\/online-sprachkurse\/wp-content\/uploads\/2021\/09\/anfrage-sprachkurs.png","contentUrl":"https:\/\/www.sprachschule-aktiv.com\/online-sprachkurse\/wp-content\/uploads\/2021\/09\/anfrage-sprachkurs.png","width":164,"height":55,"caption":"Sprachkurse online - Lernen Sprache online mit Sprachschule Aktiv"},{"@type":"BreadcrumbList","@id":"https:\/\/www.sprachschule-aktiv.com\/online-sprachkurse\/thailaendischkurs-online\/#breadcrumb","itemListElement":[{"@type":"ListItem","position":1,"name":"Startseite","item":"https:\/\/www.sprachschule-aktiv.com\/online-sprachkurse\/"},{"@type":"ListItem","position":2,"name":"Thail\u00e4ndischkurs Online A1, A2, B1, B2, C1, C2 &#8211; Thail\u00e4ndisch lernen Online"}]},{"@type":"WebSite","@id":"https:\/\/www.sprachschule-aktiv.com\/online-sprachkurse\/#website","url":"https:\/\/www.sprachschule-aktiv.com\/online-sprachkurse\/","name":"Online Sprachkurse","description":"","potentialAction":[{"@type":"SearchAction","target":{"@type":"EntryPoint","urlTemplate":"https:\/\/www.sprachschule-aktiv.com\/online-sprachkurse\/?s={search_term_string}"},"query-input":{"@type":"PropertyValueSpecification","valueRequired":true,"valueName":"search_term_string"}}],"inLanguage":"de"}]}},"_links":{"self":[{"href":"https:\/\/www.sprachschule-aktiv.com\/online-sprachkurse\/wp-json\/wp\/v2\/pages\/207","targetHints":{"allow":["GET"]}}],"collection":[{"href":"https:\/\/www.sprachschule-aktiv.com\/online-sprachkurse\/wp-json\/wp\/v2\/pages"}],"about":[{"href":"https:\/\/www.sprachschule-aktiv.com\/online-sprachkurse\/wp-json\/wp\/v2\/types\/page"}],"author":[{"embeddable":true,"href":"https:\/\/www.sprachschule-aktiv.com\/online-sprachkurse\/wp-json\/wp\/v2\/users\/1"}],"replies":[{"embeddable":true,"href":"https:\/\/www.sprachschule-aktiv.com\/online-sprachkurse\/wp-json\/wp\/v2\/comments?post=207"}],"version-history":[{"count":2,"href":"https:\/\/www.sprachschule-aktiv.com\/online-sprachkurse\/wp-json\/wp\/v2\/pages\/207\/revisions"}],"predecessor-version":[{"id":2186,"href":"https:\/\/www.sprachschule-aktiv.com\/online-sprachkurse\/wp-json\/wp\/v2\/pages\/207\/revisions\/2186"}],"wp:attachment":[{"href":"https:\/\/www.sprachschule-aktiv.com\/online-sprachkurse\/wp-json\/wp\/v2\/media?parent=207"}],"curies":[{"name":"wp","href":"https:\/\/api.w.org\/{rel}","templated":true}]}}