{"id":201,"date":"2021-09-16T09:35:58","date_gmt":"2021-09-16T07:35:58","guid":{"rendered":"https:\/\/www.sprachschule-aktiv.com\/online-sprachkurse\/?page_id=201"},"modified":"2025-03-08T07:16:40","modified_gmt":"2025-03-08T06:16:40","slug":"spanischkurse-online","status":"publish","type":"page","link":"https:\/\/www.sprachschule-aktiv.com\/online-sprachkurse\/spanischkurse-online\/","title":{"rendered":"Spanisch online lernen \u2013 Sprachkurse f\u00fcr alle Niveaustufen von A1 bis C2"},"content":{"rendered":"<p>[vc_row css=&#8221;.vc_custom_1700209934547{margin-top: 40px !important;}&#8221;][vc_column][vc_column_text]<\/p>\n<h2>Online Spanischkurse mit Muttersprachlern!<\/h2>\n<p>[\/vc_column_text][vc_row_inner][vc_column_inner width=&#8221;1\/2&#8243;][vc_column_text]<iframe title=\"YouTube video player\" src=\"https:\/\/www.youtube.com\/embed\/54-5aCU96MM\" width=\"560\" height=\"315\" frameborder=\"0\" allowfullscreen=\"allowfullscreen\"><\/iframe>[\/vc_column_text][\/vc_column_inner][vc_column_inner width=&#8221;1\/2&#8243;][vc_column_text]<\/p>\n<p data-start=\"190\" data-end=\"470\">M\u00f6chten Sie <strong data-start=\"202\" data-end=\"228\">Spanisch online lernen<\/strong> \u2013 flexibel, interaktiv und mit <strong data-start=\"260\" data-end=\"294\">muttersprachlichen Lehrkr\u00e4ften<\/strong>?<br data-start=\"295\" data-end=\"298\" \/>Unsere <strong data-start=\"305\" data-end=\"329\">Online-Spanischkurse<\/strong> bieten Ihnen eine <strong data-start=\"348\" data-end=\"384\">effektive und praxisnahe Methode<\/strong>, um Ihre Sprachkenntnisse von <strong data-start=\"415\" data-end=\"453\">A1 bis C2 oder im Business-Bereich<\/strong> zu verbessern.<\/p>\n<p data-start=\"472\" data-end=\"748\">\u2705 <strong data-start=\"474\" data-end=\"533\">Spanischkurse f\u00fcr Anf\u00e4nger &amp; Fortgeschrittene (A1 \u2013 C2)<\/strong><br data-start=\"533\" data-end=\"536\" \/>\u2705 <strong data-start=\"538\" data-end=\"583\">Business-Spanisch f\u00fcr Beruf &amp; Unternehmen<\/strong><br data-start=\"583\" data-end=\"586\" \/>\u2705 <strong data-start=\"588\" data-end=\"639\">Live-Unterricht mit erfahrenen Muttersprachlern<\/strong><br data-start=\"639\" data-end=\"642\" \/>\u2705 <strong data-start=\"644\" data-end=\"701\">Flexible Kursmodelle: Intensiv-, Abend- &amp; Privatkurse<\/strong><br data-start=\"701\" data-end=\"704\" \/>\u2705 <strong data-start=\"706\" data-end=\"746\">Gratis Einstufungstest &amp; Probestunde<\/strong><\/p>\n<p data-start=\"750\" data-end=\"814\">\ud83d\udccc <strong data-start=\"753\" data-end=\"812\">Jetzt unverbindlich testen &amp; den passenden Kurs finden!<\/strong><\/p>\n<p>\u00a0[\/vc_column_text][\/vc_column_inner][\/vc_row_inner][vc_column_text]<\/p>\n<h2 data-start=\"821\" data-end=\"872\">\ud83d\udca1 Warum einen Spanisch-Onlinekurs w\u00e4hlen?<\/h2>\n<p data-start=\"874\" data-end=\"931\">Ein <strong data-start=\"878\" data-end=\"901\">Online-Spanischkurs<\/strong> bietet zahlreiche Vorteile:<\/p>\n<p data-start=\"933\" data-end=\"1239\">\u2705 <strong data-start=\"935\" data-end=\"962\">Ortsunabh\u00e4ngiges Lernen<\/strong> \u2013 Nehmen Sie von \u00fcberall am Kurs teil.<br data-start=\"1001\" data-end=\"1004\" \/>\u2705 <strong data-start=\"1006\" data-end=\"1030\">Keine Anfahrtszeiten<\/strong> \u2013 Sparen Sie Zeit &amp; Geld f\u00fcr den Transport.<br data-start=\"1074\" data-end=\"1077\" \/>\u2705 <strong data-start=\"1079\" data-end=\"1104\">Individuelle Kurswahl<\/strong> \u2013 Gruppenkurse, Privatunterricht oder Firmenkurse.<br data-start=\"1155\" data-end=\"1158\" \/>\u2705 <strong data-start=\"1160\" data-end=\"1192\">Muttersprachliche Lehrkr\u00e4fte<\/strong> \u2013 Authentisches Sprachenlernen mit Experten.<\/p>\n<p data-start=\"1241\" data-end=\"1302\">\ud83d\udccc <strong data-start=\"1244\" data-end=\"1300\">Perfekt f\u00fcr Berufst\u00e4tige, Studierende &amp; Unternehmen!<\/strong><\/p>\n<p data-start=\"1241\" data-end=\"1302\"><img decoding=\"async\" class=\"alignnone size-full wp-image-202\" src=\"https:\/\/www.sprachschule-aktiv.com\/online-sprachkurse\/wp-content\/uploads\/2021\/09\/spanischkurse-online-1024x682-1.jpg\" alt=\"Spanischkurse Online - Spanisch Online lernen\" width=\"1024\" height=\"682\" srcset=\"https:\/\/www.sprachschule-aktiv.com\/online-sprachkurse\/wp-content\/uploads\/2021\/09\/spanischkurse-online-1024x682-1.jpg 1024w, https:\/\/www.sprachschule-aktiv.com\/online-sprachkurse\/wp-content\/uploads\/2021\/09\/spanischkurse-online-1024x682-1-300x200.jpg 300w, https:\/\/www.sprachschule-aktiv.com\/online-sprachkurse\/wp-content\/uploads\/2021\/09\/spanischkurse-online-1024x682-1-768x512.jpg 768w\" sizes=\"(max-width: 1024px) 100vw, 1024px\" \/><\/p>\n<p data-start=\"1241\" data-end=\"1302\"><a href=\"https:\/\/www.sprachschule-aktiv.com\/online-sprachkurse\/kontakt\/\"><img decoding=\"async\" class=\"alignnone size-full wp-image-105\" src=\"https:\/\/www.sprachschule-aktiv.com\/online-sprachkurse\/wp-content\/uploads\/2021\/09\/anfrage-sprachkurs.png\" alt=\"Sprachkurse online - Lernen Sprache online mit Sprachschule Aktiv\" width=\"164\" height=\"55\" \/><\/a><\/p>\n<hr data-start=\"1304\" data-end=\"1307\" \/>\n<h2 data-start=\"1309\" data-end=\"1356\">\ud83d\udcca Welche Spanischkurse bieten wir an?<\/h2>\n<p data-start=\"1358\" data-end=\"1444\">Unsere <strong data-start=\"1365\" data-end=\"1388\">Online-Sprachschule<\/strong> bietet verschiedene Kursmodelle f\u00fcr alle Sprachlevel:<\/p>\n<h3 data-start=\"1446\" data-end=\"1503\">1\ufe0f\u20e3 Spanisch-Intensivkurse \u2013 Schnell &amp; effektiv<\/h3>\n<p data-start=\"1504\" data-end=\"1698\">\ud83d\udccc <strong data-start=\"1507\" data-end=\"1522\">Kurszeiten:<\/strong> Montag \u2013 Freitag, 09:00 \u2013 12:00 Uhr<br data-start=\"1558\" data-end=\"1561\" \/>\ud83d\udccc <strong data-start=\"1564\" data-end=\"1581\">Niveaustufen:<\/strong> A1 \u2013 C2 + Business-Spanisch<br data-start=\"1609\" data-end=\"1612\" \/>\ud83d\udccc <strong data-start=\"1615\" data-end=\"1629\">Kursdauer:<\/strong> 1 bis 4 Wochen<br data-start=\"1644\" data-end=\"1647\" \/>\ud83d\udccc <strong data-start=\"1650\" data-end=\"1667\">Starttermine:<\/strong> Jeden ersten Montag im Monat<\/p>\n<p data-start=\"1700\" data-end=\"1716\">\ud83d\udcb0 <strong data-start=\"1703\" data-end=\"1714\">Preise:<\/strong><\/p>\n<ul data-start=\"1717\" data-end=\"1811\">\n<li data-start=\"1717\" data-end=\"1739\"><strong data-start=\"1719\" data-end=\"1731\">1 Woche:<\/strong> 239 \u20ac<\/li>\n<li data-start=\"1740\" data-end=\"1763\"><strong data-start=\"1742\" data-end=\"1755\">2 Wochen:<\/strong> 439 \u20ac<\/li>\n<li data-start=\"1764\" data-end=\"1787\"><strong data-start=\"1766\" data-end=\"1779\">3 Wochen:<\/strong> 599 \u20ac<\/li>\n<li data-start=\"1788\" data-end=\"1811\"><strong data-start=\"1790\" data-end=\"1803\">4 Wochen:<\/strong> 749 \u20ac<\/li>\n<\/ul>\n<p data-start=\"1813\" data-end=\"1890\">\u2728 <strong data-start=\"1815\" data-end=\"1888\">Ideal f\u00fcr alle, die in kurzer Zeit gro\u00dfe Fortschritte machen m\u00f6chten!<\/strong><\/p>\n<p data-start=\"1813\" data-end=\"1890\"><a href=\"https:\/\/www.sprachschule-aktiv.com\/online-sprachkurse\/anmeldung-sprachschule\/\"><img decoding=\"async\" class=\"alignnone size-full wp-image-104\" src=\"https:\/\/www.sprachschule-aktiv.com\/online-sprachkurse\/wp-content\/uploads\/2021\/09\/jetzt-sprachkurs-buchen.png\" alt=\"Inscr\u00edbete en nuestros cursos online con Sprachschule Aktiv\" width=\"239\" height=\"62\" \/><\/a><\/p>\n<hr data-start=\"1892\" data-end=\"1895\" \/>\n<h3 data-start=\"1897\" data-end=\"1955\">2\ufe0f\u20e3 Spanisch-Abendkurse \u2013 Lernen nach Feierabend<\/h3>\n<p data-start=\"1956\" data-end=\"2118\">\ud83d\udccc <strong data-start=\"1959\" data-end=\"1969\">Start:<\/strong> Jeden ersten Mittwoch im Monat<br data-start=\"2000\" data-end=\"2003\" \/>\ud83d\udccc <strong data-start=\"2006\" data-end=\"2021\">Unterricht:<\/strong> 1x pro Woche (Mittwoch, 19:00 \u2013 20:30 Uhr)<br data-start=\"2064\" data-end=\"2067\" \/>\ud83d\udccc <strong data-start=\"2070\" data-end=\"2084\">Kursdauer:<\/strong> 12 Wochen<br data-start=\"2094\" data-end=\"2097\" \/>\ud83d\udcb0 <strong data-start=\"2100\" data-end=\"2110\">Preis:<\/strong> 279 \u20ac<\/p>\n<p data-start=\"2120\" data-end=\"2172\">\u2728 <strong data-start=\"2122\" data-end=\"2170\">Perfekt f\u00fcr Berufst\u00e4tige &amp; Vielbesch\u00e4ftigte!<\/strong><\/p>\n<p data-start=\"2120\" data-end=\"2172\"><a href=\"https:\/\/www.sprachschule-aktiv.com\/online-sprachkurse\/anmeldung-sprachschule\/\"><img decoding=\"async\" class=\"alignnone size-full wp-image-104\" src=\"https:\/\/www.sprachschule-aktiv.com\/online-sprachkurse\/wp-content\/uploads\/2021\/09\/jetzt-sprachkurs-buchen.png\" alt=\"Inscr\u00edbete en nuestros cursos online con Sprachschule Aktiv\" width=\"239\" height=\"62\" \/><\/a><\/p>\n<hr data-start=\"2174\" data-end=\"2177\" \/>\n<h3 data-start=\"2179\" data-end=\"2234\">3\ufe0f\u20e3 Einzelunterricht \u2013 Flexibel &amp; individuell<\/h3>\n<p data-start=\"2235\" data-end=\"2339\">\ud83d\udccc <strong data-start=\"2238\" data-end=\"2282\">Individuelle Termine &amp; Dauer nach Wunsch<\/strong><br data-start=\"2282\" data-end=\"2285\" \/>\ud83d\udccc <strong data-start=\"2288\" data-end=\"2337\">1:1-Unterricht mit pers\u00f6nlichem Sprachtrainer<\/strong><\/p>\n<p data-start=\"2341\" data-end=\"2389\">\ud83d\udcb0 <strong data-start=\"2344\" data-end=\"2387\">Preise pro Unterrichtsstunde (45 Min.):<\/strong><\/p>\n<ul data-start=\"2390\" data-end=\"2476\">\n<li data-start=\"2390\" data-end=\"2418\"><strong data-start=\"2392\" data-end=\"2411\">1 \u2013 19 Stunden:<\/strong> 42 \u20ac<\/li>\n<li data-start=\"2419\" data-end=\"2448\"><strong data-start=\"2421\" data-end=\"2441\">20 \u2013 29 Stunden:<\/strong> 40 \u20ac<\/li>\n<li data-start=\"2449\" data-end=\"2476\"><strong data-start=\"2451\" data-end=\"2469\">Ab 30 Stunden:<\/strong> 38 \u20ac<\/li>\n<\/ul>\n<p data-start=\"2478\" data-end=\"2544\">\u2728 <strong data-start=\"2480\" data-end=\"2542\">Ideal f\u00fcr individuelles Lernen &amp; ma\u00dfgeschneiderte Inhalte!<\/strong><\/p>\n<p data-start=\"2546\" data-end=\"2636\">\ud83d\udca1 <strong data-start=\"2549\" data-end=\"2567\">Extra-Vorteil:<\/strong> <strong data-start=\"2568\" data-end=\"2605\">Bis zu zwei Freunde oder Kollegen<\/strong> k\u00f6nnen kostenlos teilnehmen!<\/p>\n<p data-start=\"2546\" data-end=\"2636\"><a href=\"https:\/\/www.sprachschule-aktiv.com\/online-sprachkurse\/anmeldung-sprachschule\/\"><img decoding=\"async\" class=\"alignnone size-full wp-image-104\" src=\"https:\/\/www.sprachschule-aktiv.com\/online-sprachkurse\/wp-content\/uploads\/2021\/09\/jetzt-sprachkurs-buchen.png\" alt=\"Inscr\u00edbete en nuestros cursos online con Sprachschule Aktiv\" width=\"239\" height=\"62\" \/><\/a><\/p>\n<hr data-start=\"2638\" data-end=\"2641\" \/>\n<h3 data-start=\"2643\" data-end=\"2704\">4\ufe0f\u20e3 Firmenkurse \u2013 Business-Spanisch f\u00fcr Unternehmen<\/h3>\n<p data-start=\"2705\" data-end=\"2822\">\ud83d\udccc <strong data-start=\"2708\" data-end=\"2759\">Individuelle Starttermine &amp; flexible Kurszeiten<\/strong><br data-start=\"2759\" data-end=\"2762\" \/>\ud83d\udccc <strong data-start=\"2765\" data-end=\"2820\">Anpassung der Inhalte an Ihre Branche &amp; Bed\u00fcrfnisse<\/strong><\/p>\n<p data-start=\"2824\" data-end=\"2882\">\ud83d\udcb0 <strong data-start=\"2827\" data-end=\"2880\">Preise pro Unterrichtsstunde (1 \u2013 10 Teilnehmer):<\/strong><\/p>\n<ul data-start=\"2883\" data-end=\"2939\">\n<li data-start=\"2883\" data-end=\"2911\"><strong data-start=\"2885\" data-end=\"2904\">1 \u2013 29 Stunden:<\/strong> 49 \u20ac<\/li>\n<li data-start=\"2912\" data-end=\"2939\"><strong data-start=\"2914\" data-end=\"2932\">Ab 30 Stunden:<\/strong> 45 \u20ac<\/li>\n<\/ul>\n<p data-start=\"2941\" data-end=\"3008\">\ud83d\udccc <strong data-start=\"2944\" data-end=\"3006\">Jetzt individuelles Angebot f\u00fcr Ihr Unternehmen anfordern!<\/strong><\/p>\n<p data-start=\"2941\" data-end=\"3008\"><a href=\"https:\/\/www.sprachschule-aktiv.com\/online-sprachkurse\/anmeldung-sprachschule\/\"><img decoding=\"async\" class=\"alignnone size-full wp-image-104\" src=\"https:\/\/www.sprachschule-aktiv.com\/online-sprachkurse\/wp-content\/uploads\/2021\/09\/jetzt-sprachkurs-buchen.png\" alt=\"Inscr\u00edbete en nuestros cursos online con Sprachschule Aktiv\" width=\"239\" height=\"62\" \/><\/a><\/p>\n<hr data-start=\"3010\" data-end=\"3013\" \/>\n<h2 data-start=\"3015\" data-end=\"3064\">\ud83d\udcdc Offizielles Zertifikat nach Abschluss<\/h2>\n<p data-start=\"3066\" data-end=\"3244\">\ud83d\udccc <strong data-start=\"3069\" data-end=\"3129\">Nach erfolgreichem Abschluss erhalten Sie ein Zertifikat<\/strong>, das Ihre Spanischkenntnisse gem\u00e4\u00df dem <strong data-start=\"3169\" data-end=\"3231\">Gemeinsamen Europ\u00e4ischen Referenzrahmen f\u00fcr Sprachen (GER)<\/strong> best\u00e4tigt.<\/p>\n<p data-start=\"3246\" data-end=\"3435\">\u2705 <strong data-start=\"3248\" data-end=\"3259\">A1 &amp; A2<\/strong> \u2013 Grundlagen &amp; einfache Gespr\u00e4che<br data-start=\"3293\" data-end=\"3296\" \/>\u2705 <strong data-start=\"3298\" data-end=\"3309\">B1 &amp; B2<\/strong> \u2013 Selbstst\u00e4ndige Sprachverwendung f\u00fcr Alltag &amp; Beruf<br data-start=\"3362\" data-end=\"3365\" \/>\u2705 <strong data-start=\"3367\" data-end=\"3378\">C1 &amp; C2<\/strong> \u2013 Flie\u00dfende Sprachbeherrschung auf akademischem Niveau<\/p>\n<p data-start=\"3437\" data-end=\"3507\">\ud83d\udccc <strong data-start=\"3440\" data-end=\"3505\">Kostenloser Einstufungstest verf\u00fcgbar \u2013 Finden Sie Ihr Level!<\/strong><\/p>\n<hr data-start=\"3509\" data-end=\"3512\" \/>\n<h2 data-start=\"3514\" data-end=\"3571\">\ud83c\udf81 Kostenlose Probestunde &amp; Geld-zur\u00fcck-Garantie<\/h2>\n<p data-start=\"3573\" data-end=\"3663\">\u2705 <strong data-start=\"3575\" data-end=\"3625\">Gratis Schnupperstunde \u2013 unverbindlich testen!<\/strong><br data-start=\"3625\" data-end=\"3628\" \/>\u2705 <strong data-start=\"3630\" data-end=\"3661\">100 % Geld-zur\u00fcck-Garantie:<\/strong><\/p>\n<ul data-start=\"3667\" data-end=\"3759\">\n<li data-start=\"3667\" data-end=\"3759\">Falls Sie nach der ersten Stunde nicht zufrieden sind, <strong data-start=\"3724\" data-end=\"3756\">erhalten Sie Ihr Geld zur\u00fcck<\/strong>.<\/li>\n<\/ul>\n<p data-start=\"3761\" data-end=\"3810\">\ud83d\udccc <strong data-start=\"3764\" data-end=\"3808\">Jetzt anmelden &amp; Spanisch online lernen!<\/strong><\/p>\n<hr data-start=\"3812\" data-end=\"3815\" \/>\n<h2 data-start=\"3817\" data-end=\"3872\">\ud83d\udcbb Technische Anforderungen f\u00fcr den Onlinekurs<\/h2>\n<p data-start=\"3874\" data-end=\"3919\">\ud83d\udd39 <strong data-start=\"3877\" data-end=\"3917\">Welche Ger\u00e4te k\u00f6nnen genutzt werden?<\/strong><\/p>\n<ul data-start=\"3920\" data-end=\"4013\">\n<li data-start=\"3920\" data-end=\"3958\">Laptop, PC, Tablet oder Smartphone<\/li>\n<li data-start=\"3959\" data-end=\"4013\">Webcam &amp; Mikrofon f\u00fcr interaktiven Live-Unterricht<\/li>\n<\/ul>\n<p data-start=\"4015\" data-end=\"4055\">\ud83d\udd39 <strong data-start=\"4018\" data-end=\"4053\">Wie funktioniert die Anmeldung?<\/strong><\/p>\n<ul data-start=\"4056\" data-end=\"4192\">\n<li data-start=\"4056\" data-end=\"4120\">Vor Kursbeginn erhalten Sie alle Infos zur Online-Plattform.<\/li>\n<li data-start=\"4121\" data-end=\"4192\">Falls technische Fragen auftreten, steht unser Support-Team bereit.<\/li>\n<\/ul>\n<p data-start=\"4194\" data-end=\"4282\">\ud83d\udccc <strong data-start=\"4197\" data-end=\"4280\">Sie ben\u00f6tigen nur eine stabile Internetverbindung \u2013 und schon kann es losgehen!<\/strong><\/p>\n<p>[\/vc_column_text][\/vc_column][\/vc_row]<\/p>\n","protected":false},"excerpt":{"rendered":"<p>[vc_row css=&#8221;.vc_custom_1700209934547{margin-top: 40px !important;}&#8221;][vc_column][vc_column_text] Online Spanischkurse mit Muttersprachlern! [\/vc_column_text][vc_row_inner][vc_column_inner width=&#8221;1\/2&#8243;][vc_column_text][\/vc_column_text][\/vc_column_inner][vc_column_inner width=&#8221;1\/2&#8243;][vc_column_text] M\u00f6chten Sie Spanisch online lernen \u2013 flexibel, interaktiv und mit muttersprachlichen Lehrkr\u00e4ften?Unsere Online-Spanischkurse bieten Ihnen eine effektive und praxisnahe Methode, um Ihre Sprachkenntnisse von A1 bis C2 oder im Business-Bereich zu verbessern. \u2705 Spanischkurse f\u00fcr Anf\u00e4nger &amp; Fortgeschrittene (A1 \u2013 C2)\u2705 Business-Spanisch f\u00fcr Beruf&hellip; <a class=\"read-more\" href=\"https:\/\/www.sprachschule-aktiv.com\/online-sprachkurse\/spanischkurse-online\/\" title=\"Read Spanisch online lernen \u2013 Sprachkurse f\u00fcr alle Niveaustufen von A1 bis C2\">Read more &raquo;<\/a><\/p>\n","protected":false},"author":1,"featured_media":0,"parent":0,"menu_order":0,"comment_status":"closed","ping_status":"closed","template":"","meta":{"footnotes":""},"class_list":["post-201","page","type-page","status-publish","hentry"],"yoast_head":"<!-- This site is optimized with the Yoast SEO plugin v27.1.1 - https:\/\/yoast.com\/product\/yoast-seo-wordpress\/ -->\n<title>Spanisch online lernen \u2013 Sprachkurse f\u00fcr A1 \u2013 C2 &amp; Business<\/title>\n<meta name=\"description\" content=\"Lernen Sie Spanisch online \u2013 mit Muttersprachlern! Intensiv-, Abend- &amp; Privatkurse (A1 \u2013 C2). Gratis Einstufungstest &amp; Probestunde. Jetzt starten!\" \/>\n<meta name=\"robots\" content=\"index, follow, max-snippet:-1, max-image-preview:large, max-video-preview:-1\" \/>\n<link rel=\"canonical\" href=\"https:\/\/www.sprachschule-aktiv.com\/online-sprachkurse\/spanischkurse-online\/\" \/>\n<meta property=\"og:locale\" content=\"de_DE\" \/>\n<meta property=\"og:type\" content=\"article\" \/>\n<meta property=\"og:title\" content=\"Spanisch online lernen \u2013 Sprachkurse f\u00fcr A1 \u2013 C2 &amp; Business\" \/>\n<meta property=\"og:description\" content=\"Lernen Sie Spanisch online \u2013 mit Muttersprachlern! Intensiv-, Abend- &amp; Privatkurse (A1 \u2013 C2). Gratis Einstufungstest &amp; Probestunde. Jetzt starten!\" \/>\n<meta property=\"og:url\" content=\"https:\/\/www.sprachschule-aktiv.com\/online-sprachkurse\/spanischkurse-online\/\" \/>\n<meta property=\"og:site_name\" content=\"Online Sprachkurse\" \/>\n<meta property=\"article:modified_time\" content=\"2025-03-08T06:16:40+00:00\" \/>\n<meta property=\"og:image\" content=\"https:\/\/www.sprachschule-aktiv.com\/online-sprachkurse\/wp-content\/uploads\/2021\/09\/spanischkurse-online-1024x682-1.jpg\" \/>\n\t<meta property=\"og:image:width\" content=\"1024\" \/>\n\t<meta property=\"og:image:height\" content=\"682\" \/>\n\t<meta property=\"og:image:type\" content=\"image\/jpeg\" \/>\n<meta name=\"twitter:card\" content=\"summary_large_image\" \/>\n<meta name=\"twitter:label1\" content=\"Gesch\u00e4tzte Lesezeit\" \/>\n\t<meta name=\"twitter:data1\" content=\"4\u00a0Minuten\" \/>\n<script type=\"application\/ld+json\" class=\"yoast-schema-graph\">{\"@context\":\"https:\/\/schema.org\",\"@graph\":[{\"@type\":\"WebPage\",\"@id\":\"https:\/\/www.sprachschule-aktiv.com\/online-sprachkurse\/spanischkurse-online\/\",\"url\":\"https:\/\/www.sprachschule-aktiv.com\/online-sprachkurse\/spanischkurse-online\/\",\"name\":\"Spanisch online lernen \u2013 Sprachkurse f\u00fcr A1 \u2013 C2 & Business\",\"isPartOf\":{\"@id\":\"https:\/\/www.sprachschule-aktiv.com\/online-sprachkurse\/#website\"},\"primaryImageOfPage\":{\"@id\":\"https:\/\/www.sprachschule-aktiv.com\/online-sprachkurse\/spanischkurse-online\/#primaryimage\"},\"image\":{\"@id\":\"https:\/\/www.sprachschule-aktiv.com\/online-sprachkurse\/spanischkurse-online\/#primaryimage\"},\"thumbnailUrl\":\"https:\/\/www.sprachschule-aktiv.com\/online-sprachkurse\/wp-content\/uploads\/2021\/09\/spanischkurse-online-1024x682-1.jpg\",\"datePublished\":\"2021-09-16T07:35:58+00:00\",\"dateModified\":\"2025-03-08T06:16:40+00:00\",\"description\":\"Lernen Sie Spanisch online \u2013 mit Muttersprachlern! Intensiv-, Abend- & Privatkurse (A1 \u2013 C2). Gratis Einstufungstest & Probestunde. Jetzt starten!\",\"breadcrumb\":{\"@id\":\"https:\/\/www.sprachschule-aktiv.com\/online-sprachkurse\/spanischkurse-online\/#breadcrumb\"},\"inLanguage\":\"de\",\"potentialAction\":[{\"@type\":\"ReadAction\",\"target\":[\"https:\/\/www.sprachschule-aktiv.com\/online-sprachkurse\/spanischkurse-online\/\"]}]},{\"@type\":\"ImageObject\",\"inLanguage\":\"de\",\"@id\":\"https:\/\/www.sprachschule-aktiv.com\/online-sprachkurse\/spanischkurse-online\/#primaryimage\",\"url\":\"https:\/\/www.sprachschule-aktiv.com\/online-sprachkurse\/wp-content\/uploads\/2021\/09\/spanischkurse-online-1024x682-1.jpg\",\"contentUrl\":\"https:\/\/www.sprachschule-aktiv.com\/online-sprachkurse\/wp-content\/uploads\/2021\/09\/spanischkurse-online-1024x682-1.jpg\",\"width\":1024,\"height\":682,\"caption\":\"Spanischkurse Online - Spanisch Online lernen\"},{\"@type\":\"BreadcrumbList\",\"@id\":\"https:\/\/www.sprachschule-aktiv.com\/online-sprachkurse\/spanischkurse-online\/#breadcrumb\",\"itemListElement\":[{\"@type\":\"ListItem\",\"position\":1,\"name\":\"Startseite\",\"item\":\"https:\/\/www.sprachschule-aktiv.com\/online-sprachkurse\/\"},{\"@type\":\"ListItem\",\"position\":2,\"name\":\"Spanisch online lernen \u2013 Sprachkurse f\u00fcr alle Niveaustufen von A1 bis C2\"}]},{\"@type\":\"WebSite\",\"@id\":\"https:\/\/www.sprachschule-aktiv.com\/online-sprachkurse\/#website\",\"url\":\"https:\/\/www.sprachschule-aktiv.com\/online-sprachkurse\/\",\"name\":\"Online Sprachkurse\",\"description\":\"\",\"potentialAction\":[{\"@type\":\"SearchAction\",\"target\":{\"@type\":\"EntryPoint\",\"urlTemplate\":\"https:\/\/www.sprachschule-aktiv.com\/online-sprachkurse\/?s={search_term_string}\"},\"query-input\":{\"@type\":\"PropertyValueSpecification\",\"valueRequired\":true,\"valueName\":\"search_term_string\"}}],\"inLanguage\":\"de\"}]}<\/script>\n<!-- \/ Yoast SEO plugin. -->","yoast_head_json":{"title":"Spanisch online lernen \u2013 Sprachkurse f\u00fcr A1 \u2013 C2 & Business","description":"Lernen Sie Spanisch online \u2013 mit Muttersprachlern! Intensiv-, Abend- & Privatkurse (A1 \u2013 C2). Gratis Einstufungstest & Probestunde. Jetzt starten!","robots":{"index":"index","follow":"follow","max-snippet":"max-snippet:-1","max-image-preview":"max-image-preview:large","max-video-preview":"max-video-preview:-1"},"canonical":"https:\/\/www.sprachschule-aktiv.com\/online-sprachkurse\/spanischkurse-online\/","og_locale":"de_DE","og_type":"article","og_title":"Spanisch online lernen \u2013 Sprachkurse f\u00fcr A1 \u2013 C2 & Business","og_description":"Lernen Sie Spanisch online \u2013 mit Muttersprachlern! Intensiv-, Abend- & Privatkurse (A1 \u2013 C2). Gratis Einstufungstest & Probestunde. Jetzt starten!","og_url":"https:\/\/www.sprachschule-aktiv.com\/online-sprachkurse\/spanischkurse-online\/","og_site_name":"Online Sprachkurse","article_modified_time":"2025-03-08T06:16:40+00:00","og_image":[{"width":1024,"height":682,"url":"https:\/\/www.sprachschule-aktiv.com\/online-sprachkurse\/wp-content\/uploads\/2021\/09\/spanischkurse-online-1024x682-1.jpg","type":"image\/jpeg"}],"twitter_card":"summary_large_image","twitter_misc":{"Gesch\u00e4tzte Lesezeit":"4\u00a0Minuten"},"schema":{"@context":"https:\/\/schema.org","@graph":[{"@type":"WebPage","@id":"https:\/\/www.sprachschule-aktiv.com\/online-sprachkurse\/spanischkurse-online\/","url":"https:\/\/www.sprachschule-aktiv.com\/online-sprachkurse\/spanischkurse-online\/","name":"Spanisch online lernen \u2013 Sprachkurse f\u00fcr A1 \u2013 C2 & Business","isPartOf":{"@id":"https:\/\/www.sprachschule-aktiv.com\/online-sprachkurse\/#website"},"primaryImageOfPage":{"@id":"https:\/\/www.sprachschule-aktiv.com\/online-sprachkurse\/spanischkurse-online\/#primaryimage"},"image":{"@id":"https:\/\/www.sprachschule-aktiv.com\/online-sprachkurse\/spanischkurse-online\/#primaryimage"},"thumbnailUrl":"https:\/\/www.sprachschule-aktiv.com\/online-sprachkurse\/wp-content\/uploads\/2021\/09\/spanischkurse-online-1024x682-1.jpg","datePublished":"2021-09-16T07:35:58+00:00","dateModified":"2025-03-08T06:16:40+00:00","description":"Lernen Sie Spanisch online \u2013 mit Muttersprachlern! Intensiv-, Abend- & Privatkurse (A1 \u2013 C2). Gratis Einstufungstest & Probestunde. Jetzt starten!","breadcrumb":{"@id":"https:\/\/www.sprachschule-aktiv.com\/online-sprachkurse\/spanischkurse-online\/#breadcrumb"},"inLanguage":"de","potentialAction":[{"@type":"ReadAction","target":["https:\/\/www.sprachschule-aktiv.com\/online-sprachkurse\/spanischkurse-online\/"]}]},{"@type":"ImageObject","inLanguage":"de","@id":"https:\/\/www.sprachschule-aktiv.com\/online-sprachkurse\/spanischkurse-online\/#primaryimage","url":"https:\/\/www.sprachschule-aktiv.com\/online-sprachkurse\/wp-content\/uploads\/2021\/09\/spanischkurse-online-1024x682-1.jpg","contentUrl":"https:\/\/www.sprachschule-aktiv.com\/online-sprachkurse\/wp-content\/uploads\/2021\/09\/spanischkurse-online-1024x682-1.jpg","width":1024,"height":682,"caption":"Spanischkurse Online - Spanisch Online lernen"},{"@type":"BreadcrumbList","@id":"https:\/\/www.sprachschule-aktiv.com\/online-sprachkurse\/spanischkurse-online\/#breadcrumb","itemListElement":[{"@type":"ListItem","position":1,"name":"Startseite","item":"https:\/\/www.sprachschule-aktiv.com\/online-sprachkurse\/"},{"@type":"ListItem","position":2,"name":"Spanisch online lernen \u2013 Sprachkurse f\u00fcr alle Niveaustufen von A1 bis C2"}]},{"@type":"WebSite","@id":"https:\/\/www.sprachschule-aktiv.com\/online-sprachkurse\/#website","url":"https:\/\/www.sprachschule-aktiv.com\/online-sprachkurse\/","name":"Online Sprachkurse","description":"","potentialAction":[{"@type":"SearchAction","target":{"@type":"EntryPoint","urlTemplate":"https:\/\/www.sprachschule-aktiv.com\/online-sprachkurse\/?s={search_term_string}"},"query-input":{"@type":"PropertyValueSpecification","valueRequired":true,"valueName":"search_term_string"}}],"inLanguage":"de"}]}},"_links":{"self":[{"href":"https:\/\/www.sprachschule-aktiv.com\/online-sprachkurse\/wp-json\/wp\/v2\/pages\/201","targetHints":{"allow":["GET"]}}],"collection":[{"href":"https:\/\/www.sprachschule-aktiv.com\/online-sprachkurse\/wp-json\/wp\/v2\/pages"}],"about":[{"href":"https:\/\/www.sprachschule-aktiv.com\/online-sprachkurse\/wp-json\/wp\/v2\/types\/page"}],"author":[{"embeddable":true,"href":"https:\/\/www.sprachschule-aktiv.com\/online-sprachkurse\/wp-json\/wp\/v2\/users\/1"}],"replies":[{"embeddable":true,"href":"https:\/\/www.sprachschule-aktiv.com\/online-sprachkurse\/wp-json\/wp\/v2\/comments?post=201"}],"version-history":[{"count":6,"href":"https:\/\/www.sprachschule-aktiv.com\/online-sprachkurse\/wp-json\/wp\/v2\/pages\/201\/revisions"}],"predecessor-version":[{"id":2290,"href":"https:\/\/www.sprachschule-aktiv.com\/online-sprachkurse\/wp-json\/wp\/v2\/pages\/201\/revisions\/2290"}],"wp:attachment":[{"href":"https:\/\/www.sprachschule-aktiv.com\/online-sprachkurse\/wp-json\/wp\/v2\/media?parent=201"}],"curies":[{"name":"wp","href":"https:\/\/api.w.org\/{rel}","templated":true}]}}