{"id":1950,"date":"2021-12-09T06:54:11","date_gmt":"2021-12-09T05:54:11","guid":{"rendered":"https:\/\/www.sprachschule-aktiv.com\/?page_id=1950"},"modified":"2025-03-07T05:53:43","modified_gmt":"2025-03-07T04:53:43","slug":"online-deutsch-abendkurse-fuer-anfaenger-und-fortgeschrittene","status":"publish","type":"page","link":"https:\/\/www.sprachschule-aktiv.com\/online-sprachkurse\/online-deutsch-abendkurse-fuer-anfaenger-und-fortgeschrittene\/","title":{"rendered":"Online Deutsch Abendkurse f\u00fcr Anf\u00e4nger &#038; Fortgeschrittene von A1 bis C2"},"content":{"rendered":"<h2 data-start=\"151\" data-end=\"216\">\ud83d\udcda Online Deutsch Abendkurse \u2013 A1 bis C2 | Jetzt starten!<\/h2>\n<p data-start=\"218\" data-end=\"438\">Lernen Sie Deutsch <strong data-start=\"237\" data-end=\"271\">flexibel &amp; bequem von zu Hause<\/strong>!<br data-start=\"272\" data-end=\"275\" \/>Unsere <strong data-start=\"282\" data-end=\"311\">Online-Deutsch-Abendkurse<\/strong> bieten Ihnen eine interaktive Lernerfahrung mit <strong data-start=\"360\" data-end=\"395\">qualifizierten Muttersprachlern<\/strong> \u2013 ideal f\u00fcr Anf\u00e4nger &amp; Fortgeschrittene.<\/p>\n<p data-start=\"440\" data-end=\"605\">\u2705 <strong data-start=\"442\" data-end=\"477\">Alle Niveaustufen von A1 bis C2<\/strong><br data-start=\"477\" data-end=\"480\" \/>\u2705 <strong data-start=\"482\" data-end=\"542\">Live-Unterricht in Kleingruppen f\u00fcr maximale Interaktion<\/strong><br data-start=\"542\" data-end=\"545\" \/>\u2705 <strong data-start=\"547\" data-end=\"603\">Gratis Schnupperstunde &amp; kostenloser Einstufungstest<\/strong><\/p>\n<p data-start=\"607\" data-end=\"777\">\ud83d\udcc5 <strong data-start=\"610\" data-end=\"627\">Starttermine:<\/strong> Jeden 1. Montag oder 3. Dienstag im Monat<br data-start=\"669\" data-end=\"672\" \/>\ud83d\udd52 <strong data-start=\"675\" data-end=\"690\">Kurszeiten:<\/strong> Montag &amp; Mittwoch (18:00 \u2013 19:30 Uhr) oder Dienstag &amp; Donnerstag (19:00 \u2013 20:30 Uhr)<\/p>\n<p data-start=\"779\" data-end=\"852\">\u27a1\ufe0f <strong data-start=\"782\" data-end=\"850\">Jetzt unverbindlich testen \u2013 kostenlose Schnupperstunde sichern!<\/strong><\/p>\n<p data-start=\"779\" data-end=\"852\"><img decoding=\"async\" class=\"alignnone size-medium wp-image-1951\" src=\"https:\/\/www.sprachschule-aktiv.com\/wp-content\/uploads\/2021\/12\/online-deutsch-abendkurs-300x212.jpg\" alt=\"Online Abendkurs Deutsch von A1 bis C2\" width=\"300\" height=\"212\" \/><\/p>\n<a href=\"https:\/\/www.sprachschule-aktiv.com\/online-sprachkurse\/kontaktieren-sie-uns\/\"><img decoding=\"async\" class=\"alignnone wp-image-375 size-full\" src=\"https:\/\/www.sprachschule-aktiv.com\/wp-content\/uploads\/2021\/03\/anfrage-sprachkurs.png\" alt=\"Anfrage Sprachkurs\" width=\"164\" height=\"55\" \/><\/a>\n<p>&nbsp;<\/p>\n<p><iframe title=\"YouTube video player\" src=\"https:\/\/www.youtube.com\/embed\/hhADw5XAIcQ\" width=\"560\" height=\"315\" frameborder=\"0\" allowfullscreen=\"allowfullscreen\"><\/iframe><\/p>\n<h2 data-start=\"859\" data-end=\"915\">\ud83d\udca1 Warum einen Online Deutsch Abendkurs w\u00e4hlen?<\/h2>\n<p data-start=\"917\" data-end=\"1170\">M\u00f6chten Sie <strong data-start=\"929\" data-end=\"975\">Deutsch lernen, ohne das Haus zu verlassen<\/strong> und lange Fahrtzeiten zu vermeiden?<br data-start=\"1011\" data-end=\"1014\" \/>Mit den <strong data-start=\"1022\" data-end=\"1067\">Online-Abendkursen der Sprachschule Aktiv<\/strong> k\u00f6nnen Sie bequem von zu Hause aus teilnehmen \u2013 ohne Qualit\u00e4tsverlust im Vergleich zu Pr\u00e4senzkursen!<\/p>\n<p data-start=\"1172\" data-end=\"1220\">\u2728 <strong data-start=\"1174\" data-end=\"1218\">Vorteile des Online Deutsch Abendkurses:<\/strong><\/p>\n<ul data-start=\"1221\" data-end=\"1443\">\n<li data-start=\"1221\" data-end=\"1277\"><strong data-start=\"1223\" data-end=\"1241\">Zeitersparnis:<\/strong> Kein Pendeln \u2013 Lernen von \u00fcberall<\/li>\n<li data-start=\"1278\" data-end=\"1355\"><strong data-start=\"1280\" data-end=\"1300\">Kosteneffizient:<\/strong> Sparen Sie sich Fahrtkosten &amp; Unterrichtsmaterialien<\/li>\n<li data-start=\"1356\" data-end=\"1443\"><strong data-start=\"1358\" data-end=\"1391\">Interaktiver Live-Unterricht:<\/strong> Kein passives Lernen, sondern echte Kommunikation<\/li>\n<\/ul>\n<hr data-start=\"1445\" data-end=\"1448\" \/>\n<h2 data-start=\"1450\" data-end=\"1510\">\ud83d\udcbb Voraussetzungen f\u00fcr die Teilnahme am Online-Kurs<\/h2>\n<p data-start=\"1512\" data-end=\"1611\">Die Teilnahme an einem Online-Abendkurs ist <strong data-start=\"1556\" data-end=\"1583\">technisch unkompliziert<\/strong>. Sie ben\u00f6tigen lediglich:<\/p>\n<p data-start=\"1613\" data-end=\"1841\">\u2705 <strong data-start=\"1615\" data-end=\"1647\">Einen PC, Laptop oder Tablet<\/strong> (Smartphone m\u00f6glich, aber nicht optimal)<br data-start=\"1688\" data-end=\"1691\" \/>\u2705 <strong data-start=\"1693\" data-end=\"1728\">Eine stabile Internetverbindung<\/strong> (z. B. ausreichend f\u00fcr Videostreaming)<br data-start=\"1767\" data-end=\"1770\" \/>\u2705 <strong data-start=\"1772\" data-end=\"1802\">Ein Mikrofon &amp; eine Webcam<\/strong> (bei Laptop\/Tablet meist integriert)<\/p>\n<p data-start=\"1843\" data-end=\"1917\">\ud83d\udccc <strong data-start=\"1846\" data-end=\"1915\">Vor Kursbeginn erhalten Sie den Zugangslink zur Online-Plattform.<\/strong><\/p>\n<h2 data-start=\"1924\" data-end=\"1976\">\ud83d\udcca Niveaustufen: Deutschkurse von A1 bis C2<\/h2>\n<p data-start=\"1978\" data-end=\"2067\">Unsere Kurse folgen dem <strong data-start=\"2002\" data-end=\"2064\">Gemeinsamen Europ\u00e4ischen Referenzrahmen f\u00fcr Sprachen (GER)<\/strong>:<\/p>\n<p data-start=\"2069\" data-end=\"2292\">\u2705 <strong data-start=\"2071\" data-end=\"2094\">A1 &amp; A2 (Anf\u00e4nger):<\/strong> Grundlagen &amp; erste Konversationen<br data-start=\"2128\" data-end=\"2131\" \/>\u2705 <strong data-start=\"2133\" data-end=\"2164\">B1 &amp; B2 (Fortgeschrittene):<\/strong> Fl\u00fcssige Kommunikation &amp; berufsrelevantes Deutsch<br data-start=\"2214\" data-end=\"2217\" \/>\u2705 <strong data-start=\"2219\" data-end=\"2259\">C1 &amp; C2 (Muttersprachliches Niveau):<\/strong> Perfekt f\u00fcr Studium &amp; Karriere<\/p>\n<p data-start=\"2294\" data-end=\"2393\">\ud83d\udca1 <strong data-start=\"2297\" data-end=\"2334\">Nicht sicher, welche Stufe passt?<\/strong><br data-start=\"2334\" data-end=\"2337\" \/>\ud83d\udccc <strong data-start=\"2340\" data-end=\"2391\">Machen Sie unseren kostenlosen Einstufungstest!<\/strong><\/p>\n<hr data-start=\"2395\" data-end=\"2398\" \/>\n<h2 data-start=\"2400\" data-end=\"2473\">\ud83d\udc68\u200d\ud83c\udfeb Deutsch lernen in kleinen Gruppen f\u00fcr maximalen Lernerfolg<\/h2>\n<p data-start=\"2475\" data-end=\"2630\">Unsere <strong data-start=\"2482\" data-end=\"2503\">Online-Abendkurse<\/strong> finden in <strong data-start=\"2514\" data-end=\"2530\">Kleingruppen<\/strong> statt, um eine <strong data-start=\"2546\" data-end=\"2572\">individuelle Betreuung<\/strong> und <strong data-start=\"2577\" data-end=\"2610\">interaktiven Sprachunterricht<\/strong> zu gew\u00e4hrleisten.<\/p>\n<p data-start=\"2632\" data-end=\"2786\">\u2705 <strong data-start=\"2634\" data-end=\"2687\">Live-Unterricht in einem virtuellen Klassenzimmer<\/strong><br data-start=\"2687\" data-end=\"2690\" \/>\u2705 <strong data-start=\"2692\" data-end=\"2738\">Regelm\u00e4\u00dfiges Sprechen &amp; praktische \u00dcbungen<\/strong><br data-start=\"2738\" data-end=\"2741\" \/>\u2705 <strong data-start=\"2743\" data-end=\"2784\">Motivierendes &amp; strukturiertes Lernen<\/strong><\/p>\n<p data-start=\"2788\" data-end=\"2877\">\ud83d\udca1 <strong data-start=\"2791\" data-end=\"2875\">So lernen Sie effektiv und k\u00f6nnen sich schnell &amp; sicher auf Deutsch unterhalten!<\/strong><\/p>\n<hr data-start=\"2879\" data-end=\"2882\" \/>\n<h2 data-start=\"2884\" data-end=\"2954\">\ud83c\udf0d Unsere Deutschlehrer: Muttersprachler mit Online-Erfahrung<\/h2>\n<p data-start=\"2956\" data-end=\"3033\">Die <strong data-start=\"2960\" data-end=\"2982\">Sprachschule Aktiv<\/strong> setzt auf <strong data-start=\"2993\" data-end=\"3025\">hochqualifizierte Lehrkr\u00e4fte<\/strong>, die:<\/p>\n<ul data-start=\"3034\" data-end=\"3240\">\n<li data-start=\"3034\" data-end=\"3112\"><strong data-start=\"3036\" data-end=\"3055\">Muttersprachler<\/strong> sind und Ihnen eine authentische Aussprache vermitteln<\/li>\n<li data-start=\"3113\" data-end=\"3164\">Eine <strong data-start=\"3120\" data-end=\"3156\">p\u00e4dagogische Hochschulausbildung<\/strong> haben<\/li>\n<li data-start=\"3165\" data-end=\"3240\"><strong data-start=\"3167\" data-end=\"3200\">Erfahren im Online-Unterricht<\/strong> sind &amp; technische Fragen l\u00f6sen k\u00f6nnen<\/li>\n<\/ul>\n<p data-start=\"3242\" data-end=\"3324\">\ud83d\udccc <strong data-start=\"3245\" data-end=\"3322\">Unsere Lehrer unterst\u00fctzen Sie individuell &amp; motivieren Sie zum Sprechen!<\/strong><\/p>\n<hr data-start=\"3326\" data-end=\"3329\" \/>\n<h2 data-start=\"3331\" data-end=\"3384\">\ud83d\udcc5 Kursdetails: Dauer, Starttermine &amp; Preise<\/h2>\n<p data-start=\"3386\" data-end=\"3477\">\ud83d\udccc <strong data-start=\"3389\" data-end=\"3403\">Kursdauer:<\/strong> 6 Wochen<br data-start=\"3412\" data-end=\"3415\" \/>\ud83d\udccc <strong data-start=\"3418\" data-end=\"3443\">Unterrichtseinheiten:<\/strong> 2x pro Woche, je <strong data-start=\"3461\" data-end=\"3475\">90 Minuten<\/strong><\/p>\n<p data-start=\"3479\" data-end=\"3499\">\ud83d\udd58 <strong data-start=\"3482\" data-end=\"3497\">Kurszeiten:<\/strong><\/p>\n<ul data-start=\"3500\" data-end=\"3593\">\n<li data-start=\"3500\" data-end=\"3544\">Montag &amp; Mittwoch: <strong data-start=\"3521\" data-end=\"3542\">18:00 \u2013 19:30 Uhr<\/strong><\/li>\n<li data-start=\"3545\" data-end=\"3593\">Dienstag &amp; Donnerstag: <strong data-start=\"3570\" data-end=\"3591\">19:00 \u2013 20:30 Uhr<\/strong><\/li>\n<\/ul>\n<p data-start=\"3595\" data-end=\"3617\">\ud83d\udcc5 <strong data-start=\"3598\" data-end=\"3615\">Starttermine:<\/strong><\/p>\n<ul data-start=\"3618\" data-end=\"3685\">\n<li data-start=\"3618\" data-end=\"3650\">Jeden <strong data-start=\"3626\" data-end=\"3648\">1. Montag im Monat<\/strong><\/li>\n<li data-start=\"3651\" data-end=\"3685\">Jeden <strong data-start=\"3659\" data-end=\"3683\">3. Dienstag im Monat<\/strong><\/li>\n<\/ul>\n<p data-start=\"3687\" data-end=\"3725\">\ud83d\udcb0 <strong data-start=\"3690\" data-end=\"3713\">Preis f\u00fcr 6 Wochen:<\/strong> <strong data-start=\"3714\" data-end=\"3723\">279 \u20ac<\/strong><\/p>\n<p data-start=\"3727\" data-end=\"3798\">\u2728 <strong data-start=\"3729\" data-end=\"3796\">Jetzt anmelden &amp; mit einer kostenlosen Schnupperstunde starten!<\/strong><\/p>\n<a href=\"https:\/\/www.sprachschule-aktiv.com\/online-sprachkurse\/anmeldung-sprachschule\/\"><img decoding=\"async\" class=\"alignnone wp-image-376 size-full\" src=\"https:\/\/www.sprachschule-aktiv.com\/wp-content\/uploads\/2021\/03\/jetzt-sprachkurs-buchen.png\" alt=\"Anmeldung Sprachkurs\" width=\"239\" height=\"62\" \/><\/a>\n<h2 data-start=\"3805\" data-end=\"3859\">\ud83c\udf81 Geld-zur\u00fcck-Garantie \u2013 Ohne Risiko buchen!<\/h2>\n<p data-start=\"3861\" data-end=\"3968\">\u2705 <strong data-start=\"3863\" data-end=\"3893\">Kostenlose Schnupperstunde<\/strong> \u2013 testen Sie den Kurs unverbindlich!<br data-start=\"3930\" data-end=\"3933\" \/>\u2705 <strong data-start=\"3935\" data-end=\"3966\">100 % Geld-zur\u00fcck-Garantie:<\/strong><\/p>\n<ul data-start=\"3972\" data-end=\"4064\">\n<li data-start=\"3972\" data-end=\"4064\">Falls Sie nach der ersten Stunde nicht zufrieden sind, <strong data-start=\"4029\" data-end=\"4061\">erhalten Sie Ihr Geld zur\u00fcck<\/strong>.<\/li>\n<\/ul>\n<p data-start=\"4066\" data-end=\"4111\">\ud83d\udccc <strong data-start=\"4069\" data-end=\"4109\">Jetzt anmelden &amp; risikofrei starten!<\/strong><\/p>\n","protected":false},"excerpt":{"rendered":"<p>\ud83d\udcda Online Deutsch Abendkurse \u2013 A1 bis C2 | Jetzt starten! Lernen Sie Deutsch flexibel &amp; bequem von zu Hause!Unsere Online-Deutsch-Abendkurse bieten Ihnen eine interaktive Lernerfahrung mit qualifizierten Muttersprachlern \u2013 ideal f\u00fcr Anf\u00e4nger &amp; Fortgeschrittene. \u2705 Alle Niveaustufen von A1 bis C2\u2705 Live-Unterricht in Kleingruppen f\u00fcr maximale Interaktion\u2705 Gratis Schnupperstunde &amp; kostenloser Einstufungstest \ud83d\udcc5 Starttermine:&hellip; <a class=\"read-more\" href=\"https:\/\/www.sprachschule-aktiv.com\/online-sprachkurse\/online-deutsch-abendkurse-fuer-anfaenger-und-fortgeschrittene\/\" title=\"Read Online Deutsch Abendkurse f\u00fcr Anf\u00e4nger &#038; Fortgeschrittene von A1 bis C2\">Read more &raquo;<\/a><\/p>\n","protected":false},"author":1,"featured_media":0,"parent":0,"menu_order":0,"comment_status":"closed","ping_status":"closed","template":"","meta":{"footnotes":""},"class_list":["post-1950","page","type-page","status-publish","hentry"],"yoast_head":"<!-- This site is optimized with the Yoast SEO plugin v27.1.1 - https:\/\/yoast.com\/product\/yoast-seo-wordpress\/ -->\n<title>Online Deutsch Abendkurse \u2013 A1 bis C2 | Flexibel lernen!<\/title>\n<meta name=\"description\" content=\"Lernen Sie Deutsch online am Abend (A1 \u2013 C2). Live mit Muttersprachlern. Gratis Schnupperstunde &amp; Geld-zur\u00fcck-Garantie! Jetzt Platz sichern.\" \/>\n<meta name=\"robots\" content=\"index, follow, max-snippet:-1, max-image-preview:large, max-video-preview:-1\" \/>\n<link rel=\"canonical\" href=\"https:\/\/www.sprachschule-aktiv.com\/online-sprachkurse\/online-deutsch-abendkurse-fuer-anfaenger-und-fortgeschrittene\/\" \/>\n<meta property=\"og:locale\" content=\"de_DE\" \/>\n<meta property=\"og:type\" content=\"article\" \/>\n<meta property=\"og:title\" content=\"Online Deutsch Abendkurse \u2013 A1 bis C2 | Flexibel lernen!\" \/>\n<meta property=\"og:description\" content=\"Lernen Sie Deutsch online am Abend (A1 \u2013 C2). Live mit Muttersprachlern. Gratis Schnupperstunde &amp; Geld-zur\u00fcck-Garantie! Jetzt Platz sichern.\" \/>\n<meta property=\"og:url\" content=\"https:\/\/www.sprachschule-aktiv.com\/online-sprachkurse\/online-deutsch-abendkurse-fuer-anfaenger-und-fortgeschrittene\/\" \/>\n<meta property=\"og:site_name\" content=\"Online Sprachkurse\" \/>\n<meta property=\"article:modified_time\" content=\"2025-03-07T04:53:43+00:00\" \/>\n<meta name=\"twitter:card\" content=\"summary_large_image\" \/>\n<meta name=\"twitter:label1\" content=\"Gesch\u00e4tzte Lesezeit\" \/>\n\t<meta name=\"twitter:data1\" content=\"4\u00a0Minuten\" \/>\n<script type=\"application\/ld+json\" class=\"yoast-schema-graph\">{\"@context\":\"https:\/\/schema.org\",\"@graph\":[{\"@type\":\"WebPage\",\"@id\":\"https:\/\/www.sprachschule-aktiv.com\/online-sprachkurse\/online-deutsch-abendkurse-fuer-anfaenger-und-fortgeschrittene\/\",\"url\":\"https:\/\/www.sprachschule-aktiv.com\/online-sprachkurse\/online-deutsch-abendkurse-fuer-anfaenger-und-fortgeschrittene\/\",\"name\":\"Online Deutsch Abendkurse \u2013 A1 bis C2 | Flexibel lernen!\",\"isPartOf\":{\"@id\":\"https:\/\/www.sprachschule-aktiv.com\/online-sprachkurse\/#website\"},\"primaryImageOfPage\":{\"@id\":\"https:\/\/www.sprachschule-aktiv.com\/online-sprachkurse\/online-deutsch-abendkurse-fuer-anfaenger-und-fortgeschrittene\/#primaryimage\"},\"image\":{\"@id\":\"https:\/\/www.sprachschule-aktiv.com\/online-sprachkurse\/online-deutsch-abendkurse-fuer-anfaenger-und-fortgeschrittene\/#primaryimage\"},\"thumbnailUrl\":\"https:\/\/www.sprachschule-aktiv.com\/wp-content\/uploads\/2021\/12\/online-deutsch-abendkurs-300x212.jpg\",\"datePublished\":\"2021-12-09T05:54:11+00:00\",\"dateModified\":\"2025-03-07T04:53:43+00:00\",\"description\":\"Lernen Sie Deutsch online am Abend (A1 \u2013 C2). Live mit Muttersprachlern. Gratis Schnupperstunde & Geld-zur\u00fcck-Garantie! Jetzt Platz sichern.\",\"breadcrumb\":{\"@id\":\"https:\/\/www.sprachschule-aktiv.com\/online-sprachkurse\/online-deutsch-abendkurse-fuer-anfaenger-und-fortgeschrittene\/#breadcrumb\"},\"inLanguage\":\"de\",\"potentialAction\":[{\"@type\":\"ReadAction\",\"target\":[\"https:\/\/www.sprachschule-aktiv.com\/online-sprachkurse\/online-deutsch-abendkurse-fuer-anfaenger-und-fortgeschrittene\/\"]}]},{\"@type\":\"ImageObject\",\"inLanguage\":\"de\",\"@id\":\"https:\/\/www.sprachschule-aktiv.com\/online-sprachkurse\/online-deutsch-abendkurse-fuer-anfaenger-und-fortgeschrittene\/#primaryimage\",\"url\":\"https:\/\/www.sprachschule-aktiv.com\/wp-content\/uploads\/2021\/12\/online-deutsch-abendkurs-300x212.jpg\",\"contentUrl\":\"https:\/\/www.sprachschule-aktiv.com\/wp-content\/uploads\/2021\/12\/online-deutsch-abendkurs-300x212.jpg\"},{\"@type\":\"BreadcrumbList\",\"@id\":\"https:\/\/www.sprachschule-aktiv.com\/online-sprachkurse\/online-deutsch-abendkurse-fuer-anfaenger-und-fortgeschrittene\/#breadcrumb\",\"itemListElement\":[{\"@type\":\"ListItem\",\"position\":1,\"name\":\"Startseite\",\"item\":\"https:\/\/www.sprachschule-aktiv.com\/online-sprachkurse\/\"},{\"@type\":\"ListItem\",\"position\":2,\"name\":\"Online Deutsch Abendkurse f\u00fcr Anf\u00e4nger &#038; Fortgeschrittene von A1 bis C2\"}]},{\"@type\":\"WebSite\",\"@id\":\"https:\/\/www.sprachschule-aktiv.com\/online-sprachkurse\/#website\",\"url\":\"https:\/\/www.sprachschule-aktiv.com\/online-sprachkurse\/\",\"name\":\"Online Sprachkurse\",\"description\":\"\",\"potentialAction\":[{\"@type\":\"SearchAction\",\"target\":{\"@type\":\"EntryPoint\",\"urlTemplate\":\"https:\/\/www.sprachschule-aktiv.com\/online-sprachkurse\/?s={search_term_string}\"},\"query-input\":{\"@type\":\"PropertyValueSpecification\",\"valueRequired\":true,\"valueName\":\"search_term_string\"}}],\"inLanguage\":\"de\"}]}<\/script>\n<!-- \/ Yoast SEO plugin. -->","yoast_head_json":{"title":"Online Deutsch Abendkurse \u2013 A1 bis C2 | Flexibel lernen!","description":"Lernen Sie Deutsch online am Abend (A1 \u2013 C2). Live mit Muttersprachlern. Gratis Schnupperstunde & Geld-zur\u00fcck-Garantie! Jetzt Platz sichern.","robots":{"index":"index","follow":"follow","max-snippet":"max-snippet:-1","max-image-preview":"max-image-preview:large","max-video-preview":"max-video-preview:-1"},"canonical":"https:\/\/www.sprachschule-aktiv.com\/online-sprachkurse\/online-deutsch-abendkurse-fuer-anfaenger-und-fortgeschrittene\/","og_locale":"de_DE","og_type":"article","og_title":"Online Deutsch Abendkurse \u2013 A1 bis C2 | Flexibel lernen!","og_description":"Lernen Sie Deutsch online am Abend (A1 \u2013 C2). Live mit Muttersprachlern. Gratis Schnupperstunde & Geld-zur\u00fcck-Garantie! Jetzt Platz sichern.","og_url":"https:\/\/www.sprachschule-aktiv.com\/online-sprachkurse\/online-deutsch-abendkurse-fuer-anfaenger-und-fortgeschrittene\/","og_site_name":"Online Sprachkurse","article_modified_time":"2025-03-07T04:53:43+00:00","twitter_card":"summary_large_image","twitter_misc":{"Gesch\u00e4tzte Lesezeit":"4\u00a0Minuten"},"schema":{"@context":"https:\/\/schema.org","@graph":[{"@type":"WebPage","@id":"https:\/\/www.sprachschule-aktiv.com\/online-sprachkurse\/online-deutsch-abendkurse-fuer-anfaenger-und-fortgeschrittene\/","url":"https:\/\/www.sprachschule-aktiv.com\/online-sprachkurse\/online-deutsch-abendkurse-fuer-anfaenger-und-fortgeschrittene\/","name":"Online Deutsch Abendkurse \u2013 A1 bis C2 | Flexibel lernen!","isPartOf":{"@id":"https:\/\/www.sprachschule-aktiv.com\/online-sprachkurse\/#website"},"primaryImageOfPage":{"@id":"https:\/\/www.sprachschule-aktiv.com\/online-sprachkurse\/online-deutsch-abendkurse-fuer-anfaenger-und-fortgeschrittene\/#primaryimage"},"image":{"@id":"https:\/\/www.sprachschule-aktiv.com\/online-sprachkurse\/online-deutsch-abendkurse-fuer-anfaenger-und-fortgeschrittene\/#primaryimage"},"thumbnailUrl":"https:\/\/www.sprachschule-aktiv.com\/wp-content\/uploads\/2021\/12\/online-deutsch-abendkurs-300x212.jpg","datePublished":"2021-12-09T05:54:11+00:00","dateModified":"2025-03-07T04:53:43+00:00","description":"Lernen Sie Deutsch online am Abend (A1 \u2013 C2). Live mit Muttersprachlern. Gratis Schnupperstunde & Geld-zur\u00fcck-Garantie! Jetzt Platz sichern.","breadcrumb":{"@id":"https:\/\/www.sprachschule-aktiv.com\/online-sprachkurse\/online-deutsch-abendkurse-fuer-anfaenger-und-fortgeschrittene\/#breadcrumb"},"inLanguage":"de","potentialAction":[{"@type":"ReadAction","target":["https:\/\/www.sprachschule-aktiv.com\/online-sprachkurse\/online-deutsch-abendkurse-fuer-anfaenger-und-fortgeschrittene\/"]}]},{"@type":"ImageObject","inLanguage":"de","@id":"https:\/\/www.sprachschule-aktiv.com\/online-sprachkurse\/online-deutsch-abendkurse-fuer-anfaenger-und-fortgeschrittene\/#primaryimage","url":"https:\/\/www.sprachschule-aktiv.com\/wp-content\/uploads\/2021\/12\/online-deutsch-abendkurs-300x212.jpg","contentUrl":"https:\/\/www.sprachschule-aktiv.com\/wp-content\/uploads\/2021\/12\/online-deutsch-abendkurs-300x212.jpg"},{"@type":"BreadcrumbList","@id":"https:\/\/www.sprachschule-aktiv.com\/online-sprachkurse\/online-deutsch-abendkurse-fuer-anfaenger-und-fortgeschrittene\/#breadcrumb","itemListElement":[{"@type":"ListItem","position":1,"name":"Startseite","item":"https:\/\/www.sprachschule-aktiv.com\/online-sprachkurse\/"},{"@type":"ListItem","position":2,"name":"Online Deutsch Abendkurse f\u00fcr Anf\u00e4nger &#038; Fortgeschrittene von A1 bis C2"}]},{"@type":"WebSite","@id":"https:\/\/www.sprachschule-aktiv.com\/online-sprachkurse\/#website","url":"https:\/\/www.sprachschule-aktiv.com\/online-sprachkurse\/","name":"Online Sprachkurse","description":"","potentialAction":[{"@type":"SearchAction","target":{"@type":"EntryPoint","urlTemplate":"https:\/\/www.sprachschule-aktiv.com\/online-sprachkurse\/?s={search_term_string}"},"query-input":{"@type":"PropertyValueSpecification","valueRequired":true,"valueName":"search_term_string"}}],"inLanguage":"de"}]}},"_links":{"self":[{"href":"https:\/\/www.sprachschule-aktiv.com\/online-sprachkurse\/wp-json\/wp\/v2\/pages\/1950","targetHints":{"allow":["GET"]}}],"collection":[{"href":"https:\/\/www.sprachschule-aktiv.com\/online-sprachkurse\/wp-json\/wp\/v2\/pages"}],"about":[{"href":"https:\/\/www.sprachschule-aktiv.com\/online-sprachkurse\/wp-json\/wp\/v2\/types\/page"}],"author":[{"embeddable":true,"href":"https:\/\/www.sprachschule-aktiv.com\/online-sprachkurse\/wp-json\/wp\/v2\/users\/1"}],"replies":[{"embeddable":true,"href":"https:\/\/www.sprachschule-aktiv.com\/online-sprachkurse\/wp-json\/wp\/v2\/comments?post=1950"}],"version-history":[{"count":2,"href":"https:\/\/www.sprachschule-aktiv.com\/online-sprachkurse\/wp-json\/wp\/v2\/pages\/1950\/revisions"}],"predecessor-version":[{"id":2274,"href":"https:\/\/www.sprachschule-aktiv.com\/online-sprachkurse\/wp-json\/wp\/v2\/pages\/1950\/revisions\/2274"}],"wp:attachment":[{"href":"https:\/\/www.sprachschule-aktiv.com\/online-sprachkurse\/wp-json\/wp\/v2\/media?parent=1950"}],"curies":[{"name":"wp","href":"https:\/\/api.w.org\/{rel}","templated":true}]}}