{"id":1898,"date":"2021-10-16T06:57:25","date_gmt":"2021-10-16T04:57:25","guid":{"rendered":"https:\/\/www.sprachschule-aktiv.com\/?page_id=1898"},"modified":"2025-03-07T06:22:36","modified_gmt":"2025-03-07T05:22:36","slug":"online-deutschkurse-fuer-krankenschwester-und-pflegekraefte","status":"publish","type":"page","link":"https:\/\/www.sprachschule-aktiv.com\/online-sprachkurse\/online-deutschkurse-fuer-krankenschwester-und-pflegekraefte\/","title":{"rendered":"Online Deutschkurse f\u00fcr Krankenschwester und Pflegekr\u00e4fte &#8211; A1 bis C2"},"content":{"rendered":"<h2 data-start=\"0\" data-end=\"86\">\ud83d\udcda Online Deutschkurse f\u00fcr Pflegekr\u00e4fte &amp; Krankenschwestern \u2013 Jetzt starten!<\/h2>\n<p data-start=\"88\" data-end=\"433\">M\u00f6chten Sie als <strong data-start=\"104\" data-end=\"156\">Krankenschwester oder Pflegekraft in Deutschland<\/strong> erfolgreich arbeiten?<br data-start=\"178\" data-end=\"181\" \/>Dann sind <strong data-start=\"191\" data-end=\"217\">gute Deutschkenntnisse<\/strong> unverzichtbar! Unsere <strong data-start=\"240\" data-end=\"280\">Online-Deutschkurse f\u00fcr Pflegekr\u00e4fte<\/strong> helfen Ihnen dabei, sich sicher mit <strong data-start=\"317\" data-end=\"351\">Patienten, \u00c4rzten und Kollegen<\/strong> zu verst\u00e4ndigen und Ihre <strong data-start=\"377\" data-end=\"403\">berufliche Anerkennung<\/strong> in Deutschland zu erhalten.<\/p>\n<p data-start=\"435\" data-end=\"688\">\u2705 <strong data-start=\"437\" data-end=\"497\">Deutsch lernen von A1 bis C2 \u2013 speziell f\u00fcr Pflegeberufe<\/strong><br data-start=\"497\" data-end=\"500\" \/>\u2705 <strong data-start=\"502\" data-end=\"555\">Berufsspezifisches Vokabular f\u00fcr den Pflegealltag<\/strong><br data-start=\"555\" data-end=\"558\" \/>\u2705 <strong data-start=\"560\" data-end=\"605\">Kleine Gruppen mit maximal 10 Teilnehmern<\/strong><br data-start=\"605\" data-end=\"608\" \/>\u2705 <strong data-start=\"610\" data-end=\"686\">Flexibles Online-Lernen von \u00fcberall \u2013 mit Laptop, Tablet oder Smartphone<\/strong><\/p>\n<p data-start=\"690\" data-end=\"796\">\ud83d\udccc <strong data-start=\"693\" data-end=\"716\">N\u00e4chstes Kursstart:<\/strong> Erster Montag im Monat<br data-start=\"739\" data-end=\"742\" \/>\ud83d\udccc <strong data-start=\"745\" data-end=\"794\">Gratis Schnupperstunde,<a href=\"https:\/\/www.sprachschule-aktiv.com\/online-sprachkurse\/deutsch-einstufungstest-von-a1-bis-c2\/\"> kostenlose Einstufung<\/a> &amp; Geld-zur\u00fcck-Garantie<\/strong><\/p>\n<p data-start=\"798\" data-end=\"873\">\u27a1\ufe0f <strong data-start=\"801\" data-end=\"871\">Jetzt unverbindlich anmelden &amp; Deutsch f\u00fcr den Pflegeberuf lernen!<\/strong><\/p>\n<p data-start=\"798\" data-end=\"873\"><img decoding=\"async\" class=\"alignnone wp-image-1900 size-medium\" src=\"https:\/\/www.sprachschule-aktiv.com\/wp-content\/uploads\/2021\/10\/online-deutschkurse-fuer-krankenschwester-und-pflegekraefte-1-300x212.jpg\" alt=\"Online Deutschkurse f\u00fcr Krankenschwester und Pflegekr\u00e4fte\" width=\"300\" height=\"212\" \/><\/p>\n<a href=\"https:\/\/www.sprachschule-aktiv.com\/online-sprachkurse\/kontaktieren-sie-uns\/\"><img decoding=\"async\" class=\"alignnone wp-image-375 size-full\" src=\"https:\/\/www.sprachschule-aktiv.com\/wp-content\/uploads\/2021\/03\/anfrage-sprachkurs.png\" alt=\"Anfrage Sprachkurs\" width=\"164\" height=\"55\" \/><\/a>\n<h2 data-start=\"880\" data-end=\"938\">\ud83d\udca1 Warum ist Deutsch f\u00fcr Pflegekr\u00e4fte so wichtig?<\/h2>\n<p data-start=\"940\" data-end=\"1103\">Als Pflegekraft oder Krankenschwester in Deutschland m\u00fcssen Sie <strong data-start=\"1004\" data-end=\"1077\">t\u00e4glich mit Patienten, Angeh\u00f6rigen, \u00c4rzten und Kollegen kommunizieren<\/strong>.<br data-start=\"1078\" data-end=\"1081\" \/>Daf\u00fcr ben\u00f6tigen Sie:<\/p>\n<p data-start=\"1105\" data-end=\"1327\">\u2705 <strong data-start=\"1107\" data-end=\"1160\">Fl\u00fcssige Sprachkenntnisse f\u00fcr die t\u00e4gliche Arbeit<\/strong><br data-start=\"1160\" data-end=\"1163\" \/>\u2705 <strong data-start=\"1165\" data-end=\"1211\">Sicherheit bei medizinischem Fachvokabular<\/strong><br data-start=\"1211\" data-end=\"1214\" \/>\u2705 <strong data-start=\"1216\" data-end=\"1266\">Gute Aussprache &amp; verst\u00e4ndliche Ausdrucksweise<\/strong><br data-start=\"1266\" data-end=\"1269\" \/>\u2705 <strong data-start=\"1271\" data-end=\"1325\">Verst\u00e4ndnis von Arbeitsanweisungen &amp; Dokumentation<\/strong><\/p>\n<p data-start=\"1329\" data-end=\"1457\">Unsere <strong data-start=\"1336\" data-end=\"1385\">spezialisierten Deutschkurse f\u00fcr Pflegekr\u00e4fte<\/strong> vermitteln Ihnen genau das Wissen, das Sie f\u00fcr Ihren Beruf ben\u00f6tigen!<\/p>\n<hr data-start=\"1459\" data-end=\"1462\" \/>\n<h2 data-start=\"1464\" data-end=\"1513\">\ud83c\udf93 Berufliche Anerkennung &amp; telc B2 Test<\/h2>\n<p data-start=\"1515\" data-end=\"1642\">Pflegekr\u00e4fte, die in Deutschland arbeiten m\u00f6chten, ben\u00f6tigen in der Regel einen <strong data-start=\"1595\" data-end=\"1639\">offiziellen Sprachnachweis auf B2-Niveau<\/strong>.<\/p>\n<p data-start=\"1644\" data-end=\"1774\">\ud83d\udca1 <strong data-start=\"1647\" data-end=\"1683\">Sie sind Anf\u00e4nger? Kein Problem!<\/strong><br data-start=\"1683\" data-end=\"1686\" \/>Beginnen Sie mit <strong data-start=\"1703\" data-end=\"1766\">A1 und arbeiten Sie sich \u00fcber A2 &amp; B1 bis zum B2-Zertifikat<\/strong> hoch.<\/p>\n<p data-start=\"1776\" data-end=\"1871\">\ud83d\udccc <strong data-start=\"1779\" data-end=\"1811\">Kostenloser Einstufungstest:<\/strong> Finden Sie heraus, auf welchem Level Sie starten sollten!<\/p>\n<hr data-start=\"1873\" data-end=\"1876\" \/>\n<h2 data-start=\"1878\" data-end=\"1946\">\ud83d\udcdd Was erwartet Sie im Online-Deutschkurs f\u00fcr Pflegekr\u00e4fte?<\/h2>\n<p data-start=\"1948\" data-end=\"1993\">Unsere <strong data-start=\"1955\" data-end=\"1979\">Online-Intensivkurse<\/strong> beinhalten:<\/p>\n<p data-start=\"1995\" data-end=\"2343\">\u2705 <strong data-start=\"1997\" data-end=\"2029\">H\u00f6rverstehen &amp; Leseverstehen<\/strong> \u2013 Kommunikation mit Patienten &amp; Kollegen verbessern<br data-start=\"2081\" data-end=\"2084\" \/>\u2705 <strong data-start=\"2086\" data-end=\"2112\">Schriftlicher Ausdruck<\/strong> \u2013 Berichte, Protokolle &amp; Dokumentationen korrekt schreiben<br data-start=\"2171\" data-end=\"2174\" \/>\u2705 <strong data-start=\"2176\" data-end=\"2199\">M\u00fcndlicher Ausdruck<\/strong> \u2013 Sicherheit im Dialog mit \u00c4rzten, Kollegen &amp; Angeh\u00f6rigen<br data-start=\"2257\" data-end=\"2260\" \/>\u2705 <strong data-start=\"2262\" data-end=\"2298\">Spezialisiertes Pflege-Vokabular<\/strong> \u2013 Terminologie f\u00fcr die medizinische Praxis<\/p>\n<p data-start=\"2345\" data-end=\"2436\">\ud83d\udca1 <strong data-start=\"2348\" data-end=\"2364\">Unser Fokus:<\/strong> Praktisches Deutsch, das Sie sofort im Arbeitsalltag anwenden k\u00f6nnen!<\/p>\n<hr data-start=\"2438\" data-end=\"2441\" \/>\n<h2 data-start=\"2443\" data-end=\"2488\">\ud83d\udcbb Wie funktioniert der Online-Kurs?<\/h2>\n<p data-start=\"2490\" data-end=\"2564\">Unsere <strong data-start=\"2497\" data-end=\"2537\">Online-Deutschkurse f\u00fcr Pflegekr\u00e4fte<\/strong> sind einfach &amp; flexibel:<\/p>\n<p data-start=\"2566\" data-end=\"2784\">\ud83d\udccc <strong data-start=\"2569\" data-end=\"2644\">Lernen Sie bequem von zu Hause aus \u2013 mit Laptop, Tablet oder Smartphone<\/strong><br data-start=\"2644\" data-end=\"2647\" \/>\ud83d\udccc <strong data-start=\"2650\" data-end=\"2712\">Teilnahme per Mausklick \u2013 keine komplizierte Technik n\u00f6tig<\/strong><br data-start=\"2712\" data-end=\"2715\" \/>\ud83d\udccc <strong data-start=\"2718\" data-end=\"2782\">Interaktiver Unterricht in Kleingruppen (max. 10 Teilnehmer)<\/strong><\/p>\n<p data-start=\"2786\" data-end=\"2874\">\ud83c\udfa5 <strong data-start=\"2789\" data-end=\"2872\">Live-Unterricht mit muttersprachlichen Lehrkr\u00e4ften \u2013 keine langweiligen Videos!<\/strong><\/p>\n<hr data-start=\"2876\" data-end=\"2879\" \/>\n<h2 data-start=\"2881\" data-end=\"2913\">\ud83d\udcc5 Kursdetails &amp; Preise<\/h2>\n<p data-start=\"2915\" data-end=\"3027\">\ud83d\udccc <strong data-start=\"2918\" data-end=\"2939\">Dauer des Kurses:<\/strong> 4 Wochen<br data-start=\"2948\" data-end=\"2951\" \/>\ud83d\udccc <strong data-start=\"2954\" data-end=\"2969\">Kursbeginn:<\/strong> Erster Montag im Monat<br data-start=\"2992\" data-end=\"2995\" \/>\ud83d\udccc <strong data-start=\"2998\" data-end=\"3015\">Niveaustufen:<\/strong> A1 bis C2<\/p>\n<p data-start=\"3029\" data-end=\"3064\">\ud83d\udcb0 <strong data-start=\"3032\" data-end=\"3056\">Kosten f\u00fcr 4 Wochen:<\/strong> 599 \u20ac<\/p>\n<p data-start=\"3066\" data-end=\"3137\">\u2728 <strong data-start=\"3068\" data-end=\"3135\">Jetzt anmelden &amp; mit einer kostenlosen Schnupperstunde starten!<\/strong><\/p>\n<a href=\"https:\/\/www.sprachschule-aktiv.com\/online-sprachkurse\/anmeldung-sprachschule\/\"><img decoding=\"async\" class=\"alignnone wp-image-376 size-full\" src=\"https:\/\/www.sprachschule-aktiv.com\/wp-content\/uploads\/2021\/03\/jetzt-sprachkurs-buchen.png\" alt=\"Anmeldung Sprachkurs\" width=\"239\" height=\"62\" \/><\/a>\n<h2 data-start=\"3144\" data-end=\"3210\">\ud83c\udf81 Ihre Vorteile beim Online-Deutschkurs f\u00fcr Pflegekr\u00e4fte<\/h2>\n<p data-start=\"3212\" data-end=\"3442\">\u2705 <strong data-start=\"3214\" data-end=\"3263\">Gratis Schnupperstunde &amp; Geld-zur\u00fcck-Garantie<\/strong><br data-start=\"3263\" data-end=\"3266\" \/>\u2705 <strong data-start=\"3268\" data-end=\"3314\">Spezialisierter Kurs f\u00fcr den Pflegebereich<\/strong><br data-start=\"3314\" data-end=\"3317\" \/>\u2705 <strong data-start=\"3319\" data-end=\"3385\">Professionelle Betreuung durch muttersprachliche Deutschlehrer<\/strong><br data-start=\"3385\" data-end=\"3388\" \/>\u2705 <strong data-start=\"3390\" data-end=\"3440\">Pers\u00f6nliche Beratung \u2013 per E-Mail oder Telefon<\/strong><\/p>\n<p data-start=\"3444\" data-end=\"3541\">\ud83d\udccc <strong data-start=\"3447\" data-end=\"3468\">Haben Sie Fragen?<\/strong><br data-start=\"3468\" data-end=\"3471\" \/>Kontaktieren Sie unser Fachpersonal \u2013 wir beraten Sie unverbindlich!<\/p>\n<p data-start=\"3543\" data-end=\"3623\">\u27a1\ufe0f <strong data-start=\"3546\" data-end=\"3621\">Jetzt anmelden &amp; Ihre Deutschkenntnisse f\u00fcr den Pflegeberuf verbessern!<\/strong><\/p>\n","protected":false},"excerpt":{"rendered":"<p>\ud83d\udcda Online Deutschkurse f\u00fcr Pflegekr\u00e4fte &amp; Krankenschwestern \u2013 Jetzt starten! M\u00f6chten Sie als Krankenschwester oder Pflegekraft in Deutschland erfolgreich arbeiten?Dann sind gute Deutschkenntnisse unverzichtbar! Unsere Online-Deutschkurse f\u00fcr Pflegekr\u00e4fte helfen Ihnen dabei, sich sicher mit Patienten, \u00c4rzten und Kollegen zu verst\u00e4ndigen und Ihre berufliche Anerkennung in Deutschland zu erhalten. \u2705 Deutsch lernen von A1 bis C2&hellip; <a class=\"read-more\" href=\"https:\/\/www.sprachschule-aktiv.com\/online-sprachkurse\/online-deutschkurse-fuer-krankenschwester-und-pflegekraefte\/\" title=\"Read Online Deutschkurse f\u00fcr Krankenschwester und Pflegekr\u00e4fte &#8211; A1 bis C2\">Read more &raquo;<\/a><\/p>\n","protected":false},"author":1,"featured_media":0,"parent":0,"menu_order":0,"comment_status":"closed","ping_status":"closed","template":"","meta":{"footnotes":""},"class_list":["post-1898","page","type-page","status-publish","hentry"],"yoast_head":"<!-- This site is optimized with the Yoast SEO plugin v27.1.1 - https:\/\/yoast.com\/product\/yoast-seo-wordpress\/ -->\n<title>Online Deutschkurs f\u00fcr Krankenschwester und Pflegekr\u00e4fte<\/title>\n<meta name=\"description\" content=\"Lernen Sie Deutsch f\u00fcr den Pflegeberuf online! Spezieller Kurs f\u00fcr Krankenschwestern &amp; Pflegekr\u00e4fte (A1 \u2013 C2). Jetzt anmelden &amp; gratis testen!\" \/>\n<meta name=\"robots\" content=\"index, follow, max-snippet:-1, max-image-preview:large, max-video-preview:-1\" \/>\n<link rel=\"canonical\" href=\"https:\/\/www.sprachschule-aktiv.com\/online-sprachkurse\/online-deutschkurse-fuer-krankenschwester-und-pflegekraefte\/\" \/>\n<meta property=\"og:locale\" content=\"de_DE\" \/>\n<meta property=\"og:type\" content=\"article\" \/>\n<meta property=\"og:title\" content=\"Online Deutschkurs f\u00fcr Krankenschwester und Pflegekr\u00e4fte\" \/>\n<meta property=\"og:description\" content=\"Lernen Sie Deutsch f\u00fcr den Pflegeberuf online! Spezieller Kurs f\u00fcr Krankenschwestern &amp; Pflegekr\u00e4fte (A1 \u2013 C2). Jetzt anmelden &amp; gratis testen!\" \/>\n<meta property=\"og:url\" content=\"https:\/\/www.sprachschule-aktiv.com\/online-sprachkurse\/online-deutschkurse-fuer-krankenschwester-und-pflegekraefte\/\" \/>\n<meta property=\"og:site_name\" content=\"Online Sprachkurse\" \/>\n<meta property=\"article:modified_time\" content=\"2025-03-07T05:22:36+00:00\" \/>\n<meta name=\"twitter:card\" content=\"summary_large_image\" \/>\n<meta name=\"twitter:label1\" content=\"Gesch\u00e4tzte Lesezeit\" \/>\n\t<meta name=\"twitter:data1\" content=\"3\u00a0Minuten\" \/>\n<script type=\"application\/ld+json\" class=\"yoast-schema-graph\">{\"@context\":\"https:\/\/schema.org\",\"@graph\":[{\"@type\":\"WebPage\",\"@id\":\"https:\/\/www.sprachschule-aktiv.com\/online-sprachkurse\/online-deutschkurse-fuer-krankenschwester-und-pflegekraefte\/\",\"url\":\"https:\/\/www.sprachschule-aktiv.com\/online-sprachkurse\/online-deutschkurse-fuer-krankenschwester-und-pflegekraefte\/\",\"name\":\"Online Deutschkurs f\u00fcr Krankenschwester und Pflegekr\u00e4fte\",\"isPartOf\":{\"@id\":\"https:\/\/www.sprachschule-aktiv.com\/online-sprachkurse\/#website\"},\"primaryImageOfPage\":{\"@id\":\"https:\/\/www.sprachschule-aktiv.com\/online-sprachkurse\/online-deutschkurse-fuer-krankenschwester-und-pflegekraefte\/#primaryimage\"},\"image\":{\"@id\":\"https:\/\/www.sprachschule-aktiv.com\/online-sprachkurse\/online-deutschkurse-fuer-krankenschwester-und-pflegekraefte\/#primaryimage\"},\"thumbnailUrl\":\"https:\/\/www.sprachschule-aktiv.com\/wp-content\/uploads\/2021\/10\/online-deutschkurse-fuer-krankenschwester-und-pflegekraefte-1-300x212.jpg\",\"datePublished\":\"2021-10-16T04:57:25+00:00\",\"dateModified\":\"2025-03-07T05:22:36+00:00\",\"description\":\"Lernen Sie Deutsch f\u00fcr den Pflegeberuf online! Spezieller Kurs f\u00fcr Krankenschwestern & Pflegekr\u00e4fte (A1 \u2013 C2). Jetzt anmelden & gratis testen!\",\"breadcrumb\":{\"@id\":\"https:\/\/www.sprachschule-aktiv.com\/online-sprachkurse\/online-deutschkurse-fuer-krankenschwester-und-pflegekraefte\/#breadcrumb\"},\"inLanguage\":\"de\",\"potentialAction\":[{\"@type\":\"ReadAction\",\"target\":[\"https:\/\/www.sprachschule-aktiv.com\/online-sprachkurse\/online-deutschkurse-fuer-krankenschwester-und-pflegekraefte\/\"]}]},{\"@type\":\"ImageObject\",\"inLanguage\":\"de\",\"@id\":\"https:\/\/www.sprachschule-aktiv.com\/online-sprachkurse\/online-deutschkurse-fuer-krankenschwester-und-pflegekraefte\/#primaryimage\",\"url\":\"https:\/\/www.sprachschule-aktiv.com\/wp-content\/uploads\/2021\/10\/online-deutschkurse-fuer-krankenschwester-und-pflegekraefte-1-300x212.jpg\",\"contentUrl\":\"https:\/\/www.sprachschule-aktiv.com\/wp-content\/uploads\/2021\/10\/online-deutschkurse-fuer-krankenschwester-und-pflegekraefte-1-300x212.jpg\"},{\"@type\":\"BreadcrumbList\",\"@id\":\"https:\/\/www.sprachschule-aktiv.com\/online-sprachkurse\/online-deutschkurse-fuer-krankenschwester-und-pflegekraefte\/#breadcrumb\",\"itemListElement\":[{\"@type\":\"ListItem\",\"position\":1,\"name\":\"Startseite\",\"item\":\"https:\/\/www.sprachschule-aktiv.com\/online-sprachkurse\/\"},{\"@type\":\"ListItem\",\"position\":2,\"name\":\"Online Deutschkurse f\u00fcr Krankenschwester und Pflegekr\u00e4fte &#8211; A1 bis C2\"}]},{\"@type\":\"WebSite\",\"@id\":\"https:\/\/www.sprachschule-aktiv.com\/online-sprachkurse\/#website\",\"url\":\"https:\/\/www.sprachschule-aktiv.com\/online-sprachkurse\/\",\"name\":\"Online Sprachkurse\",\"description\":\"\",\"potentialAction\":[{\"@type\":\"SearchAction\",\"target\":{\"@type\":\"EntryPoint\",\"urlTemplate\":\"https:\/\/www.sprachschule-aktiv.com\/online-sprachkurse\/?s={search_term_string}\"},\"query-input\":{\"@type\":\"PropertyValueSpecification\",\"valueRequired\":true,\"valueName\":\"search_term_string\"}}],\"inLanguage\":\"de\"}]}<\/script>\n<!-- \/ Yoast SEO plugin. -->","yoast_head_json":{"title":"Online Deutschkurs f\u00fcr Krankenschwester und Pflegekr\u00e4fte","description":"Lernen Sie Deutsch f\u00fcr den Pflegeberuf online! Spezieller Kurs f\u00fcr Krankenschwestern & Pflegekr\u00e4fte (A1 \u2013 C2). Jetzt anmelden & gratis testen!","robots":{"index":"index","follow":"follow","max-snippet":"max-snippet:-1","max-image-preview":"max-image-preview:large","max-video-preview":"max-video-preview:-1"},"canonical":"https:\/\/www.sprachschule-aktiv.com\/online-sprachkurse\/online-deutschkurse-fuer-krankenschwester-und-pflegekraefte\/","og_locale":"de_DE","og_type":"article","og_title":"Online Deutschkurs f\u00fcr Krankenschwester und Pflegekr\u00e4fte","og_description":"Lernen Sie Deutsch f\u00fcr den Pflegeberuf online! Spezieller Kurs f\u00fcr Krankenschwestern & Pflegekr\u00e4fte (A1 \u2013 C2). Jetzt anmelden & gratis testen!","og_url":"https:\/\/www.sprachschule-aktiv.com\/online-sprachkurse\/online-deutschkurse-fuer-krankenschwester-und-pflegekraefte\/","og_site_name":"Online Sprachkurse","article_modified_time":"2025-03-07T05:22:36+00:00","twitter_card":"summary_large_image","twitter_misc":{"Gesch\u00e4tzte Lesezeit":"3\u00a0Minuten"},"schema":{"@context":"https:\/\/schema.org","@graph":[{"@type":"WebPage","@id":"https:\/\/www.sprachschule-aktiv.com\/online-sprachkurse\/online-deutschkurse-fuer-krankenschwester-und-pflegekraefte\/","url":"https:\/\/www.sprachschule-aktiv.com\/online-sprachkurse\/online-deutschkurse-fuer-krankenschwester-und-pflegekraefte\/","name":"Online Deutschkurs f\u00fcr Krankenschwester und Pflegekr\u00e4fte","isPartOf":{"@id":"https:\/\/www.sprachschule-aktiv.com\/online-sprachkurse\/#website"},"primaryImageOfPage":{"@id":"https:\/\/www.sprachschule-aktiv.com\/online-sprachkurse\/online-deutschkurse-fuer-krankenschwester-und-pflegekraefte\/#primaryimage"},"image":{"@id":"https:\/\/www.sprachschule-aktiv.com\/online-sprachkurse\/online-deutschkurse-fuer-krankenschwester-und-pflegekraefte\/#primaryimage"},"thumbnailUrl":"https:\/\/www.sprachschule-aktiv.com\/wp-content\/uploads\/2021\/10\/online-deutschkurse-fuer-krankenschwester-und-pflegekraefte-1-300x212.jpg","datePublished":"2021-10-16T04:57:25+00:00","dateModified":"2025-03-07T05:22:36+00:00","description":"Lernen Sie Deutsch f\u00fcr den Pflegeberuf online! Spezieller Kurs f\u00fcr Krankenschwestern & Pflegekr\u00e4fte (A1 \u2013 C2). Jetzt anmelden & gratis testen!","breadcrumb":{"@id":"https:\/\/www.sprachschule-aktiv.com\/online-sprachkurse\/online-deutschkurse-fuer-krankenschwester-und-pflegekraefte\/#breadcrumb"},"inLanguage":"de","potentialAction":[{"@type":"ReadAction","target":["https:\/\/www.sprachschule-aktiv.com\/online-sprachkurse\/online-deutschkurse-fuer-krankenschwester-und-pflegekraefte\/"]}]},{"@type":"ImageObject","inLanguage":"de","@id":"https:\/\/www.sprachschule-aktiv.com\/online-sprachkurse\/online-deutschkurse-fuer-krankenschwester-und-pflegekraefte\/#primaryimage","url":"https:\/\/www.sprachschule-aktiv.com\/wp-content\/uploads\/2021\/10\/online-deutschkurse-fuer-krankenschwester-und-pflegekraefte-1-300x212.jpg","contentUrl":"https:\/\/www.sprachschule-aktiv.com\/wp-content\/uploads\/2021\/10\/online-deutschkurse-fuer-krankenschwester-und-pflegekraefte-1-300x212.jpg"},{"@type":"BreadcrumbList","@id":"https:\/\/www.sprachschule-aktiv.com\/online-sprachkurse\/online-deutschkurse-fuer-krankenschwester-und-pflegekraefte\/#breadcrumb","itemListElement":[{"@type":"ListItem","position":1,"name":"Startseite","item":"https:\/\/www.sprachschule-aktiv.com\/online-sprachkurse\/"},{"@type":"ListItem","position":2,"name":"Online Deutschkurse f\u00fcr Krankenschwester und Pflegekr\u00e4fte &#8211; A1 bis C2"}]},{"@type":"WebSite","@id":"https:\/\/www.sprachschule-aktiv.com\/online-sprachkurse\/#website","url":"https:\/\/www.sprachschule-aktiv.com\/online-sprachkurse\/","name":"Online Sprachkurse","description":"","potentialAction":[{"@type":"SearchAction","target":{"@type":"EntryPoint","urlTemplate":"https:\/\/www.sprachschule-aktiv.com\/online-sprachkurse\/?s={search_term_string}"},"query-input":{"@type":"PropertyValueSpecification","valueRequired":true,"valueName":"search_term_string"}}],"inLanguage":"de"}]}},"_links":{"self":[{"href":"https:\/\/www.sprachschule-aktiv.com\/online-sprachkurse\/wp-json\/wp\/v2\/pages\/1898","targetHints":{"allow":["GET"]}}],"collection":[{"href":"https:\/\/www.sprachschule-aktiv.com\/online-sprachkurse\/wp-json\/wp\/v2\/pages"}],"about":[{"href":"https:\/\/www.sprachschule-aktiv.com\/online-sprachkurse\/wp-json\/wp\/v2\/types\/page"}],"author":[{"embeddable":true,"href":"https:\/\/www.sprachschule-aktiv.com\/online-sprachkurse\/wp-json\/wp\/v2\/users\/1"}],"replies":[{"embeddable":true,"href":"https:\/\/www.sprachschule-aktiv.com\/online-sprachkurse\/wp-json\/wp\/v2\/comments?post=1898"}],"version-history":[{"count":2,"href":"https:\/\/www.sprachschule-aktiv.com\/online-sprachkurse\/wp-json\/wp\/v2\/pages\/1898\/revisions"}],"predecessor-version":[{"id":2281,"href":"https:\/\/www.sprachschule-aktiv.com\/online-sprachkurse\/wp-json\/wp\/v2\/pages\/1898\/revisions\/2281"}],"wp:attachment":[{"href":"https:\/\/www.sprachschule-aktiv.com\/online-sprachkurse\/wp-json\/wp\/v2\/media?parent=1898"}],"curies":[{"name":"wp","href":"https:\/\/api.w.org\/{rel}","templated":true}]}}