{"id":1864,"date":"2021-10-01T06:11:52","date_gmt":"2021-10-01T04:11:52","guid":{"rendered":"https:\/\/www.sprachschule-aktiv.com\/?page_id=1864"},"modified":"2025-03-06T09:19:48","modified_gmt":"2025-03-06T08:19:48","slug":"online-intensivkurs-deutsch-a1-a2-b1-b2-c1-c2","status":"publish","type":"page","link":"https:\/\/www.sprachschule-aktiv.com\/online-sprachkurse\/online-intensivkurs-deutsch-a1-a2-b1-b2-c1-c2\/","title":{"rendered":"Online Intensivkurs Deutsch A1-A2-B1-B2-C1-C2"},"content":{"rendered":"<h2 data-start=\"146\" data-end=\"214\">\ud83d\udd39 Deutsch Intensivkurs Online \u2013 A1 bis C2 | Jetzt starten!<\/h2>\n<p data-start=\"216\" data-end=\"412\">Lernen Sie Deutsch online \u2013 <strong data-start=\"244\" data-end=\"276\">schnell, effektiv &amp; flexibel<\/strong>!<br data-start=\"277\" data-end=\"280\" \/>Unsere <strong data-start=\"287\" data-end=\"311\">Online-Intensivkurse<\/strong> sind ideal f\u00fcr Anf\u00e4nger und Fortgeschrittene, die ihre Deutschkenntnisse rasch verbessern m\u00f6chten.<\/p>\n<p data-start=\"414\" data-end=\"562\">\u2705 <strong data-start=\"416\" data-end=\"451\">Alle Niveaustufen von A1 bis C2<\/strong><br data-start=\"451\" data-end=\"454\" \/>\u2705 <strong data-start=\"456\" data-end=\"510\">Live-Unterricht mit muttersprachlichen Lehrkr\u00e4ften<\/strong><br data-start=\"510\" data-end=\"513\" \/>\u2705 <strong data-start=\"515\" data-end=\"560\">Kostenloser Einstufungstest &amp; Probestunde<\/strong><\/p>\n<p data-start=\"564\" data-end=\"680\">\ud83d\udcc5 <strong data-start=\"567\" data-end=\"583\">Starttermin:<\/strong> Jeden ersten Montag im Monat<br data-start=\"612\" data-end=\"615\" \/>\ud83d\udcbb <strong data-start=\"618\" data-end=\"640\">Unterrichtszeiten:<\/strong> Montag bis Freitag, 09:00 \u2013 12:00 Uhr<\/p>\n<p data-start=\"682\" data-end=\"750\"><strong data-start=\"682\" data-end=\"748\">\u27a1\ufe0f Jetzt kostenlose Probestunde buchen &amp; unverbindlich testen!<\/strong><\/p>\n<p data-start=\"682\" data-end=\"750\"><img decoding=\"async\" class=\"alignnone size-medium wp-image-1867\" src=\"https:\/\/www.sprachschule-aktiv.com\/wp-content\/uploads\/2021\/10\/online-intensivkurs-deutsch-300x200.jpg\" alt=\"Online Intensivkurs Deutsch A1, A2, B1, B2, C1, C2\" width=\"300\" height=\"200\" \/><\/p>\n<a href=\"https:\/\/www.sprachschule-aktiv.com\/online-sprachkurse\/kontaktieren-sie-uns\/\"><img decoding=\"async\" class=\"alignnone wp-image-375 size-full\" src=\"https:\/\/www.sprachschule-aktiv.com\/wp-content\/uploads\/2021\/03\/anfrage-sprachkurs.png\" alt=\"Anfrage Sprachkurs\" width=\"164\" height=\"55\" \/><\/a>\n<h2 data-start=\"757\" data-end=\"809\">\ud83d\udca1 Kann man Deutsch online lernen? Absolut!<\/h2>\n<p data-start=\"811\" data-end=\"943\">Lernen Sie <strong data-start=\"822\" data-end=\"845\">bequem von zu Hause<\/strong> mit unseren <strong data-start=\"858\" data-end=\"893\">qualifizierten Muttersprachlern<\/strong>. Unsere Online-Intensivkurse erm\u00f6glichen Ihnen:<\/p>\n<ul data-start=\"944\" data-end=\"1150\">\n<li data-start=\"944\" data-end=\"1002\"><strong data-start=\"946\" data-end=\"966\">Flexibles Lernen<\/strong> mit minimalem technischem Aufwand<\/li>\n<li data-start=\"1003\" data-end=\"1088\"><strong data-start=\"1005\" data-end=\"1039\">Interaktive Unterrichtsstunden<\/strong>, die motivieren &amp; schnell Fortschritte bringen<\/li>\n<li data-start=\"1089\" data-end=\"1150\"><strong data-start=\"1091\" data-end=\"1123\">Zugang zu allen Niveaustufen<\/strong>: A1, A2, B1, B2, C1 &amp; C2<\/li>\n<\/ul>\n<p data-start=\"1152\" data-end=\"1178\"><strong data-start=\"1152\" data-end=\"1176\">W\u00e4hlen Sie zwischen:<\/strong><\/p>\n<ul data-start=\"1179\" data-end=\"1331\">\n<li data-start=\"1179\" data-end=\"1251\">\ud83d\udd39 <strong data-start=\"1184\" data-end=\"1200\">Intensivkurs<\/strong> (t\u00e4glicher Unterricht f\u00fcr schnelle Fortschritte)<\/li>\n<li data-start=\"1252\" data-end=\"1331\">\ud83d\udd39 <strong data-start=\"1257\" data-end=\"1278\">Semi-Intensivkurs<\/strong> (weniger Stunden pro Woche, aber dennoch effektiv)<\/li>\n<\/ul>\n<p data-start=\"1333\" data-end=\"1395\">\ud83d\udccc <strong data-start=\"1336\" data-end=\"1350\">Inklusive:<\/strong> Kostenloser Einstufungstest &amp; Probestunde!<\/p>\n<p><iframe title=\"YouTube video player\" src=\"https:\/\/www.youtube.com\/embed\/hhADw5XAIcQ\" width=\"560\" height=\"315\" frameborder=\"0\" allowfullscreen=\"allowfullscreen\"><\/iframe><\/p>\n<h2 data-start=\"1402\" data-end=\"1465\">\ud83d\udcda Online-Deutschkurse in allen Niveaustufen (A1 \u2013 C2)<\/h2>\n<p data-start=\"1467\" data-end=\"1614\">Unsere Intensivkurse richten sich nach dem <strong data-start=\"1510\" data-end=\"1572\">Gemeinsamen Europ\u00e4ischen Referenzrahmen f\u00fcr Sprachen (GER)<\/strong> und sind in folgende Stufen unterteilt:<\/p>\n<p data-start=\"1616\" data-end=\"1833\">\u2705 <strong data-start=\"1618\" data-end=\"1640\">A1 &amp; A2 (Anf\u00e4nger)<\/strong> \u2013 F\u00fcr Einsteiger mit und ohne Vorkenntnisse<br data-start=\"1684\" data-end=\"1687\" \/>\u2705 <strong data-start=\"1689\" data-end=\"1719\">B1 &amp; B2 (Fortgeschrittene)<\/strong> \u2013 F\u00fcr flie\u00dfende Kommunikation &amp; Beruf<br data-start=\"1757\" data-end=\"1760\" \/>\u2705 <strong data-start=\"1762\" data-end=\"1801\">C1 &amp; C2 (Muttersprachliches Niveau)<\/strong> \u2013 Perfekt f\u00fcr Studium &amp; Beruf<\/p>\n<p data-start=\"1835\" data-end=\"1934\"><strong data-start=\"1835\" data-end=\"1875\">\ud83d\udc49 Nicht sicher, welche Stufe passt?<\/strong><br data-start=\"1875\" data-end=\"1878\" \/>\ud83d\udca1 <strong data-start=\"1881\" data-end=\"1932\">Machen Sie unseren<a href=\"https:\/\/www.sprachschule-aktiv.com\/online-sprachkurse\/einstufungstest-online\/\"> kostenlosen Einstufungstest!<\/a><\/strong><\/p>\n<h2 data-start=\"1941\" data-end=\"1981\">\ud83d\udcc5 Kursdetails: Ablauf &amp; Zeiten<\/h2>\n<p data-start=\"1983\" data-end=\"2041\">\ud83d\udccc <strong data-start=\"1986\" data-end=\"2039\">Unser Sonderangebot \u2013 Online Intensivkurs Deutsch<\/strong><\/p>\n<ul data-start=\"2042\" data-end=\"2229\">\n<li data-start=\"2042\" data-end=\"2102\">\ud83d\udd58 <strong data-start=\"2047\" data-end=\"2062\">Unterricht:<\/strong> Montag bis Freitag, 09:00 \u2013 12:00 Uhr<\/li>\n<li data-start=\"2103\" data-end=\"2132\">\u23f3 <strong data-start=\"2107\" data-end=\"2121\">Kursdauer:<\/strong> 4 Wochen<\/li>\n<li data-start=\"2133\" data-end=\"2176\">\ud83c\udfaf <strong data-start=\"2138\" data-end=\"2164\">F\u00fcr alle Niveaustufen:<\/strong> A1 bis C2<\/li>\n<li data-start=\"2177\" data-end=\"2229\">\ud83d\udcc5 <strong data-start=\"2182\" data-end=\"2198\">Starttermin:<\/strong> Jeden ersten Montag im Monat<\/li>\n<\/ul>\n<hr data-start=\"2231\" data-end=\"2234\" \/>\n<h2 data-start=\"2236\" data-end=\"2290\">\ud83d\udcb0 Preise f\u00fcr den Online-Deutsch Intensivkurs<\/h2>\n<p data-start=\"2292\" data-end=\"2402\">\ud83d\udcb2 <strong data-start=\"2295\" data-end=\"2307\">1 Woche:<\/strong> 199 \u20ac<br data-start=\"2313\" data-end=\"2316\" \/>\ud83d\udcb2 <strong data-start=\"2319\" data-end=\"2332\">2 Wochen:<\/strong> 349 \u20ac<br data-start=\"2338\" data-end=\"2341\" \/>\ud83d\udcb2 <strong data-start=\"2344\" data-end=\"2357\">3 Wochen:<\/strong> 411 \u20ac<br data-start=\"2363\" data-end=\"2366\" \/>\ud83d\udcb2 <strong data-start=\"2369\" data-end=\"2394\">4 Wochen (pro Monat):<\/strong> 499 \u20ac<\/p>\n<p data-start=\"2404\" data-end=\"2458\">\u2728 <strong data-start=\"2406\" data-end=\"2456\">Jetzt buchen &amp; Deutsch intensiv online lernen!<\/strong><\/p>\n<h2><a style=\"font-size: 16px;\" href=\"https:\/\/www.sprachschule-aktiv.com\/online-sprachkurse\/anmeldung-sprachschule\/\"><img decoding=\"async\" class=\"alignnone wp-image-376 size-full\" src=\"https:\/\/www.sprachschule-aktiv.com\/wp-content\/uploads\/2021\/03\/jetzt-sprachkurs-buchen.png\" alt=\"Anmeldung Sprachkurs\" width=\"239\" height=\"62\" \/><\/a><\/h2>\n<h2 data-start=\"2465\" data-end=\"2521\">\ud83d\udcbb Welche technische Ausstattung ben\u00f6tigen Sie?<\/h2>\n<p data-start=\"2523\" data-end=\"2734\">Um am Online-Intensivkurs teilzunehmen, brauchen Sie nur:<br data-start=\"2580\" data-end=\"2583\" \/>\u2705 Einen <strong data-start=\"2591\" data-end=\"2629\">PC, Laptop, Tablet oder Smartphone<\/strong><br data-start=\"2629\" data-end=\"2632\" \/>\u2705 Eine <strong data-start=\"2639\" data-end=\"2664\">Webcam &amp; ein Mikrofon<\/strong> f\u00fcr interaktiven Unterricht<br data-start=\"2692\" data-end=\"2695\" \/>\u2705 Eine <strong data-start=\"2702\" data-end=\"2732\">stabile Internetverbindung<\/strong><\/p>\n<p data-start=\"2736\" data-end=\"2833\">\ud83d\udccc <strong data-start=\"2739\" data-end=\"2831\">Vor Kursbeginn erhalten Sie alle Informationen zur Online-Plattform &amp; einen Anmeldelink.<\/strong><\/p>\n<hr data-start=\"2835\" data-end=\"2838\" \/>\n<h2 data-start=\"2840\" data-end=\"2895\">\ud83d\udc69\u200d\ud83c\udfeb Erfahrene Muttersprachler als Lehrkr\u00e4fte<\/h2>\n<p data-start=\"2897\" data-end=\"3196\">Unsere <strong data-start=\"2904\" data-end=\"2936\">qualifizierten Sprachtrainer<\/strong> sind <strong data-start=\"2942\" data-end=\"2990\">Muttersprachler mit p\u00e4dagogischer Ausbildung<\/strong>, die:<br data-start=\"2996\" data-end=\"2999\" \/>\u2705 <strong data-start=\"3001\" data-end=\"3052\">Mit modernen didaktischen Methoden unterrichten<\/strong><br data-start=\"3052\" data-end=\"3055\" \/>\u2705 <strong data-start=\"3057\" data-end=\"3131\">Ihnen die korrekte Aussprache &amp; gebr\u00e4uchliche Redewendungen beibringen<\/strong><br data-start=\"3131\" data-end=\"3134\" \/>\u2705 <strong data-start=\"3136\" data-end=\"3194\">Den Unterricht abwechslungsreich &amp; praxisnah gestalten<\/strong><\/p>\n<p data-start=\"3198\" data-end=\"3289\">\ud83d\udca1 <strong data-start=\"3201\" data-end=\"3287\">Lernen Sie von Anfang an authentisches Deutsch mit den richtigen Sprachstrukturen!<\/strong><\/p>\n<hr data-start=\"3291\" data-end=\"3294\" \/>\n<h2 data-start=\"3296\" data-end=\"3352\">\ud83c\udf81 Kostenlose Probestunde \u2013 Ohne Risiko buchen!<\/h2>\n<p data-start=\"3354\" data-end=\"3410\">\u2705 <strong data-start=\"3356\" data-end=\"3408\">Testen Sie Ihren Online-Intensivkurs risikofrei!<\/strong><\/p>\n<ul data-start=\"3411\" data-end=\"3590\">\n<li data-start=\"3411\" data-end=\"3460\">Die <strong data-start=\"3417\" data-end=\"3458\">erste Unterrichtsstunde ist kostenlos<\/strong><\/li>\n<li data-start=\"3461\" data-end=\"3515\">Lernen Sie den <strong data-start=\"3478\" data-end=\"3513\">Kursleiter &amp; das Konzept kennen<\/strong><\/li>\n<li data-start=\"3516\" data-end=\"3590\">Falls Sie nicht weitermachen m\u00f6chten, <strong data-start=\"3556\" data-end=\"3588\">erhalten Sie Ihr Geld zur\u00fcck<\/strong><\/li>\n<\/ul>\n<p data-start=\"3592\" data-end=\"3657\"><strong data-start=\"3592\" data-end=\"3655\">Jetzt kostenlose Probestunde buchen &amp; unverbindlich testen!<\/strong><\/p>\n","protected":false},"excerpt":{"rendered":"<p>\ud83d\udd39 Deutsch Intensivkurs Online \u2013 A1 bis C2 | Jetzt starten! Lernen Sie Deutsch online \u2013 schnell, effektiv &amp; flexibel!Unsere Online-Intensivkurse sind ideal f\u00fcr Anf\u00e4nger und Fortgeschrittene, die ihre Deutschkenntnisse rasch verbessern m\u00f6chten. \u2705 Alle Niveaustufen von A1 bis C2\u2705 Live-Unterricht mit muttersprachlichen Lehrkr\u00e4ften\u2705 Kostenloser Einstufungstest &amp; Probestunde \ud83d\udcc5 Starttermin: Jeden ersten Montag im Monat\ud83d\udcbb&hellip; <a class=\"read-more\" href=\"https:\/\/www.sprachschule-aktiv.com\/online-sprachkurse\/online-intensivkurs-deutsch-a1-a2-b1-b2-c1-c2\/\" title=\"Read Online Intensivkurs Deutsch A1-A2-B1-B2-C1-C2\">Read more &raquo;<\/a><\/p>\n","protected":false},"author":1,"featured_media":0,"parent":0,"menu_order":0,"comment_status":"closed","ping_status":"closed","template":"","meta":{"footnotes":""},"class_list":["post-1864","page","type-page","status-publish","hentry"],"yoast_head":"<!-- This site is optimized with the Yoast SEO plugin v27.1.1 - https:\/\/yoast.com\/product\/yoast-seo-wordpress\/ -->\n<title>Online Intensivkurs Deutsch A1 A2 B1 B2 C1 C2 | Jetzt starten!<\/title>\n<meta name=\"description\" content=\"Lernen Sie Deutsch online in einem Intensivkurs (A1 \u2013 C2). Live mit Muttersprachlern. Kostenlose Probestunde &amp; Einstufungstest! Jetzt Platz sichern.\" \/>\n<meta name=\"robots\" content=\"index, follow, max-snippet:-1, max-image-preview:large, max-video-preview:-1\" \/>\n<link rel=\"canonical\" href=\"https:\/\/www.sprachschule-aktiv.com\/online-sprachkurse\/online-intensivkurs-deutsch-a1-a2-b1-b2-c1-c2\/\" \/>\n<meta property=\"og:locale\" content=\"de_DE\" \/>\n<meta property=\"og:type\" content=\"article\" \/>\n<meta property=\"og:title\" content=\"Online Intensivkurs Deutsch A1 A2 B1 B2 C1 C2 | Jetzt starten!\" \/>\n<meta property=\"og:description\" content=\"Lernen Sie Deutsch online in einem Intensivkurs (A1 \u2013 C2). Live mit Muttersprachlern. Kostenlose Probestunde &amp; Einstufungstest! Jetzt Platz sichern.\" \/>\n<meta property=\"og:url\" content=\"https:\/\/www.sprachschule-aktiv.com\/online-sprachkurse\/online-intensivkurs-deutsch-a1-a2-b1-b2-c1-c2\/\" \/>\n<meta property=\"og:site_name\" content=\"Online Sprachkurse\" \/>\n<meta property=\"article:modified_time\" content=\"2025-03-06T08:19:48+00:00\" \/>\n<meta name=\"twitter:card\" content=\"summary_large_image\" \/>\n<meta name=\"twitter:label1\" content=\"Gesch\u00e4tzte Lesezeit\" \/>\n\t<meta name=\"twitter:data1\" content=\"3\u00a0Minuten\" \/>\n<script type=\"application\/ld+json\" class=\"yoast-schema-graph\">{\"@context\":\"https:\/\/schema.org\",\"@graph\":[{\"@type\":\"WebPage\",\"@id\":\"https:\/\/www.sprachschule-aktiv.com\/online-sprachkurse\/online-intensivkurs-deutsch-a1-a2-b1-b2-c1-c2\/\",\"url\":\"https:\/\/www.sprachschule-aktiv.com\/online-sprachkurse\/online-intensivkurs-deutsch-a1-a2-b1-b2-c1-c2\/\",\"name\":\"Online Intensivkurs Deutsch A1 A2 B1 B2 C1 C2 | Jetzt starten!\",\"isPartOf\":{\"@id\":\"https:\/\/www.sprachschule-aktiv.com\/online-sprachkurse\/#website\"},\"primaryImageOfPage\":{\"@id\":\"https:\/\/www.sprachschule-aktiv.com\/online-sprachkurse\/online-intensivkurs-deutsch-a1-a2-b1-b2-c1-c2\/#primaryimage\"},\"image\":{\"@id\":\"https:\/\/www.sprachschule-aktiv.com\/online-sprachkurse\/online-intensivkurs-deutsch-a1-a2-b1-b2-c1-c2\/#primaryimage\"},\"thumbnailUrl\":\"https:\/\/www.sprachschule-aktiv.com\/wp-content\/uploads\/2021\/10\/online-intensivkurs-deutsch-300x200.jpg\",\"datePublished\":\"2021-10-01T04:11:52+00:00\",\"dateModified\":\"2025-03-06T08:19:48+00:00\",\"description\":\"Lernen Sie Deutsch online in einem Intensivkurs (A1 \u2013 C2). Live mit Muttersprachlern. Kostenlose Probestunde & Einstufungstest! Jetzt Platz sichern.\",\"breadcrumb\":{\"@id\":\"https:\/\/www.sprachschule-aktiv.com\/online-sprachkurse\/online-intensivkurs-deutsch-a1-a2-b1-b2-c1-c2\/#breadcrumb\"},\"inLanguage\":\"de\",\"potentialAction\":[{\"@type\":\"ReadAction\",\"target\":[\"https:\/\/www.sprachschule-aktiv.com\/online-sprachkurse\/online-intensivkurs-deutsch-a1-a2-b1-b2-c1-c2\/\"]}]},{\"@type\":\"ImageObject\",\"inLanguage\":\"de\",\"@id\":\"https:\/\/www.sprachschule-aktiv.com\/online-sprachkurse\/online-intensivkurs-deutsch-a1-a2-b1-b2-c1-c2\/#primaryimage\",\"url\":\"https:\/\/www.sprachschule-aktiv.com\/wp-content\/uploads\/2021\/10\/online-intensivkurs-deutsch-300x200.jpg\",\"contentUrl\":\"https:\/\/www.sprachschule-aktiv.com\/wp-content\/uploads\/2021\/10\/online-intensivkurs-deutsch-300x200.jpg\"},{\"@type\":\"BreadcrumbList\",\"@id\":\"https:\/\/www.sprachschule-aktiv.com\/online-sprachkurse\/online-intensivkurs-deutsch-a1-a2-b1-b2-c1-c2\/#breadcrumb\",\"itemListElement\":[{\"@type\":\"ListItem\",\"position\":1,\"name\":\"Startseite\",\"item\":\"https:\/\/www.sprachschule-aktiv.com\/online-sprachkurse\/\"},{\"@type\":\"ListItem\",\"position\":2,\"name\":\"Online Intensivkurs Deutsch A1-A2-B1-B2-C1-C2\"}]},{\"@type\":\"WebSite\",\"@id\":\"https:\/\/www.sprachschule-aktiv.com\/online-sprachkurse\/#website\",\"url\":\"https:\/\/www.sprachschule-aktiv.com\/online-sprachkurse\/\",\"name\":\"Online Sprachkurse\",\"description\":\"\",\"potentialAction\":[{\"@type\":\"SearchAction\",\"target\":{\"@type\":\"EntryPoint\",\"urlTemplate\":\"https:\/\/www.sprachschule-aktiv.com\/online-sprachkurse\/?s={search_term_string}\"},\"query-input\":{\"@type\":\"PropertyValueSpecification\",\"valueRequired\":true,\"valueName\":\"search_term_string\"}}],\"inLanguage\":\"de\"}]}<\/script>\n<!-- \/ Yoast SEO plugin. -->","yoast_head_json":{"title":"Online Intensivkurs Deutsch A1 A2 B1 B2 C1 C2 | Jetzt starten!","description":"Lernen Sie Deutsch online in einem Intensivkurs (A1 \u2013 C2). Live mit Muttersprachlern. Kostenlose Probestunde & Einstufungstest! Jetzt Platz sichern.","robots":{"index":"index","follow":"follow","max-snippet":"max-snippet:-1","max-image-preview":"max-image-preview:large","max-video-preview":"max-video-preview:-1"},"canonical":"https:\/\/www.sprachschule-aktiv.com\/online-sprachkurse\/online-intensivkurs-deutsch-a1-a2-b1-b2-c1-c2\/","og_locale":"de_DE","og_type":"article","og_title":"Online Intensivkurs Deutsch A1 A2 B1 B2 C1 C2 | Jetzt starten!","og_description":"Lernen Sie Deutsch online in einem Intensivkurs (A1 \u2013 C2). Live mit Muttersprachlern. Kostenlose Probestunde & Einstufungstest! Jetzt Platz sichern.","og_url":"https:\/\/www.sprachschule-aktiv.com\/online-sprachkurse\/online-intensivkurs-deutsch-a1-a2-b1-b2-c1-c2\/","og_site_name":"Online Sprachkurse","article_modified_time":"2025-03-06T08:19:48+00:00","twitter_card":"summary_large_image","twitter_misc":{"Gesch\u00e4tzte Lesezeit":"3\u00a0Minuten"},"schema":{"@context":"https:\/\/schema.org","@graph":[{"@type":"WebPage","@id":"https:\/\/www.sprachschule-aktiv.com\/online-sprachkurse\/online-intensivkurs-deutsch-a1-a2-b1-b2-c1-c2\/","url":"https:\/\/www.sprachschule-aktiv.com\/online-sprachkurse\/online-intensivkurs-deutsch-a1-a2-b1-b2-c1-c2\/","name":"Online Intensivkurs Deutsch A1 A2 B1 B2 C1 C2 | Jetzt starten!","isPartOf":{"@id":"https:\/\/www.sprachschule-aktiv.com\/online-sprachkurse\/#website"},"primaryImageOfPage":{"@id":"https:\/\/www.sprachschule-aktiv.com\/online-sprachkurse\/online-intensivkurs-deutsch-a1-a2-b1-b2-c1-c2\/#primaryimage"},"image":{"@id":"https:\/\/www.sprachschule-aktiv.com\/online-sprachkurse\/online-intensivkurs-deutsch-a1-a2-b1-b2-c1-c2\/#primaryimage"},"thumbnailUrl":"https:\/\/www.sprachschule-aktiv.com\/wp-content\/uploads\/2021\/10\/online-intensivkurs-deutsch-300x200.jpg","datePublished":"2021-10-01T04:11:52+00:00","dateModified":"2025-03-06T08:19:48+00:00","description":"Lernen Sie Deutsch online in einem Intensivkurs (A1 \u2013 C2). Live mit Muttersprachlern. Kostenlose Probestunde & Einstufungstest! Jetzt Platz sichern.","breadcrumb":{"@id":"https:\/\/www.sprachschule-aktiv.com\/online-sprachkurse\/online-intensivkurs-deutsch-a1-a2-b1-b2-c1-c2\/#breadcrumb"},"inLanguage":"de","potentialAction":[{"@type":"ReadAction","target":["https:\/\/www.sprachschule-aktiv.com\/online-sprachkurse\/online-intensivkurs-deutsch-a1-a2-b1-b2-c1-c2\/"]}]},{"@type":"ImageObject","inLanguage":"de","@id":"https:\/\/www.sprachschule-aktiv.com\/online-sprachkurse\/online-intensivkurs-deutsch-a1-a2-b1-b2-c1-c2\/#primaryimage","url":"https:\/\/www.sprachschule-aktiv.com\/wp-content\/uploads\/2021\/10\/online-intensivkurs-deutsch-300x200.jpg","contentUrl":"https:\/\/www.sprachschule-aktiv.com\/wp-content\/uploads\/2021\/10\/online-intensivkurs-deutsch-300x200.jpg"},{"@type":"BreadcrumbList","@id":"https:\/\/www.sprachschule-aktiv.com\/online-sprachkurse\/online-intensivkurs-deutsch-a1-a2-b1-b2-c1-c2\/#breadcrumb","itemListElement":[{"@type":"ListItem","position":1,"name":"Startseite","item":"https:\/\/www.sprachschule-aktiv.com\/online-sprachkurse\/"},{"@type":"ListItem","position":2,"name":"Online Intensivkurs Deutsch A1-A2-B1-B2-C1-C2"}]},{"@type":"WebSite","@id":"https:\/\/www.sprachschule-aktiv.com\/online-sprachkurse\/#website","url":"https:\/\/www.sprachschule-aktiv.com\/online-sprachkurse\/","name":"Online Sprachkurse","description":"","potentialAction":[{"@type":"SearchAction","target":{"@type":"EntryPoint","urlTemplate":"https:\/\/www.sprachschule-aktiv.com\/online-sprachkurse\/?s={search_term_string}"},"query-input":{"@type":"PropertyValueSpecification","valueRequired":true,"valueName":"search_term_string"}}],"inLanguage":"de"}]}},"_links":{"self":[{"href":"https:\/\/www.sprachschule-aktiv.com\/online-sprachkurse\/wp-json\/wp\/v2\/pages\/1864","targetHints":{"allow":["GET"]}}],"collection":[{"href":"https:\/\/www.sprachschule-aktiv.com\/online-sprachkurse\/wp-json\/wp\/v2\/pages"}],"about":[{"href":"https:\/\/www.sprachschule-aktiv.com\/online-sprachkurse\/wp-json\/wp\/v2\/types\/page"}],"author":[{"embeddable":true,"href":"https:\/\/www.sprachschule-aktiv.com\/online-sprachkurse\/wp-json\/wp\/v2\/users\/1"}],"replies":[{"embeddable":true,"href":"https:\/\/www.sprachschule-aktiv.com\/online-sprachkurse\/wp-json\/wp\/v2\/comments?post=1864"}],"version-history":[{"count":4,"href":"https:\/\/www.sprachschule-aktiv.com\/online-sprachkurse\/wp-json\/wp\/v2\/pages\/1864\/revisions"}],"predecessor-version":[{"id":2272,"href":"https:\/\/www.sprachschule-aktiv.com\/online-sprachkurse\/wp-json\/wp\/v2\/pages\/1864\/revisions\/2272"}],"wp:attachment":[{"href":"https:\/\/www.sprachschule-aktiv.com\/online-sprachkurse\/wp-json\/wp\/v2\/media?parent=1864"}],"curies":[{"name":"wp","href":"https:\/\/api.w.org\/{rel}","templated":true}]}}