{"id":148,"date":"2021-09-16T08:53:31","date_gmt":"2021-09-16T06:53:31","guid":{"rendered":"https:\/\/www.sprachschule-aktiv.com\/online-sprachkurse\/?page_id=148"},"modified":"2025-03-09T07:14:06","modified_gmt":"2025-03-09T06:14:06","slug":"italienischkurse-online","status":"publish","type":"page","link":"https:\/\/www.sprachschule-aktiv.com\/online-sprachkurse\/italienischkurse-online\/","title":{"rendered":"Italienischkurse Online &#8211; Italienisch online lernen von A1 bis C2"},"content":{"rendered":"<p>[vc_row][vc_column][vc_column_text]<\/p>\n<h2 data-start=\"143\" data-end=\"207\">Italienisch online lernen \u2013 Sprachkurse f\u00fcr A1 \u2013 C2<\/h2>\n<p data-start=\"209\" data-end=\"534\">M\u00f6chten Sie <strong data-start=\"221\" data-end=\"250\">Italienisch online lernen<\/strong> \u2013 flexibel, interaktiv &amp; mit <strong data-start=\"280\" data-end=\"314\">muttersprachlichen Lehrkr\u00e4ften<\/strong>?<br data-start=\"315\" data-end=\"318\" \/>Unsere <strong data-start=\"325\" data-end=\"352\">Online-Italienischkurse<\/strong> bieten Ihnen die M\u00f6glichkeit, bequem von zu Hause oder unterwegs Ihre Sprachkenntnisse <strong data-start=\"440\" data-end=\"457\">von A1 bis C2<\/strong> zu verbessern \u2013 egal, ob f\u00fcr den Alltag, den Beruf oder als Business-Kurs.<\/p>\n<p data-start=\"536\" data-end=\"767\">\u2705 <strong data-start=\"538\" data-end=\"589\">Live-Unterricht mit erfahrenen Muttersprachlern<\/strong><br data-start=\"589\" data-end=\"592\" \/>\u2705 <strong data-start=\"594\" data-end=\"654\">Intensiv-, Abend- &amp; Privatkurse \u2013 individuell &amp; flexibel<\/strong><br data-start=\"654\" data-end=\"657\" \/>\u2705 <strong data-start=\"659\" data-end=\"716\">Italienisch f\u00fcr Anf\u00e4nger &amp; Fortgeschrittene (A1 \u2013 C2)<\/strong><br data-start=\"716\" data-end=\"719\" \/>\u2705 <strong data-start=\"721\" data-end=\"765\">Gratis Schnupperstunde &amp; Einstufungstest<\/strong><\/p>\n<p data-start=\"769\" data-end=\"842\">\ud83d\udccc <strong data-start=\"772\" data-end=\"837\">Starten Sie jetzt &amp; lernen Sie Italienisch mit Spa\u00df &amp; Erfolg!<\/strong> \ud83d\ude80<\/p>\n<p>Vereinbaren Sie Ihre erste kostenlose Probestunde f\u00fcr einen unserer Kurse.<\/p>\n<a href=\"https:\/\/www.sprachschule-aktiv.com\/online-sprachkurse\/kontakt\/\"><img decoding=\"async\" class=\"alignnone wp-image-2246 size-medium\" src=\"https:\/\/www.sprachschule-aktiv.com\/online-sprachkurse\/wp-content\/uploads\/2024\/12\/Effektive-Online-Sprachkurse-fuer-erfolgreiches-Lernen-300x168.png\" alt=\"Effektive Online-Sprachkurse f\u00fcr erfolgreiches Lernen\" width=\"300\" height=\"168\" srcset=\"https:\/\/www.sprachschule-aktiv.com\/online-sprachkurse\/wp-content\/uploads\/2024\/12\/Effektive-Online-Sprachkurse-fuer-erfolgreiches-Lernen-300x168.png 300w, https:\/\/www.sprachschule-aktiv.com\/online-sprachkurse\/wp-content\/uploads\/2024\/12\/Effektive-Online-Sprachkurse-fuer-erfolgreiches-Lernen-1024x573.png 1024w, https:\/\/www.sprachschule-aktiv.com\/online-sprachkurse\/wp-content\/uploads\/2024\/12\/Effektive-Online-Sprachkurse-fuer-erfolgreiches-Lernen-768x430.png 768w, https:\/\/www.sprachschule-aktiv.com\/online-sprachkurse\/wp-content\/uploads\/2024\/12\/Effektive-Online-Sprachkurse-fuer-erfolgreiches-Lernen.png 1052w\" sizes=\"(max-width: 300px) 100vw, 300px\" \/><\/a>\n<a href=\"https:\/\/www.sprachschule-aktiv.com\/online-sprachkurse\/kontakt\/\"><img decoding=\"async\" class=\"alignnone size-full wp-image-105\" src=\"https:\/\/www.sprachschule-aktiv.com\/online-sprachkurse\/wp-content\/uploads\/2021\/09\/anfrage-sprachkurs.png\" alt=\"Sprachkurse online - Lernen Sprache online mit Sprachschule Aktiv\" width=\"164\" height=\"55\" \/><\/a>\n<h2 data-start=\"849\" data-end=\"903\">\ud83c\udfaf Warum einen Italienisch-Onlinekurs w\u00e4hlen?<\/h2>\n<p data-start=\"905\" data-end=\"965\">Ein <strong data-start=\"909\" data-end=\"935\">Online-Italienischkurs<\/strong> bietet zahlreiche Vorteile:<\/p>\n<p data-start=\"967\" data-end=\"1256\">\u2705 <strong data-start=\"969\" data-end=\"991\">Lernen von \u00fcberall<\/strong> \u2013 Perfekt f\u00fcr Zuhause, unterwegs oder im B\u00fcro.<br data-start=\"1038\" data-end=\"1041\" \/>\u2705 <strong data-start=\"1043\" data-end=\"1067\">Keine Anfahrtszeiten<\/strong> \u2013 Sparen Sie Zeit &amp; Geld f\u00fcr den Transport.<br data-start=\"1111\" data-end=\"1114\" \/>\u2705 <strong data-start=\"1116\" data-end=\"1141\">Individuelle Kurswahl<\/strong> \u2013 Gruppen-, Privat- oder Firmenkurse.<br data-start=\"1179\" data-end=\"1182\" \/>\u2705 <strong data-start=\"1184\" data-end=\"1216\">Muttersprachliche Lehrkr\u00e4fte<\/strong> \u2013 Authentisches &amp; praxisnahes Lernen.<\/p>\n<p data-start=\"1258\" data-end=\"1319\">\ud83d\udccc <strong data-start=\"1261\" data-end=\"1317\">Perfekt f\u00fcr Berufst\u00e4tige, Studierende &amp; Unternehmen!<\/strong><\/p>\n<h2 data-start=\"1326\" data-end=\"1376\">\ud83d\udcca Welche Italienischkurse bieten wir an?<\/h2>\n<p data-start=\"1378\" data-end=\"1464\">Unsere <strong data-start=\"1385\" data-end=\"1408\">Online-Sprachschule<\/strong> bietet verschiedene Kursmodelle f\u00fcr alle Sprachlevel:<\/p>\n<h3 data-start=\"1466\" data-end=\"1526\">1\ufe0f\u20e3 Italienisch-Intensivkurse \u2013 Schnell &amp; effektiv<\/h3>\n<p data-start=\"1527\" data-end=\"1724\">\ud83d\udccc <strong data-start=\"1530\" data-end=\"1545\">Kurszeiten:<\/strong> Montag \u2013 Freitag, 09:00 \u2013 12:00 Uhr<br data-start=\"1581\" data-end=\"1584\" \/>\ud83d\udccc <strong data-start=\"1587\" data-end=\"1604\">Niveaustufen:<\/strong> A1 \u2013 C2 + Business-Italienisch<br data-start=\"1635\" data-end=\"1638\" \/>\ud83d\udccc <strong data-start=\"1641\" data-end=\"1655\">Kursdauer:<\/strong> 1 bis 4 Wochen<br data-start=\"1670\" data-end=\"1673\" \/>\ud83d\udccc <strong data-start=\"1676\" data-end=\"1693\">Starttermine:<\/strong> Jeden ersten Montag im Monat<\/p>\n<p data-start=\"1726\" data-end=\"1742\">\ud83d\udcb0 <strong data-start=\"1729\" data-end=\"1740\">Preise:<\/strong><\/p>\n<ul data-start=\"1743\" data-end=\"1837\">\n<li data-start=\"1743\" data-end=\"1765\"><strong data-start=\"1745\" data-end=\"1757\">1 Woche:<\/strong> 239 \u20ac<\/li>\n<li data-start=\"1766\" data-end=\"1789\"><strong data-start=\"1768\" data-end=\"1781\">2 Wochen:<\/strong> 439 \u20ac<\/li>\n<li data-start=\"1790\" data-end=\"1813\"><strong data-start=\"1792\" data-end=\"1805\">3 Wochen:<\/strong> 599 \u20ac<\/li>\n<li data-start=\"1814\" data-end=\"1837\"><strong data-start=\"1816\" data-end=\"1829\">4 Wochen:<\/strong> 749 \u20ac<\/li>\n<\/ul>\n<p data-start=\"1839\" data-end=\"1916\">\u2728 <strong data-start=\"1841\" data-end=\"1914\">Ideal f\u00fcr alle, die in kurzer Zeit gro\u00dfe Fortschritte machen m\u00f6chten!<\/strong><\/p>\n<p data-start=\"1839\" data-end=\"1916\"><a href=\"https:\/\/www.sprachschule-aktiv.com\/online-sprachkurse\/anmeldung-sprachschule\/\"><img decoding=\"async\" class=\"alignnone size-full wp-image-104\" src=\"https:\/\/www.sprachschule-aktiv.com\/online-sprachkurse\/wp-content\/uploads\/2021\/09\/jetzt-sprachkurs-buchen.png\" alt=\"Inscr\u00edbete en nuestros cursos online con Sprachschule Aktiv\" width=\"239\" height=\"62\" \/><\/a><\/p>\n<hr data-start=\"1918\" data-end=\"1921\" \/>\n<h3 data-start=\"1923\" data-end=\"1984\">2\ufe0f\u20e3 Italienisch-Abendkurse \u2013 Lernen nach Feierabend<\/h3>\n<p data-start=\"1985\" data-end=\"2151\">\ud83d\udccc <strong data-start=\"1988\" data-end=\"1998\">Start:<\/strong> Jeden ersten Donnerstag im Monat<br data-start=\"2031\" data-end=\"2034\" \/>\ud83d\udccc <strong data-start=\"2037\" data-end=\"2052\">Unterricht:<\/strong> 1x pro Woche (Donnerstag, 19:00 \u2013 20:30 Uhr)<br data-start=\"2097\" data-end=\"2100\" \/>\ud83d\udccc <strong data-start=\"2103\" data-end=\"2117\">Kursdauer:<\/strong> 12 Wochen<br data-start=\"2127\" data-end=\"2130\" \/>\ud83d\udcb0 <strong data-start=\"2133\" data-end=\"2143\">Preis:<\/strong> 279 \u20ac<\/p>\n<p data-start=\"2153\" data-end=\"2205\">\u2728 <strong data-start=\"2155\" data-end=\"2203\">Perfekt f\u00fcr Berufst\u00e4tige &amp; Vielbesch\u00e4ftigte!<\/strong><\/p>\n<hr data-start=\"2207\" data-end=\"2210\" \/>\n<h3 data-start=\"2212\" data-end=\"2267\">3\ufe0f\u20e3 Einzelunterricht \u2013 Flexibel &amp; individuell<\/h3>\n<p data-start=\"2268\" data-end=\"2372\">\ud83d\udccc <strong data-start=\"2271\" data-end=\"2315\">Individuelle Termine &amp; Dauer nach Wunsch<\/strong><br data-start=\"2315\" data-end=\"2318\" \/>\ud83d\udccc <strong data-start=\"2321\" data-end=\"2370\">1:1-Unterricht mit pers\u00f6nlichem Sprachtrainer<\/strong><\/p>\n<p data-start=\"2374\" data-end=\"2422\">\ud83d\udcb0 <strong data-start=\"2377\" data-end=\"2420\">Preise pro Unterrichtsstunde (45 Min.):<\/strong><\/p>\n<ul data-start=\"2423\" data-end=\"2509\">\n<li data-start=\"2423\" data-end=\"2451\"><strong data-start=\"2425\" data-end=\"2444\">1 \u2013 19 Stunden:<\/strong> 42 \u20ac<\/li>\n<li data-start=\"2452\" data-end=\"2481\"><strong data-start=\"2454\" data-end=\"2474\">20 \u2013 29 Stunden:<\/strong> 40 \u20ac<\/li>\n<li data-start=\"2482\" data-end=\"2509\"><strong data-start=\"2484\" data-end=\"2502\">Ab 30 Stunden:<\/strong> 38 \u20ac<\/li>\n<\/ul>\n<p data-start=\"2511\" data-end=\"2577\">\u2728 <strong data-start=\"2513\" data-end=\"2575\">Ideal f\u00fcr individuelles Lernen &amp; ma\u00dfgeschneiderte Inhalte!<\/strong><\/p>\n<p data-start=\"2579\" data-end=\"2669\">\ud83d\udca1 <strong data-start=\"2582\" data-end=\"2600\">Extra-Vorteil:<\/strong> <strong data-start=\"2601\" data-end=\"2638\">Bis zu zwei Freunde oder Kollegen<\/strong> k\u00f6nnen kostenlos teilnehmen!<\/p>\n<p data-start=\"2579\" data-end=\"2669\"><a href=\"https:\/\/www.sprachschule-aktiv.com\/online-sprachkurse\/anmeldung-sprachschule\/\"><img decoding=\"async\" class=\"alignnone size-full wp-image-104\" src=\"https:\/\/www.sprachschule-aktiv.com\/online-sprachkurse\/wp-content\/uploads\/2021\/09\/jetzt-sprachkurs-buchen.png\" alt=\"Inscr\u00edbete en nuestros cursos online con Sprachschule Aktiv\" width=\"239\" height=\"62\" \/><\/a><\/p>\n<hr data-start=\"2671\" data-end=\"2674\" \/>\n<h3 data-start=\"2676\" data-end=\"2740\">4\ufe0f\u20e3 Firmenkurse \u2013 Business-Italienisch f\u00fcr Unternehmen<\/h3>\n<p data-start=\"2741\" data-end=\"2858\">\ud83d\udccc <strong data-start=\"2744\" data-end=\"2795\">Individuelle Starttermine &amp; flexible Kurszeiten<\/strong><br data-start=\"2795\" data-end=\"2798\" \/>\ud83d\udccc <strong data-start=\"2801\" data-end=\"2856\">Anpassung der Inhalte an Ihre Branche &amp; Bed\u00fcrfnisse<\/strong><\/p>\n<p data-start=\"2860\" data-end=\"2918\">\ud83d\udcb0 <strong data-start=\"2863\" data-end=\"2916\">Preise pro Unterrichtsstunde (1 \u2013 10 Teilnehmer):<\/strong><\/p>\n<ul data-start=\"2919\" data-end=\"2975\">\n<li data-start=\"2919\" data-end=\"2947\"><strong data-start=\"2921\" data-end=\"2940\">1 \u2013 29 Stunden:<\/strong> 49 \u20ac<\/li>\n<li data-start=\"2948\" data-end=\"2975\"><strong data-start=\"2950\" data-end=\"2968\">Ab 30 Stunden:<\/strong> 45 \u20ac<\/li>\n<\/ul>\n<p data-start=\"2977\" data-end=\"3044\">\ud83d\udccc <strong data-start=\"2980\" data-end=\"3042\">Jetzt individuelles Angebot f\u00fcr Ihr Unternehmen anfordern!<\/strong><\/p>\n<p data-start=\"2977\" data-end=\"3044\"><a href=\"https:\/\/www.sprachschule-aktiv.com\/online-sprachkurse\/anmeldung-sprachschule\/\"><img decoding=\"async\" class=\"alignnone size-full wp-image-104\" src=\"https:\/\/www.sprachschule-aktiv.com\/online-sprachkurse\/wp-content\/uploads\/2021\/09\/jetzt-sprachkurs-buchen.png\" alt=\"Inscr\u00edbete en nuestros cursos online con Sprachschule Aktiv\" width=\"239\" height=\"62\" \/><\/a><\/p>\n<hr data-start=\"3046\" data-end=\"3049\" \/>\n<h2 data-start=\"3051\" data-end=\"3100\">\ud83d\udcdc Offizielles Zertifikat nach Abschluss<\/h2>\n<p data-start=\"3102\" data-end=\"3283\">\ud83d\udccc <strong data-start=\"3105\" data-end=\"3165\">Nach erfolgreichem Abschluss erhalten Sie ein Zertifikat<\/strong>, das Ihre Italienischkenntnisse gem\u00e4\u00df dem <strong data-start=\"3208\" data-end=\"3270\">Gemeinsamen Europ\u00e4ischen Referenzrahmen f\u00fcr Sprachen (GER)<\/strong> best\u00e4tigt.<\/p>\n<p data-start=\"3285\" data-end=\"3474\">\u2705 <strong data-start=\"3287\" data-end=\"3298\">A1 &amp; A2<\/strong> \u2013 Grundlagen &amp; einfache Gespr\u00e4che<br data-start=\"3332\" data-end=\"3335\" \/>\u2705 <strong data-start=\"3337\" data-end=\"3348\">B1 &amp; B2<\/strong> \u2013 Selbstst\u00e4ndige Sprachverwendung f\u00fcr Alltag &amp; Beruf<br data-start=\"3401\" data-end=\"3404\" \/>\u2705 <strong data-start=\"3406\" data-end=\"3417\">C1 &amp; C2<\/strong> \u2013 Flie\u00dfende Sprachbeherrschung auf akademischem Niveau<\/p>\n<p data-start=\"3476\" data-end=\"3546\">\ud83d\udccc <strong data-start=\"3479\" data-end=\"3544\">Kostenloser Einstufungstest verf\u00fcgbar \u2013 Finden Sie Ihr Level!<\/strong><\/p>\n<hr data-start=\"3548\" data-end=\"3551\" \/>\n<h2 data-start=\"3553\" data-end=\"3610\">\ud83c\udf81 Kostenlose Probestunde &amp; Geld-zur\u00fcck-Garantie<\/h2>\n<p data-start=\"3612\" data-end=\"3702\">\u2705 <strong data-start=\"3614\" data-end=\"3664\">Gratis Schnupperstunde \u2013 unverbindlich testen!<\/strong><br data-start=\"3664\" data-end=\"3667\" \/>\u2705 <strong data-start=\"3669\" data-end=\"3700\">100 % Geld-zur\u00fcck-Garantie:<\/strong><\/p>\n<ul data-start=\"3706\" data-end=\"3798\">\n<li data-start=\"3706\" data-end=\"3798\">Falls Sie nach der ersten Stunde nicht zufrieden sind, <strong data-start=\"3763\" data-end=\"3795\">erhalten Sie Ihr Geld zur\u00fcck<\/strong>.<\/li>\n<\/ul>\n<p data-start=\"3800\" data-end=\"3852\">\ud83d\udccc <strong data-start=\"3803\" data-end=\"3850\">Jetzt anmelden &amp; Italienisch online lernen!<\/strong><\/p>\n<hr data-start=\"3854\" data-end=\"3857\" \/>\n<h2 data-start=\"3859\" data-end=\"3919\">\ud83d\udcbb Welche Technik ben\u00f6tigen Sie f\u00fcr den Onlinekurs?<\/h2>\n<p data-start=\"3921\" data-end=\"4019\">Die Teilnahme an unseren Onlinekursen ist <strong data-start=\"3963\" data-end=\"3990\">einfach &amp; unkompliziert<\/strong> \u2013 Sie ben\u00f6tigen lediglich:<\/p>\n<p data-start=\"4021\" data-end=\"4258\">\u2705 <strong data-start=\"4023\" data-end=\"4055\">Einen Laptop, PC oder Tablet<\/strong> \u2013 mit integrierter oder externer Kamera.<br data-start=\"4096\" data-end=\"4099\" \/>\u2705 <strong data-start=\"4101\" data-end=\"4136\">Eine stabile Internetverbindung<\/strong> \u2013 f\u00fcr reibungslose Live-Sessions.<br data-start=\"4170\" data-end=\"4173\" \/>\u2705 <strong data-start=\"4175\" data-end=\"4225\">Videokonferenz-Tools wie Zoom oder Google Meet<\/strong> \u2013 Einfache Anmeldung per Link.<\/p>\n<p data-start=\"4260\" data-end=\"4366\">\ud83d\udccc <strong data-start=\"4263\" data-end=\"4364\">Sie erhalten vor Kursbeginn eine detaillierte Anleitung \u2013 mit wenigen Klicks sind Sie live dabei!<\/strong><\/p>\n<hr data-start=\"4368\" data-end=\"4371\" \/>\n<h3 data-start=\"4373\" data-end=\"4429\"><strong data-start=\"4377\" data-end=\"4427\">\ud83d\udcde Jetzt anmelden &amp; Ihre Sprachreise beginnen!<\/strong><\/h3>\n<p data-start=\"4431\" data-end=\"4618\">\ud83c\udf1f <strong data-start=\"4434\" data-end=\"4536\">Entdecken Sie die Welt der italienischen Sprache \u2013 flexibel, interaktiv &amp; professionell begleitet!<\/strong><br data-start=\"4536\" data-end=\"4539\" \/>\u27a1\ufe0f <strong data-start=\"4542\" data-end=\"4613\">Jetzt kostenlosen Einstufungstest machen &amp; Ihren Onlinekurs buchen!<\/strong> \ud83d\ude80<br \/>\n<iframe title=\"YouTube video player\" src=\"https:\/\/www.youtube.com\/embed\/54-5aCU96MM\" width=\"560\" height=\"315\" frameborder=\"0\" allowfullscreen=\"allowfullscreen\"><\/iframe><\/p>\n<p>[\/vc_column_text][\/vc_column][\/vc_row]<\/p>\n","protected":false},"excerpt":{"rendered":"<p>[vc_row][vc_column][vc_column_text] Italienisch online lernen \u2013 Sprachkurse f\u00fcr A1 \u2013 C2 M\u00f6chten Sie Italienisch online lernen \u2013 flexibel, interaktiv &amp; mit muttersprachlichen Lehrkr\u00e4ften?Unsere Online-Italienischkurse bieten Ihnen die M\u00f6glichkeit, bequem von zu Hause oder unterwegs Ihre Sprachkenntnisse von A1 bis C2 zu verbessern \u2013 egal, ob f\u00fcr den Alltag, den Beruf oder als Business-Kurs. \u2705 Live-Unterricht mit&hellip; <a class=\"read-more\" href=\"https:\/\/www.sprachschule-aktiv.com\/online-sprachkurse\/italienischkurse-online\/\" title=\"Read Italienischkurse Online &#8211; Italienisch online lernen von A1 bis C2\">Read more &raquo;<\/a><\/p>\n","protected":false},"author":1,"featured_media":0,"parent":0,"menu_order":0,"comment_status":"closed","ping_status":"closed","template":"","meta":{"footnotes":""},"class_list":["post-148","page","type-page","status-publish","hentry"],"yoast_head":"<!-- This site is optimized with the Yoast SEO plugin v27.1.1 - https:\/\/yoast.com\/product\/yoast-seo-wordpress\/ -->\n<title>Italienischkurse Online - Italienisch Online lernen von A1 bis C2<\/title>\n<meta name=\"description\" content=\"Lernen Sie Italienisch online mit Muttersprachlern! Intensiv-, Abend- &amp; Privatkurse (A1 \u2013 C2) mit gratis Probestunde. Jetzt starten! \ud83d\ude80\" \/>\n<meta name=\"robots\" content=\"index, follow, max-snippet:-1, max-image-preview:large, max-video-preview:-1\" \/>\n<link rel=\"canonical\" href=\"https:\/\/www.sprachschule-aktiv.com\/online-sprachkurse\/italienischkurse-online\/\" \/>\n<meta property=\"og:locale\" content=\"de_DE\" \/>\n<meta property=\"og:type\" content=\"article\" \/>\n<meta property=\"og:title\" content=\"Italienischkurse Online - Italienisch Online lernen von A1 bis C2\" \/>\n<meta property=\"og:description\" content=\"Lernen Sie Italienisch online mit Muttersprachlern! Intensiv-, Abend- &amp; Privatkurse (A1 \u2013 C2) mit gratis Probestunde. Jetzt starten! \ud83d\ude80\" \/>\n<meta property=\"og:url\" content=\"https:\/\/www.sprachschule-aktiv.com\/online-sprachkurse\/italienischkurse-online\/\" \/>\n<meta property=\"og:site_name\" content=\"Online Sprachkurse\" \/>\n<meta property=\"article:modified_time\" content=\"2025-03-09T06:14:06+00:00\" \/>\n<meta property=\"og:image\" content=\"https:\/\/www.sprachschule-aktiv.com\/online-sprachkurse\/wp-content\/uploads\/2024\/12\/Effektive-Online-Sprachkurse-fuer-erfolgreiches-Lernen.png\" \/>\n\t<meta property=\"og:image:width\" content=\"1052\" \/>\n\t<meta property=\"og:image:height\" content=\"589\" \/>\n\t<meta property=\"og:image:type\" content=\"image\/png\" \/>\n<meta name=\"twitter:card\" content=\"summary_large_image\" \/>\n<meta name=\"twitter:label1\" content=\"Gesch\u00e4tzte Lesezeit\" \/>\n\t<meta name=\"twitter:data1\" content=\"4\u00a0Minuten\" \/>\n<script type=\"application\/ld+json\" class=\"yoast-schema-graph\">{\"@context\":\"https:\/\/schema.org\",\"@graph\":[{\"@type\":\"WebPage\",\"@id\":\"https:\/\/www.sprachschule-aktiv.com\/online-sprachkurse\/italienischkurse-online\/\",\"url\":\"https:\/\/www.sprachschule-aktiv.com\/online-sprachkurse\/italienischkurse-online\/\",\"name\":\"Italienischkurse Online - Italienisch Online lernen von A1 bis C2\",\"isPartOf\":{\"@id\":\"https:\/\/www.sprachschule-aktiv.com\/online-sprachkurse\/#website\"},\"primaryImageOfPage\":{\"@id\":\"https:\/\/www.sprachschule-aktiv.com\/online-sprachkurse\/italienischkurse-online\/#primaryimage\"},\"image\":{\"@id\":\"https:\/\/www.sprachschule-aktiv.com\/online-sprachkurse\/italienischkurse-online\/#primaryimage\"},\"thumbnailUrl\":\"https:\/\/www.sprachschule-aktiv.com\/online-sprachkurse\/wp-content\/uploads\/2024\/12\/Effektive-Online-Sprachkurse-fuer-erfolgreiches-Lernen-300x168.png\",\"datePublished\":\"2021-09-16T06:53:31+00:00\",\"dateModified\":\"2025-03-09T06:14:06+00:00\",\"description\":\"Lernen Sie Italienisch online mit Muttersprachlern! Intensiv-, Abend- & Privatkurse (A1 \u2013 C2) mit gratis Probestunde. Jetzt starten! \ud83d\ude80\",\"breadcrumb\":{\"@id\":\"https:\/\/www.sprachschule-aktiv.com\/online-sprachkurse\/italienischkurse-online\/#breadcrumb\"},\"inLanguage\":\"de\",\"potentialAction\":[{\"@type\":\"ReadAction\",\"target\":[\"https:\/\/www.sprachschule-aktiv.com\/online-sprachkurse\/italienischkurse-online\/\"]}]},{\"@type\":\"ImageObject\",\"inLanguage\":\"de\",\"@id\":\"https:\/\/www.sprachschule-aktiv.com\/online-sprachkurse\/italienischkurse-online\/#primaryimage\",\"url\":\"https:\/\/www.sprachschule-aktiv.com\/online-sprachkurse\/wp-content\/uploads\/2024\/12\/Effektive-Online-Sprachkurse-fuer-erfolgreiches-Lernen.png\",\"contentUrl\":\"https:\/\/www.sprachschule-aktiv.com\/online-sprachkurse\/wp-content\/uploads\/2024\/12\/Effektive-Online-Sprachkurse-fuer-erfolgreiches-Lernen.png\",\"width\":1052,\"height\":589,\"caption\":\"Effektive Online-Sprachkurse f\u00fcr erfolgreiches Lernen\"},{\"@type\":\"BreadcrumbList\",\"@id\":\"https:\/\/www.sprachschule-aktiv.com\/online-sprachkurse\/italienischkurse-online\/#breadcrumb\",\"itemListElement\":[{\"@type\":\"ListItem\",\"position\":1,\"name\":\"Startseite\",\"item\":\"https:\/\/www.sprachschule-aktiv.com\/online-sprachkurse\/\"},{\"@type\":\"ListItem\",\"position\":2,\"name\":\"Italienischkurse Online &#8211; Italienisch online lernen von A1 bis C2\"}]},{\"@type\":\"WebSite\",\"@id\":\"https:\/\/www.sprachschule-aktiv.com\/online-sprachkurse\/#website\",\"url\":\"https:\/\/www.sprachschule-aktiv.com\/online-sprachkurse\/\",\"name\":\"Online Sprachkurse\",\"description\":\"\",\"potentialAction\":[{\"@type\":\"SearchAction\",\"target\":{\"@type\":\"EntryPoint\",\"urlTemplate\":\"https:\/\/www.sprachschule-aktiv.com\/online-sprachkurse\/?s={search_term_string}\"},\"query-input\":{\"@type\":\"PropertyValueSpecification\",\"valueRequired\":true,\"valueName\":\"search_term_string\"}}],\"inLanguage\":\"de\"}]}<\/script>\n<!-- \/ Yoast SEO plugin. -->","yoast_head_json":{"title":"Italienischkurse Online - Italienisch Online lernen von A1 bis C2","description":"Lernen Sie Italienisch online mit Muttersprachlern! Intensiv-, Abend- & Privatkurse (A1 \u2013 C2) mit gratis Probestunde. Jetzt starten! \ud83d\ude80","robots":{"index":"index","follow":"follow","max-snippet":"max-snippet:-1","max-image-preview":"max-image-preview:large","max-video-preview":"max-video-preview:-1"},"canonical":"https:\/\/www.sprachschule-aktiv.com\/online-sprachkurse\/italienischkurse-online\/","og_locale":"de_DE","og_type":"article","og_title":"Italienischkurse Online - Italienisch Online lernen von A1 bis C2","og_description":"Lernen Sie Italienisch online mit Muttersprachlern! Intensiv-, Abend- & Privatkurse (A1 \u2013 C2) mit gratis Probestunde. Jetzt starten! \ud83d\ude80","og_url":"https:\/\/www.sprachschule-aktiv.com\/online-sprachkurse\/italienischkurse-online\/","og_site_name":"Online Sprachkurse","article_modified_time":"2025-03-09T06:14:06+00:00","og_image":[{"width":1052,"height":589,"url":"https:\/\/www.sprachschule-aktiv.com\/online-sprachkurse\/wp-content\/uploads\/2024\/12\/Effektive-Online-Sprachkurse-fuer-erfolgreiches-Lernen.png","type":"image\/png"}],"twitter_card":"summary_large_image","twitter_misc":{"Gesch\u00e4tzte Lesezeit":"4\u00a0Minuten"},"schema":{"@context":"https:\/\/schema.org","@graph":[{"@type":"WebPage","@id":"https:\/\/www.sprachschule-aktiv.com\/online-sprachkurse\/italienischkurse-online\/","url":"https:\/\/www.sprachschule-aktiv.com\/online-sprachkurse\/italienischkurse-online\/","name":"Italienischkurse Online - Italienisch Online lernen von A1 bis C2","isPartOf":{"@id":"https:\/\/www.sprachschule-aktiv.com\/online-sprachkurse\/#website"},"primaryImageOfPage":{"@id":"https:\/\/www.sprachschule-aktiv.com\/online-sprachkurse\/italienischkurse-online\/#primaryimage"},"image":{"@id":"https:\/\/www.sprachschule-aktiv.com\/online-sprachkurse\/italienischkurse-online\/#primaryimage"},"thumbnailUrl":"https:\/\/www.sprachschule-aktiv.com\/online-sprachkurse\/wp-content\/uploads\/2024\/12\/Effektive-Online-Sprachkurse-fuer-erfolgreiches-Lernen-300x168.png","datePublished":"2021-09-16T06:53:31+00:00","dateModified":"2025-03-09T06:14:06+00:00","description":"Lernen Sie Italienisch online mit Muttersprachlern! Intensiv-, Abend- & Privatkurse (A1 \u2013 C2) mit gratis Probestunde. Jetzt starten! \ud83d\ude80","breadcrumb":{"@id":"https:\/\/www.sprachschule-aktiv.com\/online-sprachkurse\/italienischkurse-online\/#breadcrumb"},"inLanguage":"de","potentialAction":[{"@type":"ReadAction","target":["https:\/\/www.sprachschule-aktiv.com\/online-sprachkurse\/italienischkurse-online\/"]}]},{"@type":"ImageObject","inLanguage":"de","@id":"https:\/\/www.sprachschule-aktiv.com\/online-sprachkurse\/italienischkurse-online\/#primaryimage","url":"https:\/\/www.sprachschule-aktiv.com\/online-sprachkurse\/wp-content\/uploads\/2024\/12\/Effektive-Online-Sprachkurse-fuer-erfolgreiches-Lernen.png","contentUrl":"https:\/\/www.sprachschule-aktiv.com\/online-sprachkurse\/wp-content\/uploads\/2024\/12\/Effektive-Online-Sprachkurse-fuer-erfolgreiches-Lernen.png","width":1052,"height":589,"caption":"Effektive Online-Sprachkurse f\u00fcr erfolgreiches Lernen"},{"@type":"BreadcrumbList","@id":"https:\/\/www.sprachschule-aktiv.com\/online-sprachkurse\/italienischkurse-online\/#breadcrumb","itemListElement":[{"@type":"ListItem","position":1,"name":"Startseite","item":"https:\/\/www.sprachschule-aktiv.com\/online-sprachkurse\/"},{"@type":"ListItem","position":2,"name":"Italienischkurse Online &#8211; Italienisch online lernen von A1 bis C2"}]},{"@type":"WebSite","@id":"https:\/\/www.sprachschule-aktiv.com\/online-sprachkurse\/#website","url":"https:\/\/www.sprachschule-aktiv.com\/online-sprachkurse\/","name":"Online Sprachkurse","description":"","potentialAction":[{"@type":"SearchAction","target":{"@type":"EntryPoint","urlTemplate":"https:\/\/www.sprachschule-aktiv.com\/online-sprachkurse\/?s={search_term_string}"},"query-input":{"@type":"PropertyValueSpecification","valueRequired":true,"valueName":"search_term_string"}}],"inLanguage":"de"}]}},"_links":{"self":[{"href":"https:\/\/www.sprachschule-aktiv.com\/online-sprachkurse\/wp-json\/wp\/v2\/pages\/148","targetHints":{"allow":["GET"]}}],"collection":[{"href":"https:\/\/www.sprachschule-aktiv.com\/online-sprachkurse\/wp-json\/wp\/v2\/pages"}],"about":[{"href":"https:\/\/www.sprachschule-aktiv.com\/online-sprachkurse\/wp-json\/wp\/v2\/types\/page"}],"author":[{"embeddable":true,"href":"https:\/\/www.sprachschule-aktiv.com\/online-sprachkurse\/wp-json\/wp\/v2\/users\/1"}],"replies":[{"embeddable":true,"href":"https:\/\/www.sprachschule-aktiv.com\/online-sprachkurse\/wp-json\/wp\/v2\/comments?post=148"}],"version-history":[{"count":4,"href":"https:\/\/www.sprachschule-aktiv.com\/online-sprachkurse\/wp-json\/wp\/v2\/pages\/148\/revisions"}],"predecessor-version":[{"id":2293,"href":"https:\/\/www.sprachschule-aktiv.com\/online-sprachkurse\/wp-json\/wp\/v2\/pages\/148\/revisions\/2293"}],"wp:attachment":[{"href":"https:\/\/www.sprachschule-aktiv.com\/online-sprachkurse\/wp-json\/wp\/v2\/media?parent=148"}],"curies":[{"name":"wp","href":"https:\/\/api.w.org\/{rel}","templated":true}]}}