{"id":1222,"date":"2021-09-01T11:25:27","date_gmt":"2021-09-01T09:25:27","guid":{"rendered":"https:\/\/www.sprachschule-aktiv.com\/?page_id=1222"},"modified":"2021-09-01T11:25:27","modified_gmt":"2021-09-01T09:25:27","slug":"deutschkurs-online-in-meiningen","status":"publish","type":"page","link":"https:\/\/www.sprachschule-aktiv.com\/online-sprachkurse\/deutschkurs-online-in-meiningen\/","title":{"rendered":"Deutschkurs Online in Meiningen &#8211; Deutsch Online von A1 bis C2"},"content":{"rendered":"<p>Deutschkurs in Meiningen &#8211; online und f\u00fcr alle Sprachlevel (A1 bis C2). Deutsch ganz einfach online lernen mit Hilfe von Privat-, Abend- und Intensivkursen &#8211; inklusive gratis Probestunde!<\/p>\n<p>Sprachkurse haben sich eine Zeit lang vor allem offline etabliert, doch seit einigen Jahren erfreuen sich auch Online Sprachkurse immer gr\u00f6\u00dfer werdender Beliebtheit. Die Sprachschule Aktiv bietet solche Online Kurse f\u00fcr jedes Sprachlevel, vom absoluten Anf\u00e4nger bis hin zum arbeitstauglichen Business-Deutsch, an. Die Kurse erm\u00f6glichen es Ihnen, Deutsch von Ihrem Lieblingsplatz aus zu lernen &#8211; egal, ob im B\u00fcro, unterwegs oder bei Ihnen zuhause.<\/p>\n<a href=\"https:\/\/www.sprachschule-aktiv.com\/online-sprachkurse\/kontaktieren-sie-uns\/\"><img decoding=\"async\" class=\"alignnone wp-image-375 size-full\" src=\"https:\/\/www.sprachschule-aktiv.com\/wp-content\/uploads\/2021\/03\/anfrage-sprachkurs.png\" alt=\"Anfrage Sprachkurs\" width=\"164\" height=\"55\" \/><\/a>\n<h2>Was wird f\u00fcr den Online Deutschkurs ben\u00f6tigt?<\/h2>\n<p>Im Grunde ben\u00f6tigen Sie nicht viel: PC, Laptop, Tablet oder Smartphone &#8211; Hauptsache, Sie haben ein internetf\u00e4higes ger\u00e4t parat, sowie eine Webcam und ein Mikrofon. Der Online Sprachkurs findet ganz einfach als Videokonferenz \u00fcber unser Lernportal statt. Die notwendigen Zugangsdaten f\u00fcr dieses Portal erhalten Sie rechtzeitig vor Kursbeginn von Ihrem Sprachtrainer.<\/p>\n<h2>Gruppen- oder Einzelunterricht &#8211; was ist besser?<\/h2>\n<p>Grunds\u00e4tzlich sind beide Varianten bestens daf\u00fcr geeignet, eine Sprache zu lernen &#8211; eine durch und durch bessere Variante gibt es nicht. Dennoch haben beide Methoden ihre ganz eigenen Vorteile.<\/p>\n<p>Der Einzelunterricht hat f\u00fcr Sie vor allem den Vorteil, dass Sie selber die Kurstage und Unterrichtszeiten bestimmen k\u00f6nnen. Diese Variante eignet sich daher vor allem f\u00fcr jeden, der im Alltag einen eher vollen Terminkalender und wenig Zeitflexibilit\u00e4t hat. Je nach Ihren Pr\u00e4ferenzen k\u00f6nnen Sie au\u00dferdem auch den Inhalt des Kurses selber bestimmen oder aber dies von Ihrem Sprachlehrer organisieren lassen. In jedem Fall haben Sie ausreichend Mitspracherecht, um den Kurs ganz nach Ihren Vorstellungen und Bed\u00fcrfnissen gestalten zu lassen.<br \/>\nUnsere Online Gruppenkurse kommen in verschiedenen Formen, doch alle haben gemeinsam, dass sie zu fest gelegten Zeiten stattfinden. Sie sind zeitlich also weniger flexibel als der Einzelunterricht, daf\u00fcr ist der organisatorische Aufwand f\u00fcr Sie gleich null. Neben klassischen Abendkursen k\u00f6nnen Sie bei uns auch Intensivkurse oder sogenannte Intensivkurse light finden. Die drei Variationen unterscheiden sich in der Anzahl der Kurstage und L\u00e4nge der Unterrichtseinheiten. Das Niveau orientiert sich bei allen Kursen am Gemeinsamen Europ\u00e4ischen Referenzrahmen f\u00fcr Sprachen, der eine Einteilung zwischen den folgenden Levels vornimmt:<\/p>\n<p>A1 und A2 f\u00fcr Anf\u00e4nger<br \/>\nB1 und B2 f\u00fcr Fortgeschrittene<br \/>\nC1 und C2 f\u00fcr Profis\/ muttersprachliches Niveau<\/p>\n<p>Die Kurse k\u00f6nnen Sie bei uns als Privatkurse oder als Firmenkurse buchen. In der Firmenkursvariante werden die Unterrichtseinheiten vom Niveau an Ihre Firmenbed\u00fcrfnisse angepasst.<\/p>\n<h2>Von ausgebildeten Muttersprachlern lernen<\/h2>\n<p>Die Online Deutschkurse in Meiningen werden von gut ausgebildeten Muttersprachlern durchgef\u00fchrt, sodass wir eine herausragende Qualit\u00e4t sicherstellen k\u00f6nnen. Dies bietet Ihnen zudem den Vorteil, dass Sie von den Bewohnern des Landes lernen k\u00f6nnen und so auch einen Eindruck von deren Charakteren und Gewohnheiten gewinnen.<\/p>\n<h2>Deutsch Online Sprachkurs testen mit unserer kostenlosen Probestunde<\/h2>\n<p>Sie sind immer noch unsicher, ob unsere Deutschkurse wirklich das Richtige f\u00fcr Sie sind? Dann testen Sie doch einfach einen Kurs mit einer unseren kostenfreien Probestunden. Um den passenden Kurs zu finden, k\u00f6nnen Sie unseren &#8211; ebenfalls kostenlosen &#8211; Niveautest durchf\u00fchren. So finden Sie garantiert den Kurs, der am besten zu Ihnen passt. Die Probestunde bietet Ihnen die Gelegenheit, Ihren potenziellen Sprachlehrer und das Kurskonzept kennenzulernen. Sollten Sie nach der ersten Stunde wissen, dass der Kurs doch nichts f\u00fcr Sie ist, erstatten wir Ihnen umgehend die volle Geb\u00fchr zur\u00fcck. Ganz einfach und unverbindlich!<\/p>\n<h2>Termine und Preise der Online Sprachkurse Meiningen<\/h2>\n<p>Nachfolgend finden Sie die Preise f\u00fcr unsere Online Deutschkurse Meiningen. Die Preise beziehen sich immer auf eine Unterrichtsstunde, die wiederum etwa 45 Minuten Zeit entspricht.<\/p>\n<h3>Online Deutschkurs Meiningen &#8211; Angebot<\/h3>\n<p>Dieser Kurs dauert insgesamt 4 Wochen. Die Kosten betragen insgesamt 319 Euro.<br \/>\n<strong>Termine:<\/strong> Montag bis Donnerstag t\u00e4glich von 9:00 bis 12:00 Uhr<br \/>\n<strong>Starttermine:<\/strong> jeweils am ersten Montag im Monat<br \/>\n<strong>Kursbeginn mit Vorkenntnissen<\/strong> jederzeit m\u00f6glich<\/p>\n<a href=\"https:\/\/www.sprachschule-aktiv.com\/online-sprachkurse\/anmeldung-sprachschule\/\"><img decoding=\"async\" class=\"alignnone wp-image-376 size-full\" src=\"https:\/\/www.sprachschule-aktiv.com\/wp-content\/uploads\/2021\/03\/jetzt-sprachkurs-buchen.png\" alt=\"Anmeldung Sprachkurs\" width=\"239\" height=\"62\" \/><\/a>\n<h3>Online Intensivkurs Deutsch<\/h3>\n<p>Dieser Kurs dauert je nach Wahl zwischen einer und vier Wochen. Alle Sprachniveaus von A1 bis C2 sind m\u00f6glich.<\/p>\n<p><strong>Termine:<\/strong> Montag bis Freitag t\u00e4glich von 9:00 bis 12:00 Uhr<br \/>\n<strong>Beginn:<\/strong> am ersten Montag im Monat<br \/>\n<strong>Preise:<\/strong><br \/>\nEine Woche f\u00fcr 199 Euro<br \/>\nZwei Wochen f\u00fcr 349 Euro<br \/>\nDrei Wochen f\u00fcr 411 Euro<br \/>\nVier Wochen f\u00fcr 499 Euro<\/p>\n<a href=\"https:\/\/www.sprachschule-aktiv.com\/online-sprachkurse\/anmeldung-sprachschule\/\"><img decoding=\"async\" class=\"alignnone wp-image-376 size-full\" src=\"https:\/\/www.sprachschule-aktiv.com\/wp-content\/uploads\/2021\/03\/jetzt-sprachkurs-buchen.png\" alt=\"Anmeldung Sprachkurs\" width=\"239\" height=\"62\" \/><\/a>\n<h3>Abendkurs Online &#8211; Gruppenunterricht<\/h3>\n<p>Abendkurse online f\u00fcr Anf\u00e4nger und Fortgeschrittene von<strong> A1 bis C2<\/strong><br \/>\n<strong>Kursbeginn:<\/strong> jeden Monat (am ersten Montag des Monats \/ am dritten Dienstag des Monats)<br \/>\n<strong>Termine:<\/strong> der Kurs findet am Abend, zwei Mal pro Woche, statt: entweder jeden Montag und Mittwoch von 18.00 bis 19.30 Uhr oder jeden Dienstag und Donnerstag von 19.00 bis 20.30 Uhr.<br \/>\n<strong>Kursdauer:<\/strong> 24 Stunden \u00e0 45 Minuten (6 Wochen) ab 4 Teilnehmern bzw. 20 Stunden \u00e0 45 Minuten (5 Wochen) mit 3 Teilnehmern bzw. 16 Stunden \u00e0 45 Minuten (4 Wochen) mit 2 Teilnehmern.<br \/>\n<strong>Preis:<\/strong> 279,00\u20ac<\/p>\n<a href=\"https:\/\/www.sprachschule-aktiv.com\/online-sprachkurse\/anmeldung-sprachschule\/\"><img decoding=\"async\" class=\"alignnone wp-image-376 size-full\" src=\"https:\/\/www.sprachschule-aktiv.com\/wp-content\/uploads\/2021\/03\/jetzt-sprachkurs-buchen.png\" alt=\"Anmeldung Sprachkurs\" width=\"239\" height=\"62\" \/><\/a>\n<h3>Deutsch als Fremdsprache &#8211; Einzelunterricht online<\/h3>\n<p>Beginn und Termine sind nach Vereinbarung jederzeit m\u00f6glich!<br \/>\n<strong>Preise:<\/strong><br \/>\n1 bis 19 Unterrichtsstunden jeweils 42 Euro pro Stunde<br \/>\n20 bis 29 Unterrichtsstunden jeweils 40 Euro pro Stunde<br \/>\n30 und mehr Unterrichtsstunden jeweils 38 Euro pro Stunde<br \/>\n<strong>Unser Zusatzangebot<\/strong>: Sie d\u00fcrfen gerne bis zu zwei Freunde mitbringen und gemeinsam lernen! Die Kursgeb\u00fchr ver\u00e4ndert sich bei bis zu insgesamt 3 Teilnehmern nicht!<\/p>\n<a href=\"https:\/\/www.sprachschule-aktiv.com\/online-sprachkurse\/anmeldung-sprachschule\/\"><img decoding=\"async\" class=\"alignnone wp-image-376 size-full\" src=\"https:\/\/www.sprachschule-aktiv.com\/wp-content\/uploads\/2021\/03\/jetzt-sprachkurs-buchen.png\" alt=\"Anmeldung Sprachkurs\" width=\"239\" height=\"62\" \/><\/a>\n<h3>Online Firmenkurse f\u00fcr Deutsch als Fremdsprache<\/h3>\n<p>Beginn und Termine der Firmenkurse k\u00f6nnen nach Vereinbarung jederzeit gew\u00e4hlt werden. Die Kurse sind normalerweise auf 1 bis 10 Teilnehmer ausgelegt.<\/p>\n<p><strong>Preise:<\/strong><br \/>\nBis zu 29 Unterrichtsstunden jeweils 49 Euro pro Stunde<br \/>\n30 oder mehr Unterrichtsstunden jeweils 45 Euro pro Stunde<\/p>\n<a href=\"https:\/\/www.sprachschule-aktiv.com\/online-sprachkurse\/anmeldung-sprachschule\/\"><img decoding=\"async\" class=\"alignnone wp-image-376 size-full\" src=\"https:\/\/www.sprachschule-aktiv.com\/wp-content\/uploads\/2021\/03\/jetzt-sprachkurs-buchen.png\" alt=\"Anmeldung Sprachkurs\" width=\"239\" height=\"62\" \/><\/a>\n<p>Haben Sie noch Fragen zu den Kursmodellen, Terminen oder sonstigen Abl\u00e4ufen? Wir stehen Ihnen jederzeit gerne zur Verf\u00fcgung und beantworten Ihre Fragen in aller Ruhe. Nutzen Sie unseren <a href=\"https:\/\/www.sprachschule-aktiv.com\/deutsch-einstufungstest-von-a1-bis-c2\/\">kostenfreien Einstufungstest<\/a> und die gratis Probestunde, um den richtigen Kurs f\u00fcr Sie zu finden. Die Sprachschule Aktiv in Meiningen freut sich darauf, Sie bald begr\u00fc\u00dfen zu d\u00fcrfen!<\/p>\n","protected":false},"excerpt":{"rendered":"<p>Deutschkurs in Meiningen &#8211; online und f\u00fcr alle Sprachlevel (A1 bis C2). Deutsch ganz einfach online lernen mit Hilfe von Privat-, Abend- und Intensivkursen &#8211; inklusive gratis Probestunde! Sprachkurse haben sich eine Zeit lang vor allem offline etabliert, doch seit einigen Jahren erfreuen sich auch Online Sprachkurse immer gr\u00f6\u00dfer werdender Beliebtheit. Die Sprachschule Aktiv bietet&hellip; <a class=\"read-more\" href=\"https:\/\/www.sprachschule-aktiv.com\/online-sprachkurse\/deutschkurs-online-in-meiningen\/\" title=\"Read Deutschkurs Online in Meiningen &#8211; Deutsch Online von A1 bis C2\">Read more &raquo;<\/a><\/p>\n","protected":false},"author":1,"featured_media":0,"parent":0,"menu_order":0,"comment_status":"closed","ping_status":"closed","template":"","meta":{"footnotes":""},"class_list":["post-1222","page","type-page","status-publish","hentry"],"yoast_head":"<!-- This site is optimized with the Yoast SEO plugin v27.1.1 - https:\/\/yoast.com\/product\/yoast-seo-wordpress\/ -->\n<title>Deutschkurs Online Meiningen A1, A2, B1, B2, C1, C2 \u2013 Deutsch Online<\/title>\n<meta name=\"description\" content=\"Online Deutschkurse in Meiningen f\u00fcr Anf\u00e4nger &amp; Fortgeschrittene. Deutsch online lernen von A1 bis C2 in Intensiv- &amp; Privatkurse.\" \/>\n<meta name=\"robots\" content=\"index, follow, max-snippet:-1, max-image-preview:large, max-video-preview:-1\" \/>\n<link rel=\"canonical\" href=\"https:\/\/www.sprachschule-aktiv.com\/online-sprachkurse\/deutschkurs-online-in-meiningen\/\" \/>\n<meta property=\"og:locale\" content=\"de_DE\" \/>\n<meta property=\"og:type\" content=\"article\" \/>\n<meta property=\"og:title\" content=\"Deutschkurs Online Meiningen A1, A2, B1, B2, C1, C2 \u2013 Deutsch Online\" \/>\n<meta property=\"og:description\" content=\"Online Deutschkurse in Meiningen f\u00fcr Anf\u00e4nger &amp; Fortgeschrittene. Deutsch online lernen von A1 bis C2 in Intensiv- &amp; Privatkurse.\" \/>\n<meta property=\"og:url\" content=\"https:\/\/www.sprachschule-aktiv.com\/online-sprachkurse\/deutschkurs-online-in-meiningen\/\" \/>\n<meta property=\"og:site_name\" content=\"Online Sprachkurse\" \/>\n<meta property=\"og:image\" content=\"https:\/\/www.sprachschule-aktiv.com\/wp-content\/uploads\/2021\/03\/anfrage-sprachkurs.png\" \/>\n<meta name=\"twitter:card\" content=\"summary_large_image\" \/>\n<meta name=\"twitter:label1\" content=\"Gesch\u00e4tzte Lesezeit\" \/>\n\t<meta name=\"twitter:data1\" content=\"6\u00a0Minuten\" \/>\n<script type=\"application\/ld+json\" class=\"yoast-schema-graph\">{\"@context\":\"https:\/\/schema.org\",\"@graph\":[{\"@type\":\"WebPage\",\"@id\":\"https:\/\/www.sprachschule-aktiv.com\/online-sprachkurse\/deutschkurs-online-in-meiningen\/\",\"url\":\"https:\/\/www.sprachschule-aktiv.com\/online-sprachkurse\/deutschkurs-online-in-meiningen\/\",\"name\":\"Deutschkurs Online Meiningen A1, A2, B1, B2, C1, C2 \u2013 Deutsch Online\",\"isPartOf\":{\"@id\":\"https:\/\/www.sprachschule-aktiv.com\/online-sprachkurse\/#website\"},\"primaryImageOfPage\":{\"@id\":\"https:\/\/www.sprachschule-aktiv.com\/online-sprachkurse\/deutschkurs-online-in-meiningen\/#primaryimage\"},\"image\":{\"@id\":\"https:\/\/www.sprachschule-aktiv.com\/online-sprachkurse\/deutschkurs-online-in-meiningen\/#primaryimage\"},\"thumbnailUrl\":\"https:\/\/www.sprachschule-aktiv.com\/wp-content\/uploads\/2021\/03\/anfrage-sprachkurs.png\",\"datePublished\":\"2021-09-01T09:25:27+00:00\",\"description\":\"Online Deutschkurse in Meiningen f\u00fcr Anf\u00e4nger & Fortgeschrittene. Deutsch online lernen von A1 bis C2 in Intensiv- & Privatkurse.\",\"breadcrumb\":{\"@id\":\"https:\/\/www.sprachschule-aktiv.com\/online-sprachkurse\/deutschkurs-online-in-meiningen\/#breadcrumb\"},\"inLanguage\":\"de\",\"potentialAction\":[{\"@type\":\"ReadAction\",\"target\":[\"https:\/\/www.sprachschule-aktiv.com\/online-sprachkurse\/deutschkurs-online-in-meiningen\/\"]}]},{\"@type\":\"ImageObject\",\"inLanguage\":\"de\",\"@id\":\"https:\/\/www.sprachschule-aktiv.com\/online-sprachkurse\/deutschkurs-online-in-meiningen\/#primaryimage\",\"url\":\"https:\/\/www.sprachschule-aktiv.com\/wp-content\/uploads\/2021\/03\/anfrage-sprachkurs.png\",\"contentUrl\":\"https:\/\/www.sprachschule-aktiv.com\/wp-content\/uploads\/2021\/03\/anfrage-sprachkurs.png\"},{\"@type\":\"BreadcrumbList\",\"@id\":\"https:\/\/www.sprachschule-aktiv.com\/online-sprachkurse\/deutschkurs-online-in-meiningen\/#breadcrumb\",\"itemListElement\":[{\"@type\":\"ListItem\",\"position\":1,\"name\":\"Startseite\",\"item\":\"https:\/\/www.sprachschule-aktiv.com\/online-sprachkurse\/\"},{\"@type\":\"ListItem\",\"position\":2,\"name\":\"Deutschkurs Online in Meiningen &#8211; Deutsch Online von A1 bis C2\"}]},{\"@type\":\"WebSite\",\"@id\":\"https:\/\/www.sprachschule-aktiv.com\/online-sprachkurse\/#website\",\"url\":\"https:\/\/www.sprachschule-aktiv.com\/online-sprachkurse\/\",\"name\":\"Online Sprachkurse\",\"description\":\"\",\"potentialAction\":[{\"@type\":\"SearchAction\",\"target\":{\"@type\":\"EntryPoint\",\"urlTemplate\":\"https:\/\/www.sprachschule-aktiv.com\/online-sprachkurse\/?s={search_term_string}\"},\"query-input\":{\"@type\":\"PropertyValueSpecification\",\"valueRequired\":true,\"valueName\":\"search_term_string\"}}],\"inLanguage\":\"de\"}]}<\/script>\n<!-- \/ Yoast SEO plugin. -->","yoast_head_json":{"title":"Deutschkurs Online Meiningen A1, A2, B1, B2, C1, C2 \u2013 Deutsch Online","description":"Online Deutschkurse in Meiningen f\u00fcr Anf\u00e4nger & Fortgeschrittene. Deutsch online lernen von A1 bis C2 in Intensiv- & Privatkurse.","robots":{"index":"index","follow":"follow","max-snippet":"max-snippet:-1","max-image-preview":"max-image-preview:large","max-video-preview":"max-video-preview:-1"},"canonical":"https:\/\/www.sprachschule-aktiv.com\/online-sprachkurse\/deutschkurs-online-in-meiningen\/","og_locale":"de_DE","og_type":"article","og_title":"Deutschkurs Online Meiningen A1, A2, B1, B2, C1, C2 \u2013 Deutsch Online","og_description":"Online Deutschkurse in Meiningen f\u00fcr Anf\u00e4nger & Fortgeschrittene. Deutsch online lernen von A1 bis C2 in Intensiv- & Privatkurse.","og_url":"https:\/\/www.sprachschule-aktiv.com\/online-sprachkurse\/deutschkurs-online-in-meiningen\/","og_site_name":"Online Sprachkurse","og_image":[{"url":"https:\/\/www.sprachschule-aktiv.com\/wp-content\/uploads\/2021\/03\/anfrage-sprachkurs.png","type":"","width":"","height":""}],"twitter_card":"summary_large_image","twitter_misc":{"Gesch\u00e4tzte Lesezeit":"6\u00a0Minuten"},"schema":{"@context":"https:\/\/schema.org","@graph":[{"@type":"WebPage","@id":"https:\/\/www.sprachschule-aktiv.com\/online-sprachkurse\/deutschkurs-online-in-meiningen\/","url":"https:\/\/www.sprachschule-aktiv.com\/online-sprachkurse\/deutschkurs-online-in-meiningen\/","name":"Deutschkurs Online Meiningen A1, A2, B1, B2, C1, C2 \u2013 Deutsch Online","isPartOf":{"@id":"https:\/\/www.sprachschule-aktiv.com\/online-sprachkurse\/#website"},"primaryImageOfPage":{"@id":"https:\/\/www.sprachschule-aktiv.com\/online-sprachkurse\/deutschkurs-online-in-meiningen\/#primaryimage"},"image":{"@id":"https:\/\/www.sprachschule-aktiv.com\/online-sprachkurse\/deutschkurs-online-in-meiningen\/#primaryimage"},"thumbnailUrl":"https:\/\/www.sprachschule-aktiv.com\/wp-content\/uploads\/2021\/03\/anfrage-sprachkurs.png","datePublished":"2021-09-01T09:25:27+00:00","description":"Online Deutschkurse in Meiningen f\u00fcr Anf\u00e4nger & Fortgeschrittene. Deutsch online lernen von A1 bis C2 in Intensiv- & Privatkurse.","breadcrumb":{"@id":"https:\/\/www.sprachschule-aktiv.com\/online-sprachkurse\/deutschkurs-online-in-meiningen\/#breadcrumb"},"inLanguage":"de","potentialAction":[{"@type":"ReadAction","target":["https:\/\/www.sprachschule-aktiv.com\/online-sprachkurse\/deutschkurs-online-in-meiningen\/"]}]},{"@type":"ImageObject","inLanguage":"de","@id":"https:\/\/www.sprachschule-aktiv.com\/online-sprachkurse\/deutschkurs-online-in-meiningen\/#primaryimage","url":"https:\/\/www.sprachschule-aktiv.com\/wp-content\/uploads\/2021\/03\/anfrage-sprachkurs.png","contentUrl":"https:\/\/www.sprachschule-aktiv.com\/wp-content\/uploads\/2021\/03\/anfrage-sprachkurs.png"},{"@type":"BreadcrumbList","@id":"https:\/\/www.sprachschule-aktiv.com\/online-sprachkurse\/deutschkurs-online-in-meiningen\/#breadcrumb","itemListElement":[{"@type":"ListItem","position":1,"name":"Startseite","item":"https:\/\/www.sprachschule-aktiv.com\/online-sprachkurse\/"},{"@type":"ListItem","position":2,"name":"Deutschkurs Online in Meiningen &#8211; Deutsch Online von A1 bis C2"}]},{"@type":"WebSite","@id":"https:\/\/www.sprachschule-aktiv.com\/online-sprachkurse\/#website","url":"https:\/\/www.sprachschule-aktiv.com\/online-sprachkurse\/","name":"Online Sprachkurse","description":"","potentialAction":[{"@type":"SearchAction","target":{"@type":"EntryPoint","urlTemplate":"https:\/\/www.sprachschule-aktiv.com\/online-sprachkurse\/?s={search_term_string}"},"query-input":{"@type":"PropertyValueSpecification","valueRequired":true,"valueName":"search_term_string"}}],"inLanguage":"de"}]}},"_links":{"self":[{"href":"https:\/\/www.sprachschule-aktiv.com\/online-sprachkurse\/wp-json\/wp\/v2\/pages\/1222","targetHints":{"allow":["GET"]}}],"collection":[{"href":"https:\/\/www.sprachschule-aktiv.com\/online-sprachkurse\/wp-json\/wp\/v2\/pages"}],"about":[{"href":"https:\/\/www.sprachschule-aktiv.com\/online-sprachkurse\/wp-json\/wp\/v2\/types\/page"}],"author":[{"embeddable":true,"href":"https:\/\/www.sprachschule-aktiv.com\/online-sprachkurse\/wp-json\/wp\/v2\/users\/1"}],"replies":[{"embeddable":true,"href":"https:\/\/www.sprachschule-aktiv.com\/online-sprachkurse\/wp-json\/wp\/v2\/comments?post=1222"}],"version-history":[{"count":0,"href":"https:\/\/www.sprachschule-aktiv.com\/online-sprachkurse\/wp-json\/wp\/v2\/pages\/1222\/revisions"}],"wp:attachment":[{"href":"https:\/\/www.sprachschule-aktiv.com\/online-sprachkurse\/wp-json\/wp\/v2\/media?parent=1222"}],"curies":[{"name":"wp","href":"https:\/\/api.w.org\/{rel}","templated":true}]}}